{"id":112,"date":"2024-09-17T15:50:02","date_gmt":"2024-09-17T13:50:02","guid":{"rendered":"https:\/\/lioneletlesautresvictimesdelaroute.fr\/justice\/?page_id=112"},"modified":"2025-07-22T10:12:35","modified_gmt":"2025-07-22T08:12:35","slug":"les-problemes-rencontres","status":"publish","type":"page","link":"https:\/\/lioneletlesautresvictimesdelaroute.fr\/justice\/notre-analyse\/les-problemes-rencontres\/","title":{"rendered":"Les probl\u00e8mes rencontr\u00e9s"},"content":{"rendered":"\t\t<div data-elementor-type=\"wp-page\" data-elementor-id=\"112\" class=\"elementor elementor-112\" data-elementor-settings=\"{&quot;ha_cmc_init_switcher&quot;:&quot;no&quot;}\">\n\t\t\t\t<div class=\"elementor-element elementor-element-6f9cda7 e-con-full e-flex wpr-particle-no wpr-jarallax-no wpr-parallax-no wpr-sticky-section-no wpr-equal-height-no e-con e-parent\" data-id=\"6f9cda7\" data-element_type=\"container\" data-e-type=\"container\" data-settings=\"{&quot;_ha_eqh_enable&quot;:false}\">\n\t\t\t\t<div class=\"elementor-element elementor-element-596edfb elementor-widget elementor-widget-heading\" data-id=\"596edfb\" data-element_type=\"widget\" data-e-type=\"widget\" data-widget_type=\"heading.default\">\n\t\t\t\t<div class=\"elementor-widget-container\">\n\t\t\t\t\t<h3 class=\"elementor-heading-title elementor-size-default\"><a href=\"https:\/\/lioneletlesautresvictimesdelaroute.fr\/justice\/etat-des-lieux\/justice\/autopsies\/notre-analyse\/les-problemes-rencontres\/le-cas-de-lionel-mon-fils\/\">- Le cas de mon fils LIONEL \n<\/a><\/h3>\t\t\t\t<\/div>\n\t\t\t\t<\/div>\n\t\t\t\t<div class=\"elementor-element elementor-element-e1045d0 elementor-widget elementor-widget-heading\" data-id=\"e1045d0\" data-element_type=\"widget\" data-e-type=\"widget\" data-widget_type=\"heading.default\">\n\t\t\t\t<div class=\"elementor-widget-container\">\n\t\t\t\t\t<h3 class=\"elementor-heading-title elementor-size-default\"><a href=\"https:\/\/lioneletlesautresvictimesdelaroute.fr\/justice\/etat-des-lieux\/justice\/autopsies\/notre-analyse\/les-problemes-rencontres\/autopsies-judiciaires\/\"> - Autopsies Judiciaires \n<\/a><\/h3>\t\t\t\t<\/div>\n\t\t\t\t<\/div>\n\t\t\t\t<div class=\"elementor-element elementor-element-e3de452 elementor-widget elementor-widget-heading\" data-id=\"e3de452\" data-element_type=\"widget\" data-e-type=\"widget\" data-widget_type=\"heading.default\">\n\t\t\t\t<div class=\"elementor-widget-container\">\n\t\t\t\t\t<h3 class=\"elementor-heading-title elementor-size-default\"><a href=\"https:\/\/lioneletlesautresvictimesdelaroute.fr\/justice\/etat-des-lieux\/autopsie-judiciaire\/notre-analyse\/les-problemes-rencontres\/les-erreurs-de-la-justice\/\"> - Les erreurs de la Justice<\/a><\/h3>\t\t\t\t<\/div>\n\t\t\t\t<\/div>\n\t\t\t\t<div class=\"elementor-element elementor-element-5630ae0 elementor-widget elementor-widget-spacer\" data-id=\"5630ae0\" data-element_type=\"widget\" data-e-type=\"widget\" data-widget_type=\"spacer.default\">\n\t\t\t\t<div class=\"elementor-widget-container\">\n\t\t\t\t\t\t\t<div class=\"elementor-spacer\">\n\t\t\t<div class=\"elementor-spacer-inner\"><\/div>\n\t\t<\/div>\n\t\t\t\t\t\t<\/div>\n\t\t\t\t<\/div>\n\t\t\t\t<\/div>\n\t\t<div class=\"elementor-element elementor-element-06684e3 e-con-full e-flex wpr-particle-no wpr-jarallax-no wpr-parallax-no wpr-sticky-section-no wpr-equal-height-no e-con e-parent\" data-id=\"06684e3\" data-element_type=\"container\" data-e-type=\"container\" data-settings=\"{&quot;_ha_eqh_enable&quot;:false}\">\n\t\t\t\t<div class=\"elementor-element elementor-element-b58ae8d elementor-widget elementor-widget-text-editor\" data-id=\"b58ae8d\" data-element_type=\"widget\" data-e-type=\"widget\" data-widget_type=\"text-editor.default\">\n\t\t\t\t<div class=\"elementor-widget-container\">\n\t\t\t\t\t\t\t\t\t<p>Nous avons contact\u00e9 l\u2019ensemble des groupes politiques et les d\u00e9put\u00e9s d\u2019Occitanie, seulement huit d\u00e9put\u00e9s ont lu l\u2019accus\u00e9 de r\u00e9ception, les autres n\u2019ouvrent pas le mail, on le jette \u00e0 la corbeille sans l\u2019ouvrir.<\/p><p>La non-r\u00e9ponse du gouvernement, des \u00e9lus met en \u00e9vidence, que les politiques ne sont pas \u00e0 l\u2019\u00e9coute de nous les \u00e9lecteurs. Rien de nouveau ! <br \/>Si la chose peut para\u00eetre d\u00e9risoire aux yeux de certains, de votre c\u00f4t\u00e9, elle a plut\u00f4t le don de faire surgir l&rsquo;incompr\u00e9hension. Nos \u00e9lus ne s\u2019int\u00e9ressaient \u00e0 nous que pour nos voies.<\/p><p>L&rsquo;absence de r\u00e9ponse est brutale et d\u00e9stabilisante, n\u2019\u00e9tant pas consid\u00e9r\u00e9e. Cela ne nous arr\u00eate pas, l\u2019association Lionel et les Autres Victimes de la Route \u2013 Justice, nous montre l\u2019int\u00e9r\u00eat que nous portent les politiques. Pourquoi \u00e9lire un Minist\u00e8re de la Justice, d\u00e9penser de l\u2019argent des contribuables pour ne pas \u00eatre \u00e9cout\u00e9 ?<\/p><p>Cela veut dire que nos \u00e9lus se moquent des cons\u00e9quences de la justice pour les familles de victimes.<\/p><p>NOUS SOMMES COUPABLES D\u2019\u00caTRE VICTIMES.<\/p><p>Lien vers le site g\u00e9n\u00e9ral de l\u2019association Lionel et les Autres Victimes de la Route montrant les r\u00e9sultats de nos courriers.<\/p><p><div class=\"ose-wrapper ose-uid-fc370d04bf7cbf1c70d2e8f2b6ac166d ose-embedpress-responsive\" style=\"width:600px; height:600px; max-height:600px; max-width:100%; display:inline-block;\" data-embed-type=\"SelfHosted\"><iframe allowFullScreen=\"true\" width=\"600\" height=\"600\" src=\"https:\/\/lioneletlesautresvictimesdelaroute.fr\/nos-actions\/plan-dactions-2024\/deputes-plan-daction-2024\/deputes-quelles-modalites-pour-nos-envois-2024\/\" > <\/iframe><\/div><\/p>\t\t\t\t\t\t\t\t<\/div>\n\t\t\t\t<\/div>\n\t\t\t\t<\/div>\n\t\t\t\t<\/div>\n\t\t","protected":false},"excerpt":{"rendered":"<p>&#8211; Le cas de mon fils LIONEL &#8211; Autopsies Judiciaires &#8211; Les erreurs de la Justice Nous avons contact\u00e9 l\u2019ensemble des groupes politiques et les d\u00e9put\u00e9s d\u2019Occitanie, seulement huit d\u00e9put\u00e9s ont lu l\u2019accus\u00e9 de r\u00e9ception, les autres n\u2019ouvrent pas le mail, on le jette \u00e0 la corbeille sans l\u2019ouvrir. La non-r\u00e9ponse du gouvernement, des \u00e9lus met en \u00e9vidence, que les politiques ne sont pas \u00e0 l\u2019\u00e9coute de nous les \u00e9lecteurs. Rien de nouveau ! Si la chose peut para\u00eetre d\u00e9risoire aux yeux de certains, de votre c\u00f4t\u00e9, elle a plut\u00f4t le don de faire surgir l&rsquo;incompr\u00e9hension. Nos \u00e9lus ne s\u2019int\u00e9ressaient \u00e0 nous que pour nos voies. L&rsquo;absence de r\u00e9ponse est brutale et d\u00e9stabilisante, n\u2019\u00e9tant pas consid\u00e9r\u00e9e. Cela ne nous arr\u00eate pas, l\u2019association Lionel et les Autres Victimes de la Route \u2013 Justice, nous montre l\u2019int\u00e9r\u00eat que nous portent les politiques. Pourquoi \u00e9lire un Minist\u00e8re de la Justice, d\u00e9penser de l\u2019argent des contribuables pour ne pas \u00eatre \u00e9cout\u00e9 ? Cela veut dire que nos \u00e9lus se moquent des cons\u00e9quences de la justice pour les familles de victimes. NOUS SOMMES COUPABLES D\u2019\u00caTRE VICTIMES. Lien vers le site g\u00e9n\u00e9ral de l\u2019association Lionel et les Autres Victimes de la Route montrant les r\u00e9sultats de nos courriers.<\/p>\n","protected":false},"author":1,"featured_media":0,"parent":21,"menu_order":1,"comment_status":"closed","ping_status":"closed","template":"elementor_theme","meta":{"_uag_custom_page_level_css":"","sfsi_plus_gutenberg_text_before_share":"","sfsi_plus_gutenberg_show_text_before_share":"","sfsi_plus_gutenberg_icon_type":"","sfsi_plus_gutenberg_icon_alignemt":"","sfsi_plus_gutenburg_max_per_row":"","_lmt_disableupdate":"no","_lmt_disable":"no","_monsterinsights_skip_tracking":false,"_monsterinsights_sitenote_active":false,"_monsterinsights_sitenote_note":"","_monsterinsights_sitenote_category":0,"site-sidebar-layout":"right-sidebar","site-content-layout":"","ast-site-content-layout":"default","site-content-style":"default","site-sidebar-style":"default","ast-global-header-display":"","ast-banner-title-visibility":"","ast-main-header-display":"","ast-hfb-above-header-display":"","ast-hfb-below-header-display":"","ast-hfb-mobile-header-display":"","site-post-title":"","ast-breadcrumbs-content":"","ast-featured-img":"","footer-sml-layout":"","ast-disable-related-posts":"","theme-transparent-header-meta":"default","adv-header-id-meta":"","stick-header-meta":"","header-above-stick-meta":"","header-main-stick-meta":"","header-below-stick-meta":"","astra-migrate-meta-layouts":"set","ast-page-background-enabled":"default","ast-page-background-meta":{"desktop":{"background-color":"var(--ast-global-color-4)","background-image":"","background-repeat":"repeat","background-position":"center center","background-size":"auto","background-attachment":"scroll","background-type":"","background-media":"","overlay-type":"","overlay-color":"","overlay-opacity":"","overlay-gradient":""},"tablet":{"background-color":"","background-image":"","background-repeat":"repeat","background-position":"center center","background-size":"auto","background-attachment":"scroll","background-type":"","background-media":"","overlay-type":"","overlay-color":"","overlay-opacity":"","overlay-gradient":""},"mobile":{"background-color":"","background-image":"","background-repeat":"repeat","background-position":"center center","background-size":"auto","background-attachment":"scroll","background-type":"","background-media":"","overlay-type":"","overlay-color":"","overlay-opacity":"","overlay-gradient":""}},"ast-content-background-meta":{"desktop":{"background-color":"var(--ast-global-color-5)","background-image":"","background-repeat":"repeat","background-position":"center center","background-size":"auto","background-attachment":"scroll","background-type":"","background-media":"","overlay-type":"","overlay-color":"","overlay-opacity":"","overlay-gradient":""},"tablet":{"background-color":"var(--ast-global-color-5)","background-image":"","background-repeat":"repeat","background-position":"center center","background-size":"auto","background-attachment":"scroll","background-type":"","background-media":"","overlay-type":"","overlay-color":"","overlay-opacity":"","overlay-gradient":""},"mobile":{"background-color":"var(--ast-global-color-5)","background-image":"","background-repeat":"repeat","background-position":"center center","background-size":"auto","background-attachment":"scroll","background-type":"","background-media":"","overlay-type":"","overlay-color":"","overlay-opacity":"","overlay-gradient":""}},"iawp_total_views":5,"footnotes":""},"categories":[],"tags":[],"class_list":["post-112","page","type-page","status-publish","hentry"],"aioseo_notices":[],"uagb_featured_image_src":{"full":false,"thumbnail":false,"medium":false,"medium_large":false,"large":false,"1536x1536":false,"2048x2048":false},"uagb_author_info":{"display_name":"Michel BOUDRY","author_link":"https:\/\/lioneletlesautresvictimesdelaroute.fr\/justice\/author\/wmliojustbdy208\/"},"uagb_comment_info":0,"uagb_excerpt":"&#8211; Le cas de mon fils LIONEL &#8211; Autopsies Judiciaires &#8211; Les erreurs de la Justice Nous avons contact\u00e9 l\u2019ensemble des groupes politiques et les d\u00e9put\u00e9s d\u2019Occitanie, seulement huit d\u00e9put\u00e9s ont lu l\u2019accus\u00e9 de r\u00e9ception, les autres n\u2019ouvrent pas le mail, on le jette \u00e0 la corbeille sans l\u2019ouvrir. La non-r\u00e9ponse du gouvernement, des \u00e9lus\u2026","rttpg_featured_image_url":null,"rttpg_author":{"display_name":"Michel BOUDRY","author_link":"https:\/\/lioneletlesautresvictimesdelaroute.fr\/justice\/author\/wmliojustbdy208\/"},"rttpg_comment":0,"rttpg_category":false,"rttpg_excerpt":"&#8211; Le cas de mon fils LIONEL &#8211; Autopsies Judiciaires &#8211; Les erreurs de la Justice Nous avons contact\u00e9 l\u2019ensemble des groupes politiques et les d\u00e9put\u00e9s d\u2019Occitanie, seulement huit d\u00e9put\u00e9s ont lu l\u2019accus\u00e9 de r\u00e9ception, les autres n\u2019ouvrent pas le mail, on le jette \u00e0 la corbeille sans l\u2019ouvrir. La non-r\u00e9ponse du gouvernement, des \u00e9lus\u2026","_links":{"self":[{"href":"https:\/\/lioneletlesautresvictimesdelaroute.fr\/justice\/wp-json\/wp\/v2\/pages\/112","targetHints":{"allow":["GET"]}}],"collection":[{"href":"https:\/\/lioneletlesautresvictimesdelaroute.fr\/justice\/wp-json\/wp\/v2\/pages"}],"about":[{"href":"https:\/\/lioneletlesautresvictimesdelaroute.fr\/justice\/wp-json\/wp\/v2\/types\/page"}],"author":[{"embeddable":true,"href":"https:\/\/lioneletlesautresvictimesdelaroute.fr\/justice\/wp-json\/wp\/v2\/users\/1"}],"replies":[{"embeddable":true,"href":"https:\/\/lioneletlesautresvictimesdelaroute.fr\/justice\/wp-json\/wp\/v2\/comments?post=112"}],"version-history":[{"count":2,"href":"https:\/\/lioneletlesautresvictimesdelaroute.fr\/justice\/wp-json\/wp\/v2\/pages\/112\/revisions"}],"predecessor-version":[{"id":52972,"href":"https:\/\/lioneletlesautresvictimesdelaroute.fr\/justice\/wp-json\/wp\/v2\/pages\/112\/revisions\/52972"}],"up":[{"embeddable":true,"href":"https:\/\/lioneletlesautresvictimesdelaroute.fr\/justice\/wp-json\/wp\/v2\/pages\/21"}],"wp:attachment":[{"href":"https:\/\/lioneletlesautresvictimesdelaroute.fr\/justice\/wp-json\/wp\/v2\/media?parent=112"}],"wp:term":[{"taxonomy":"category","embeddable":true,"href":"https:\/\/lioneletlesautresvictimesdelaroute.fr\/justice\/wp-json\/wp\/v2\/categories?post=112"},{"taxonomy":"post_tag","embeddable":true,"href":"https:\/\/lioneletlesautresvictimesdelaroute.fr\/justice\/wp-json\/wp\/v2\/tags?post=112"}],"curies":[{"name":"wp","href":"https:\/\/api.w.org\/{rel}","templated":true}]}}