{"id":189,"date":"2024-09-19T16:57:01","date_gmt":"2024-09-19T14:57:01","guid":{"rendered":"https:\/\/lioneletlesautresvictimesdelaroute.fr\/justice\/?page_id=189"},"modified":"2026-02-06T10:12:49","modified_gmt":"2026-02-06T09:12:49","slug":"nos-interventions","status":"publish","type":"page","link":"https:\/\/lioneletlesautresvictimesdelaroute.fr\/justice\/nos-actions\/nos-interventions\/","title":{"rendered":"Nos interventions"},"content":{"rendered":"\t\t<div data-elementor-type=\"wp-page\" data-elementor-id=\"189\" class=\"elementor elementor-189\" data-elementor-settings=\"{&quot;ha_cmc_init_switcher&quot;:&quot;no&quot;}\">\n\t\t\t\t<div class=\"elementor-element elementor-element-f2a85d7 e-flex e-con-boxed wpr-particle-no wpr-jarallax-no wpr-parallax-no wpr-sticky-section-no wpr-equal-height-no e-con e-parent\" data-id=\"f2a85d7\" data-element_type=\"container\" data-e-type=\"container\" data-settings=\"{&quot;_ha_eqh_enable&quot;:false}\">\n\t\t\t\t\t<div class=\"e-con-inner\">\n\t\t\t\t<div class=\"elementor-element elementor-element-368ffee elementor-widget elementor-widget-image\" data-id=\"368ffee\" data-element_type=\"widget\" data-e-type=\"widget\" data-widget_type=\"image.default\">\n\t\t\t\t<div class=\"elementor-widget-container\">\n\t\t\t\t\t\t\t\t\t\t\t\t\t\t\t<img decoding=\"async\" width=\"300\" height=\"150\" src=\"https:\/\/lioneletlesautresvictimesdelaroute.fr\/justice\/wp-content\/uploads\/2024\/10\/muscles-369784_1280-300x150.png\" class=\"attachment-medium size-medium wp-image-44377\" alt=\"Power Illustration\" srcset=\"https:\/\/lioneletlesautresvictimesdelaroute.fr\/justice\/wp-content\/uploads\/2024\/10\/muscles-369784_1280-300x150.png 300w, https:\/\/lioneletlesautresvictimesdelaroute.fr\/justice\/wp-content\/uploads\/2024\/10\/muscles-369784_1280-1024x512.png 1024w, https:\/\/lioneletlesautresvictimesdelaroute.fr\/justice\/wp-content\/uploads\/2024\/10\/muscles-369784_1280-768x384.png 768w, https:\/\/lioneletlesautresvictimesdelaroute.fr\/justice\/wp-content\/uploads\/2024\/10\/muscles-369784_1280.png 1280w\" sizes=\"(max-width: 300px) 100vw, 300px\" \/>\t\t\t\t\t\t\t\t\t\t\t\t\t\t\t<\/div>\n\t\t\t\t<\/div>\n\t\t\t\t<div class=\"elementor-element elementor-element-6df056e elementor-widget elementor-widget-text-editor\" data-id=\"6df056e\" data-element_type=\"widget\" data-e-type=\"widget\" data-widget_type=\"text-editor.default\">\n\t\t\t\t<div class=\"elementor-widget-container\">\n\t\t\t\t\t\t\t\t\t<p>Dans la proc\u00e9dure judiciaire pour mon fils LIONEL, depuis que l\u2019on conna\u00eet la v\u00e9rit\u00e9, plus pr\u00e9cis\u00e9ment une semaine avant le proc\u00e8s du 15 mai 2018 \u00e0 PERPIGNAN, je suis accabl\u00e9e de voir ce qui se passe. <br \/>Avec mon avocat, nous avons entrepris de nombreuses recherches, constitu\u00e9 un dossier complet.<\/p><p>Visitez le site un site <a href=\"https:\/\/lioneletlesautresvictimesdelaroute.fr\/\">Lionel est les Autres Victimes de la Route<\/a> pour en savoir plus .<\/p><p>Nous nous sommes adress\u00e9s \u00e0 de nombreux <a href=\"https:\/\/lioneletlesautresvictimesdelaroute.fr\/nos-actions\/plan-dactions-2023\/gouvernement-plan-daction-2023\/resultats-des-appels-au-gouvernement-2023\/\">gouvernants<\/a>, <a title=\"D\u00e9put\u00e9s : \u00c0 qui nous sommes nous adress\u00e9 2024\" href=\"https:\/\/lioneletlesautresvictimesdelaroute.fr\/justice\/nos-actions\/nos-interventions\/plan-dactions-2023\/deputes-plan-dactions-2023\/resultats-des-appels-aux-deputes-2023\/\">d\u00e9put\u00e9s<\/a>, <a href=\"https:\/\/lioneletlesautresvictimesdelaroute.fr\/nos-actions\/plan-dactions-2023\/senateurs-plan-daction-2023\/resultats-des-appels-aux-senateurs-2023\/\">s\u00e9nateurs<\/a>, <a href=\"https:\/\/lioneletlesautresvictimesdelaroute.fr\/nos-actions\/plan-dactions-2023\/televisions-plan-daction-2023\/televisions-quelles-modalites-pour-nos-envois-2023\/\">t\u00e9l\u00e9visions<\/a>, <a href=\"https:\/\/lioneletlesautresvictimesdelaroute.fr\/nos-actions\/plan-dactions-2023\/journaux-presse-nationale-plan-daction-2023\/journaux-presse-nationale-quelles-modalites-pour-nos-envois-2023\/\">presse nationale<\/a>, <a href=\"https:\/\/lioneletlesautresvictimesdelaroute.fr\/nos-actions\/plan-dactions-2023\/journaux-presse-occitanie-plan-daction-2023\/journaux-presse-occitanie-quelles-modalites-pour-nos-envois-2023\/\">presse locale<\/a> &#8230; mais rien,\u00a0 le silence !<\/p><p>Cela nous irrite, car de trop nombreux \u00e9lus nous contactent que lorsqu&rsquo;ils ont besoin de nous : pour voter.<\/p><p>Si la chose peut para\u00eetre d\u00e9risoire aux yeux de certains, de notre c\u00f4t\u00e9, elle a plut\u00f4t le don de faire surgir de l&rsquo;incompr\u00e9hension, de l&rsquo;irritation, mais nous ne sommes pas surpris par cela.<\/p><p>C&rsquo;est pourquoi nous avons d\u00e9cid\u00e9 de passer \u00e0 la vitesse sup\u00e9rieure.<\/p><p><strong>Cr\u00e9ation d\u2019un second site bas\u00e9 essentiellement sur la Justice, \u00e0 se demander pourquoi elle existe. <\/strong><\/p><p>Car \u00e0 ce jour, il n\u2019existe rien, en r\u00e9pr\u00e9hension et les familles n\u2019ont droit qu\u2019au silence\u00a0 de la part des autorit\u00e9s judiciaires.<\/p><p>Continuer \u00e0 envoyer plus de courriers, mais pas qu\u2019aux \u00e9lus, \u00e0 la presse aux m\u00e9dias \u00e0 qui nous allons apprendre qu\u2019en France, on br\u00fble des organes humains, ainsi que les syndicats et de nombreuses associations.<\/p><p>Notre but est de nous faire entendre, m\u00eame si l\u2019association doit aller s\u2019encha\u00eener aux grilles de l\u2019\u00c9lys\u00e9e.<\/p><p>Travailler encore plus avec les r\u00e9seaux sociaux, voir construire une vid\u00e9o.<\/p><p>Tout un travail de communication va se mettre en place pour 2024 \u2013 2025.<\/p>\t\t\t\t\t\t\t\t<\/div>\n\t\t\t\t<\/div>\n\t\t\t\t\t<\/div>\n\t\t\t\t<\/div>\n\t\t\t\t<\/div>\n\t\t","protected":false},"excerpt":{"rendered":"<p>Dans la proc\u00e9dure judiciaire pour mon fils LIONEL, depuis que l\u2019on conna\u00eet la v\u00e9rit\u00e9, plus pr\u00e9cis\u00e9ment une semaine avant le proc\u00e8s du 15 mai 2018 \u00e0 PERPIGNAN, je suis accabl\u00e9e de voir ce qui se passe. Avec mon avocat, nous avons entrepris de nombreuses recherches, constitu\u00e9 un dossier complet. Visitez le site un site Lionel est les Autres Victimes de la Route pour en savoir plus . Nous nous sommes adress\u00e9s \u00e0 de nombreux gouvernants, d\u00e9put\u00e9s, s\u00e9nateurs, t\u00e9l\u00e9visions, presse nationale, presse locale &#8230; mais rien,\u00a0 le silence ! Cela nous irrite, car de trop nombreux \u00e9lus nous contactent que lorsqu&rsquo;ils ont besoin de nous : pour voter. Si la chose peut para\u00eetre d\u00e9risoire aux yeux de certains, de notre c\u00f4t\u00e9, elle a plut\u00f4t le don de faire surgir de l&rsquo;incompr\u00e9hension, de l&rsquo;irritation, mais nous ne sommes pas surpris par cela. C&rsquo;est pourquoi nous avons d\u00e9cid\u00e9 de passer \u00e0 la vitesse sup\u00e9rieure. Cr\u00e9ation d\u2019un second site bas\u00e9 essentiellement sur la Justice, \u00e0 se demander pourquoi elle existe. Car \u00e0 ce jour, il n\u2019existe rien, en r\u00e9pr\u00e9hension et les familles n\u2019ont droit qu\u2019au silence\u00a0 de la part des autorit\u00e9s judiciaires. Continuer \u00e0 envoyer plus de courriers, mais pas qu\u2019aux \u00e9lus, \u00e0 la presse aux m\u00e9dias \u00e0 qui nous allons apprendre qu\u2019en France, on br\u00fble des organes humains, ainsi que les syndicats et de nombreuses associations. Notre but est de nous faire entendre, m\u00eame si l\u2019association doit aller s\u2019encha\u00eener aux grilles de l\u2019\u00c9lys\u00e9e. Travailler encore plus avec les r\u00e9seaux sociaux, voir construire une vid\u00e9o. Tout un travail de communication va se mettre en place pour 2024 \u2013 2025.<\/p>\n","protected":false},"author":1,"featured_media":0,"parent":184,"menu_order":3,"comment_status":"closed","ping_status":"closed","template":"elementor_theme","meta":{"_uag_custom_page_level_css":"","sfsi_plus_gutenberg_text_before_share":"","sfsi_plus_gutenberg_show_text_before_share":"","sfsi_plus_gutenberg_icon_type":"","sfsi_plus_gutenberg_icon_alignemt":"","sfsi_plus_gutenburg_max_per_row":"","_lmt_disableupdate":"no","_lmt_disable":"no","_monsterinsights_skip_tracking":false,"_monsterinsights_sitenote_active":false,"_monsterinsights_sitenote_note":"","_monsterinsights_sitenote_category":0,"site-sidebar-layout":"right-sidebar","site-content-layout":"","ast-site-content-layout":"default","site-content-style":"default","site-sidebar-style":"default","ast-global-header-display":"","ast-banner-title-visibility":"","ast-main-header-display":"","ast-hfb-above-header-display":"","ast-hfb-below-header-display":"","ast-hfb-mobile-header-display":"","site-post-title":"","ast-breadcrumbs-content":"","ast-featured-img":"","footer-sml-layout":"","ast-disable-related-posts":"","theme-transparent-header-meta":"default","adv-header-id-meta":"","stick-header-meta":"","header-above-stick-meta":"","header-main-stick-meta":"","header-below-stick-meta":"","astra-migrate-meta-layouts":"set","ast-page-background-enabled":"default","ast-page-background-meta":{"desktop":{"background-color":"var(--ast-global-color-4)","background-image":"","background-repeat":"repeat","background-position":"center center","background-size":"auto","background-attachment":"scroll","background-type":"","background-media":"","overlay-type":"","overlay-color":"","overlay-opacity":"","overlay-gradient":""},"tablet":{"background-color":"","background-image":"","background-repeat":"repeat","background-position":"center center","background-size":"auto","background-attachment":"scroll","background-type":"","background-media":"","overlay-type":"","overlay-color":"","overlay-opacity":"","overlay-gradient":""},"mobile":{"background-color":"","background-image":"","background-repeat":"repeat","background-position":"center center","background-size":"auto","background-attachment":"scroll","background-type":"","background-media":"","overlay-type":"","overlay-color":"","overlay-opacity":"","overlay-gradient":""}},"ast-content-background-meta":{"desktop":{"background-color":"var(--ast-global-color-5)","background-image":"","background-repeat":"repeat","background-position":"center center","background-size":"auto","background-attachment":"scroll","background-type":"","background-media":"","overlay-type":"","overlay-color":"","overlay-opacity":"","overlay-gradient":""},"tablet":{"background-color":"var(--ast-global-color-5)","background-image":"","background-repeat":"repeat","background-position":"center center","background-size":"auto","background-attachment":"scroll","background-type":"","background-media":"","overlay-type":"","overlay-color":"","overlay-opacity":"","overlay-gradient":""},"mobile":{"background-color":"var(--ast-global-color-5)","background-image":"","background-repeat":"repeat","background-position":"center center","background-size":"auto","background-attachment":"scroll","background-type":"","background-media":"","overlay-type":"","overlay-color":"","overlay-opacity":"","overlay-gradient":""}},"iawp_total_views":2,"footnotes":""},"categories":[],"tags":[],"class_list":["post-189","page","type-page","status-publish","hentry"],"aioseo_notices":[],"uagb_featured_image_src":{"full":false,"thumbnail":false,"medium":false,"medium_large":false,"large":false,"1536x1536":false,"2048x2048":false},"uagb_author_info":{"display_name":"Michel BOUDRY","author_link":"https:\/\/lioneletlesautresvictimesdelaroute.fr\/justice\/author\/wmliojustbdy208\/"},"uagb_comment_info":0,"uagb_excerpt":"Dans la proc\u00e9dure judiciaire pour mon fils LIONEL, depuis que l\u2019on conna\u00eet la v\u00e9rit\u00e9, plus pr\u00e9cis\u00e9ment une semaine avant le proc\u00e8s du 15 mai 2018 \u00e0 PERPIGNAN, je suis accabl\u00e9e de voir ce qui se passe. Avec mon avocat, nous avons entrepris de nombreuses recherches, constitu\u00e9 un dossier complet. Visitez le site un site Lionel\u2026","rttpg_featured_image_url":null,"rttpg_author":{"display_name":"Michel BOUDRY","author_link":"https:\/\/lioneletlesautresvictimesdelaroute.fr\/justice\/author\/wmliojustbdy208\/"},"rttpg_comment":0,"rttpg_category":false,"rttpg_excerpt":"Dans la proc\u00e9dure judiciaire pour mon fils LIONEL, depuis que l\u2019on conna\u00eet la v\u00e9rit\u00e9, plus pr\u00e9cis\u00e9ment une semaine avant le proc\u00e8s du 15 mai 2018 \u00e0 PERPIGNAN, je suis accabl\u00e9e de voir ce qui se passe. Avec mon avocat, nous avons entrepris de nombreuses recherches, constitu\u00e9 un dossier complet. Visitez le site un site Lionel\u2026","_links":{"self":[{"href":"https:\/\/lioneletlesautresvictimesdelaroute.fr\/justice\/wp-json\/wp\/v2\/pages\/189","targetHints":{"allow":["GET"]}}],"collection":[{"href":"https:\/\/lioneletlesautresvictimesdelaroute.fr\/justice\/wp-json\/wp\/v2\/pages"}],"about":[{"href":"https:\/\/lioneletlesautresvictimesdelaroute.fr\/justice\/wp-json\/wp\/v2\/types\/page"}],"author":[{"embeddable":true,"href":"https:\/\/lioneletlesautresvictimesdelaroute.fr\/justice\/wp-json\/wp\/v2\/users\/1"}],"replies":[{"embeddable":true,"href":"https:\/\/lioneletlesautresvictimesdelaroute.fr\/justice\/wp-json\/wp\/v2\/comments?post=189"}],"version-history":[{"count":6,"href":"https:\/\/lioneletlesautresvictimesdelaroute.fr\/justice\/wp-json\/wp\/v2\/pages\/189\/revisions"}],"predecessor-version":[{"id":54592,"href":"https:\/\/lioneletlesautresvictimesdelaroute.fr\/justice\/wp-json\/wp\/v2\/pages\/189\/revisions\/54592"}],"up":[{"embeddable":true,"href":"https:\/\/lioneletlesautresvictimesdelaroute.fr\/justice\/wp-json\/wp\/v2\/pages\/184"}],"wp:attachment":[{"href":"https:\/\/lioneletlesautresvictimesdelaroute.fr\/justice\/wp-json\/wp\/v2\/media?parent=189"}],"wp:term":[{"taxonomy":"category","embeddable":true,"href":"https:\/\/lioneletlesautresvictimesdelaroute.fr\/justice\/wp-json\/wp\/v2\/categories?post=189"},{"taxonomy":"post_tag","embeddable":true,"href":"https:\/\/lioneletlesautresvictimesdelaroute.fr\/justice\/wp-json\/wp\/v2\/tags?post=189"}],"curies":[{"name":"wp","href":"https:\/\/api.w.org\/{rel}","templated":true}]}}