{"id":19,"date":"2024-09-17T15:05:55","date_gmt":"2024-09-17T13:05:55","guid":{"rendered":"https:\/\/lioneletlesautresvictimesdelaroute.fr\/justice\/?page_id=19"},"modified":"2024-10-07T12:28:31","modified_gmt":"2024-10-07T10:28:31","slug":"autopsies","status":"publish","type":"page","link":"https:\/\/lioneletlesautresvictimesdelaroute.fr\/justice\/etat-des-lieux\/autopsie-judiciaire\/autopsies\/","title":{"rendered":"Autopsies"},"content":{"rendered":"\t\t<div data-elementor-type=\"wp-page\" data-elementor-id=\"19\" class=\"elementor elementor-19\" data-elementor-settings=\"{&quot;ha_cmc_init_switcher&quot;:&quot;no&quot;}\">\n\t\t\t\t<div class=\"elementor-element elementor-element-72e58ac e-flex e-con-boxed wpr-particle-no wpr-jarallax-no wpr-parallax-no wpr-sticky-section-no wpr-equal-height-no e-con e-parent\" data-id=\"72e58ac\" data-element_type=\"container\" data-e-type=\"container\" data-settings=\"{&quot;_ha_eqh_enable&quot;:false}\">\n\t\t\t\t\t<div class=\"e-con-inner\">\n\t\t\t\t<div class=\"elementor-element elementor-element-55aa0d4 elementor-widget elementor-widget-image\" data-id=\"55aa0d4\" data-element_type=\"widget\" data-e-type=\"widget\" data-widget_type=\"image.default\">\n\t\t\t\t<div class=\"elementor-widget-container\">\n\t\t\t\t\t\t\t\t\t\t\t\t\t\t\t<img fetchpriority=\"high\" decoding=\"async\" width=\"300\" height=\"200\" src=\"https:\/\/lioneletlesautresvictimesdelaroute.fr\/justice\/wp-content\/uploads\/2024\/10\/XUST664PEFAQPFUPLDDL4N7R3Y-300x200.jpg\" class=\"attachment-medium size-medium wp-image-44346\" alt=\"Salle autopsie Table Pieds\" srcset=\"https:\/\/lioneletlesautresvictimesdelaroute.fr\/justice\/wp-content\/uploads\/2024\/10\/XUST664PEFAQPFUPLDDL4N7R3Y-300x200.jpg 300w, https:\/\/lioneletlesautresvictimesdelaroute.fr\/justice\/wp-content\/uploads\/2024\/10\/XUST664PEFAQPFUPLDDL4N7R3Y-1024x683.jpg 1024w, https:\/\/lioneletlesautresvictimesdelaroute.fr\/justice\/wp-content\/uploads\/2024\/10\/XUST664PEFAQPFUPLDDL4N7R3Y-768x512.jpg 768w, https:\/\/lioneletlesautresvictimesdelaroute.fr\/justice\/wp-content\/uploads\/2024\/10\/XUST664PEFAQPFUPLDDL4N7R3Y-1536x1025.jpg 1536w, https:\/\/lioneletlesautresvictimesdelaroute.fr\/justice\/wp-content\/uploads\/2024\/10\/XUST664PEFAQPFUPLDDL4N7R3Y-2048x1366.jpg 2048w\" sizes=\"(max-width: 300px) 100vw, 300px\" \/>\t\t\t\t\t\t\t\t\t\t\t\t\t\t\t<\/div>\n\t\t\t\t<\/div>\n\t\t\t\t<div class=\"elementor-element elementor-element-565c233 elementor-widget elementor-widget-text-editor\" data-id=\"565c233\" data-element_type=\"widget\" data-e-type=\"widget\" data-widget_type=\"text-editor.default\">\n\t\t\t\t<div class=\"elementor-widget-container\">\n\t\t\t\t\t\t\t\t\t<p>EN FRANCE ON BRULE DES ORGANES HUMAINS<\/p><p>D\u00e9finition : L&rsquo;autopsie consiste en un examen m\u00e9dical de personnes d\u00e9c\u00e9d\u00e9es, afin de d\u00e9terminer pr\u00e9cis\u00e9ment les causes de la mort d&rsquo;une victime.<\/p><p>Ce que dit la loi : Article <a href=\"https:\/\/www.legifrance.gouv.fr\/codes\/article_lc\/LEGIARTI000024029058\">230-28<\/a> &#8211; LOI n\u00b02011-525 du 17 mai 2011 &#8211; art. <a href=\"https:\/\/www.legifrance.gouv.fr\/codes\/article_lc\/LEGIARTI000006575343\">147<\/a><br \/>Une autopsie judiciaire peut \u00eatre ordonn\u00e9e dans le cadre d&rsquo;une enqu\u00eate judiciaire en application ou d&rsquo;une information judiciaire.<\/p><p>Elle ne peut \u00eatre r\u00e9alis\u00e9e que par un praticien titulaire d&rsquo;un dipl\u00f4me attestant de sa formation en m\u00e9decine l\u00e9gale ou d&rsquo;un titre justifiant de son exp\u00e9rience en m\u00e9decine l\u00e9gale.<\/p><p>Au cours d&rsquo;une autopsie judiciaire, le praticien d\u00e9sign\u00e9 \u00e0 cette fin proc\u00e8de aux pr\u00e9l\u00e8vements biologiques qui sont n\u00e9cessaires aux besoins de l&rsquo;enqu\u00eate ou de l&rsquo;information judiciaire.<\/p><p>Sous r\u00e9serve des n\u00e9cessit\u00e9s de l&rsquo;enqu\u00eate ou de l&rsquo;information judiciaire, le conjoint, le concubin, le partenaire li\u00e9 par un pacte civil de solidarit\u00e9, les ascendants ou les descendants en ligne directe du d\u00e9funt sont inform\u00e9s dans les meilleurs d\u00e9lais de ce qu&rsquo;une autopsie a \u00e9t\u00e9 ordonn\u00e9e et que des pr\u00e9l\u00e8vements biologiques ont \u00e9t\u00e9 effectu\u00e9s.<\/p><p>Organes<\/p><p>D\u00e9finition : Un organe est une partie d&rsquo;un \u00eatre vivant ayant une fonction pr\u00e9cise pour lui permettre de vivre.<\/p><p>Cet acte post-mortem, est bafou\u00e9, les familles ne sont pas inform\u00e9es de la v\u00e9rit\u00e9.<br \/>LES AUTORIT\u00c9S JUDICIAIRES SONT COUPABLES DE BRULER DES ORGANES HUMAINS ! SANS INFORMER LES FAMILLES.<br \/>CELA DOIT CHANGER, CES NOTRE COMBAT<\/p><p>Voir les\u00a0 actes de Lionel <a href=\"https:\/\/lioneletlesautresvictimesdelaroute.fr\/justice\/elodie-bataille-tgi-montpellier-restriction-de-prelevement-dorgane-pour-lionel-losada\/\">D43<\/a>, <a href=\"https:\/\/lioneletlesautresvictimesdelaroute.fr\/justice\/commission-rogatoire-inventaire-pieces-a-conviction-pour-lionel-losada\/\">D72<\/a>, <a href=\"https:\/\/lioneletlesautresvictimesdelaroute.fr\/justice\/cause-du-deces-de-lionel-losadalhes\/\">D98<\/a>, Document destruction des organes.<\/p>\t\t\t\t\t\t\t\t<\/div>\n\t\t\t\t<\/div>\n\t\t\t\t\t<\/div>\n\t\t\t\t<\/div>\n\t\t\t\t<\/div>\n\t\t","protected":false},"excerpt":{"rendered":"<p>EN FRANCE ON BRULE DES ORGANES HUMAINS D\u00e9finition : L&rsquo;autopsie consiste en un examen m\u00e9dical de personnes d\u00e9c\u00e9d\u00e9es, afin de d\u00e9terminer pr\u00e9cis\u00e9ment les causes de la mort d&rsquo;une victime. Ce que dit la loi : Article 230-28 &#8211; LOI n\u00b02011-525 du 17 mai 2011 &#8211; art. 147Une autopsie judiciaire peut \u00eatre ordonn\u00e9e dans le cadre d&rsquo;une enqu\u00eate judiciaire en application ou d&rsquo;une information judiciaire. Elle ne peut \u00eatre r\u00e9alis\u00e9e que par un praticien titulaire d&rsquo;un dipl\u00f4me attestant de sa formation en m\u00e9decine l\u00e9gale ou d&rsquo;un titre justifiant de son exp\u00e9rience en m\u00e9decine l\u00e9gale. Au cours d&rsquo;une autopsie judiciaire, le praticien d\u00e9sign\u00e9 \u00e0 cette fin proc\u00e8de aux pr\u00e9l\u00e8vements biologiques qui sont n\u00e9cessaires aux besoins de l&rsquo;enqu\u00eate ou de l&rsquo;information judiciaire. Sous r\u00e9serve des n\u00e9cessit\u00e9s de l&rsquo;enqu\u00eate ou de l&rsquo;information judiciaire, le conjoint, le concubin, le partenaire li\u00e9 par un pacte civil de solidarit\u00e9, les ascendants ou les descendants en ligne directe du d\u00e9funt sont inform\u00e9s dans les meilleurs d\u00e9lais de ce qu&rsquo;une autopsie a \u00e9t\u00e9 ordonn\u00e9e et que des pr\u00e9l\u00e8vements biologiques ont \u00e9t\u00e9 effectu\u00e9s. Organes D\u00e9finition : Un organe est une partie d&rsquo;un \u00eatre vivant ayant une fonction pr\u00e9cise pour lui permettre de vivre. Cet acte post-mortem, est bafou\u00e9, les familles ne sont pas inform\u00e9es de la v\u00e9rit\u00e9.LES AUTORIT\u00c9S JUDICIAIRES SONT COUPABLES DE BRULER DES ORGANES HUMAINS ! SANS INFORMER LES FAMILLES.CELA DOIT CHANGER, CES NOTRE COMBAT Voir les\u00a0 actes de Lionel D43, D72, D98, Document destruction des organes.<\/p>\n","protected":false},"author":1,"featured_media":0,"parent":17,"menu_order":3,"comment_status":"closed","ping_status":"closed","template":"","meta":{"_uag_custom_page_level_css":"","sfsi_plus_gutenberg_text_before_share":"","sfsi_plus_gutenberg_show_text_before_share":"","sfsi_plus_gutenberg_icon_type":"","sfsi_plus_gutenberg_icon_alignemt":"","sfsi_plus_gutenburg_max_per_row":"","_lmt_disableupdate":"no","_lmt_disable":"","_monsterinsights_skip_tracking":false,"_monsterinsights_sitenote_active":false,"_monsterinsights_sitenote_note":"","_monsterinsights_sitenote_category":0,"site-sidebar-layout":"default","site-content-layout":"","ast-site-content-layout":"default","site-content-style":"default","site-sidebar-style":"default","ast-global-header-display":"","ast-banner-title-visibility":"","ast-main-header-display":"","ast-hfb-above-header-display":"","ast-hfb-below-header-display":"","ast-hfb-mobile-header-display":"","site-post-title":"","ast-breadcrumbs-content":"","ast-featured-img":"","footer-sml-layout":"","ast-disable-related-posts":"","theme-transparent-header-meta":"","adv-header-id-meta":"","stick-header-meta":"","header-above-stick-meta":"","header-main-stick-meta":"","header-below-stick-meta":"","astra-migrate-meta-layouts":"default","ast-page-background-enabled":"default","ast-page-background-meta":{"desktop":{"background-color":"var(--ast-global-color-4)","background-image":"","background-repeat":"repeat","background-position":"center center","background-size":"auto","background-attachment":"scroll","background-type":"","background-media":"","overlay-type":"","overlay-color":"","overlay-opacity":"","overlay-gradient":""},"tablet":{"background-color":"","background-image":"","background-repeat":"repeat","background-position":"center center","background-size":"auto","background-attachment":"scroll","background-type":"","background-media":"","overlay-type":"","overlay-color":"","overlay-opacity":"","overlay-gradient":""},"mobile":{"background-color":"","background-image":"","background-repeat":"repeat","background-position":"center center","background-size":"auto","background-attachment":"scroll","background-type":"","background-media":"","overlay-type":"","overlay-color":"","overlay-opacity":"","overlay-gradient":""}},"ast-content-background-meta":{"desktop":{"background-color":"var(--ast-global-color-5)","background-image":"","background-repeat":"repeat","background-position":"center center","background-size":"auto","background-attachment":"scroll","background-type":"","background-media":"","overlay-type":"","overlay-color":"","overlay-opacity":"","overlay-gradient":""},"tablet":{"background-color":"var(--ast-global-color-5)","background-image":"","background-repeat":"repeat","background-position":"center center","background-size":"auto","background-attachment":"scroll","background-type":"","background-media":"","overlay-type":"","overlay-color":"","overlay-opacity":"","overlay-gradient":""},"mobile":{"background-color":"var(--ast-global-color-5)","background-image":"","background-repeat":"repeat","background-position":"center center","background-size":"auto","background-attachment":"scroll","background-type":"","background-media":"","overlay-type":"","overlay-color":"","overlay-opacity":"","overlay-gradient":""}},"iawp_total_views":1,"footnotes":""},"categories":[12,13],"tags":[],"class_list":["post-19","page","type-page","status-publish","hentry","category-justice","category-medecine"],"aioseo_notices":[],"uagb_featured_image_src":{"full":false,"thumbnail":false,"medium":false,"medium_large":false,"large":false,"1536x1536":false,"2048x2048":false},"uagb_author_info":{"display_name":"Michel BOUDRY","author_link":"https:\/\/lioneletlesautresvictimesdelaroute.fr\/justice\/author\/wmliojustbdy208\/"},"uagb_comment_info":0,"uagb_excerpt":"EN FRANCE ON BRULE DES ORGANES HUMAINS D\u00e9finition : L&rsquo;autopsie consiste en un examen m\u00e9dical de personnes d\u00e9c\u00e9d\u00e9es, afin de d\u00e9terminer pr\u00e9cis\u00e9ment les causes de la mort d&rsquo;une victime. Ce que dit la loi : Article 230-28 &#8211; LOI n\u00b02011-525 du 17 mai 2011 &#8211; art. 147Une autopsie judiciaire peut \u00eatre ordonn\u00e9e dans le cadre\u2026","rttpg_featured_image_url":null,"rttpg_author":{"display_name":"Michel BOUDRY","author_link":"https:\/\/lioneletlesautresvictimesdelaroute.fr\/justice\/author\/wmliojustbdy208\/"},"rttpg_comment":0,"rttpg_category":" <a href=\"https:\/\/lioneletlesautresvictimesdelaroute.fr\/justice\/category\/justice\/\" rel=\"tag\">Justice<\/a><a href=\"https:\/\/lioneletlesautresvictimesdelaroute.fr\/justice\/category\/medecine\/\" rel=\"tag\">M\u00e9decine<\/a>","rttpg_excerpt":"EN FRANCE ON BRULE DES ORGANES HUMAINS D\u00e9finition : L&rsquo;autopsie consiste en un examen m\u00e9dical de personnes d\u00e9c\u00e9d\u00e9es, afin de d\u00e9terminer pr\u00e9cis\u00e9ment les causes de la mort d&rsquo;une victime. Ce que dit la loi : Article 230-28 &#8211; LOI n\u00b02011-525 du 17 mai 2011 &#8211; art. 147Une autopsie judiciaire peut \u00eatre ordonn\u00e9e dans le cadre\u2026","_links":{"self":[{"href":"https:\/\/lioneletlesautresvictimesdelaroute.fr\/justice\/wp-json\/wp\/v2\/pages\/19","targetHints":{"allow":["GET"]}}],"collection":[{"href":"https:\/\/lioneletlesautresvictimesdelaroute.fr\/justice\/wp-json\/wp\/v2\/pages"}],"about":[{"href":"https:\/\/lioneletlesautresvictimesdelaroute.fr\/justice\/wp-json\/wp\/v2\/types\/page"}],"author":[{"embeddable":true,"href":"https:\/\/lioneletlesautresvictimesdelaroute.fr\/justice\/wp-json\/wp\/v2\/users\/1"}],"replies":[{"embeddable":true,"href":"https:\/\/lioneletlesautresvictimesdelaroute.fr\/justice\/wp-json\/wp\/v2\/comments?post=19"}],"version-history":[{"count":0,"href":"https:\/\/lioneletlesautresvictimesdelaroute.fr\/justice\/wp-json\/wp\/v2\/pages\/19\/revisions"}],"up":[{"embeddable":true,"href":"https:\/\/lioneletlesautresvictimesdelaroute.fr\/justice\/wp-json\/wp\/v2\/pages\/17"}],"wp:attachment":[{"href":"https:\/\/lioneletlesautresvictimesdelaroute.fr\/justice\/wp-json\/wp\/v2\/media?parent=19"}],"wp:term":[{"taxonomy":"category","embeddable":true,"href":"https:\/\/lioneletlesautresvictimesdelaroute.fr\/justice\/wp-json\/wp\/v2\/categories?post=19"},{"taxonomy":"post_tag","embeddable":true,"href":"https:\/\/lioneletlesautresvictimesdelaroute.fr\/justice\/wp-json\/wp\/v2\/tags?post=19"}],"curies":[{"name":"wp","href":"https:\/\/api.w.org\/{rel}","templated":true}]}}