{"id":200,"date":"2024-09-19T17:08:54","date_gmt":"2024-09-19T15:08:54","guid":{"rendered":"https:\/\/lioneletlesautresvictimesdelaroute.fr\/justice\/?page_id=200"},"modified":"2025-07-21T14:14:04","modified_gmt":"2025-07-21T12:14:04","slug":"etat-des-lieux","status":"publish","type":"page","link":"https:\/\/lioneletlesautresvictimesdelaroute.fr\/justice\/etat-des-lieux\/","title":{"rendered":"\u00c9tat des lieux"},"content":{"rendered":"\t\t<div data-elementor-type=\"wp-page\" data-elementor-id=\"200\" class=\"elementor elementor-200\" data-elementor-settings=\"{&quot;ha_cmc_init_switcher&quot;:&quot;no&quot;}\">\n\t\t\t\t<div class=\"elementor-element elementor-element-13c44d3 e-flex e-con-boxed wpr-particle-no wpr-jarallax-no wpr-parallax-no wpr-sticky-section-no wpr-equal-height-no e-con e-parent\" data-id=\"13c44d3\" data-element_type=\"container\" data-e-type=\"container\" data-settings=\"{&quot;_ha_eqh_enable&quot;:false}\">\n\t\t\t\t\t<div class=\"e-con-inner\">\n\t\t\t\t<div class=\"elementor-element elementor-element-3beb0d6 elementor-widget elementor-widget-text-editor\" data-id=\"3beb0d6\" data-element_type=\"widget\" data-e-type=\"widget\" data-widget_type=\"text-editor.default\">\n\t\t\t\t<div class=\"elementor-widget-container\">\n\t\t\t\t\t\t\t\t\t<ul><li><h3><a title=\"Accidentologie\" href=\"https:\/\/lioneletlesautresvictimesdelaroute.fr\/justice\/etat-des-lieux\/accueil\/accidentologie\/\">Accidentologie<\/a><\/h3><ul><li><h3><a title=\"Code de la Route\" href=\"https:\/\/lioneletlesautresvictimesdelaroute.fr\/justice\/etat-des-lieux\/accueil\/accidentologie\/code-de-la-route\/\">Code de la route<\/a><\/h3><\/li><li><h3><a title=\"D\u00e9finitions\" href=\"https:\/\/lioneletlesautresvictimesdelaroute.fr\/justice\/etat-des-lieux\/definitions\/\">D\u00e9finitions<\/a><\/h3><\/li><\/ul><\/li><li><h3><a title=\"Autopsies Judiciaires\" href=\"https:\/\/lioneletlesautresvictimesdelaroute.fr\/justice\/etat-des-lieux\/autopsie-judiciaire\/notre-analyse\/les-problemes-rencontres\/autopsies-judiciaires\/\">Autopsies judiciaires<\/a><\/h3><ul><li><h3><a title=\"L\u00e9gislation actuelle\" href=\"https:\/\/lioneletlesautresvictimesdelaroute.fr\/justice\/etat-des-lieux\/autopsie-judiciaire\/legislation-actuelle\/\">L\u00e9gislation actuelle<\/a><\/h3><\/li><li><h3><a title=\"Situation actuelle\" href=\"https:\/\/lioneletlesautresvictimesdelaroute.fr\/justice\/etat-des-lieux\/autopsie-judiciaire\/situation-actuelle\/\">Situation actuelle<\/a><\/h3><\/li><li><h3><a title=\"Notre analyse\" href=\"https:\/\/lioneletlesautresvictimesdelaroute.fr\/justice\/etat-des-lieux\/autopsie-judiciaire\/notre-analyse\/\">Notre analyse<\/a><\/h3><\/li><\/ul><\/li><li><h3><a href=\"https:\/\/lioneletlesautresvictimesdelaroute.fr\/justice\/societe\/\">Soci\u00e9t\u00e9<\/a><\/h3><ul><li><h3><a title=\"Homicides Routiers\" href=\"https:\/\/lioneletlesautresvictimesdelaroute.fr\/justice\/homicides-routiers\/\">Homicides routiers<\/a><\/h3><\/li><li><h3><a title=\"Accompagnement de familles\" href=\"https:\/\/lioneletlesautresvictimesdelaroute.fr\/justice\/accompagnement-de-familles\/\">Accompagnement des familles<\/a><\/h3><\/li><\/ul><\/li><li><h3><a href=\"https:\/\/lioneletlesautresvictimesdelaroute.fr\/justice\/religions\/\">Religions<\/a><\/h3><\/li><\/ul>\t\t\t\t\t\t\t\t<\/div>\n\t\t\t\t<\/div>\n\t\t\t\t\t<\/div>\n\t\t\t\t<\/div>\n\t\t\t\t<\/div>\n\t\t","protected":false},"excerpt":{"rendered":"<p>Accidentologie Code de la route D\u00e9finitions Autopsies judiciaires L\u00e9gislation actuelle Situation actuelle Notre analyse Soci\u00e9t\u00e9 Homicides routiers Accompagnement des familles Religions<\/p>\n","protected":false},"author":1,"featured_media":0,"parent":0,"menu_order":0,"comment_status":"closed","ping_status":"closed","template":"elementor_theme","meta":{"_uag_custom_page_level_css":"","sfsi_plus_gutenberg_text_before_share":"","sfsi_plus_gutenberg_show_text_before_share":"","sfsi_plus_gutenberg_icon_type":"","sfsi_plus_gutenberg_icon_alignemt":"","sfsi_plus_gutenburg_max_per_row":"","_lmt_disableupdate":"no","_lmt_disable":"no","_monsterinsights_skip_tracking":false,"_monsterinsights_sitenote_active":false,"_monsterinsights_sitenote_note":"","_monsterinsights_sitenote_category":0,"site-sidebar-layout":"right-sidebar","site-content-layout":"","ast-site-content-layout":"default","site-content-style":"default","site-sidebar-style":"default","ast-global-header-display":"","ast-banner-title-visibility":"","ast-main-header-display":"","ast-hfb-above-header-display":"","ast-hfb-below-header-display":"","ast-hfb-mobile-header-display":"","site-post-title":"","ast-breadcrumbs-content":"","ast-featured-img":"","footer-sml-layout":"","ast-disable-related-posts":"","theme-transparent-header-meta":"default","adv-header-id-meta":"","stick-header-meta":"","header-above-stick-meta":"","header-main-stick-meta":"","header-below-stick-meta":"","astra-migrate-meta-layouts":"set","ast-page-background-enabled":"default","ast-page-background-meta":{"desktop":{"background-color":"var(--ast-global-color-4)","background-image":"","background-repeat":"repeat","background-position":"center center","background-size":"auto","background-attachment":"scroll","background-type":"","background-media":"","overlay-type":"","overlay-color":"","overlay-opacity":"","overlay-gradient":""},"tablet":{"background-color":"","background-image":"","background-repeat":"repeat","background-position":"center center","background-size":"auto","background-attachment":"scroll","background-type":"","background-media":"","overlay-type":"","overlay-color":"","overlay-opacity":"","overlay-gradient":""},"mobile":{"background-color":"","background-image":"","background-repeat":"repeat","background-position":"center center","background-size":"auto","background-attachment":"scroll","background-type":"","background-media":"","overlay-type":"","overlay-color":"","overlay-opacity":"","overlay-gradient":""}},"ast-content-background-meta":{"desktop":{"background-color":"var(--ast-global-color-5)","background-image":"","background-repeat":"repeat","background-position":"center center","background-size":"auto","background-attachment":"scroll","background-type":"","background-media":"","overlay-type":"","overlay-color":"","overlay-opacity":"","overlay-gradient":""},"tablet":{"background-color":"var(--ast-global-color-5)","background-image":"","background-repeat":"repeat","background-position":"center center","background-size":"auto","background-attachment":"scroll","background-type":"","background-media":"","overlay-type":"","overlay-color":"","overlay-opacity":"","overlay-gradient":""},"mobile":{"background-color":"var(--ast-global-color-5)","background-image":"","background-repeat":"repeat","background-position":"center center","background-size":"auto","background-attachment":"scroll","background-type":"","background-media":"","overlay-type":"","overlay-color":"","overlay-opacity":"","overlay-gradient":""}},"iawp_total_views":11,"footnotes":""},"categories":[],"tags":[],"class_list":["post-200","page","type-page","status-publish","hentry"],"aioseo_notices":[],"uagb_featured_image_src":{"full":false,"thumbnail":false,"medium":false,"medium_large":false,"large":false,"1536x1536":false,"2048x2048":false},"uagb_author_info":{"display_name":"Michel BOUDRY","author_link":"https:\/\/lioneletlesautresvictimesdelaroute.fr\/justice\/author\/wmliojustbdy208\/"},"uagb_comment_info":0,"uagb_excerpt":"Accidentologie Code de la route D\u00e9finitions Autopsies judiciaires L\u00e9gislation actuelle Situation actuelle Notre analyse Soci\u00e9t\u00e9 Homicides routiers Accompagnement des familles Religions","rttpg_featured_image_url":null,"rttpg_author":{"display_name":"Michel BOUDRY","author_link":"https:\/\/lioneletlesautresvictimesdelaroute.fr\/justice\/author\/wmliojustbdy208\/"},"rttpg_comment":0,"rttpg_category":false,"rttpg_excerpt":"Accidentologie Code de la route D\u00e9finitions Autopsies judiciaires L\u00e9gislation actuelle Situation actuelle Notre analyse Soci\u00e9t\u00e9 Homicides routiers Accompagnement des familles Religions","_links":{"self":[{"href":"https:\/\/lioneletlesautresvictimesdelaroute.fr\/justice\/wp-json\/wp\/v2\/pages\/200","targetHints":{"allow":["GET"]}}],"collection":[{"href":"https:\/\/lioneletlesautresvictimesdelaroute.fr\/justice\/wp-json\/wp\/v2\/pages"}],"about":[{"href":"https:\/\/lioneletlesautresvictimesdelaroute.fr\/justice\/wp-json\/wp\/v2\/types\/page"}],"author":[{"embeddable":true,"href":"https:\/\/lioneletlesautresvictimesdelaroute.fr\/justice\/wp-json\/wp\/v2\/users\/1"}],"replies":[{"embeddable":true,"href":"https:\/\/lioneletlesautresvictimesdelaroute.fr\/justice\/wp-json\/wp\/v2\/comments?post=200"}],"version-history":[{"count":2,"href":"https:\/\/lioneletlesautresvictimesdelaroute.fr\/justice\/wp-json\/wp\/v2\/pages\/200\/revisions"}],"predecessor-version":[{"id":52760,"href":"https:\/\/lioneletlesautresvictimesdelaroute.fr\/justice\/wp-json\/wp\/v2\/pages\/200\/revisions\/52760"}],"wp:attachment":[{"href":"https:\/\/lioneletlesautresvictimesdelaroute.fr\/justice\/wp-json\/wp\/v2\/media?parent=200"}],"wp:term":[{"taxonomy":"category","embeddable":true,"href":"https:\/\/lioneletlesautresvictimesdelaroute.fr\/justice\/wp-json\/wp\/v2\/categories?post=200"},{"taxonomy":"post_tag","embeddable":true,"href":"https:\/\/lioneletlesautresvictimesdelaroute.fr\/justice\/wp-json\/wp\/v2\/tags?post=200"}],"curies":[{"name":"wp","href":"https:\/\/api.w.org\/{rel}","templated":true}]}}