{"id":314,"date":"2024-09-19T18:31:08","date_gmt":"2024-09-19T16:31:08","guid":{"rendered":"https:\/\/lioneletlesautresvictimesdelaroute.fr\/justice\/?page_id=314"},"modified":"2025-07-22T09:52:35","modified_gmt":"2025-07-22T07:52:35","slug":"mon-avis","status":"publish","type":"page","link":"https:\/\/lioneletlesautresvictimesdelaroute.fr\/justice\/etat-des-lieux\/definitions\/mon-avis\/","title":{"rendered":"Mon avis"},"content":{"rendered":"\t\t<div data-elementor-type=\"wp-page\" data-elementor-id=\"314\" class=\"elementor elementor-314\" data-elementor-settings=\"{&quot;ha_cmc_init_switcher&quot;:&quot;no&quot;}\">\n\t\t\t\t<div class=\"elementor-element elementor-element-9d0eeb6 e-con-full e-flex wpr-particle-no wpr-jarallax-no wpr-parallax-no wpr-sticky-section-no wpr-equal-height-no e-con e-parent\" data-id=\"9d0eeb6\" data-element_type=\"container\" data-e-type=\"container\" data-settings=\"{&quot;_ha_eqh_enable&quot;:false}\">\n\t\t\t\t<div class=\"elementor-element elementor-element-22f972b elementor-widget elementor-widget-text-editor\" data-id=\"22f972b\" data-element_type=\"widget\" data-e-type=\"widget\" data-widget_type=\"text-editor.default\">\n\t\t\t\t<div class=\"elementor-widget-container\">\n\t\t\t\t\t\t\t\t\t<p>La justice ! On est tous concern\u00e9s\u00a0; mais comment faire pour la comprendre\u00a0?<\/p><p>Pour trouver des r\u00e9ponses dans le labyrinthe judiciaire, avec un jargon \u2026 difficilement compr\u00e9hensible.<\/p><p>Pourtant, nous en attendons tous parler, tous les jours \u00e0 travers toute l\u2019actualit\u00e9, nous sommes tous concern\u00e9s par cela.<\/p><p>Je ne suis ni juge, ni avocat, aucun lien avec les m\u00e9tiers de la justice, juste une simple citoyenne ; qui veut juste comprendre, comment cela fonctionne, les d\u00e9cisions.<\/p><p><br \/>Je ne porte pas de jugement, mais mentionne uniquement l\u2019illogisme et l&rsquo;incompr\u00e9hensible dans notre syst\u00e8me judiciaire.<\/p><p>Des faits dont trop de personnes sont victimes, des situations diff\u00e9rentes, des \u00eatres humains, des familles qui sont oubli\u00e9s de la justice.<\/p><p>La libert\u00e9 d\u2019expression et un droit ne l\u2019oublions pas.<\/p><p>Pour comprendre cela, il faudrait r\u00e9pondre aux questions suivantes\u00a0:<\/p><ul><li>Que signifie ce mot Justice ? son histoire, ses symboles.<\/li><li>Quel en est la signification ?<\/li><li>Comment est-elle appliqu\u00e9e et par qui ?<\/li><li>Qui sont les diff\u00e9rents acteurs de notre monde judiciaire.<\/li><\/ul><p>Afin d\u2019essayer de r\u00e9pondre et de trouver une explication \u00e0 cela, je vais prendre trois th\u00e9matiques.<\/p><ul><li>La violence routi\u00e8re est oui, encore elle\u2026<\/li><li>La violence animale ;<\/li><li>La violence morale, physique pour des personnes qu\u2019elles soient physiques ou psychologiques.<\/li><\/ul><p>Pourquoi ces exemples, ces diff\u00e9rentes violences ?<br \/>La violence routi\u00e8re est mon combat depuis que mon fils Lionel \u00e2g\u00e9 de 17 ans a \u00e9t\u00e9 fauch\u00e9 par un multir\u00e9cidiviste de la route.<\/p><p>La violence animale, pour deux raisons\u00a0: c\u2019\u00e9tait le combat de mon fils Lionel que je souhaite continuer, un sujet d\u2019actualit\u00e9 qui revient r\u00e9guli\u00e8rement faire les titres de notre actualit\u00e9.<\/p><p>La violence entre personnes on y est tous confront\u00e9s, physique ou verbale dans notre vie, notre entourage, notre travail.<\/p>\t\t\t\t\t\t\t\t<\/div>\n\t\t\t\t<\/div>\n\t\t\t\t<\/div>\n\t\t\t\t<\/div>\n\t\t","protected":false},"excerpt":{"rendered":"<p>La justice ! On est tous concern\u00e9s\u00a0; mais comment faire pour la comprendre\u00a0? Pour trouver des r\u00e9ponses dans le labyrinthe judiciaire, avec un jargon \u2026 difficilement compr\u00e9hensible. Pourtant, nous en attendons tous parler, tous les jours \u00e0 travers toute l\u2019actualit\u00e9, nous sommes tous concern\u00e9s par cela. Je ne suis ni juge, ni avocat, aucun lien avec les m\u00e9tiers de la justice, juste une simple citoyenne ; qui veut juste comprendre, comment cela fonctionne, les d\u00e9cisions. Je ne porte pas de jugement, mais mentionne uniquement l\u2019illogisme et l&rsquo;incompr\u00e9hensible dans notre syst\u00e8me judiciaire. Des faits dont trop de personnes sont victimes, des situations diff\u00e9rentes, des \u00eatres humains, des familles qui sont oubli\u00e9s de la justice. La libert\u00e9 d\u2019expression et un droit ne l\u2019oublions pas. Pour comprendre cela, il faudrait r\u00e9pondre aux questions suivantes\u00a0: Que signifie ce mot Justice ? son histoire, ses symboles. Quel en est la signification ? Comment est-elle appliqu\u00e9e et par qui ? Qui sont les diff\u00e9rents acteurs de notre monde judiciaire. Afin d\u2019essayer de r\u00e9pondre et de trouver une explication \u00e0 cela, je vais prendre trois th\u00e9matiques. La violence routi\u00e8re est oui, encore elle\u2026 La violence animale ; La violence morale, physique pour des personnes qu\u2019elles soient physiques ou psychologiques. Pourquoi ces exemples, ces diff\u00e9rentes violences ?La violence routi\u00e8re est mon combat depuis que mon fils Lionel \u00e2g\u00e9 de 17 ans a \u00e9t\u00e9 fauch\u00e9 par un multir\u00e9cidiviste de la route. La violence animale, pour deux raisons\u00a0: c\u2019\u00e9tait le combat de mon fils Lionel que je souhaite continuer, un sujet d\u2019actualit\u00e9 qui revient r\u00e9guli\u00e8rement faire les titres de notre actualit\u00e9. La violence entre personnes on y est tous confront\u00e9s, physique ou verbale dans notre vie, notre entourage, notre travail.<\/p>\n","protected":false},"author":1,"featured_media":0,"parent":46058,"menu_order":0,"comment_status":"closed","ping_status":"closed","template":"","meta":{"_uag_custom_page_level_css":"","sfsi_plus_gutenberg_text_before_share":"","sfsi_plus_gutenberg_show_text_before_share":"","sfsi_plus_gutenberg_icon_type":"","sfsi_plus_gutenberg_icon_alignemt":"","sfsi_plus_gutenburg_max_per_row":"","_lmt_disableupdate":"no","_lmt_disable":"no","_monsterinsights_skip_tracking":false,"_monsterinsights_sitenote_active":false,"_monsterinsights_sitenote_note":"","_monsterinsights_sitenote_category":0,"site-sidebar-layout":"default","site-content-layout":"","ast-site-content-layout":"default","site-content-style":"default","site-sidebar-style":"default","ast-global-header-display":"","ast-banner-title-visibility":"","ast-main-header-display":"","ast-hfb-above-header-display":"","ast-hfb-below-header-display":"","ast-hfb-mobile-header-display":"","site-post-title":"","ast-breadcrumbs-content":"","ast-featured-img":"","footer-sml-layout":"","ast-disable-related-posts":"","theme-transparent-header-meta":"","adv-header-id-meta":"","stick-header-meta":"","header-above-stick-meta":"","header-main-stick-meta":"","header-below-stick-meta":"","astra-migrate-meta-layouts":"default","ast-page-background-enabled":"default","ast-page-background-meta":{"desktop":{"background-color":"var(--ast-global-color-4)","background-image":"","background-repeat":"repeat","background-position":"center center","background-size":"auto","background-attachment":"scroll","background-type":"","background-media":"","overlay-type":"","overlay-color":"","overlay-opacity":"","overlay-gradient":""},"tablet":{"background-color":"","background-image":"","background-repeat":"repeat","background-position":"center center","background-size":"auto","background-attachment":"scroll","background-type":"","background-media":"","overlay-type":"","overlay-color":"","overlay-opacity":"","overlay-gradient":""},"mobile":{"background-color":"","background-image":"","background-repeat":"repeat","background-position":"center center","background-size":"auto","background-attachment":"scroll","background-type":"","background-media":"","overlay-type":"","overlay-color":"","overlay-opacity":"","overlay-gradient":""}},"ast-content-background-meta":{"desktop":{"background-color":"var(--ast-global-color-5)","background-image":"","background-repeat":"repeat","background-position":"center center","background-size":"auto","background-attachment":"scroll","background-type":"","background-media":"","overlay-type":"","overlay-color":"","overlay-opacity":"","overlay-gradient":""},"tablet":{"background-color":"var(--ast-global-color-5)","background-image":"","background-repeat":"repeat","background-position":"center center","background-size":"auto","background-attachment":"scroll","background-type":"","background-media":"","overlay-type":"","overlay-color":"","overlay-opacity":"","overlay-gradient":""},"mobile":{"background-color":"var(--ast-global-color-5)","background-image":"","background-repeat":"repeat","background-position":"center center","background-size":"auto","background-attachment":"scroll","background-type":"","background-media":"","overlay-type":"","overlay-color":"","overlay-opacity":"","overlay-gradient":""}},"iawp_total_views":0,"footnotes":""},"categories":[],"tags":[],"class_list":["post-314","page","type-page","status-publish","hentry"],"aioseo_notices":[],"uagb_featured_image_src":{"full":false,"thumbnail":false,"medium":false,"medium_large":false,"large":false,"1536x1536":false,"2048x2048":false},"uagb_author_info":{"display_name":"Michel BOUDRY","author_link":"https:\/\/lioneletlesautresvictimesdelaroute.fr\/justice\/author\/wmliojustbdy208\/"},"uagb_comment_info":0,"uagb_excerpt":"La justice ! On est tous concern\u00e9s\u00a0; mais comment faire pour la comprendre\u00a0? Pour trouver des r\u00e9ponses dans le labyrinthe judiciaire, avec un jargon \u2026 difficilement compr\u00e9hensible. Pourtant, nous en attendons tous parler, tous les jours \u00e0 travers toute l\u2019actualit\u00e9, nous sommes tous concern\u00e9s par cela. Je ne suis ni juge, ni avocat, aucun lien\u2026","rttpg_featured_image_url":null,"rttpg_author":{"display_name":"Michel BOUDRY","author_link":"https:\/\/lioneletlesautresvictimesdelaroute.fr\/justice\/author\/wmliojustbdy208\/"},"rttpg_comment":0,"rttpg_category":false,"rttpg_excerpt":"La justice ! On est tous concern\u00e9s\u00a0; mais comment faire pour la comprendre\u00a0? Pour trouver des r\u00e9ponses dans le labyrinthe judiciaire, avec un jargon \u2026 difficilement compr\u00e9hensible. Pourtant, nous en attendons tous parler, tous les jours \u00e0 travers toute l\u2019actualit\u00e9, nous sommes tous concern\u00e9s par cela. Je ne suis ni juge, ni avocat, aucun lien\u2026","_links":{"self":[{"href":"https:\/\/lioneletlesautresvictimesdelaroute.fr\/justice\/wp-json\/wp\/v2\/pages\/314","targetHints":{"allow":["GET"]}}],"collection":[{"href":"https:\/\/lioneletlesautresvictimesdelaroute.fr\/justice\/wp-json\/wp\/v2\/pages"}],"about":[{"href":"https:\/\/lioneletlesautresvictimesdelaroute.fr\/justice\/wp-json\/wp\/v2\/types\/page"}],"author":[{"embeddable":true,"href":"https:\/\/lioneletlesautresvictimesdelaroute.fr\/justice\/wp-json\/wp\/v2\/users\/1"}],"replies":[{"embeddable":true,"href":"https:\/\/lioneletlesautresvictimesdelaroute.fr\/justice\/wp-json\/wp\/v2\/comments?post=314"}],"version-history":[{"count":2,"href":"https:\/\/lioneletlesautresvictimesdelaroute.fr\/justice\/wp-json\/wp\/v2\/pages\/314\/revisions"}],"predecessor-version":[{"id":52918,"href":"https:\/\/lioneletlesautresvictimesdelaroute.fr\/justice\/wp-json\/wp\/v2\/pages\/314\/revisions\/52918"}],"up":[{"embeddable":true,"href":"https:\/\/lioneletlesautresvictimesdelaroute.fr\/justice\/wp-json\/wp\/v2\/pages\/46058"}],"wp:attachment":[{"href":"https:\/\/lioneletlesautresvictimesdelaroute.fr\/justice\/wp-json\/wp\/v2\/media?parent=314"}],"wp:term":[{"taxonomy":"category","embeddable":true,"href":"https:\/\/lioneletlesautresvictimesdelaroute.fr\/justice\/wp-json\/wp\/v2\/categories?post=314"},{"taxonomy":"post_tag","embeddable":true,"href":"https:\/\/lioneletlesautresvictimesdelaroute.fr\/justice\/wp-json\/wp\/v2\/tags?post=314"}],"curies":[{"name":"wp","href":"https:\/\/api.w.org\/{rel}","templated":true}]}}