{"id":42922,"date":"2024-09-20T13:43:37","date_gmt":"2024-09-20T11:43:37","guid":{"rendered":"https:\/\/lioneletlesautresvictimesdelaroute.fr\/justice\/?page_id=42922"},"modified":"2025-07-22T09:29:42","modified_gmt":"2025-07-22T07:29:42","slug":"qui-sommes-nous","status":"publish","type":"page","link":"https:\/\/lioneletlesautresvictimesdelaroute.fr\/justice\/accueil\/qui-sommes-nous\/","title":{"rendered":"Qui sommes-nous ?"},"content":{"rendered":"\t\t<div data-elementor-type=\"wp-page\" data-elementor-id=\"42922\" class=\"elementor elementor-42922\" data-elementor-settings=\"{&quot;ha_cmc_init_switcher&quot;:&quot;no&quot;}\">\n\t\t\t\t<div class=\"elementor-element elementor-element-343f5be e-flex e-con-boxed wpr-particle-no wpr-jarallax-no wpr-parallax-no wpr-sticky-section-no wpr-equal-height-no e-con e-parent\" data-id=\"343f5be\" data-element_type=\"container\" data-e-type=\"container\" data-settings=\"{&quot;_ha_eqh_enable&quot;:false}\">\n\t\t\t\t\t<div class=\"e-con-inner\">\n\t\t\t\t<div class=\"elementor-element elementor-element-a8cea19 elementor-widget elementor-widget-spacer\" data-id=\"a8cea19\" data-element_type=\"widget\" data-e-type=\"widget\" data-widget_type=\"spacer.default\">\n\t\t\t\t<div class=\"elementor-widget-container\">\n\t\t\t\t\t\t\t<div class=\"elementor-spacer\">\n\t\t\t<div class=\"elementor-spacer-inner\"><\/div>\n\t\t<\/div>\n\t\t\t\t\t\t<\/div>\n\t\t\t\t<\/div>\n\t\t\t\t<div class=\"elementor-element elementor-element-18b868e elementor-widget elementor-widget-heading\" data-id=\"18b868e\" data-element_type=\"widget\" data-e-type=\"widget\" data-widget_type=\"heading.default\">\n\t\t\t\t<div class=\"elementor-widget-container\">\n\t\t\t\t\t<h2 class=\"elementor-heading-title elementor-size-default\">Je suis la Maman, de LIONEL qui a \u00e9t\u00e9 tu\u00e9 par un chauffard multir\u00e9cidiviste le 04 ao\u00fbt 2017.<\/h2>\t\t\t\t<\/div>\n\t\t\t\t<\/div>\n\t\t\t\t<div class=\"elementor-element elementor-element-c592718 elementor-widget elementor-widget-image\" data-id=\"c592718\" data-element_type=\"widget\" data-e-type=\"widget\" data-widget_type=\"image.default\">\n\t\t\t\t<div class=\"elementor-widget-container\">\n\t\t\t\t\t\t\t\t\t\t\t\t\t\t\t<img fetchpriority=\"high\" decoding=\"async\" width=\"767\" height=\"1024\" src=\"https:\/\/lioneletlesautresvictimesdelaroute.fr\/justice\/wp-content\/uploads\/2023\/10\/cropped-Lionel-Portrait-Decadre-2-def-767x1024.png\" class=\"attachment-large size-large wp-image-42878\" alt=\"LIONEL Portrait\" srcset=\"https:\/\/lioneletlesautresvictimesdelaroute.fr\/justice\/wp-content\/uploads\/2023\/10\/cropped-Lionel-Portrait-Decadre-2-def-767x1024.png 767w, https:\/\/lioneletlesautresvictimesdelaroute.fr\/justice\/wp-content\/uploads\/2023\/10\/cropped-Lionel-Portrait-Decadre-2-def-225x300.png 225w, https:\/\/lioneletlesautresvictimesdelaroute.fr\/justice\/wp-content\/uploads\/2023\/10\/cropped-Lionel-Portrait-Decadre-2-def-768x1025.png 768w, https:\/\/lioneletlesautresvictimesdelaroute.fr\/justice\/wp-content\/uploads\/2023\/10\/cropped-Lionel-Portrait-Decadre-2-def.png 774w\" sizes=\"(max-width: 767px) 100vw, 767px\" \/>\t\t\t\t\t\t\t\t\t\t\t\t\t\t\t<\/div>\n\t\t\t\t<\/div>\n\t\t\t\t<div class=\"elementor-element elementor-element-86ce6b1 elementor-widget elementor-widget-text-editor\" data-id=\"86ce6b1\" data-element_type=\"widget\" data-e-type=\"widget\" data-widget_type=\"text-editor.default\">\n\t\t\t\t<div class=\"elementor-widget-container\">\n\t\t\t\t\t\t\t\t\t<p>Ce site \u00ab\u00a0<strong>LIONEL JUSTICE<\/strong>\u00a0\u00bb fait suite au\u00a0 site\u00a0 \u00ab\u00a0<a href=\"https:\/\/lioneletlesautresvictimesdelaroute.fr\"><strong>LIONEL ET LES AUTRES VICTIMES DE LA ROUTE<\/strong><\/a>\u00a0\u00bb : https:\/\/lioneletlesautresvictimesdelaroute.fr<\/p><p>POURQUOI CE SITE ?<\/p><p>Mettre en avant et d\u00e9noncer les ERREURS de la Justice, ses agissements au cours de la proc\u00e9dure judiciaire pour le d\u00e9c\u00e8s de LIONEL.<\/p><p>J\u2019ai appris, bien des choses, apr\u00e8s que mon avocate m\u2019ait remis un CD -ROM avec le dossier judiciaire complet de mon fils, mon avocate cherchant \u00e0 me tranquilliser.<\/p><p>Je savais que mon fils LIONEL avait subi une autopsie, l\u2019h\u00f4pital et les autorit\u00e9s judiciaires m&rsquo;ayant inform\u00e9 de cette autopsie judiciaire.<\/p><p>Mais ce que j&rsquo;ai d\u00e9couvert sur le CD-ROM (que mon avocat m\u2019a remis en faisant une FAUTE PROFESSIONNELLE) , c\u2019est le rapport de cet acte post-mortem : l&rsquo;autopsie de LIONEL.<\/p><p>En lisant le dossier, on a constat\u00e9, nous la famille de LIONELl ! Que l\u2019on a pr\u00e9lev\u00e9 des organes entiers de mon fils, dans le but, pour le juge d&rsquo;instruction en charge du dossier, de trouver un indice pour innocenter le chauffard responsable, multir\u00e9cidiviste.<\/p><p>Les organes pr\u00e9lev\u00e9s sont plac\u00e9s dans des r\u00e9cipients et\u00a0 ont \u00e9t\u00e9 ensuite br\u00fbles dans un cr\u00e9matorium. Les cendres jet\u00e9es.<\/p><p>Et tout cela sans informer la famille et en n&rsquo;appliquant pas pas les textes du Code P\u00e9nal et du Code Civil pour ce qui est du respect du corps humain.<\/p>\t\t\t\t\t\t\t\t<\/div>\n\t\t\t\t<\/div>\n\t\t\t\t<div class=\"elementor-element elementor-element-1a2d9b8 elementor-widget elementor-widget-image\" data-id=\"1a2d9b8\" data-element_type=\"widget\" data-e-type=\"widget\" data-widget_type=\"image.default\">\n\t\t\t\t<div class=\"elementor-widget-container\">\n\t\t\t\t\t\t\t\t\t\t\t\t\t\t\t<img decoding=\"async\" width=\"1024\" height=\"682\" src=\"https:\/\/lioneletlesautresvictimesdelaroute.fr\/justice\/wp-content\/uploads\/2024\/09\/legal-1143114_1280-1024x682.jpg\" class=\"attachment-large size-large wp-image-43316\" alt=\"Ill\u00e9gal L\u00e9gal Etiquettes\" srcset=\"https:\/\/lioneletlesautresvictimesdelaroute.fr\/justice\/wp-content\/uploads\/2024\/09\/legal-1143114_1280-1024x682.jpg 1024w, https:\/\/lioneletlesautresvictimesdelaroute.fr\/justice\/wp-content\/uploads\/2024\/09\/legal-1143114_1280-300x200.jpg 300w, https:\/\/lioneletlesautresvictimesdelaroute.fr\/justice\/wp-content\/uploads\/2024\/09\/legal-1143114_1280-768x512.jpg 768w, https:\/\/lioneletlesautresvictimesdelaroute.fr\/justice\/wp-content\/uploads\/2024\/09\/legal-1143114_1280.jpg 1280w\" sizes=\"(max-width: 1024px) 100vw, 1024px\" \/>\t\t\t\t\t\t\t\t\t\t\t\t\t\t\t<\/div>\n\t\t\t\t<\/div>\n\t\t\t\t\t<\/div>\n\t\t\t\t<\/div>\n\t\t\t\t<\/div>\n\t\t","protected":false},"excerpt":{"rendered":"<p>Je suis la Maman, de LIONEL qui a \u00e9t\u00e9 tu\u00e9 par un chauffard multir\u00e9cidiviste le 04 ao\u00fbt 2017. Ce site \u00ab\u00a0LIONEL JUSTICE\u00a0\u00bb fait suite au\u00a0 site\u00a0 \u00ab\u00a0LIONEL ET LES AUTRES VICTIMES DE LA ROUTE\u00a0\u00bb : https:\/\/lioneletlesautresvictimesdelaroute.fr POURQUOI CE SITE ? Mettre en avant et d\u00e9noncer les ERREURS de la Justice, ses agissements au cours de la proc\u00e9dure judiciaire pour le d\u00e9c\u00e8s de LIONEL. J\u2019ai appris, bien des choses, apr\u00e8s que mon avocate m\u2019ait remis un CD -ROM avec le dossier judiciaire complet de mon fils, mon avocate cherchant \u00e0 me tranquilliser. Je savais que mon fils LIONEL avait subi une autopsie, l\u2019h\u00f4pital et les autorit\u00e9s judiciaires m&rsquo;ayant inform\u00e9 de cette autopsie judiciaire. Mais ce que j&rsquo;ai d\u00e9couvert sur le CD-ROM (que mon avocat m\u2019a remis en faisant une FAUTE PROFESSIONNELLE) , c\u2019est le rapport de cet acte post-mortem : l&rsquo;autopsie de LIONEL. En lisant le dossier, on a constat\u00e9, nous la famille de LIONELl ! Que l\u2019on a pr\u00e9lev\u00e9 des organes entiers de mon fils, dans le but, pour le juge d&rsquo;instruction en charge du dossier, de trouver un indice pour innocenter le chauffard responsable, multir\u00e9cidiviste. Les organes pr\u00e9lev\u00e9s sont plac\u00e9s dans des r\u00e9cipients et\u00a0 ont \u00e9t\u00e9 ensuite br\u00fbles dans un cr\u00e9matorium. Les cendres jet\u00e9es. Et tout cela sans informer la famille et en n&rsquo;appliquant pas pas les textes du Code P\u00e9nal et du Code Civil pour ce qui est du respect du corps humain.<\/p>\n","protected":false},"author":1,"featured_media":0,"parent":43196,"menu_order":1,"comment_status":"closed","ping_status":"closed","template":"elementor_theme","meta":{"_uag_custom_page_level_css":"","sfsi_plus_gutenberg_text_before_share":"","sfsi_plus_gutenberg_show_text_before_share":"","sfsi_plus_gutenberg_icon_type":"","sfsi_plus_gutenberg_icon_alignemt":"","sfsi_plus_gutenburg_max_per_row":"","_lmt_disableupdate":"no","_lmt_disable":"no","_monsterinsights_skip_tracking":false,"_monsterinsights_sitenote_active":false,"_monsterinsights_sitenote_note":"","_monsterinsights_sitenote_category":0,"site-sidebar-layout":"right-sidebar","site-content-layout":"","ast-site-content-layout":"default","site-content-style":"default","site-sidebar-style":"default","ast-global-header-display":"","ast-banner-title-visibility":"","ast-main-header-display":"","ast-hfb-above-header-display":"","ast-hfb-below-header-display":"","ast-hfb-mobile-header-display":"","site-post-title":"","ast-breadcrumbs-content":"","ast-featured-img":"","footer-sml-layout":"","ast-disable-related-posts":"","theme-transparent-header-meta":"default","adv-header-id-meta":"","stick-header-meta":"","header-above-stick-meta":"","header-main-stick-meta":"","header-below-stick-meta":"","astra-migrate-meta-layouts":"set","ast-page-background-enabled":"default","ast-page-background-meta":{"desktop":{"background-color":"var(--ast-global-color-4)","background-image":"","background-repeat":"repeat","background-position":"center center","background-size":"auto","background-attachment":"scroll","background-type":"","background-media":"","overlay-type":"","overlay-color":"","overlay-opacity":"","overlay-gradient":""},"tablet":{"background-color":"","background-image":"","background-repeat":"repeat","background-position":"center center","background-size":"auto","background-attachment":"scroll","background-type":"","background-media":"","overlay-type":"","overlay-color":"","overlay-opacity":"","overlay-gradient":""},"mobile":{"background-color":"","background-image":"","background-repeat":"repeat","background-position":"center center","background-size":"auto","background-attachment":"scroll","background-type":"","background-media":"","overlay-type":"","overlay-color":"","overlay-opacity":"","overlay-gradient":""}},"ast-content-background-meta":{"desktop":{"background-color":"var(--ast-global-color-5)","background-image":"","background-repeat":"repeat","background-position":"center center","background-size":"auto","background-attachment":"scroll","background-type":"","background-media":"","overlay-type":"","overlay-color":"","overlay-opacity":"","overlay-gradient":""},"tablet":{"background-color":"var(--ast-global-color-5)","background-image":"","background-repeat":"repeat","background-position":"center center","background-size":"auto","background-attachment":"scroll","background-type":"","background-media":"","overlay-type":"","overlay-color":"","overlay-opacity":"","overlay-gradient":""},"mobile":{"background-color":"var(--ast-global-color-5)","background-image":"","background-repeat":"repeat","background-position":"center center","background-size":"auto","background-attachment":"scroll","background-type":"","background-media":"","overlay-type":"","overlay-color":"","overlay-opacity":"","overlay-gradient":""}},"iawp_total_views":21,"footnotes":""},"categories":[],"tags":[],"class_list":["post-42922","page","type-page","status-publish","hentry"],"aioseo_notices":[],"uagb_featured_image_src":{"full":false,"thumbnail":false,"medium":false,"medium_large":false,"large":false,"1536x1536":false,"2048x2048":false},"uagb_author_info":{"display_name":"Michel BOUDRY","author_link":"https:\/\/lioneletlesautresvictimesdelaroute.fr\/justice\/author\/wmliojustbdy208\/"},"uagb_comment_info":0,"uagb_excerpt":"Je suis la Maman, de LIONEL qui a \u00e9t\u00e9 tu\u00e9 par un chauffard multir\u00e9cidiviste le 04 ao\u00fbt 2017. Ce site \u00ab\u00a0LIONEL JUSTICE\u00a0\u00bb fait suite au\u00a0 site\u00a0 \u00ab\u00a0LIONEL ET LES AUTRES VICTIMES DE LA ROUTE\u00a0\u00bb : https:\/\/lioneletlesautresvictimesdelaroute.fr POURQUOI CE SITE ? Mettre en avant et d\u00e9noncer les ERREURS de la Justice, ses agissements au cours de\u2026","rttpg_featured_image_url":null,"rttpg_author":{"display_name":"Michel BOUDRY","author_link":"https:\/\/lioneletlesautresvictimesdelaroute.fr\/justice\/author\/wmliojustbdy208\/"},"rttpg_comment":0,"rttpg_category":false,"rttpg_excerpt":"Je suis la Maman, de LIONEL qui a \u00e9t\u00e9 tu\u00e9 par un chauffard multir\u00e9cidiviste le 04 ao\u00fbt 2017. Ce site \u00ab\u00a0LIONEL JUSTICE\u00a0\u00bb fait suite au\u00a0 site\u00a0 \u00ab\u00a0LIONEL ET LES AUTRES VICTIMES DE LA ROUTE\u00a0\u00bb : https:\/\/lioneletlesautresvictimesdelaroute.fr POURQUOI CE SITE ? Mettre en avant et d\u00e9noncer les ERREURS de la Justice, ses agissements au cours de\u2026","_links":{"self":[{"href":"https:\/\/lioneletlesautresvictimesdelaroute.fr\/justice\/wp-json\/wp\/v2\/pages\/42922","targetHints":{"allow":["GET"]}}],"collection":[{"href":"https:\/\/lioneletlesautresvictimesdelaroute.fr\/justice\/wp-json\/wp\/v2\/pages"}],"about":[{"href":"https:\/\/lioneletlesautresvictimesdelaroute.fr\/justice\/wp-json\/wp\/v2\/types\/page"}],"author":[{"embeddable":true,"href":"https:\/\/lioneletlesautresvictimesdelaroute.fr\/justice\/wp-json\/wp\/v2\/users\/1"}],"replies":[{"embeddable":true,"href":"https:\/\/lioneletlesautresvictimesdelaroute.fr\/justice\/wp-json\/wp\/v2\/comments?post=42922"}],"version-history":[{"count":2,"href":"https:\/\/lioneletlesautresvictimesdelaroute.fr\/justice\/wp-json\/wp\/v2\/pages\/42922\/revisions"}],"predecessor-version":[{"id":52868,"href":"https:\/\/lioneletlesautresvictimesdelaroute.fr\/justice\/wp-json\/wp\/v2\/pages\/42922\/revisions\/52868"}],"up":[{"embeddable":true,"href":"https:\/\/lioneletlesautresvictimesdelaroute.fr\/justice\/wp-json\/wp\/v2\/pages\/43196"}],"wp:attachment":[{"href":"https:\/\/lioneletlesautresvictimesdelaroute.fr\/justice\/wp-json\/wp\/v2\/media?parent=42922"}],"wp:term":[{"taxonomy":"category","embeddable":true,"href":"https:\/\/lioneletlesautresvictimesdelaroute.fr\/justice\/wp-json\/wp\/v2\/categories?post=42922"},{"taxonomy":"post_tag","embeddable":true,"href":"https:\/\/lioneletlesautresvictimesdelaroute.fr\/justice\/wp-json\/wp\/v2\/tags?post=42922"}],"curies":[{"name":"wp","href":"https:\/\/api.w.org\/{rel}","templated":true}]}}