{"id":43,"date":"2024-09-17T15:11:30","date_gmt":"2024-09-17T13:11:30","guid":{"rendered":"https:\/\/lioneletlesautresvictimesdelaroute.fr\/justice\/?page_id=43"},"modified":"2025-07-22T10:19:34","modified_gmt":"2025-07-22T08:19:34","slug":"homicides-routiers","status":"publish","type":"page","link":"https:\/\/lioneletlesautresvictimesdelaroute.fr\/justice\/homicides-routiers\/","title":{"rendered":"Homicides Routiers"},"content":{"rendered":"\t\t<div data-elementor-type=\"wp-page\" data-elementor-id=\"43\" class=\"elementor elementor-43\" data-elementor-settings=\"{&quot;ha_cmc_init_switcher&quot;:&quot;no&quot;}\">\n\t\t\t\t<div class=\"elementor-element elementor-element-bae8b68 e-con-full e-flex wpr-particle-no wpr-jarallax-no wpr-parallax-no wpr-sticky-section-no wpr-equal-height-no e-con e-parent\" data-id=\"bae8b68\" data-element_type=\"container\" data-e-type=\"container\" data-settings=\"{&quot;_ha_eqh_enable&quot;:false}\">\n\t\t\t\t<div class=\"elementor-element elementor-element-9771df4 elementor-widget elementor-widget-image\" data-id=\"9771df4\" data-element_type=\"widget\" data-e-type=\"widget\" data-widget_type=\"image.default\">\n\t\t\t\t<div class=\"elementor-widget-container\">\n\t\t\t\t\t\t\t\t\t\t\t\t\t\t\t<img fetchpriority=\"high\" decoding=\"async\" width=\"300\" height=\"193\" src=\"https:\/\/lioneletlesautresvictimesdelaroute.fr\/justice\/wp-content\/uploads\/2024\/10\/law-and-order-6311493_1280-300x193.jpg\" class=\"attachment-medium size-medium wp-image-44364\" alt=\"Marteau Justice Illustration\" srcset=\"https:\/\/lioneletlesautresvictimesdelaroute.fr\/justice\/wp-content\/uploads\/2024\/10\/law-and-order-6311493_1280-300x193.jpg 300w, https:\/\/lioneletlesautresvictimesdelaroute.fr\/justice\/wp-content\/uploads\/2024\/10\/law-and-order-6311493_1280-1024x658.jpg 1024w, https:\/\/lioneletlesautresvictimesdelaroute.fr\/justice\/wp-content\/uploads\/2024\/10\/law-and-order-6311493_1280-768x493.jpg 768w, https:\/\/lioneletlesautresvictimesdelaroute.fr\/justice\/wp-content\/uploads\/2024\/10\/law-and-order-6311493_1280.jpg 1280w\" sizes=\"(max-width: 300px) 100vw, 300px\" \/>\t\t\t\t\t\t\t\t\t\t\t\t\t\t\t<\/div>\n\t\t\t\t<\/div>\n\t\t\t\t<div class=\"elementor-element elementor-element-22bea99 elementor-widget elementor-widget-text-editor\" data-id=\"22bea99\" data-element_type=\"widget\" data-e-type=\"widget\" data-widget_type=\"text-editor.default\">\n\t\t\t\t<div class=\"elementor-widget-container\">\n\t\t\t\t\t\t\t\t\t<p>L\u2019association du Chef \u00e9toil\u00e9 <a href=\"https:\/\/www.associationantoinealleno.fr\/\">Yannick ALLENO\u00a0<\/a>: https:\/\/www.associationantoinealleno.fr\/<br \/>Le chef multi-\u00e9toil\u00e9 milite \u00e9galement pour la cr\u00e9ation d\u2019un d\u00e9lit d\u2019homicide routier, notamment quand le conducteur a consomm\u00e9 de l\u2019alcool ou des stup\u00e9fiants.<br \/>https:\/\/www.vie-publique.fr\/loi\/292845-creation-dun-homicide-routier-securite-routiere-proposition-de-loi<\/p><p><strong>Proposition de loi au S\u00e9nat<\/strong><\/p><p>https:\/\/www.assemblee-nationale.fr\/dyn\/17\/textes\/l17b0157_proposition-loi#<br \/>D\u00e9lib\u00e9r\u00e9 en s\u00e9ance publique, \u00e0 Paris, le 27 mars 2024, par G\u00e9rard LARCHER. <br \/>Mentionner le lien en PDF ci-joint\u00a0: Homicide Routier<\/p><p>https:\/\/www.assemblee-nationale.fr\/dyn\/16\/textes\/l16b1751_proposition-loi#<\/p>\t\t\t\t\t\t\t\t<\/div>\n\t\t\t\t<\/div>\n\t\t\t\t<\/div>\n\t\t\t\t<\/div>\n\t\t","protected":false},"excerpt":{"rendered":"<p>L\u2019association du Chef \u00e9toil\u00e9 Yannick ALLENO\u00a0: https:\/\/www.associationantoinealleno.fr\/Le chef multi-\u00e9toil\u00e9 milite \u00e9galement pour la cr\u00e9ation d\u2019un d\u00e9lit d\u2019homicide routier, notamment quand le conducteur a consomm\u00e9 de l\u2019alcool ou des stup\u00e9fiants.https:\/\/www.vie-publique.fr\/loi\/292845-creation-dun-homicide-routier-securite-routiere-proposition-de-loi Proposition de loi au S\u00e9nat https:\/\/www.assemblee-nationale.fr\/dyn\/17\/textes\/l17b0157_proposition-loi#D\u00e9lib\u00e9r\u00e9 en s\u00e9ance publique, \u00e0 Paris, le 27 mars 2024, par G\u00e9rard LARCHER. Mentionner le lien en PDF ci-joint\u00a0: Homicide Routier https:\/\/www.assemblee-nationale.fr\/dyn\/16\/textes\/l16b1751_proposition-loi#<\/p>\n","protected":false},"author":1,"featured_media":0,"parent":0,"menu_order":5,"comment_status":"closed","ping_status":"closed","template":"elementor_theme","meta":{"_uag_custom_page_level_css":"","sfsi_plus_gutenberg_text_before_share":"","sfsi_plus_gutenberg_show_text_before_share":"","sfsi_plus_gutenberg_icon_type":"","sfsi_plus_gutenberg_icon_alignemt":"","sfsi_plus_gutenburg_max_per_row":"","_lmt_disableupdate":"","_lmt_disable":"","_monsterinsights_skip_tracking":false,"_monsterinsights_sitenote_active":false,"_monsterinsights_sitenote_note":"","_monsterinsights_sitenote_category":0,"site-sidebar-layout":"default","site-content-layout":"","ast-site-content-layout":"default","site-content-style":"default","site-sidebar-style":"default","ast-global-header-display":"","ast-banner-title-visibility":"","ast-main-header-display":"","ast-hfb-above-header-display":"","ast-hfb-below-header-display":"","ast-hfb-mobile-header-display":"","site-post-title":"","ast-breadcrumbs-content":"","ast-featured-img":"","footer-sml-layout":"","ast-disable-related-posts":"","theme-transparent-header-meta":"","adv-header-id-meta":"","stick-header-meta":"","header-above-stick-meta":"","header-main-stick-meta":"","header-below-stick-meta":"","astra-migrate-meta-layouts":"default","ast-page-background-enabled":"default","ast-page-background-meta":{"desktop":{"background-color":"var(--ast-global-color-4)","background-image":"","background-repeat":"repeat","background-position":"center center","background-size":"auto","background-attachment":"scroll","background-type":"","background-media":"","overlay-type":"","overlay-color":"","overlay-opacity":"","overlay-gradient":""},"tablet":{"background-color":"","background-image":"","background-repeat":"repeat","background-position":"center center","background-size":"auto","background-attachment":"scroll","background-type":"","background-media":"","overlay-type":"","overlay-color":"","overlay-opacity":"","overlay-gradient":""},"mobile":{"background-color":"","background-image":"","background-repeat":"repeat","background-position":"center center","background-size":"auto","background-attachment":"scroll","background-type":"","background-media":"","overlay-type":"","overlay-color":"","overlay-opacity":"","overlay-gradient":""}},"ast-content-background-meta":{"desktop":{"background-color":"var(--ast-global-color-5)","background-image":"","background-repeat":"repeat","background-position":"center center","background-size":"auto","background-attachment":"scroll","background-type":"","background-media":"","overlay-type":"","overlay-color":"","overlay-opacity":"","overlay-gradient":""},"tablet":{"background-color":"var(--ast-global-color-5)","background-image":"","background-repeat":"repeat","background-position":"center center","background-size":"auto","background-attachment":"scroll","background-type":"","background-media":"","overlay-type":"","overlay-color":"","overlay-opacity":"","overlay-gradient":""},"mobile":{"background-color":"var(--ast-global-color-5)","background-image":"","background-repeat":"repeat","background-position":"center center","background-size":"auto","background-attachment":"scroll","background-type":"","background-media":"","overlay-type":"","overlay-color":"","overlay-opacity":"","overlay-gradient":""}},"iawp_total_views":0,"footnotes":""},"categories":[],"tags":[],"class_list":["post-43","page","type-page","status-publish","hentry"],"aioseo_notices":[],"uagb_featured_image_src":{"full":false,"thumbnail":false,"medium":false,"medium_large":false,"large":false,"1536x1536":false,"2048x2048":false},"uagb_author_info":{"display_name":"Michel BOUDRY","author_link":"https:\/\/lioneletlesautresvictimesdelaroute.fr\/justice\/author\/wmliojustbdy208\/"},"uagb_comment_info":0,"uagb_excerpt":"L\u2019association du Chef \u00e9toil\u00e9 Yannick ALLENO\u00a0: https:\/\/www.associationantoinealleno.fr\/Le chef multi-\u00e9toil\u00e9 milite \u00e9galement pour la cr\u00e9ation d\u2019un d\u00e9lit d\u2019homicide routier, notamment quand le conducteur a consomm\u00e9 de l\u2019alcool ou des stup\u00e9fiants.https:\/\/www.vie-publique.fr\/loi\/292845-creation-dun-homicide-routier-securite-routiere-proposition-de-loi Proposition de loi au S\u00e9nat https:\/\/www.assemblee-nationale.fr\/dyn\/17\/textes\/l17b0157_proposition-loi#D\u00e9lib\u00e9r\u00e9 en s\u00e9ance publique, \u00e0 Paris, le 27 mars 2024, par G\u00e9rard LARCHER. Mentionner le lien en PDF ci-joint\u00a0: Homicide Routier\u2026","rttpg_featured_image_url":null,"rttpg_author":{"display_name":"Michel BOUDRY","author_link":"https:\/\/lioneletlesautresvictimesdelaroute.fr\/justice\/author\/wmliojustbdy208\/"},"rttpg_comment":0,"rttpg_category":false,"rttpg_excerpt":"L\u2019association du Chef \u00e9toil\u00e9 Yannick ALLENO\u00a0: https:\/\/www.associationantoinealleno.fr\/Le chef multi-\u00e9toil\u00e9 milite \u00e9galement pour la cr\u00e9ation d\u2019un d\u00e9lit d\u2019homicide routier, notamment quand le conducteur a consomm\u00e9 de l\u2019alcool ou des stup\u00e9fiants.https:\/\/www.vie-publique.fr\/loi\/292845-creation-dun-homicide-routier-securite-routiere-proposition-de-loi Proposition de loi au S\u00e9nat https:\/\/www.assemblee-nationale.fr\/dyn\/17\/textes\/l17b0157_proposition-loi#D\u00e9lib\u00e9r\u00e9 en s\u00e9ance publique, \u00e0 Paris, le 27 mars 2024, par G\u00e9rard LARCHER. Mentionner le lien en PDF ci-joint\u00a0: Homicide Routier\u2026","_links":{"self":[{"href":"https:\/\/lioneletlesautresvictimesdelaroute.fr\/justice\/wp-json\/wp\/v2\/pages\/43","targetHints":{"allow":["GET"]}}],"collection":[{"href":"https:\/\/lioneletlesautresvictimesdelaroute.fr\/justice\/wp-json\/wp\/v2\/pages"}],"about":[{"href":"https:\/\/lioneletlesautresvictimesdelaroute.fr\/justice\/wp-json\/wp\/v2\/types\/page"}],"author":[{"embeddable":true,"href":"https:\/\/lioneletlesautresvictimesdelaroute.fr\/justice\/wp-json\/wp\/v2\/users\/1"}],"replies":[{"embeddable":true,"href":"https:\/\/lioneletlesautresvictimesdelaroute.fr\/justice\/wp-json\/wp\/v2\/comments?post=43"}],"version-history":[{"count":2,"href":"https:\/\/lioneletlesautresvictimesdelaroute.fr\/justice\/wp-json\/wp\/v2\/pages\/43\/revisions"}],"predecessor-version":[{"id":52987,"href":"https:\/\/lioneletlesautresvictimesdelaroute.fr\/justice\/wp-json\/wp\/v2\/pages\/43\/revisions\/52987"}],"wp:attachment":[{"href":"https:\/\/lioneletlesautresvictimesdelaroute.fr\/justice\/wp-json\/wp\/v2\/media?parent=43"}],"wp:term":[{"taxonomy":"category","embeddable":true,"href":"https:\/\/lioneletlesautresvictimesdelaroute.fr\/justice\/wp-json\/wp\/v2\/categories?post=43"},{"taxonomy":"post_tag","embeddable":true,"href":"https:\/\/lioneletlesautresvictimesdelaroute.fr\/justice\/wp-json\/wp\/v2\/tags?post=43"}],"curies":[{"name":"wp","href":"https:\/\/api.w.org\/{rel}","templated":true}]}}