{"id":43204,"date":"2024-09-20T21:11:06","date_gmt":"2024-09-20T19:11:06","guid":{"rendered":"https:\/\/lioneletlesautresvictimesdelaroute.fr\/justice\/?page_id=43204"},"modified":"2025-07-22T10:00:45","modified_gmt":"2025-07-22T08:00:45","slug":"pr-laurent-boismenu-medecin-legiste-montpellier","status":"publish","type":"page","link":"https:\/\/lioneletlesautresvictimesdelaroute.fr\/justice\/pr-laurent-boismenu-medecin-legiste-montpellier\/","title":{"rendered":"Pr Laurent BOISMENU M\u00e9decin l\u00e9giste MONTPELLIER"},"content":{"rendered":"\t\t<div data-elementor-type=\"wp-page\" data-elementor-id=\"43204\" class=\"elementor elementor-43204\" data-elementor-settings=\"{&quot;ha_cmc_init_switcher&quot;:&quot;no&quot;}\">\n\t\t\t\t<div class=\"elementor-element elementor-element-74fa050 e-con-full e-flex wpr-particle-no wpr-jarallax-no wpr-parallax-no wpr-sticky-section-no wpr-equal-height-no e-con e-parent\" data-id=\"74fa050\" data-element_type=\"container\" data-e-type=\"container\" data-settings=\"{&quot;_ha_eqh_enable&quot;:false}\">\n\t\t\t\t<div class=\"elementor-element elementor-element-586c62b elementor-widget elementor-widget-heading\" data-id=\"586c62b\" data-element_type=\"widget\" data-e-type=\"widget\" data-widget_type=\"heading.default\">\n\t\t\t\t<div class=\"elementor-widget-container\">\n\t\t\t\t\t<h2 class=\"elementor-heading-title elementor-size-default\"><a href=\"http:\/\/IML\">Dr Laurent BOISMENU<br>MONTPELLIER 20\/09\/2020<br>Decision de destruction des pr\u00e9l\u00e8vements r\u00e9alis\u00e9s en autopsie<\/a><\/h2>\t\t\t\t<\/div>\n\t\t\t\t<\/div>\n\t\t\t\t<div class=\"elementor-element elementor-element-7189f9f elementor-align-center elementor-widget elementor-widget-embedpres_document\" data-id=\"7189f9f\" data-element_type=\"widget\" data-e-type=\"widget\" data-widget_type=\"embedpres_document.default\">\n\t\t\t\t<div class=\"elementor-widget-container\">\n\t\t\t\t\t\n        <div class=\"embedpress-document-embed ep-doc-4e1c2bfe3d8f4859b67088e010ece273 ose-document \" style=\"width: 600px; height: 900px; max-width:100%; display: inline-block\">\n\n                        <div >\n\n                <div id=\"ep-elementor-content-7189f9f\" class=\"ep-elementor-content    ep-content-protection-disabled\">\n                    <div id=\"7189f9f\" class=\"ep-embed-content-wraper\">\n                        <div class=\"embedpress-embed-document-pdf embedpress-pdf-7189f9f\" data-emid=\"embedpress-pdf-7189f9f\" data-embedpress-content=\"5a8b14431940ec84d095758e78e442e0\" data-embed-type=\"Document\" data-emsrc=\"https:\/\/lioneletlesautresvictimesdelaroute.fr\/justice\/wp-content\/uploads\/2024\/09\/IML-preuve-que-les-organes-sont-a-IML.pdf\"><iframe title=\"IML preuve que les organes sont a IML\" class=\"embedpress-embed-document-pdf embedpress-pdf-7189f9f\" style=\"width: 600px; height: 900px; max-width:100%; display: inline-block\" src=\"https:\/\/lioneletlesautresvictimesdelaroute.fr\/justice\/wp-admin\/admin-ajax.php?action=get_viewer&#038;file=https%3A%2F%2Flioneletlesautresvictimesdelaroute.fr%2Fjustice%2Fwp-content%2Fuploads%2F2024%2F09%2FIML-preuve-que-les-organes-sont-a-IML.pdf#key=dGhlbWVNb2RlPWRlZmF1bHQmdG9vbGJhcj10cnVlJnBvc2l0aW9uPXRvcCZwcmVzZW50YXRpb249ZmFsc2UmbGF6eUxvYWQ9ZmFsc2UmZG93bmxvYWQ9dHJ1ZSZjb3B5X3RleHQ9dHJ1ZSZhZGRfdGV4dD1mYWxzZSZkcmF3PXRydWUmYWRkX2ltYWdlPWZhbHNlJnBkZl9yb3RhdGlvbj1mYWxzZSZwZGZfZGV0YWlscz1mYWxzZSZ6b29tX2luPXRydWUmem9vbV9vdXQ9dHJ1ZSZmaXRfdmlldz10cnVlJmJvb2ttYXJrPWZhbHNlJnNvdW5kPWZhbHNlJmZsaXBib29rX3Rvb2xiYXJfcG9zaXRpb249Ym90dG9tJnNlbGVjdGlvbl90b29sPTAmc2Nyb2xsaW5nPS0xJnNwcmVhZHM9LTEmaXNfcHJvX2FjdGl2ZT0wJndhdGVybWFya190ZXh0PSZ3YXRlcm1hcmtfZm9udF9zaXplPTQ4JndhdGVybWFya19jb2xvcj0lMjMwMDAwMDAmd2F0ZXJtYXJrX29wYWNpdHk9MTUmd2F0ZXJtYXJrX3N0eWxlPWNlbnRlcg==\" frameborder=\"0\"><\/iframe><\/div>                    <\/div>\n                <\/div>\n                            <\/div>\n        <\/div>\n\n    \t\t\t\t<\/div>\n\t\t\t\t<\/div>\n\t\t\t\t<div class=\"elementor-element elementor-element-c5912f5 elementor-widget elementor-widget-spacer\" data-id=\"c5912f5\" data-element_type=\"widget\" data-e-type=\"widget\" data-widget_type=\"spacer.default\">\n\t\t\t\t<div class=\"elementor-widget-container\">\n\t\t\t\t\t\t\t<div class=\"elementor-spacer\">\n\t\t\t<div class=\"elementor-spacer-inner\"><\/div>\n\t\t<\/div>\n\t\t\t\t\t\t<\/div>\n\t\t\t\t<\/div>\n\t\t\t\t<div class=\"elementor-element elementor-element-4bb5f4d elementor-widget elementor-widget-heading\" data-id=\"4bb5f4d\" data-element_type=\"widget\" data-e-type=\"widget\" data-widget_type=\"heading.default\">\n\t\t\t\t<div class=\"elementor-widget-container\">\n\t\t\t\t\t<h2 class=\"elementor-heading-title elementor-size-default\"><a href=\"http:\/\/IML\">Dr Laurent BOISMENU<br>MONTPELLIER 10\/02\/2021<br>Ordre de destruction des pr\u00e9l\u00e8vements r\u00e9alis\u00e9s en autopsie, re\u00e7u de l'Autorit\u00e9 judiciaire<\/a><\/h2>\t\t\t\t<\/div>\n\t\t\t\t<\/div>\n\t\t\t\t<div class=\"elementor-element elementor-element-ffc7af1 elementor-align-center elementor-widget elementor-widget-embedpres_document\" data-id=\"ffc7af1\" data-element_type=\"widget\" data-e-type=\"widget\" data-widget_type=\"embedpres_document.default\">\n\t\t\t\t<div class=\"elementor-widget-container\">\n\t\t\t\t\t\n        <div class=\"embedpress-document-embed ep-doc-0de48fd2b7ee374496ca81d465c82f88 ose-document \" style=\"width: 600px; height: 900px; max-width:100%; display: inline-block\">\n\n                        <div >\n\n                <div id=\"ep-elementor-content-ffc7af1\" class=\"ep-elementor-content    ep-content-protection-disabled\">\n                    <div id=\"ffc7af1\" class=\"ep-embed-content-wraper\">\n                        <div class=\"embedpress-embed-document-pdf embedpress-pdf-ffc7af1\" data-emid=\"embedpress-pdf-ffc7af1\" data-embedpress-content=\"54af31ebf1fd2366469767ee30ff4dc4\" data-embed-type=\"Document\" data-emsrc=\"https:\/\/lioneletlesautresvictimesdelaroute.fr\/justice\/wp-content\/uploads\/2024\/09\/destruction-des-organes-IML.pdf\"><iframe title=\"destruction des organes IML\" class=\"embedpress-embed-document-pdf embedpress-pdf-ffc7af1\" style=\"width: 600px; height: 900px; max-width:100%; display: inline-block\" src=\"https:\/\/lioneletlesautresvictimesdelaroute.fr\/justice\/wp-admin\/admin-ajax.php?action=get_viewer&#038;file=https%3A%2F%2Flioneletlesautresvictimesdelaroute.fr%2Fjustice%2Fwp-content%2Fuploads%2F2024%2F09%2Fdestruction-des-organes-IML.pdf#key=dGhlbWVNb2RlPWRlZmF1bHQmdG9vbGJhcj10cnVlJnBvc2l0aW9uPXRvcCZwcmVzZW50YXRpb249ZmFsc2UmbGF6eUxvYWQ9ZmFsc2UmZG93bmxvYWQ9dHJ1ZSZjb3B5X3RleHQ9dHJ1ZSZhZGRfdGV4dD1mYWxzZSZkcmF3PXRydWUmYWRkX2ltYWdlPWZhbHNlJnBkZl9yb3RhdGlvbj1mYWxzZSZwZGZfZGV0YWlscz1mYWxzZSZ6b29tX2luPXRydWUmem9vbV9vdXQ9dHJ1ZSZmaXRfdmlldz10cnVlJmJvb2ttYXJrPWZhbHNlJnNvdW5kPWZhbHNlJmZsaXBib29rX3Rvb2xiYXJfcG9zaXRpb249Ym90dG9tJnNlbGVjdGlvbl90b29sPTAmc2Nyb2xsaW5nPS0xJnNwcmVhZHM9LTEmaXNfcHJvX2FjdGl2ZT0wJndhdGVybWFya190ZXh0PSZ3YXRlcm1hcmtfZm9udF9zaXplPTQ4JndhdGVybWFya19jb2xvcj0lMjMwMDAwMDAmd2F0ZXJtYXJrX29wYWNpdHk9MTUmd2F0ZXJtYXJrX3N0eWxlPWNlbnRlcg==\" frameborder=\"0\"><\/iframe><\/div>                    <\/div>\n                <\/div>\n                            <\/div>\n        <\/div>\n\n    \t\t\t\t<\/div>\n\t\t\t\t<\/div>\n\t\t\t\t<\/div>\n\t\t\t\t<\/div>\n\t\t","protected":false},"excerpt":{"rendered":"<p>Dr Laurent BOISMENUMONTPELLIER 20\/09\/2020Decision de destruction des pr\u00e9l\u00e8vements r\u00e9alis\u00e9s en autopsie Dr Laurent BOISMENUMONTPELLIER 10\/02\/2021Ordre de destruction des pr\u00e9l\u00e8vements r\u00e9alis\u00e9s en autopsie, re\u00e7u de l&rsquo;Autorit\u00e9 judiciaire<\/p>\n","protected":false},"author":1,"featured_media":0,"parent":0,"menu_order":0,"comment_status":"closed","ping_status":"closed","template":"elementor_theme","meta":{"_uag_custom_page_level_css":"","sfsi_plus_gutenberg_text_before_share":"","sfsi_plus_gutenberg_show_text_before_share":"","sfsi_plus_gutenberg_icon_type":"","sfsi_plus_gutenberg_icon_alignemt":"","sfsi_plus_gutenburg_max_per_row":"","_lmt_disableupdate":"","_lmt_disable":"","_monsterinsights_skip_tracking":false,"_monsterinsights_sitenote_active":false,"_monsterinsights_sitenote_note":"","_monsterinsights_sitenote_category":0,"site-sidebar-layout":"default","site-content-layout":"","ast-site-content-layout":"default","site-content-style":"default","site-sidebar-style":"default","ast-global-header-display":"","ast-banner-title-visibility":"","ast-main-header-display":"","ast-hfb-above-header-display":"","ast-hfb-below-header-display":"","ast-hfb-mobile-header-display":"","site-post-title":"","ast-breadcrumbs-content":"","ast-featured-img":"","footer-sml-layout":"","ast-disable-related-posts":"","theme-transparent-header-meta":"","adv-header-id-meta":"","stick-header-meta":"","header-above-stick-meta":"","header-main-stick-meta":"","header-below-stick-meta":"","astra-migrate-meta-layouts":"default","ast-page-background-enabled":"default","ast-page-background-meta":{"desktop":{"background-color":"var(--ast-global-color-4)","background-image":"","background-repeat":"repeat","background-position":"center center","background-size":"auto","background-attachment":"scroll","background-type":"","background-media":"","overlay-type":"","overlay-color":"","overlay-opacity":"","overlay-gradient":""},"tablet":{"background-color":"","background-image":"","background-repeat":"repeat","background-position":"center center","background-size":"auto","background-attachment":"scroll","background-type":"","background-media":"","overlay-type":"","overlay-color":"","overlay-opacity":"","overlay-gradient":""},"mobile":{"background-color":"","background-image":"","background-repeat":"repeat","background-position":"center center","background-size":"auto","background-attachment":"scroll","background-type":"","background-media":"","overlay-type":"","overlay-color":"","overlay-opacity":"","overlay-gradient":""}},"ast-content-background-meta":{"desktop":{"background-color":"var(--ast-global-color-5)","background-image":"","background-repeat":"repeat","background-position":"center center","background-size":"auto","background-attachment":"scroll","background-type":"","background-media":"","overlay-type":"","overlay-color":"","overlay-opacity":"","overlay-gradient":""},"tablet":{"background-color":"var(--ast-global-color-5)","background-image":"","background-repeat":"repeat","background-position":"center center","background-size":"auto","background-attachment":"scroll","background-type":"","background-media":"","overlay-type":"","overlay-color":"","overlay-opacity":"","overlay-gradient":""},"mobile":{"background-color":"var(--ast-global-color-5)","background-image":"","background-repeat":"repeat","background-position":"center center","background-size":"auto","background-attachment":"scroll","background-type":"","background-media":"","overlay-type":"","overlay-color":"","overlay-opacity":"","overlay-gradient":""}},"iawp_total_views":0,"footnotes":""},"categories":[],"tags":[],"class_list":["post-43204","page","type-page","status-publish","hentry"],"aioseo_notices":[],"uagb_featured_image_src":{"full":false,"thumbnail":false,"medium":false,"medium_large":false,"large":false,"1536x1536":false,"2048x2048":false},"uagb_author_info":{"display_name":"Michel BOUDRY","author_link":"https:\/\/lioneletlesautresvictimesdelaroute.fr\/justice\/author\/wmliojustbdy208\/"},"uagb_comment_info":0,"uagb_excerpt":"Dr Laurent BOISMENUMONTPELLIER 20\/09\/2020Decision de destruction des pr\u00e9l\u00e8vements r\u00e9alis\u00e9s en autopsie Dr Laurent BOISMENUMONTPELLIER 10\/02\/2021Ordre de destruction des pr\u00e9l\u00e8vements r\u00e9alis\u00e9s en autopsie, re\u00e7u de l&rsquo;Autorit\u00e9 judiciaire","rttpg_featured_image_url":null,"rttpg_author":{"display_name":"Michel BOUDRY","author_link":"https:\/\/lioneletlesautresvictimesdelaroute.fr\/justice\/author\/wmliojustbdy208\/"},"rttpg_comment":0,"rttpg_category":false,"rttpg_excerpt":"Dr Laurent BOISMENUMONTPELLIER 20\/09\/2020Decision de destruction des pr\u00e9l\u00e8vements r\u00e9alis\u00e9s en autopsie Dr Laurent BOISMENUMONTPELLIER 10\/02\/2021Ordre de destruction des pr\u00e9l\u00e8vements r\u00e9alis\u00e9s en autopsie, re\u00e7u de l&rsquo;Autorit\u00e9 judiciaire","_links":{"self":[{"href":"https:\/\/lioneletlesautresvictimesdelaroute.fr\/justice\/wp-json\/wp\/v2\/pages\/43204","targetHints":{"allow":["GET"]}}],"collection":[{"href":"https:\/\/lioneletlesautresvictimesdelaroute.fr\/justice\/wp-json\/wp\/v2\/pages"}],"about":[{"href":"https:\/\/lioneletlesautresvictimesdelaroute.fr\/justice\/wp-json\/wp\/v2\/types\/page"}],"author":[{"embeddable":true,"href":"https:\/\/lioneletlesautresvictimesdelaroute.fr\/justice\/wp-json\/wp\/v2\/users\/1"}],"replies":[{"embeddable":true,"href":"https:\/\/lioneletlesautresvictimesdelaroute.fr\/justice\/wp-json\/wp\/v2\/comments?post=43204"}],"version-history":[{"count":2,"href":"https:\/\/lioneletlesautresvictimesdelaroute.fr\/justice\/wp-json\/wp\/v2\/pages\/43204\/revisions"}],"predecessor-version":[{"id":52939,"href":"https:\/\/lioneletlesautresvictimesdelaroute.fr\/justice\/wp-json\/wp\/v2\/pages\/43204\/revisions\/52939"}],"wp:attachment":[{"href":"https:\/\/lioneletlesautresvictimesdelaroute.fr\/justice\/wp-json\/wp\/v2\/media?parent=43204"}],"wp:term":[{"taxonomy":"category","embeddable":true,"href":"https:\/\/lioneletlesautresvictimesdelaroute.fr\/justice\/wp-json\/wp\/v2\/categories?post=43204"},{"taxonomy":"post_tag","embeddable":true,"href":"https:\/\/lioneletlesautresvictimesdelaroute.fr\/justice\/wp-json\/wp\/v2\/tags?post=43204"}],"curies":[{"name":"wp","href":"https:\/\/api.w.org\/{rel}","templated":true}]}}