{"id":45971,"date":"2024-10-15T13:28:08","date_gmt":"2024-10-15T11:28:08","guid":{"rendered":"https:\/\/lioneletlesautresvictimesdelaroute.fr\/justice\/?page_id=45971"},"modified":"2025-07-22T10:04:14","modified_gmt":"2025-07-22T08:04:14","slug":"le-cas-de-mon-fils-lionel","status":"publish","type":"page","link":"https:\/\/lioneletlesautresvictimesdelaroute.fr\/justice\/etat-des-lieux\/autopsie-judiciaire\/situation-actuelle\/le-cas-lionel\/le-cas-de-mon-fils-lionel\/","title":{"rendered":"Le cas de mon fils LIONEL"},"content":{"rendered":"\t\t<div data-elementor-type=\"wp-page\" data-elementor-id=\"45971\" class=\"elementor elementor-45971\" data-elementor-settings=\"{&quot;ha_cmc_init_switcher&quot;:&quot;no&quot;}\">\n\t\t\t\t<div class=\"elementor-element elementor-element-221ef72 e-con-full e-flex wpr-particle-no wpr-jarallax-no wpr-parallax-no wpr-sticky-section-no wpr-equal-height-no e-con e-parent\" data-id=\"221ef72\" data-element_type=\"container\" data-e-type=\"container\" data-settings=\"{&quot;_ha_eqh_enable&quot;:false}\">\n\t\t\t\t<div class=\"elementor-element elementor-element-62230f2 elementor-widget elementor-widget-image\" data-id=\"62230f2\" data-element_type=\"widget\" data-e-type=\"widget\" data-widget_type=\"image.default\">\n\t\t\t\t<div class=\"elementor-widget-container\">\n\t\t\t\t\t\t\t\t\t\t\t\t\t\t\t<img fetchpriority=\"high\" decoding=\"async\" width=\"300\" height=\"200\" src=\"https:\/\/lioneletlesautresvictimesdelaroute.fr\/justice\/wp-content\/uploads\/2024\/10\/vitre-300x200.jpg\" class=\"attachment-medium size-medium wp-image-44308\" alt=\"Poing ferm\u00e9 traversant vitrage Illustration\" srcset=\"https:\/\/lioneletlesautresvictimesdelaroute.fr\/justice\/wp-content\/uploads\/2024\/10\/vitre-300x200.jpg 300w, https:\/\/lioneletlesautresvictimesdelaroute.fr\/justice\/wp-content\/uploads\/2024\/10\/vitre.jpg 510w\" sizes=\"(max-width: 300px) 100vw, 300px\" \/>\t\t\t\t\t\t\t\t\t\t\t\t\t\t\t<\/div>\n\t\t\t\t<\/div>\n\t\t\t\t<div class=\"elementor-element elementor-element-3ae9a5c elementor-widget elementor-widget-text-editor\" data-id=\"3ae9a5c\" data-element_type=\"widget\" data-e-type=\"widget\" data-widget_type=\"text-editor.default\">\n\t\t\t\t<div class=\"elementor-widget-container\">\n\t\t\t\t\t\t\t\t\t<p>Des erreurs ont \u00e9t\u00e9 commises dans le cadre de son d\u00e9c\u00e8s particuli\u00e8rement lors des autopsies judiciaires.<br \/>L&rsquo;autopsie consiste en un examen m\u00e9dical de personnes d\u00e9c\u00e9d\u00e9es, afin de d\u00e9terminer pr\u00e9cis\u00e9ment les causes de la mort d&rsquo;une victime.<\/p><p>Dans le cadre d\u2019une autopsies cette derni\u00e8re peut \u00eatre ordonn\u00e9e par un membre des autorit\u00e9s judiciaires.<br \/>Lors de cet acte post mortem des lois et r\u00e9glementation n\u2019ont pas \u00e9taient respect\u00e9es.<\/p><p><span style=\"color: #ff0000;\">Moi la maman de Lionel accuse la justice de cacher la v\u00e9rit\u00e9 aux familles de victimes.<\/span><\/p><p>Les organes ont \u00e9t\u00e9 pr\u00e9lev\u00e9 \u00e0 ILM (Institut M\u00e9dicaux L\u00e9gal) sur ordre des autorit\u00e9s judiciaires, ensuite plac\u00e9s dans des r\u00e9cipients jusqu\u2019au proc\u00e8s et enfin d\u00e9truit dans un cr\u00e9matorium et les cendres jetaient.<\/p><p>Faute des \u00ab\u00a0Autorit\u00e9s Judiciaires\u00a0\u00bb<\/p><p>Article du Code P\u00e9nal <a href=\"https:\/\/www.legifrance.gouv.fr\/codes\/article_lc\/LEGIARTI000024029058\/2011-05-19\">230-28<\/a> qui mentionne\u00a0: <br \/>\u00ab\u00a0Une autopsie judiciaire peut \u00eatre ordonn\u00e9e dans le cadre d&rsquo;une enqu\u00eate judiciaire en application des articles <a href=\"https:\/\/www.legifrance.gouv.fr\/codes\/article_lc\/LEGIARTI000047052981\">60<\/a>, <a href=\"https:\/\/www.legifrance.gouv.fr\/codes\/article_lc\/LEGIARTI000047053288\">74<\/a> et <a href=\"https:\/\/www.legifrance.gouv.fr\/codes\/article_lc\/LEGIARTI000047052930\">77-1<\/a> ou d&rsquo;une information judiciaire en application des articles<a href=\"https:\/\/www.legifrance.gouv.fr\/codes\/article_lc\/LEGIARTI000006575748\"> 156<\/a> et suivants. <br \/>Elle ne peut \u00eatre r\u00e9alis\u00e9e que par un praticien titulaire d&rsquo;un dipl\u00f4me attestant de sa formation en m\u00e9decine l\u00e9gale ou d&rsquo;un titre justifiant de son exp\u00e9rience en m\u00e9decine l\u00e9gale. <br \/>Au cours d&rsquo;une autopsie judiciaire, le praticien d\u00e9sign\u00e9 \u00e0 cette fin proc\u00e8de aux pr\u00e9l\u00e8vements biologiques qui sont n\u00e9cessaires aux besoins de l&rsquo;enqu\u00eate ou de l&rsquo;information judiciaire. <br \/>Sous r\u00e9serve des n\u00e9cessit\u00e9s de l&rsquo;enqu\u00eate ou de l&rsquo;information judiciaire, le conjoint, le concubin, le partenaire li\u00e9 par un pacte civil de solidarit\u00e9, les ascendants ou les descendants en ligne directe du d\u00e9funt sont inform\u00e9s dans les meilleurs d\u00e9lais de ce qu&rsquo;une autopsie a \u00e9t\u00e9 ordonn\u00e9e et que des pr\u00e9l\u00e8vements biologiques ont \u00e9t\u00e9 effectu\u00e9s.\u00a0\u00bb<\/p><p><span style=\"color: #ff0000;\">Aucun membre de la famille n\u2019a \u00e9t\u00e9 inform\u00e9, cela n\u2019est pas un cas isol\u00e9. De nombreuses familles ignorent cette barbarie. Vous trouverez des exemples dans la page Autre Cas<\/span><\/p><p>Article Code Public <a href=\"https:\/\/www.legifrance.gouv.fr\/codes\/article_lc\/LEGIARTI000019983158\">16.1.1<\/a>\u00a0:<br \/>\u00ab\u00a0 Le respect d\u00fb au corps humain ne cesse pas avec la mort.<br \/>Les restes des personnes d\u00e9c\u00e9d\u00e9es, y compris les cendres de celles dont le corps a donn\u00e9 lieu \u00e0 cr\u00e9mation, doivent \u00eatre trait\u00e9s avec respect, dignit\u00e9 et d\u00e9cence.\u00a0\u00bb<\/p><p><span style=\"color: #ff0000;\">Les cendres de mon fils comme pour des familles ont \u00e9t\u00e9 jet\u00e9 \u00e0 la poubelle et consid\u00e9r\u00e9 comme d\u00e9chets anatomique.<\/span><\/p>\t\t\t\t\t\t\t\t<\/div>\n\t\t\t\t<\/div>\n\t\t\t\t<\/div>\n\t\t\t\t<\/div>\n\t\t","protected":false},"excerpt":{"rendered":"<p>Des erreurs ont \u00e9t\u00e9 commises dans le cadre de son d\u00e9c\u00e8s particuli\u00e8rement lors des autopsies judiciaires.L&rsquo;autopsie consiste en un examen m\u00e9dical de personnes d\u00e9c\u00e9d\u00e9es, afin de d\u00e9terminer pr\u00e9cis\u00e9ment les causes de la mort d&rsquo;une victime. Dans le cadre d\u2019une autopsies cette derni\u00e8re peut \u00eatre ordonn\u00e9e par un membre des autorit\u00e9s judiciaires.Lors de cet acte post mortem des lois et r\u00e9glementation n\u2019ont pas \u00e9taient respect\u00e9es. Moi la maman de Lionel accuse la justice de cacher la v\u00e9rit\u00e9 aux familles de victimes. Les organes ont \u00e9t\u00e9 pr\u00e9lev\u00e9 \u00e0 ILM (Institut M\u00e9dicaux L\u00e9gal) sur ordre des autorit\u00e9s judiciaires, ensuite plac\u00e9s dans des r\u00e9cipients jusqu\u2019au proc\u00e8s et enfin d\u00e9truit dans un cr\u00e9matorium et les cendres jetaient. Faute des \u00ab\u00a0Autorit\u00e9s Judiciaires\u00a0\u00bb Article du Code P\u00e9nal 230-28 qui mentionne\u00a0: \u00ab\u00a0Une autopsie judiciaire peut \u00eatre ordonn\u00e9e dans le cadre d&rsquo;une enqu\u00eate judiciaire en application des articles 60, 74 et 77-1 ou d&rsquo;une information judiciaire en application des articles 156 et suivants. Elle ne peut \u00eatre r\u00e9alis\u00e9e que par un praticien titulaire d&rsquo;un dipl\u00f4me attestant de sa formation en m\u00e9decine l\u00e9gale ou d&rsquo;un titre justifiant de son exp\u00e9rience en m\u00e9decine l\u00e9gale. Au cours d&rsquo;une autopsie judiciaire, le praticien d\u00e9sign\u00e9 \u00e0 cette fin proc\u00e8de aux pr\u00e9l\u00e8vements biologiques qui sont n\u00e9cessaires aux besoins de l&rsquo;enqu\u00eate ou de l&rsquo;information judiciaire. Sous r\u00e9serve des n\u00e9cessit\u00e9s de l&rsquo;enqu\u00eate ou de l&rsquo;information judiciaire, le conjoint, le concubin, le partenaire li\u00e9 par un pacte civil de solidarit\u00e9, les ascendants ou les descendants en ligne directe du d\u00e9funt sont inform\u00e9s dans les meilleurs d\u00e9lais de ce qu&rsquo;une autopsie a \u00e9t\u00e9 ordonn\u00e9e et que des pr\u00e9l\u00e8vements biologiques ont \u00e9t\u00e9 effectu\u00e9s.\u00a0\u00bb Aucun membre de la famille n\u2019a \u00e9t\u00e9 inform\u00e9, cela n\u2019est pas un cas isol\u00e9. De nombreuses familles ignorent cette barbarie. Vous trouverez des exemples dans la page Autre Cas Article Code Public 16.1.1\u00a0:\u00ab\u00a0 Le respect d\u00fb au corps humain ne cesse pas avec la mort.Les restes des personnes d\u00e9c\u00e9d\u00e9es, y compris les cendres de celles dont le corps a donn\u00e9 lieu \u00e0 cr\u00e9mation, doivent \u00eatre trait\u00e9s avec respect, dignit\u00e9 et d\u00e9cence.\u00a0\u00bb Les cendres de mon fils comme pour des familles ont \u00e9t\u00e9 jet\u00e9 \u00e0 la poubelle et consid\u00e9r\u00e9 comme d\u00e9chets anatomique.<\/p>\n","protected":false},"author":1,"featured_media":0,"parent":63,"menu_order":1,"comment_status":"closed","ping_status":"closed","template":"elementor_theme","meta":{"_uag_custom_page_level_css":"","sfsi_plus_gutenberg_text_before_share":"","sfsi_plus_gutenberg_show_text_before_share":"","sfsi_plus_gutenberg_icon_type":"","sfsi_plus_gutenberg_icon_alignemt":"","sfsi_plus_gutenburg_max_per_row":"","_lmt_disableupdate":"no","_lmt_disable":"","_monsterinsights_skip_tracking":false,"_monsterinsights_sitenote_active":false,"_monsterinsights_sitenote_note":"","_monsterinsights_sitenote_category":0,"site-sidebar-layout":"default","site-content-layout":"","ast-site-content-layout":"default","site-content-style":"default","site-sidebar-style":"default","ast-global-header-display":"","ast-banner-title-visibility":"","ast-main-header-display":"","ast-hfb-above-header-display":"","ast-hfb-below-header-display":"","ast-hfb-mobile-header-display":"","site-post-title":"","ast-breadcrumbs-content":"","ast-featured-img":"","footer-sml-layout":"","ast-disable-related-posts":"","theme-transparent-header-meta":"","adv-header-id-meta":"","stick-header-meta":"","header-above-stick-meta":"","header-main-stick-meta":"","header-below-stick-meta":"","astra-migrate-meta-layouts":"default","ast-page-background-enabled":"default","ast-page-background-meta":{"desktop":{"background-color":"var(--ast-global-color-4)","background-image":"","background-repeat":"repeat","background-position":"center center","background-size":"auto","background-attachment":"scroll","background-type":"","background-media":"","overlay-type":"","overlay-color":"","overlay-opacity":"","overlay-gradient":""},"tablet":{"background-color":"","background-image":"","background-repeat":"repeat","background-position":"center center","background-size":"auto","background-attachment":"scroll","background-type":"","background-media":"","overlay-type":"","overlay-color":"","overlay-opacity":"","overlay-gradient":""},"mobile":{"background-color":"","background-image":"","background-repeat":"repeat","background-position":"center center","background-size":"auto","background-attachment":"scroll","background-type":"","background-media":"","overlay-type":"","overlay-color":"","overlay-opacity":"","overlay-gradient":""}},"ast-content-background-meta":{"desktop":{"background-color":"var(--ast-global-color-5)","background-image":"","background-repeat":"repeat","background-position":"center center","background-size":"auto","background-attachment":"scroll","background-type":"","background-media":"","overlay-type":"","overlay-color":"","overlay-opacity":"","overlay-gradient":""},"tablet":{"background-color":"var(--ast-global-color-5)","background-image":"","background-repeat":"repeat","background-position":"center center","background-size":"auto","background-attachment":"scroll","background-type":"","background-media":"","overlay-type":"","overlay-color":"","overlay-opacity":"","overlay-gradient":""},"mobile":{"background-color":"var(--ast-global-color-5)","background-image":"","background-repeat":"repeat","background-position":"center center","background-size":"auto","background-attachment":"scroll","background-type":"","background-media":"","overlay-type":"","overlay-color":"","overlay-opacity":"","overlay-gradient":""}},"iawp_total_views":0,"footnotes":""},"categories":[],"tags":[],"class_list":["post-45971","page","type-page","status-publish","hentry"],"aioseo_notices":[],"uagb_featured_image_src":{"full":false,"thumbnail":false,"medium":false,"medium_large":false,"large":false,"1536x1536":false,"2048x2048":false},"uagb_author_info":{"display_name":"Michel BOUDRY","author_link":"https:\/\/lioneletlesautresvictimesdelaroute.fr\/justice\/author\/wmliojustbdy208\/"},"uagb_comment_info":0,"uagb_excerpt":"Des erreurs ont \u00e9t\u00e9 commises dans le cadre de son d\u00e9c\u00e8s particuli\u00e8rement lors des autopsies judiciaires.L&rsquo;autopsie consiste en un examen m\u00e9dical de personnes d\u00e9c\u00e9d\u00e9es, afin de d\u00e9terminer pr\u00e9cis\u00e9ment les causes de la mort d&rsquo;une victime. Dans le cadre d\u2019une autopsies cette derni\u00e8re peut \u00eatre ordonn\u00e9e par un membre des autorit\u00e9s judiciaires.Lors de cet acte post\u2026","rttpg_featured_image_url":null,"rttpg_author":{"display_name":"Michel BOUDRY","author_link":"https:\/\/lioneletlesautresvictimesdelaroute.fr\/justice\/author\/wmliojustbdy208\/"},"rttpg_comment":0,"rttpg_category":false,"rttpg_excerpt":"Des erreurs ont \u00e9t\u00e9 commises dans le cadre de son d\u00e9c\u00e8s particuli\u00e8rement lors des autopsies judiciaires.L&rsquo;autopsie consiste en un examen m\u00e9dical de personnes d\u00e9c\u00e9d\u00e9es, afin de d\u00e9terminer pr\u00e9cis\u00e9ment les causes de la mort d&rsquo;une victime. Dans le cadre d\u2019une autopsies cette derni\u00e8re peut \u00eatre ordonn\u00e9e par un membre des autorit\u00e9s judiciaires.Lors de cet acte post\u2026","_links":{"self":[{"href":"https:\/\/lioneletlesautresvictimesdelaroute.fr\/justice\/wp-json\/wp\/v2\/pages\/45971","targetHints":{"allow":["GET"]}}],"collection":[{"href":"https:\/\/lioneletlesautresvictimesdelaroute.fr\/justice\/wp-json\/wp\/v2\/pages"}],"about":[{"href":"https:\/\/lioneletlesautresvictimesdelaroute.fr\/justice\/wp-json\/wp\/v2\/types\/page"}],"author":[{"embeddable":true,"href":"https:\/\/lioneletlesautresvictimesdelaroute.fr\/justice\/wp-json\/wp\/v2\/users\/1"}],"replies":[{"embeddable":true,"href":"https:\/\/lioneletlesautresvictimesdelaroute.fr\/justice\/wp-json\/wp\/v2\/comments?post=45971"}],"version-history":[{"count":2,"href":"https:\/\/lioneletlesautresvictimesdelaroute.fr\/justice\/wp-json\/wp\/v2\/pages\/45971\/revisions"}],"predecessor-version":[{"id":52948,"href":"https:\/\/lioneletlesautresvictimesdelaroute.fr\/justice\/wp-json\/wp\/v2\/pages\/45971\/revisions\/52948"}],"up":[{"embeddable":true,"href":"https:\/\/lioneletlesautresvictimesdelaroute.fr\/justice\/wp-json\/wp\/v2\/pages\/63"}],"wp:attachment":[{"href":"https:\/\/lioneletlesautresvictimesdelaroute.fr\/justice\/wp-json\/wp\/v2\/media?parent=45971"}],"wp:term":[{"taxonomy":"category","embeddable":true,"href":"https:\/\/lioneletlesautresvictimesdelaroute.fr\/justice\/wp-json\/wp\/v2\/categories?post=45971"},{"taxonomy":"post_tag","embeddable":true,"href":"https:\/\/lioneletlesautresvictimesdelaroute.fr\/justice\/wp-json\/wp\/v2\/tags?post=45971"}],"curies":[{"name":"wp","href":"https:\/\/api.w.org\/{rel}","templated":true}]}}