{"id":46032,"date":"2024-10-29T21:37:30","date_gmt":"2024-10-29T20:37:30","guid":{"rendered":"https:\/\/lioneletlesautresvictimesdelaroute.fr\/justice\/?page_id=46032"},"modified":"2025-07-22T09:48:20","modified_gmt":"2025-07-22T07:48:20","slug":"comment-setablit-une-loi-en-france","status":"publish","type":"page","link":"https:\/\/lioneletlesautresvictimesdelaroute.fr\/justice\/etat-des-lieux\/definitions\/comment-setablit-une-loi-en-france\/","title":{"rendered":"Comment s&rsquo;\u00e9tablit une loi en France"},"content":{"rendered":"\t\t<div data-elementor-type=\"wp-page\" data-elementor-id=\"46032\" class=\"elementor elementor-46032\" data-elementor-settings=\"{&quot;ha_cmc_init_switcher&quot;:&quot;no&quot;}\">\n\t\t\t\t<div class=\"elementor-element elementor-element-5611fa2 e-con-full e-flex wpr-particle-no wpr-jarallax-no wpr-parallax-no wpr-sticky-section-no wpr-equal-height-no e-con e-parent\" data-id=\"5611fa2\" data-element_type=\"container\" data-e-type=\"container\" data-settings=\"{&quot;_ha_eqh_enable&quot;:false}\">\n\t\t\t\t<div class=\"elementor-element elementor-element-a41b5e6 elementor-widget elementor-widget-heading\" data-id=\"a41b5e6\" data-element_type=\"widget\" data-e-type=\"widget\" data-widget_type=\"heading.default\">\n\t\t\t\t<div class=\"elementor-widget-container\">\n\t\t\t\t\t<h2 class=\"elementor-heading-title elementor-size-default\">En France<\/h2>\t\t\t\t<\/div>\n\t\t\t\t<\/div>\n\t\t\t\t<div class=\"elementor-element elementor-element-2fbd612 elementor-widget elementor-widget-text-editor\" data-id=\"2fbd612\" data-element_type=\"widget\" data-e-type=\"widget\" data-widget_type=\"text-editor.default\">\n\t\t\t\t<div class=\"elementor-widget-container\">\n\t\t\t\t\t\t\t\t\t<p>En France, une loi \u00e9mane du Gouvernement.<\/p><p>Il s\u2019agit d\u2019une synth\u00e8se.<\/p><ul><li>Apr\u00e8s avoir \u00e9t\u00e9 adopt\u00e9e en Conseil des ministres, elle est pr\u00e9sent\u00e9e au Parlement en vue d\u2019\u00eatre vot\u00e9e par celui-ci.<br \/><br \/>\u2028La proc\u00e9dure d\u2019\u00e9laboration des projets de loi est r\u00e9gie par l\u2019article 39, Constitution de la Ve R\u00e9publique :<br \/><br \/><\/li><li>\u00c9laboration au sein d\u2019un ou plusieurs minist\u00e8res ;\u2028<\/li><li>Soumission pour avis au Conseil d\u2019\u00c9tat ;\u2028<\/li><li>D\u00e9lib\u00e9ration en Conseil des ministres ;\u2028<\/li><li>Pr\u00e9sentation \u00e0 l\u2019Assembl\u00e9e Nationale et\/ou S\u00e9nat la premi\u00e8re lecture pouvant se faire dans l\u2019une ou l\u2019autre des deux chambres ;\u2028<\/li><li>L\u2019Assembl\u00e9e Nationale et Le S\u00e9nat apr\u00e8s discussion votent la loi ;\u2028<\/li><li>Adoption de la loi par le Parlement ;\u2028\u2022<\/li><li>Promulgation par le Pr\u00e9sident de la R\u00e9publique ;\u2028<\/li><li>Publication au Journal Officiel ;\u2028<\/li><li>Entr\u00e9e en vigueur de la loi.<\/li><\/ul>\t\t\t\t\t\t\t\t<\/div>\n\t\t\t\t<\/div>\n\t\t\t\t<\/div>\n\t\t\t\t<\/div>\n\t\t","protected":false},"excerpt":{"rendered":"<p>En France En France, une loi \u00e9mane du Gouvernement. Il s\u2019agit d\u2019une synth\u00e8se. Apr\u00e8s avoir \u00e9t\u00e9 adopt\u00e9e en Conseil des ministres, elle est pr\u00e9sent\u00e9e au Parlement en vue d\u2019\u00eatre vot\u00e9e par celui-ci. \u2028La proc\u00e9dure d\u2019\u00e9laboration des projets de loi est r\u00e9gie par l\u2019article 39, Constitution de la Ve R\u00e9publique : \u00c9laboration au sein d\u2019un ou plusieurs minist\u00e8res ;\u2028 Soumission pour avis au Conseil d\u2019\u00c9tat ;\u2028 D\u00e9lib\u00e9ration en Conseil des ministres ;\u2028 Pr\u00e9sentation \u00e0 l\u2019Assembl\u00e9e Nationale et\/ou S\u00e9nat la premi\u00e8re lecture pouvant se faire dans l\u2019une ou l\u2019autre des deux chambres ;\u2028 L\u2019Assembl\u00e9e Nationale et Le S\u00e9nat apr\u00e8s discussion votent la loi ;\u2028 Adoption de la loi par le Parlement ;\u2028\u2022 Promulgation par le Pr\u00e9sident de la R\u00e9publique ;\u2028 Publication au Journal Officiel ;\u2028 Entr\u00e9e en vigueur de la loi.<\/p>\n","protected":false},"author":1,"featured_media":0,"parent":46058,"menu_order":0,"comment_status":"closed","ping_status":"closed","template":"","meta":{"_uag_custom_page_level_css":"","sfsi_plus_gutenberg_text_before_share":"","sfsi_plus_gutenberg_show_text_before_share":"","sfsi_plus_gutenberg_icon_type":"","sfsi_plus_gutenberg_icon_alignemt":"","sfsi_plus_gutenburg_max_per_row":"","_lmt_disableupdate":"no","_lmt_disable":"no","_monsterinsights_skip_tracking":false,"_monsterinsights_sitenote_active":false,"_monsterinsights_sitenote_note":"","_monsterinsights_sitenote_category":0,"site-sidebar-layout":"default","site-content-layout":"","ast-site-content-layout":"default","site-content-style":"default","site-sidebar-style":"default","ast-global-header-display":"","ast-banner-title-visibility":"","ast-main-header-display":"","ast-hfb-above-header-display":"","ast-hfb-below-header-display":"","ast-hfb-mobile-header-display":"","site-post-title":"","ast-breadcrumbs-content":"","ast-featured-img":"","footer-sml-layout":"","ast-disable-related-posts":"","theme-transparent-header-meta":"","adv-header-id-meta":"","stick-header-meta":"","header-above-stick-meta":"","header-main-stick-meta":"","header-below-stick-meta":"","astra-migrate-meta-layouts":"default","ast-page-background-enabled":"default","ast-page-background-meta":{"desktop":{"background-color":"var(--ast-global-color-4)","background-image":"","background-repeat":"repeat","background-position":"center center","background-size":"auto","background-attachment":"scroll","background-type":"","background-media":"","overlay-type":"","overlay-color":"","overlay-opacity":"","overlay-gradient":""},"tablet":{"background-color":"","background-image":"","background-repeat":"repeat","background-position":"center center","background-size":"auto","background-attachment":"scroll","background-type":"","background-media":"","overlay-type":"","overlay-color":"","overlay-opacity":"","overlay-gradient":""},"mobile":{"background-color":"","background-image":"","background-repeat":"repeat","background-position":"center center","background-size":"auto","background-attachment":"scroll","background-type":"","background-media":"","overlay-type":"","overlay-color":"","overlay-opacity":"","overlay-gradient":""}},"ast-content-background-meta":{"desktop":{"background-color":"var(--ast-global-color-5)","background-image":"","background-repeat":"repeat","background-position":"center center","background-size":"auto","background-attachment":"scroll","background-type":"","background-media":"","overlay-type":"","overlay-color":"","overlay-opacity":"","overlay-gradient":""},"tablet":{"background-color":"var(--ast-global-color-5)","background-image":"","background-repeat":"repeat","background-position":"center center","background-size":"auto","background-attachment":"scroll","background-type":"","background-media":"","overlay-type":"","overlay-color":"","overlay-opacity":"","overlay-gradient":""},"mobile":{"background-color":"var(--ast-global-color-5)","background-image":"","background-repeat":"repeat","background-position":"center center","background-size":"auto","background-attachment":"scroll","background-type":"","background-media":"","overlay-type":"","overlay-color":"","overlay-opacity":"","overlay-gradient":""}},"iawp_total_views":0,"footnotes":""},"categories":[],"tags":[],"class_list":["post-46032","page","type-page","status-publish","hentry"],"aioseo_notices":[],"uagb_featured_image_src":{"full":false,"thumbnail":false,"medium":false,"medium_large":false,"large":false,"1536x1536":false,"2048x2048":false},"uagb_author_info":{"display_name":"Michel BOUDRY","author_link":"https:\/\/lioneletlesautresvictimesdelaroute.fr\/justice\/author\/wmliojustbdy208\/"},"uagb_comment_info":0,"uagb_excerpt":"En France En France, une loi \u00e9mane du Gouvernement. Il s\u2019agit d\u2019une synth\u00e8se. Apr\u00e8s avoir \u00e9t\u00e9 adopt\u00e9e en Conseil des ministres, elle est pr\u00e9sent\u00e9e au Parlement en vue d\u2019\u00eatre vot\u00e9e par celui-ci. \u2028La proc\u00e9dure d\u2019\u00e9laboration des projets de loi est r\u00e9gie par l\u2019article 39, Constitution de la Ve R\u00e9publique : \u00c9laboration au sein d\u2019un ou\u2026","rttpg_featured_image_url":null,"rttpg_author":{"display_name":"Michel BOUDRY","author_link":"https:\/\/lioneletlesautresvictimesdelaroute.fr\/justice\/author\/wmliojustbdy208\/"},"rttpg_comment":0,"rttpg_category":false,"rttpg_excerpt":"En France En France, une loi \u00e9mane du Gouvernement. Il s\u2019agit d\u2019une synth\u00e8se. Apr\u00e8s avoir \u00e9t\u00e9 adopt\u00e9e en Conseil des ministres, elle est pr\u00e9sent\u00e9e au Parlement en vue d\u2019\u00eatre vot\u00e9e par celui-ci. \u2028La proc\u00e9dure d\u2019\u00e9laboration des projets de loi est r\u00e9gie par l\u2019article 39, Constitution de la Ve R\u00e9publique : \u00c9laboration au sein d\u2019un ou\u2026","_links":{"self":[{"href":"https:\/\/lioneletlesautresvictimesdelaroute.fr\/justice\/wp-json\/wp\/v2\/pages\/46032","targetHints":{"allow":["GET"]}}],"collection":[{"href":"https:\/\/lioneletlesautresvictimesdelaroute.fr\/justice\/wp-json\/wp\/v2\/pages"}],"about":[{"href":"https:\/\/lioneletlesautresvictimesdelaroute.fr\/justice\/wp-json\/wp\/v2\/types\/page"}],"author":[{"embeddable":true,"href":"https:\/\/lioneletlesautresvictimesdelaroute.fr\/justice\/wp-json\/wp\/v2\/users\/1"}],"replies":[{"embeddable":true,"href":"https:\/\/lioneletlesautresvictimesdelaroute.fr\/justice\/wp-json\/wp\/v2\/comments?post=46032"}],"version-history":[{"count":2,"href":"https:\/\/lioneletlesautresvictimesdelaroute.fr\/justice\/wp-json\/wp\/v2\/pages\/46032\/revisions"}],"predecessor-version":[{"id":52903,"href":"https:\/\/lioneletlesautresvictimesdelaroute.fr\/justice\/wp-json\/wp\/v2\/pages\/46032\/revisions\/52903"}],"up":[{"embeddable":true,"href":"https:\/\/lioneletlesautresvictimesdelaroute.fr\/justice\/wp-json\/wp\/v2\/pages\/46058"}],"wp:attachment":[{"href":"https:\/\/lioneletlesautresvictimesdelaroute.fr\/justice\/wp-json\/wp\/v2\/media?parent=46032"}],"wp:term":[{"taxonomy":"category","embeddable":true,"href":"https:\/\/lioneletlesautresvictimesdelaroute.fr\/justice\/wp-json\/wp\/v2\/categories?post=46032"},{"taxonomy":"post_tag","embeddable":true,"href":"https:\/\/lioneletlesautresvictimesdelaroute.fr\/justice\/wp-json\/wp\/v2\/tags?post=46032"}],"curies":[{"name":"wp","href":"https:\/\/api.w.org\/{rel}","templated":true}]}}