{"id":46073,"date":"2024-10-29T22:27:28","date_gmt":"2024-10-29T21:27:28","guid":{"rendered":"https:\/\/lioneletlesautresvictimesdelaroute.fr\/justice\/?page_id=46073"},"modified":"2025-07-22T09:35:36","modified_gmt":"2025-07-22T07:35:36","slug":"pourquoi-ce-site","status":"publish","type":"page","link":"https:\/\/lioneletlesautresvictimesdelaroute.fr\/justice\/accueil\/pourquoi-ce-site\/","title":{"rendered":"Pourquoi ce site ?"},"content":{"rendered":"\t\t<div data-elementor-type=\"wp-page\" data-elementor-id=\"46073\" class=\"elementor elementor-46073\" data-elementor-settings=\"{&quot;ha_cmc_init_switcher&quot;:&quot;no&quot;}\">\n\t\t\t\t<div class=\"elementor-element elementor-element-2893dde e-con-full e-flex wpr-particle-no wpr-jarallax-no wpr-parallax-no wpr-sticky-section-no wpr-equal-height-no e-con e-parent\" data-id=\"2893dde\" data-element_type=\"container\" data-e-type=\"container\" data-settings=\"{&quot;_ha_eqh_enable&quot;:false}\">\n\t\t\t\t<div class=\"elementor-element elementor-element-c015d1c elementor-widget elementor-widget-heading\" data-id=\"c015d1c\" data-element_type=\"widget\" data-e-type=\"widget\" data-widget_type=\"heading.default\">\n\t\t\t\t<div class=\"elementor-widget-container\">\n\t\t\t\t\t<h2 class=\"elementor-heading-title elementor-size-default\">Les erreurs de la Justice<\/h2>\t\t\t\t<\/div>\n\t\t\t\t<\/div>\n\t\t\t\t<div class=\"elementor-element elementor-element-eabae0d elementor-widget elementor-widget-text-editor\" data-id=\"eabae0d\" data-element_type=\"widget\" data-e-type=\"widget\" data-widget_type=\"text-editor.default\">\n\t\t\t\t<div class=\"elementor-widget-container\">\n\t\t\t\t\t\t\t\t\t<p>Mettre en avant et d\u00e9noncer les ERREURS de la Justice, ses agissements.<\/p><ul><li>La d\u00e9rive de la justice.<\/li><li>La non application des lois vot\u00e9es par le parlement, pourquoi avons-nous des d\u00e9put\u00e9s et des s\u00e9nateurs.<\/li><li>Agir contre la justice actuelle dans le cadre des autopsies, homicides routiers, accompagnement des familles, et autres violences des \u00e9l\u00e9ments en lien avec le d\u00e9c\u00e8s.<ul><li>Exemple : apr\u00e8s un d\u00e9c\u00e8s s\u2019il y a une autopsie elle est mentionn\u00e9e aux familles, cependant dans de nombreux cas les familles ne sont pas inform\u00e9es qu\u2019il peut y avoir un ou des pr\u00e9l\u00e8vements d\u2019organes.<\/li><\/ul><\/li><\/ul><p>\u00a0<\/p><p>Nous allons nous adresser :<\/p><ul><li>Aux politiques de tous bords,<\/li><li>Des courriers au gouvernement,<\/li><li>Aux s\u00e9nateurs,<\/li><li>Aux d\u00e9put\u00e9s,<\/li><li>Mais \u00e9galement aux m\u00e9dias, \u00e0 travailler particuli\u00e8rement,<\/li><\/ul><p>\u00a0<\/p><p style=\"text-align: center;\"><strong>CAR LES COUPABLES NE SONT PAS LES VICTIMES<\/strong><\/p>\t\t\t\t\t\t\t\t<\/div>\n\t\t\t\t<\/div>\n\t\t\t\t<div class=\"elementor-element elementor-element-67bac4e elementor-widget elementor-widget-spacer\" data-id=\"67bac4e\" data-element_type=\"widget\" data-e-type=\"widget\" data-widget_type=\"spacer.default\">\n\t\t\t\t<div class=\"elementor-widget-container\">\n\t\t\t\t\t\t\t<div class=\"elementor-spacer\">\n\t\t\t<div class=\"elementor-spacer-inner\"><\/div>\n\t\t<\/div>\n\t\t\t\t\t\t<\/div>\n\t\t\t\t<\/div>\n\t\t\t\t<\/div>\n\t\t<div class=\"elementor-element elementor-element-9ef4754 e-con-full e-flex wpr-particle-no wpr-jarallax-no wpr-parallax-no wpr-sticky-section-no wpr-equal-height-no e-con e-parent\" data-id=\"9ef4754\" data-element_type=\"container\" data-e-type=\"container\" data-settings=\"{&quot;_ha_eqh_enable&quot;:false}\">\n\t\t\t\t<div class=\"elementor-element elementor-element-5c37be9 elementor-widget elementor-widget-heading\" data-id=\"5c37be9\" data-element_type=\"widget\" data-e-type=\"widget\" data-widget_type=\"heading.default\">\n\t\t\t\t<div class=\"elementor-widget-container\">\n\t\t\t\t\t<h2 class=\"elementor-heading-title elementor-size-default\">Mettre en \u00e9vidence<\/h2>\t\t\t\t<\/div>\n\t\t\t\t<\/div>\n\t\t\t\t<div class=\"elementor-element elementor-element-f272be6 elementor-widget elementor-widget-text-editor\" data-id=\"f272be6\" data-element_type=\"widget\" data-e-type=\"widget\" data-widget_type=\"text-editor.default\">\n\t\t\t\t<div class=\"elementor-widget-container\">\n\t\t\t\t\t\t\t\t\t<ul><li>Les homicides routiers, et l\u2019accompagnement des familles.<\/li><li>Les peines les planchers : il est inadmissible qu\u2019un responsable d\u2019accident avec une ou plusieurs circonstances aggravantes sorte du tribunal libre.<\/li><li>L\u2019importance de mettre les TIG Travaux d\u2019int\u00e9r\u00eat G\u00e9n\u00e9raux, pour stopper d\u00e8s le d\u00e9but la menue d\u00e9linquance.<\/li><\/ul><p>Monter ce que les familles de victimes vivent par une justice laxiste et un gouvernement qui \u00e0 ce jour en 2024 ne fait que rarement qu\u2019appliquer le Code P\u00e9nal.<\/p><p style=\"padding-left: 80px;\"><strong>Nous sommes appuy\u00e9s dans notre action avec L\u2019<a href=\"https:\/\/www.institutpourlajustice.org\/\">institut National de la Justice<\/a>\u00a0 <br \/>&#8230; <\/strong>Voir <a href=\"https:\/\/www.institutpourlajustice.org\/victimes\/coralie-pailhes\/\">notre dossier<\/a><\/p><p>\u00a0<\/p>\t\t\t\t\t\t\t\t<\/div>\n\t\t\t\t<\/div>\n\t\t\t\t<\/div>\n\t\t\t\t<\/div>\n\t\t","protected":false},"excerpt":{"rendered":"<p>Les erreurs de la Justice Mettre en avant et d\u00e9noncer les ERREURS de la Justice, ses agissements. La d\u00e9rive de la justice. La non application des lois vot\u00e9es par le parlement, pourquoi avons-nous des d\u00e9put\u00e9s et des s\u00e9nateurs. Agir contre la justice actuelle dans le cadre des autopsies, homicides routiers, accompagnement des familles, et autres violences des \u00e9l\u00e9ments en lien avec le d\u00e9c\u00e8s. Exemple : apr\u00e8s un d\u00e9c\u00e8s s\u2019il y a une autopsie elle est mentionn\u00e9e aux familles, cependant dans de nombreux cas les familles ne sont pas inform\u00e9es qu\u2019il peut y avoir un ou des pr\u00e9l\u00e8vements d\u2019organes. \u00a0 Nous allons nous adresser : Aux politiques de tous bords, Des courriers au gouvernement, Aux s\u00e9nateurs, Aux d\u00e9put\u00e9s, Mais \u00e9galement aux m\u00e9dias, \u00e0 travailler particuli\u00e8rement, \u00a0 CAR LES COUPABLES NE SONT PAS LES VICTIMES Mettre en \u00e9vidence Les homicides routiers, et l\u2019accompagnement des familles. Les peines les planchers : il est inadmissible qu\u2019un responsable d\u2019accident avec une ou plusieurs circonstances aggravantes sorte du tribunal libre. L\u2019importance de mettre les TIG Travaux d\u2019int\u00e9r\u00eat G\u00e9n\u00e9raux, pour stopper d\u00e8s le d\u00e9but la menue d\u00e9linquance. Monter ce que les familles de victimes vivent par une justice laxiste et un gouvernement qui \u00e0 ce jour en 2024 ne fait que rarement qu\u2019appliquer le Code P\u00e9nal. Nous sommes appuy\u00e9s dans notre action avec L\u2019institut National de la Justice\u00a0 &#8230; Voir notre dossier \u00a0<\/p>\n","protected":false},"author":1,"featured_media":0,"parent":43196,"menu_order":3,"comment_status":"closed","ping_status":"closed","template":"","meta":{"_uag_custom_page_level_css":"","sfsi_plus_gutenberg_text_before_share":"","sfsi_plus_gutenberg_show_text_before_share":"","sfsi_plus_gutenberg_icon_type":"","sfsi_plus_gutenberg_icon_alignemt":"","sfsi_plus_gutenburg_max_per_row":"","_lmt_disableupdate":"no","_lmt_disable":"no","_monsterinsights_skip_tracking":false,"_monsterinsights_sitenote_active":false,"_monsterinsights_sitenote_note":"","_monsterinsights_sitenote_category":0,"site-sidebar-layout":"right-sidebar","site-content-layout":"","ast-site-content-layout":"default","site-content-style":"default","site-sidebar-style":"default","ast-global-header-display":"","ast-banner-title-visibility":"","ast-main-header-display":"","ast-hfb-above-header-display":"","ast-hfb-below-header-display":"","ast-hfb-mobile-header-display":"","site-post-title":"","ast-breadcrumbs-content":"","ast-featured-img":"","footer-sml-layout":"","ast-disable-related-posts":"","theme-transparent-header-meta":"default","adv-header-id-meta":"","stick-header-meta":"","header-above-stick-meta":"","header-main-stick-meta":"","header-below-stick-meta":"","astra-migrate-meta-layouts":"set","ast-page-background-enabled":"default","ast-page-background-meta":{"desktop":{"background-color":"var(--ast-global-color-4)","background-image":"","background-repeat":"repeat","background-position":"center center","background-size":"auto","background-attachment":"scroll","background-type":"","background-media":"","overlay-type":"","overlay-color":"","overlay-opacity":"","overlay-gradient":""},"tablet":{"background-color":"","background-image":"","background-repeat":"repeat","background-position":"center center","background-size":"auto","background-attachment":"scroll","background-type":"","background-media":"","overlay-type":"","overlay-color":"","overlay-opacity":"","overlay-gradient":""},"mobile":{"background-color":"","background-image":"","background-repeat":"repeat","background-position":"center center","background-size":"auto","background-attachment":"scroll","background-type":"","background-media":"","overlay-type":"","overlay-color":"","overlay-opacity":"","overlay-gradient":""}},"ast-content-background-meta":{"desktop":{"background-color":"var(--ast-global-color-5)","background-image":"","background-repeat":"repeat","background-position":"center center","background-size":"auto","background-attachment":"scroll","background-type":"","background-media":"","overlay-type":"","overlay-color":"","overlay-opacity":"","overlay-gradient":""},"tablet":{"background-color":"var(--ast-global-color-5)","background-image":"","background-repeat":"repeat","background-position":"center center","background-size":"auto","background-attachment":"scroll","background-type":"","background-media":"","overlay-type":"","overlay-color":"","overlay-opacity":"","overlay-gradient":""},"mobile":{"background-color":"var(--ast-global-color-5)","background-image":"","background-repeat":"repeat","background-position":"center center","background-size":"auto","background-attachment":"scroll","background-type":"","background-media":"","overlay-type":"","overlay-color":"","overlay-opacity":"","overlay-gradient":""}},"iawp_total_views":6,"footnotes":""},"categories":[],"tags":[],"class_list":["post-46073","page","type-page","status-publish","hentry"],"aioseo_notices":[],"uagb_featured_image_src":{"full":false,"thumbnail":false,"medium":false,"medium_large":false,"large":false,"1536x1536":false,"2048x2048":false},"uagb_author_info":{"display_name":"Michel BOUDRY","author_link":"https:\/\/lioneletlesautresvictimesdelaroute.fr\/justice\/author\/wmliojustbdy208\/"},"uagb_comment_info":0,"uagb_excerpt":"Les erreurs de la Justice Mettre en avant et d\u00e9noncer les ERREURS de la Justice, ses agissements. La d\u00e9rive de la justice. La non application des lois vot\u00e9es par le parlement, pourquoi avons-nous des d\u00e9put\u00e9s et des s\u00e9nateurs. Agir contre la justice actuelle dans le cadre des autopsies, homicides routiers, accompagnement des familles, et autres\u2026","rttpg_featured_image_url":null,"rttpg_author":{"display_name":"Michel BOUDRY","author_link":"https:\/\/lioneletlesautresvictimesdelaroute.fr\/justice\/author\/wmliojustbdy208\/"},"rttpg_comment":0,"rttpg_category":false,"rttpg_excerpt":"Les erreurs de la Justice Mettre en avant et d\u00e9noncer les ERREURS de la Justice, ses agissements. La d\u00e9rive de la justice. La non application des lois vot\u00e9es par le parlement, pourquoi avons-nous des d\u00e9put\u00e9s et des s\u00e9nateurs. Agir contre la justice actuelle dans le cadre des autopsies, homicides routiers, accompagnement des familles, et autres\u2026","_links":{"self":[{"href":"https:\/\/lioneletlesautresvictimesdelaroute.fr\/justice\/wp-json\/wp\/v2\/pages\/46073","targetHints":{"allow":["GET"]}}],"collection":[{"href":"https:\/\/lioneletlesautresvictimesdelaroute.fr\/justice\/wp-json\/wp\/v2\/pages"}],"about":[{"href":"https:\/\/lioneletlesautresvictimesdelaroute.fr\/justice\/wp-json\/wp\/v2\/types\/page"}],"author":[{"embeddable":true,"href":"https:\/\/lioneletlesautresvictimesdelaroute.fr\/justice\/wp-json\/wp\/v2\/users\/1"}],"replies":[{"embeddable":true,"href":"https:\/\/lioneletlesautresvictimesdelaroute.fr\/justice\/wp-json\/wp\/v2\/comments?post=46073"}],"version-history":[{"count":2,"href":"https:\/\/lioneletlesautresvictimesdelaroute.fr\/justice\/wp-json\/wp\/v2\/pages\/46073\/revisions"}],"predecessor-version":[{"id":52878,"href":"https:\/\/lioneletlesautresvictimesdelaroute.fr\/justice\/wp-json\/wp\/v2\/pages\/46073\/revisions\/52878"}],"up":[{"embeddable":true,"href":"https:\/\/lioneletlesautresvictimesdelaroute.fr\/justice\/wp-json\/wp\/v2\/pages\/43196"}],"wp:attachment":[{"href":"https:\/\/lioneletlesautresvictimesdelaroute.fr\/justice\/wp-json\/wp\/v2\/media?parent=46073"}],"wp:term":[{"taxonomy":"category","embeddable":true,"href":"https:\/\/lioneletlesautresvictimesdelaroute.fr\/justice\/wp-json\/wp\/v2\/categories?post=46073"},{"taxonomy":"post_tag","embeddable":true,"href":"https:\/\/lioneletlesautresvictimesdelaroute.fr\/justice\/wp-json\/wp\/v2\/tags?post=46073"}],"curies":[{"name":"wp","href":"https:\/\/api.w.org\/{rel}","templated":true}]}}