{"id":46128,"date":"2024-10-29T23:03:19","date_gmt":"2024-10-29T22:03:19","guid":{"rendered":"https:\/\/lioneletlesautresvictimesdelaroute.fr\/justice\/?page_id=46128"},"modified":"2025-07-22T10:27:49","modified_gmt":"2025-07-22T08:27:49","slug":"les-recidives","status":"publish","type":"page","link":"https:\/\/lioneletlesautresvictimesdelaroute.fr\/justice\/les-recidives\/","title":{"rendered":"Les r\u00e9cidives"},"content":{"rendered":"\t\t<div data-elementor-type=\"wp-page\" data-elementor-id=\"46128\" class=\"elementor elementor-46128\" data-elementor-settings=\"{&quot;ha_cmc_init_switcher&quot;:&quot;no&quot;}\">\n\t\t\t\t<div class=\"elementor-element elementor-element-0e60877 e-con-full e-flex wpr-particle-no wpr-jarallax-no wpr-parallax-no wpr-sticky-section-no wpr-equal-height-no e-con e-parent\" data-id=\"0e60877\" data-element_type=\"container\" data-e-type=\"container\" data-settings=\"{&quot;_ha_eqh_enable&quot;:false}\">\n\t\t\t\t<div class=\"elementor-element elementor-element-d739bec elementor-widget elementor-widget-text-editor\" data-id=\"d739bec\" data-element_type=\"widget\" data-e-type=\"widget\" data-widget_type=\"text-editor.default\">\n\t\t\t\t<div class=\"elementor-widget-container\">\n\t\t\t\t\t\t\t\t\t<p>Il n\u2019y a qu\u2019\u00e0 regarder la presse audiovisuelle, les m\u00e9dias, pas un jour ne passe sans qu\u2019il n&rsquo;y ait un r\u00e9cidiviste, un voyou. <br \/><br \/>Pourquoi ?<br \/><br \/>DEMANDONS A NOS \u00c9LUS <br \/><br \/>Ils votent des lois qui ne sont jamais appliqu\u00e9es : <br \/><br \/>Prenons un exemple : <br \/>Un accident de la route mortel avec des circonstances aggravantes, voyons ce que dit la loi : en cas d&rsquo;accident mortel, les peines maximales restent de sept ans de prison et 100 000 euros d&rsquo;amende s&rsquo;il y a une seule circonstance aggravante (telle une conduite en \u00e9tat d&rsquo;ivresse) et de 10 ans de prison et 150 000 euros d&rsquo;amende en cas de pluralit\u00e9 de circonstances aggravantes.<br \/><br \/>Les caisses de l\u2019\u00e9tat seraient vite pleines, avec l\u2019application des lois, mais non, il n\u2019en est rien :<br \/>Exemple de mon cas : 1000 \u20ac d\u2019amende et 15 mois de prison. On est bien loi de la r\u00e9alit\u00e9. <br \/><br \/>Et c&rsquo;est toujours pareil, un minimum de sanctions \u00e0 croire que les autorit\u00e9s judiciaires qui appliquent les lois dans un tribunal sont tous atteint du pardon \u00e0 donner. Article L232-1.<\/p><p>https:\/\/www.legifrance.gouv.fr\/codes\/article_lc\/LEGIARTI000049289907 <br \/>Nous les victimes de la route, on dit STOP<\/p><p><br \/>LES VICTIMES SONT LES COUPABLES cela doit changer vite.<\/p>\t\t\t\t\t\t\t\t<\/div>\n\t\t\t\t<\/div>\n\t\t\t\t<\/div>\n\t\t\t\t<\/div>\n\t\t","protected":false},"excerpt":{"rendered":"<p>Il n\u2019y a qu\u2019\u00e0 regarder la presse audiovisuelle, les m\u00e9dias, pas un jour ne passe sans qu\u2019il n&rsquo;y ait un r\u00e9cidiviste, un voyou. Pourquoi ? DEMANDONS A NOS \u00c9LUS Ils votent des lois qui ne sont jamais appliqu\u00e9es : Prenons un exemple : Un accident de la route mortel avec des circonstances aggravantes, voyons ce que dit la loi : en cas d&rsquo;accident mortel, les peines maximales restent de sept ans de prison et 100 000 euros d&rsquo;amende s&rsquo;il y a une seule circonstance aggravante (telle une conduite en \u00e9tat d&rsquo;ivresse) et de 10 ans de prison et 150 000 euros d&rsquo;amende en cas de pluralit\u00e9 de circonstances aggravantes. Les caisses de l\u2019\u00e9tat seraient vite pleines, avec l\u2019application des lois, mais non, il n\u2019en est rien :Exemple de mon cas : 1000 \u20ac d\u2019amende et 15 mois de prison. On est bien loi de la r\u00e9alit\u00e9. Et c&rsquo;est toujours pareil, un minimum de sanctions \u00e0 croire que les autorit\u00e9s judiciaires qui appliquent les lois dans un tribunal sont tous atteint du pardon \u00e0 donner. Article L232-1. https:\/\/www.legifrance.gouv.fr\/codes\/article_lc\/LEGIARTI000049289907 Nous les victimes de la route, on dit STOP LES VICTIMES SONT LES COUPABLES cela doit changer vite.<\/p>\n","protected":false},"author":1,"featured_media":0,"parent":0,"menu_order":0,"comment_status":"closed","ping_status":"closed","template":"","meta":{"_uag_custom_page_level_css":"","sfsi_plus_gutenberg_text_before_share":"","sfsi_plus_gutenberg_show_text_before_share":"","sfsi_plus_gutenberg_icon_type":"","sfsi_plus_gutenberg_icon_alignemt":"","sfsi_plus_gutenburg_max_per_row":"","_lmt_disableupdate":"","_lmt_disable":"","_monsterinsights_skip_tracking":false,"_monsterinsights_sitenote_active":false,"_monsterinsights_sitenote_note":"","_monsterinsights_sitenote_category":0,"site-sidebar-layout":"default","site-content-layout":"","ast-site-content-layout":"default","site-content-style":"default","site-sidebar-style":"default","ast-global-header-display":"","ast-banner-title-visibility":"","ast-main-header-display":"","ast-hfb-above-header-display":"","ast-hfb-below-header-display":"","ast-hfb-mobile-header-display":"","site-post-title":"","ast-breadcrumbs-content":"","ast-featured-img":"","footer-sml-layout":"","ast-disable-related-posts":"","theme-transparent-header-meta":"","adv-header-id-meta":"","stick-header-meta":"","header-above-stick-meta":"","header-main-stick-meta":"","header-below-stick-meta":"","astra-migrate-meta-layouts":"default","ast-page-background-enabled":"default","ast-page-background-meta":{"desktop":{"background-color":"var(--ast-global-color-4)","background-image":"","background-repeat":"repeat","background-position":"center center","background-size":"auto","background-attachment":"scroll","background-type":"","background-media":"","overlay-type":"","overlay-color":"","overlay-opacity":"","overlay-gradient":""},"tablet":{"background-color":"","background-image":"","background-repeat":"repeat","background-position":"center center","background-size":"auto","background-attachment":"scroll","background-type":"","background-media":"","overlay-type":"","overlay-color":"","overlay-opacity":"","overlay-gradient":""},"mobile":{"background-color":"","background-image":"","background-repeat":"repeat","background-position":"center center","background-size":"auto","background-attachment":"scroll","background-type":"","background-media":"","overlay-type":"","overlay-color":"","overlay-opacity":"","overlay-gradient":""}},"ast-content-background-meta":{"desktop":{"background-color":"var(--ast-global-color-5)","background-image":"","background-repeat":"repeat","background-position":"center center","background-size":"auto","background-attachment":"scroll","background-type":"","background-media":"","overlay-type":"","overlay-color":"","overlay-opacity":"","overlay-gradient":""},"tablet":{"background-color":"var(--ast-global-color-5)","background-image":"","background-repeat":"repeat","background-position":"center center","background-size":"auto","background-attachment":"scroll","background-type":"","background-media":"","overlay-type":"","overlay-color":"","overlay-opacity":"","overlay-gradient":""},"mobile":{"background-color":"var(--ast-global-color-5)","background-image":"","background-repeat":"repeat","background-position":"center center","background-size":"auto","background-attachment":"scroll","background-type":"","background-media":"","overlay-type":"","overlay-color":"","overlay-opacity":"","overlay-gradient":""}},"iawp_total_views":0,"footnotes":""},"categories":[],"tags":[],"class_list":["post-46128","page","type-page","status-publish","hentry"],"aioseo_notices":[],"uagb_featured_image_src":{"full":false,"thumbnail":false,"medium":false,"medium_large":false,"large":false,"1536x1536":false,"2048x2048":false},"uagb_author_info":{"display_name":"Michel BOUDRY","author_link":"https:\/\/lioneletlesautresvictimesdelaroute.fr\/justice\/author\/wmliojustbdy208\/"},"uagb_comment_info":0,"uagb_excerpt":"Il n\u2019y a qu\u2019\u00e0 regarder la presse audiovisuelle, les m\u00e9dias, pas un jour ne passe sans qu\u2019il n&rsquo;y ait un r\u00e9cidiviste, un voyou. Pourquoi ? DEMANDONS A NOS \u00c9LUS Ils votent des lois qui ne sont jamais appliqu\u00e9es : Prenons un exemple : Un accident de la route mortel avec des circonstances aggravantes, voyons ce\u2026","rttpg_featured_image_url":null,"rttpg_author":{"display_name":"Michel BOUDRY","author_link":"https:\/\/lioneletlesautresvictimesdelaroute.fr\/justice\/author\/wmliojustbdy208\/"},"rttpg_comment":0,"rttpg_category":false,"rttpg_excerpt":"Il n\u2019y a qu\u2019\u00e0 regarder la presse audiovisuelle, les m\u00e9dias, pas un jour ne passe sans qu\u2019il n&rsquo;y ait un r\u00e9cidiviste, un voyou. Pourquoi ? DEMANDONS A NOS \u00c9LUS Ils votent des lois qui ne sont jamais appliqu\u00e9es : Prenons un exemple : Un accident de la route mortel avec des circonstances aggravantes, voyons ce\u2026","_links":{"self":[{"href":"https:\/\/lioneletlesautresvictimesdelaroute.fr\/justice\/wp-json\/wp\/v2\/pages\/46128","targetHints":{"allow":["GET"]}}],"collection":[{"href":"https:\/\/lioneletlesautresvictimesdelaroute.fr\/justice\/wp-json\/wp\/v2\/pages"}],"about":[{"href":"https:\/\/lioneletlesautresvictimesdelaroute.fr\/justice\/wp-json\/wp\/v2\/types\/page"}],"author":[{"embeddable":true,"href":"https:\/\/lioneletlesautresvictimesdelaroute.fr\/justice\/wp-json\/wp\/v2\/users\/1"}],"replies":[{"embeddable":true,"href":"https:\/\/lioneletlesautresvictimesdelaroute.fr\/justice\/wp-json\/wp\/v2\/comments?post=46128"}],"version-history":[{"count":2,"href":"https:\/\/lioneletlesautresvictimesdelaroute.fr\/justice\/wp-json\/wp\/v2\/pages\/46128\/revisions"}],"predecessor-version":[{"id":52999,"href":"https:\/\/lioneletlesautresvictimesdelaroute.fr\/justice\/wp-json\/wp\/v2\/pages\/46128\/revisions\/52999"}],"wp:attachment":[{"href":"https:\/\/lioneletlesautresvictimesdelaroute.fr\/justice\/wp-json\/wp\/v2\/media?parent=46128"}],"wp:term":[{"taxonomy":"category","embeddable":true,"href":"https:\/\/lioneletlesautresvictimesdelaroute.fr\/justice\/wp-json\/wp\/v2\/categories?post=46128"},{"taxonomy":"post_tag","embeddable":true,"href":"https:\/\/lioneletlesautresvictimesdelaroute.fr\/justice\/wp-json\/wp\/v2\/tags?post=46128"}],"curies":[{"name":"wp","href":"https:\/\/api.w.org\/{rel}","templated":true}]}}