{"id":47746,"date":"2025-03-05T21:11:53","date_gmt":"2025-03-05T20:11:53","guid":{"rendered":"https:\/\/lioneletlesautresvictimesdelaroute.fr\/justice\/?page_id=47746"},"modified":"2026-02-07T10:02:12","modified_gmt":"2026-02-07T09:02:12","slug":"gouvernement-plan-dactions-2024","status":"publish","type":"page","link":"https:\/\/lioneletlesautresvictimesdelaroute.fr\/justice\/nos-actions\/nos-interventions\/plan-dactions-2024\/gouvernement-plan-dactions-2024\/","title":{"rendered":"Gouvernement : Plan d&rsquo;actions 2024"},"content":{"rendered":"\t\t<div data-elementor-type=\"wp-page\" data-elementor-id=\"47746\" class=\"elementor elementor-47746\" data-elementor-settings=\"{&quot;ha_cmc_init_switcher&quot;:&quot;no&quot;}\">\n\t\t\t\t<div class=\"elementor-element elementor-element-8097b83 e-flex e-con-boxed wpr-particle-no wpr-jarallax-no wpr-parallax-no wpr-sticky-section-no wpr-equal-height-no e-con e-parent\" data-id=\"8097b83\" data-element_type=\"container\" data-e-type=\"container\" data-settings=\"{&quot;_ha_eqh_enable&quot;:false}\">\n\t\t\t\t\t<div class=\"e-con-inner\">\n\t\t\t\t<div class=\"elementor-element elementor-element-1f67b31 elementor-widget elementor-widget-image\" data-id=\"1f67b31\" data-element_type=\"widget\" data-e-type=\"widget\" data-widget_type=\"image.default\">\n\t\t\t\t<div class=\"elementor-widget-container\">\n\t\t\t\t\t\t\t\t\t\t\t\t\t\t\t<img fetchpriority=\"high\" decoding=\"async\" width=\"293\" height=\"172\" src=\"https:\/\/lioneletlesautresvictimesdelaroute.fr\/justice\/wp-content\/uploads\/2023\/10\/gouvernement.png\" class=\"attachment-large size-large wp-image-26787\" alt=\"GOUVERNEMENT logo\" \/>\t\t\t\t\t\t\t\t\t\t\t\t\t\t\t<\/div>\n\t\t\t\t<\/div>\n\t\t\t\t<div class=\"elementor-element elementor-element-136cc19 elementor-widget elementor-widget-spacer\" data-id=\"136cc19\" data-element_type=\"widget\" data-e-type=\"widget\" data-widget_type=\"spacer.default\">\n\t\t\t\t<div class=\"elementor-widget-container\">\n\t\t\t\t\t\t\t<div class=\"elementor-spacer\">\n\t\t\t<div class=\"elementor-spacer-inner\"><\/div>\n\t\t<\/div>\n\t\t\t\t\t\t<\/div>\n\t\t\t\t<\/div>\n\t\t\t\t<div class=\"elementor-element elementor-element-7d32987 elementor-widget elementor-widget-heading\" data-id=\"7d32987\" data-element_type=\"widget\" data-e-type=\"widget\" data-widget_type=\"heading.default\">\n\t\t\t\t<div class=\"elementor-widget-container\">\n\t\t\t\t\t<h2 class=\"elementor-heading-title elementor-size-default\"><a href=\"https:\/\/lioneletlesautresvictimesdelaroute.fr\/justice\/gouvernement-a-qui-nous-sommes-nous-adresse-2024\/\">\u00c0 qui nous sommes-nous adress\u00e9 ?<\/a><\/h2>\t\t\t\t<\/div>\n\t\t\t\t<\/div>\n\t\t\t\t<div class=\"elementor-element elementor-element-5a69b88 elementor-widget elementor-widget-text-editor\" data-id=\"5a69b88\" data-element_type=\"widget\" data-e-type=\"widget\" data-widget_type=\"text-editor.default\">\n\t\t\t\t<div class=\"elementor-widget-container\">\n\t\t\t\t\t\t\t\t\t<p>Aux diff\u00e9rents minist\u00e8res<\/p>\t\t\t\t\t\t\t\t<\/div>\n\t\t\t\t<\/div>\n\t\t\t\t<div class=\"elementor-element elementor-element-2566a54 elementor-widget elementor-widget-heading\" data-id=\"2566a54\" data-element_type=\"widget\" data-e-type=\"widget\" data-widget_type=\"heading.default\">\n\t\t\t\t<div class=\"elementor-widget-container\">\n\t\t\t\t\t<h2 class=\"elementor-heading-title elementor-size-default\"><a href=\"https:\/\/lioneletlesautresvictimesdelaroute.fr\/justice\/nos-actions\/nos-interventions\/plan-dactions-2024\/gouvernement-plan-dactions-2024\/gouvernement-quand-les-avons-nous-contactes-2024\/\">Quand les avons-nous contact\u00e9s ?\u200b<\/a><\/h2>\t\t\t\t<\/div>\n\t\t\t\t<\/div>\n\t\t\t\t<div class=\"elementor-element elementor-element-90369ba elementor-widget elementor-widget-text-editor\" data-id=\"90369ba\" data-element_type=\"widget\" data-e-type=\"widget\" data-widget_type=\"text-editor.default\">\n\t\t\t\t<div class=\"elementor-widget-container\">\n\t\t\t\t\t\t\t\t\t<p>\u00c0 partir de la fin du mois d&rsquo;Ao\u00fbt 2023<\/p>\t\t\t\t\t\t\t\t<\/div>\n\t\t\t\t<\/div>\n\t\t\t\t<div class=\"elementor-element elementor-element-94fd773 elementor-widget elementor-widget-heading\" data-id=\"94fd773\" data-element_type=\"widget\" data-e-type=\"widget\" data-widget_type=\"heading.default\">\n\t\t\t\t<div class=\"elementor-widget-container\">\n\t\t\t\t\t<h2 class=\"elementor-heading-title elementor-size-default\"><a href=\"https:\/\/lioneletlesautresvictimesdelaroute.fr\/justice\/gouvernement-quelles-modalites-pour-nos-envois-2024\/\">Quelles modalit\u00e9s pour nos envois ?<\/a><\/h2>\t\t\t\t<\/div>\n\t\t\t\t<\/div>\n\t\t\t\t<div class=\"elementor-element elementor-element-6b4e3c0 elementor-widget elementor-widget-text-editor\" data-id=\"6b4e3c0\" data-element_type=\"widget\" data-e-type=\"widget\" data-widget_type=\"text-editor.default\">\n\t\t\t\t<div class=\"elementor-widget-container\">\n\t\t\t\t\t\t\t\t\t<p>Lettre par voie postale en Lettre Recommand\u00e9e avec Accus\u00e9 de R\u00e9ception<\/p>\t\t\t\t\t\t\t\t<\/div>\n\t\t\t\t<\/div>\n\t\t\t\t<div class=\"elementor-element elementor-element-e265048 elementor-widget elementor-widget-heading\" data-id=\"e265048\" data-element_type=\"widget\" data-e-type=\"widget\" data-widget_type=\"heading.default\">\n\t\t\t\t<div class=\"elementor-widget-container\">\n\t\t\t\t\t<h2 class=\"elementor-heading-title elementor-size-default\"><a href=\"https:\/\/lioneletlesautresvictimesdelaroute.fr\/justice\/nos-actions\/nos-interventions\/plan-dactions-2024\/gouvernement-plan-dactions-2024\/gouvernement-quels-sujets-avons-nous-abordes-2024\/\">Quels sujets avons-nous abord\u00e9s ?\u200b<\/a><\/h2>\t\t\t\t<\/div>\n\t\t\t\t<\/div>\n\t\t\t\t<div class=\"elementor-element elementor-element-ed35d2d elementor-widget elementor-widget-text-editor\" data-id=\"ed35d2d\" data-element_type=\"widget\" data-e-type=\"widget\" data-widget_type=\"text-editor.default\">\n\t\t\t\t<div class=\"elementor-widget-container\">\n\t\t\t\t\t\t\t\t\t<p>Les sujets que nous jugions utiles, importants, comme association \u00e0 l&rsquo;\u00e9coute des accident\u00e9s de la route \u00ab\u00a0Lionel et les autres victimes de la route\u00a0\u00bb<\/p>\t\t\t\t\t\t\t\t<\/div>\n\t\t\t\t<\/div>\n\t\t\t\t<div class=\"elementor-element elementor-element-92284e3 elementor-widget elementor-widget-heading\" data-id=\"92284e3\" data-element_type=\"widget\" data-e-type=\"widget\" data-widget_type=\"heading.default\">\n\t\t\t\t<div class=\"elementor-widget-container\">\n\t\t\t\t\t<h2 class=\"elementor-heading-title elementor-size-default\"><a href=\"https:\/\/lioneletlesautresvictimesdelaroute.fr\/justice\/nos-actions\/nos-interventions\/plan-dactions-2024\/gouvernement-plan-dactions-2024\/gouvernement-quels-accuses-de-reception-avons-nous-recus-2024\/\">Quels accus\u00e9s de r\u00e9ception avons-nous re\u00e7us ?<\/a><\/h2>\t\t\t\t<\/div>\n\t\t\t\t<\/div>\n\t\t\t\t<div class=\"elementor-element elementor-element-a9197b1 elementor-widget elementor-widget-text-editor\" data-id=\"a9197b1\" data-element_type=\"widget\" data-e-type=\"widget\" data-widget_type=\"text-editor.default\">\n\t\t\t\t<div class=\"elementor-widget-container\">\n\t\t\t\t\t\t\t\t\t<p>Accus\u00e9s de r\u00e9ceptions, en retour, class\u00e9s par date<\/p>\t\t\t\t\t\t\t\t<\/div>\n\t\t\t\t<\/div>\n\t\t\t\t<div class=\"elementor-element elementor-element-09149f6 elementor-widget elementor-widget-heading\" data-id=\"09149f6\" data-element_type=\"widget\" data-e-type=\"widget\" data-widget_type=\"heading.default\">\n\t\t\t\t<div class=\"elementor-widget-container\">\n\t\t\t\t\t<h2 class=\"elementor-heading-title elementor-size-default\"><a href=\"https:\/\/lioneletlesautresvictimesdelaroute.fr\/justice\/resultats-des-appels-au-gouvernement-2024\/\">Quels r\u00e9sultats avons nous constat\u00e9s ?\u200b<\/a><\/h2>\t\t\t\t<\/div>\n\t\t\t\t<\/div>\n\t\t\t\t<div class=\"elementor-element elementor-element-5aa8112 elementor-widget elementor-widget-text-editor\" data-id=\"5aa8112\" data-element_type=\"widget\" data-e-type=\"widget\" data-widget_type=\"text-editor.default\">\n\t\t\t\t<div class=\"elementor-widget-container\">\n\t\t\t\t\t\t\t\t\t<p>Suites donn\u00e9es \u00e0 notre sollicitation<\/p>\t\t\t\t\t\t\t\t<\/div>\n\t\t\t\t<\/div>\n\t\t\t\t\t<\/div>\n\t\t\t\t<\/div>\n\t\t\t\t<\/div>\n\t\t","protected":false},"excerpt":{"rendered":"<p>\u00c0 qui nous sommes-nous adress\u00e9 ? Aux diff\u00e9rents minist\u00e8res Quand les avons-nous contact\u00e9s ?\u200b \u00c0 partir de la fin du mois d&rsquo;Ao\u00fbt 2023 Quelles modalit\u00e9s pour nos envois ? Lettre par voie postale en Lettre Recommand\u00e9e avec Accus\u00e9 de R\u00e9ception Quels sujets avons-nous abord\u00e9s ?\u200b Les sujets que nous jugions utiles, importants, comme association \u00e0 l&rsquo;\u00e9coute des accident\u00e9s de la route \u00ab\u00a0Lionel et les autres victimes de la route\u00a0\u00bb Quels accus\u00e9s de r\u00e9ception avons-nous re\u00e7us ? Accus\u00e9s de r\u00e9ceptions, en retour, class\u00e9s par date Quels r\u00e9sultats avons nous constat\u00e9s ?\u200b Suites donn\u00e9es \u00e0 notre sollicitation<\/p>\n","protected":false},"author":1,"featured_media":0,"parent":47636,"menu_order":0,"comment_status":"closed","ping_status":"closed","template":"","meta":{"_uag_custom_page_level_css":"","sfsi_plus_gutenberg_text_before_share":"","sfsi_plus_gutenberg_show_text_before_share":"","sfsi_plus_gutenberg_icon_type":"","sfsi_plus_gutenberg_icon_alignemt":"","sfsi_plus_gutenburg_max_per_row":"","_lmt_disableupdate":"no","_lmt_disable":"no","_monsterinsights_skip_tracking":false,"_monsterinsights_sitenote_active":false,"_monsterinsights_sitenote_note":"","_monsterinsights_sitenote_category":0,"site-sidebar-layout":"default","site-content-layout":"","ast-site-content-layout":"default","site-content-style":"default","site-sidebar-style":"default","ast-global-header-display":"","ast-banner-title-visibility":"","ast-main-header-display":"","ast-hfb-above-header-display":"","ast-hfb-below-header-display":"","ast-hfb-mobile-header-display":"","site-post-title":"","ast-breadcrumbs-content":"","ast-featured-img":"","footer-sml-layout":"","ast-disable-related-posts":"","theme-transparent-header-meta":"","adv-header-id-meta":"","stick-header-meta":"","header-above-stick-meta":"","header-main-stick-meta":"","header-below-stick-meta":"","astra-migrate-meta-layouts":"default","ast-page-background-enabled":"default","ast-page-background-meta":{"desktop":{"background-color":"var(--ast-global-color-4)","background-image":"","background-repeat":"repeat","background-position":"center center","background-size":"auto","background-attachment":"scroll","background-type":"","background-media":"","overlay-type":"","overlay-color":"","overlay-opacity":"","overlay-gradient":""},"tablet":{"background-color":"","background-image":"","background-repeat":"repeat","background-position":"center center","background-size":"auto","background-attachment":"scroll","background-type":"","background-media":"","overlay-type":"","overlay-color":"","overlay-opacity":"","overlay-gradient":""},"mobile":{"background-color":"","background-image":"","background-repeat":"repeat","background-position":"center center","background-size":"auto","background-attachment":"scroll","background-type":"","background-media":"","overlay-type":"","overlay-color":"","overlay-opacity":"","overlay-gradient":""}},"ast-content-background-meta":{"desktop":{"background-color":"var(--ast-global-color-5)","background-image":"","background-repeat":"repeat","background-position":"center center","background-size":"auto","background-attachment":"scroll","background-type":"","background-media":"","overlay-type":"","overlay-color":"","overlay-opacity":"","overlay-gradient":""},"tablet":{"background-color":"var(--ast-global-color-5)","background-image":"","background-repeat":"repeat","background-position":"center center","background-size":"auto","background-attachment":"scroll","background-type":"","background-media":"","overlay-type":"","overlay-color":"","overlay-opacity":"","overlay-gradient":""},"mobile":{"background-color":"var(--ast-global-color-5)","background-image":"","background-repeat":"repeat","background-position":"center center","background-size":"auto","background-attachment":"scroll","background-type":"","background-media":"","overlay-type":"","overlay-color":"","overlay-opacity":"","overlay-gradient":""}},"iawp_total_views":0,"footnotes":""},"categories":[26],"tags":[],"class_list":["post-47746","page","type-page","status-publish","hentry","category-gouvernement"],"aioseo_notices":[],"uagb_featured_image_src":{"full":false,"thumbnail":false,"medium":false,"medium_large":false,"large":false,"1536x1536":false,"2048x2048":false},"uagb_author_info":{"display_name":"Michel BOUDRY","author_link":"https:\/\/lioneletlesautresvictimesdelaroute.fr\/justice\/author\/wmliojustbdy208\/"},"uagb_comment_info":0,"uagb_excerpt":"\u00c0 qui nous sommes-nous adress\u00e9 ? Aux diff\u00e9rents minist\u00e8res Quand les avons-nous contact\u00e9s ?\u200b \u00c0 partir de la fin du mois d&rsquo;Ao\u00fbt 2023 Quelles modalit\u00e9s pour nos envois ? Lettre par voie postale en Lettre Recommand\u00e9e avec Accus\u00e9 de R\u00e9ception Quels sujets avons-nous abord\u00e9s ?\u200b Les sujets que nous jugions utiles, importants, comme association \u00e0\u2026","rttpg_featured_image_url":null,"rttpg_author":{"display_name":"Michel BOUDRY","author_link":"https:\/\/lioneletlesautresvictimesdelaroute.fr\/justice\/author\/wmliojustbdy208\/"},"rttpg_comment":0,"rttpg_category":" <a href=\"https:\/\/lioneletlesautresvictimesdelaroute.fr\/justice\/category\/gouvernement\/\" rel=\"tag\">Gouvernement<\/a>","rttpg_excerpt":"\u00c0 qui nous sommes-nous adress\u00e9 ? Aux diff\u00e9rents minist\u00e8res Quand les avons-nous contact\u00e9s ?\u200b \u00c0 partir de la fin du mois d&rsquo;Ao\u00fbt 2023 Quelles modalit\u00e9s pour nos envois ? Lettre par voie postale en Lettre Recommand\u00e9e avec Accus\u00e9 de R\u00e9ception Quels sujets avons-nous abord\u00e9s ?\u200b Les sujets que nous jugions utiles, importants, comme association \u00e0\u2026","_links":{"self":[{"href":"https:\/\/lioneletlesautresvictimesdelaroute.fr\/justice\/wp-json\/wp\/v2\/pages\/47746","targetHints":{"allow":["GET"]}}],"collection":[{"href":"https:\/\/lioneletlesautresvictimesdelaroute.fr\/justice\/wp-json\/wp\/v2\/pages"}],"about":[{"href":"https:\/\/lioneletlesautresvictimesdelaroute.fr\/justice\/wp-json\/wp\/v2\/types\/page"}],"author":[{"embeddable":true,"href":"https:\/\/lioneletlesautresvictimesdelaroute.fr\/justice\/wp-json\/wp\/v2\/users\/1"}],"replies":[{"embeddable":true,"href":"https:\/\/lioneletlesautresvictimesdelaroute.fr\/justice\/wp-json\/wp\/v2\/comments?post=47746"}],"version-history":[{"count":2,"href":"https:\/\/lioneletlesautresvictimesdelaroute.fr\/justice\/wp-json\/wp\/v2\/pages\/47746\/revisions"}],"predecessor-version":[{"id":47967,"href":"https:\/\/lioneletlesautresvictimesdelaroute.fr\/justice\/wp-json\/wp\/v2\/pages\/47746\/revisions\/47967"}],"up":[{"embeddable":true,"href":"https:\/\/lioneletlesautresvictimesdelaroute.fr\/justice\/wp-json\/wp\/v2\/pages\/47636"}],"wp:attachment":[{"href":"https:\/\/lioneletlesautresvictimesdelaroute.fr\/justice\/wp-json\/wp\/v2\/media?parent=47746"}],"wp:term":[{"taxonomy":"category","embeddable":true,"href":"https:\/\/lioneletlesautresvictimesdelaroute.fr\/justice\/wp-json\/wp\/v2\/categories?post=47746"},{"taxonomy":"post_tag","embeddable":true,"href":"https:\/\/lioneletlesautresvictimesdelaroute.fr\/justice\/wp-json\/wp\/v2\/tags?post=47746"}],"curies":[{"name":"wp","href":"https:\/\/api.w.org\/{rel}","templated":true}]}}