{"id":47858,"date":"2025-03-06T08:04:45","date_gmt":"2025-03-06T07:04:45","guid":{"rendered":"https:\/\/lioneletlesautresvictimesdelaroute.fr\/justice\/?page_id=47858"},"modified":"2026-02-07T10:02:12","modified_gmt":"2026-02-07T09:02:12","slug":"gouvernement-quelles-modalites-pour-nos-envois-2024","status":"publish","type":"page","link":"https:\/\/lioneletlesautresvictimesdelaroute.fr\/justice\/nos-actions\/nos-interventions\/plan-dactions-2024\/gouvernement-plan-dactions-2024\/gouvernement-quelles-modalites-pour-nos-envois-2024\/","title":{"rendered":"Gouvernement : Quelles modalit\u00e9s pour nos envois 2024"},"content":{"rendered":"\t\t<div data-elementor-type=\"wp-page\" data-elementor-id=\"47858\" class=\"elementor elementor-47858\" data-elementor-settings=\"{&quot;ha_cmc_init_switcher&quot;:&quot;no&quot;}\">\n\t\t\t\t<div class=\"elementor-element elementor-element-4a3aee7 e-flex e-con-boxed wpr-particle-no wpr-jarallax-no wpr-parallax-no wpr-sticky-section-no wpr-equal-height-no e-con e-parent\" data-id=\"4a3aee7\" data-element_type=\"container\" data-e-type=\"container\" data-settings=\"{&quot;_ha_eqh_enable&quot;:false}\">\n\t\t\t\t\t<div class=\"e-con-inner\">\n\t\t\t\t<div class=\"elementor-element elementor-element-f834ee3 elementor-widget elementor-widget-heading\" data-id=\"f834ee3\" data-element_type=\"widget\" data-e-type=\"widget\" data-widget_type=\"heading.default\">\n\t\t\t\t<div class=\"elementor-widget-container\">\n\t\t\t\t\t<h2 class=\"elementor-heading-title elementor-size-default\">Envois  par Courrier postal avec AR<\/h2>\t\t\t\t<\/div>\n\t\t\t\t<\/div>\n\t\t\t\t<div class=\"elementor-element elementor-element-c08a180 elementor-widget elementor-widget-text-editor\" data-id=\"c08a180\" data-element_type=\"widget\" data-e-type=\"widget\" data-widget_type=\"text-editor.default\">\n\t\t\t\t<div class=\"elementor-widget-container\">\n\t\t\t\t\t\t\t\t\t<p>Des exemples de nos envois<\/p>\t\t\t\t\t\t\t\t<\/div>\n\t\t\t\t<\/div>\n\t\t\t\t<div class=\"elementor-element elementor-element-719f201 elementor-widget-divider--view-line elementor-widget elementor-widget-divider\" data-id=\"719f201\" data-element_type=\"widget\" data-e-type=\"widget\" data-widget_type=\"divider.default\">\n\t\t\t\t<div class=\"elementor-widget-container\">\n\t\t\t\t\t\t\t<div class=\"elementor-divider\">\n\t\t\t<span class=\"elementor-divider-separator\">\n\t\t\t\t\t\t<\/span>\n\t\t<\/div>\n\t\t\t\t\t\t<\/div>\n\t\t\t\t<\/div>\n\t\t\t\t<div class=\"elementor-element elementor-element-0f2370c elementor-widget elementor-widget-heading\" data-id=\"0f2370c\" data-element_type=\"widget\" data-e-type=\"widget\" data-widget_type=\"heading.default\">\n\t\t\t\t<div class=\"elementor-widget-container\">\n\t\t\t\t\t<h3 class=\"elementor-heading-title elementor-size-default\"><span style=\"color: #000080\"><strong>E<\/strong><\/span>nvoi : le 19 mars 2024<\/h3>\t\t\t\t<\/div>\n\t\t\t\t<\/div>\n\t\t\t\t<div class=\"elementor-element elementor-element-2425fb7 elementor-widget elementor-widget-text-editor\" data-id=\"2425fb7\" data-element_type=\"widget\" data-e-type=\"widget\" data-widget_type=\"text-editor.default\">\n\t\t\t\t<div class=\"elementor-widget-container\">\n\t\t\t\t\t\t\t\t\t<h3>Monsieur Dupond-Moretti \u00c9ric, Ministre la Justice Garde des Sceaux<\/h3>\t\t\t\t\t\t\t\t<\/div>\n\t\t\t\t<\/div>\n\t\t\t\t\t<\/div>\n\t\t\t\t<\/div>\n\t\t<div class=\"elementor-element elementor-element-1f0be0e e-flex e-con-boxed wpr-particle-no wpr-jarallax-no wpr-parallax-no wpr-sticky-section-no wpr-equal-height-no e-con e-parent\" data-id=\"1f0be0e\" data-element_type=\"container\" data-e-type=\"container\" data-settings=\"{&quot;_ha_eqh_enable&quot;:false}\">\n\t\t\t\t\t<div class=\"e-con-inner\">\n\t\t\t\t<div class=\"elementor-element elementor-element-7ce8e6d elementor-widget elementor-widget-heading\" data-id=\"7ce8e6d\" data-element_type=\"widget\" data-e-type=\"widget\" data-widget_type=\"heading.default\">\n\t\t\t\t<div class=\"elementor-widget-container\">\n\t\t\t\t\t<h3 class=\"elementor-heading-title elementor-size-default\">Carences r\u00e9glementaires et l\u00e9gislatives encadrant les autopsies judiciaires \n<br>Votre r\u00e9ponse \u00e0 Monsieur Fr\u00e9d\u00e9ric Cabrolier, d\u00e9put\u00e9 du Tarn<\/h3>\t\t\t\t<\/div>\n\t\t\t\t<\/div>\n\t\t\t\t<div class=\"elementor-element elementor-element-4051a92 elementor-widget elementor-widget-embedpres_document\" data-id=\"4051a92\" data-element_type=\"widget\" data-e-type=\"widget\" data-widget_type=\"embedpres_document.default\">\n\t\t\t\t<div class=\"elementor-widget-container\">\n\t\t\t\t\t\n        <div class=\"embedpress-document-embed ep-doc-6d53b8245e383960c499356be4ebf093 ose-document \" style=\"width: 600px; height: 600px; max-width:100%; display: inline-block\">\n\n                        <div >\n\n                <div id=\"ep-elementor-content-4051a92\" class=\"ep-elementor-content    ep-content-protection-disabled\">\n                    <div id=\"4051a92\" class=\"ep-embed-content-wraper\">\n                        <div class=\"embedpress-embed-document-pdf embedpress-pdf-4051a92\" data-emid=\"embedpress-pdf-4051a92\" data-embedpress-content=\"5d8b9c7b67c56f4980b3f5db3da931c0\" data-embed-type=\"Document\" data-emsrc=\"https:\/\/lioneletlesautresvictimesdelaroute.fr\/justice\/wp-content\/uploads\/2024\/04\/COURRIER-ATTAL.pdf\"><iframe title=\"COURRIER ATTAL\" class=\"embedpress-embed-document-pdf embedpress-pdf-4051a92\" style=\"width: 600px; height: 600px; max-width:100%; display: inline-block\" src=\"https:\/\/lioneletlesautresvictimesdelaroute.fr\/justice\/wp-admin\/admin-ajax.php?action=get_viewer&#038;file=https%3A%2F%2Flioneletlesautresvictimesdelaroute.fr%2Fjustice%2Fwp-content%2Fuploads%2F2024%2F04%2FCOURRIER-ATTAL.pdf#key=dGhlbWVNb2RlPWRlZmF1bHQmdG9vbGJhcj10cnVlJnBvc2l0aW9uPXRvcCZwcmVzZW50YXRpb249ZmFsc2UmbGF6eUxvYWQ9ZmFsc2UmZG93bmxvYWQ9dHJ1ZSZjb3B5X3RleHQ9dHJ1ZSZhZGRfdGV4dD1mYWxzZSZkcmF3PXRydWUmYWRkX2ltYWdlPWZhbHNlJnBkZl9yb3RhdGlvbj1mYWxzZSZwZGZfZGV0YWlscz1mYWxzZSZ6b29tX2luPXRydWUmem9vbV9vdXQ9dHJ1ZSZmaXRfdmlldz10cnVlJmJvb2ttYXJrPWZhbHNlJnNvdW5kPWZhbHNlJmZsaXBib29rX3Rvb2xiYXJfcG9zaXRpb249Ym90dG9tJnNlbGVjdGlvbl90b29sPTAmc2Nyb2xsaW5nPS0xJnNwcmVhZHM9LTEmaXNfcHJvX2FjdGl2ZT0wJndhdGVybWFya190ZXh0PSZ3YXRlcm1hcmtfZm9udF9zaXplPTQ4JndhdGVybWFya19jb2xvcj0lMjMwMDAwMDAmd2F0ZXJtYXJrX29wYWNpdHk9MTUmd2F0ZXJtYXJrX3N0eWxlPWNlbnRlcg==\" frameborder=\"0\"><\/iframe><p class=\"embedpress-el-powered\">Powered By EmbedPress<\/p><\/div>                    <\/div>\n                <\/div>\n                            <\/div>\n        <\/div>\n\n    \t\t\t\t<\/div>\n\t\t\t\t<\/div>\n\t\t\t\t<div class=\"elementor-element elementor-element-40c7260 elementor-widget elementor-widget-spacer\" data-id=\"40c7260\" data-element_type=\"widget\" data-e-type=\"widget\" data-widget_type=\"spacer.default\">\n\t\t\t\t<div class=\"elementor-widget-container\">\n\t\t\t\t\t\t\t<div class=\"elementor-spacer\">\n\t\t\t<div class=\"elementor-spacer-inner\"><\/div>\n\t\t<\/div>\n\t\t\t\t\t\t<\/div>\n\t\t\t\t<\/div>\n\t\t\t\t\t<\/div>\n\t\t\t\t<\/div>\n\t\t<div class=\"elementor-element elementor-element-921dfec e-flex e-con-boxed wpr-particle-no wpr-jarallax-no wpr-parallax-no wpr-sticky-section-no wpr-equal-height-no e-con e-parent\" data-id=\"921dfec\" data-element_type=\"container\" data-e-type=\"container\" data-settings=\"{&quot;_ha_eqh_enable&quot;:false}\">\n\t\t\t\t\t<div class=\"e-con-inner\">\n\t\t\t\t<div class=\"elementor-element elementor-element-aea7fbd elementor-widget elementor-widget-heading\" data-id=\"aea7fbd\" data-element_type=\"widget\" data-e-type=\"widget\" data-widget_type=\"heading.default\">\n\t\t\t\t<div class=\"elementor-widget-container\">\n\t\t\t\t\t<h3 class=\"elementor-heading-title elementor-size-default\"><span style=\"color: #000080\"><strong>E<\/strong><\/span>nvoi : 02 Avril 2024<\/h3>\t\t\t\t<\/div>\n\t\t\t\t<\/div>\n\t\t\t\t<div class=\"elementor-element elementor-element-fd99cbb elementor-widget elementor-widget-text-editor\" data-id=\"fd99cbb\" data-element_type=\"widget\" data-e-type=\"widget\" data-widget_type=\"text-editor.default\">\n\t\t\t\t<div class=\"elementor-widget-container\">\n\t\t\t\t\t\t\t\t\t<h3>Monsieur Attal Gabriel, Premier Ministre<\/h3>\t\t\t\t\t\t\t\t<\/div>\n\t\t\t\t<\/div>\n\t\t\t\t<div class=\"elementor-element elementor-element-3e65f96 elementor-widget elementor-widget-heading\" data-id=\"3e65f96\" data-element_type=\"widget\" data-e-type=\"widget\" data-widget_type=\"heading.default\">\n\t\t\t\t<div class=\"elementor-widget-container\">\n\t\t\t\t\t<h3 class=\"elementor-heading-title elementor-size-default\">Autopsies judiciaires\n<br>Non respect de la l\u00e9gislation <br>Respect du corps apr\u00e8s la mort<\/h3>\t\t\t\t<\/div>\n\t\t\t\t<\/div>\n\t\t\t\t<div class=\"elementor-element elementor-element-9e33c6c elementor-widget elementor-widget-embedpres_document\" data-id=\"9e33c6c\" data-element_type=\"widget\" data-e-type=\"widget\" data-widget_type=\"embedpres_document.default\">\n\t\t\t\t<div class=\"elementor-widget-container\">\n\t\t\t\t\t\n        <div class=\"embedpress-document-embed ep-doc-3179230b2485391d2d30baf7801ff015 ose-document \" style=\"width: 600px; height: 600px; max-width:100%; display: inline-block\">\n\n                        <div >\n\n                <div id=\"ep-elementor-content-9e33c6c\" class=\"ep-elementor-content    ep-content-protection-disabled\">\n                    <div id=\"9e33c6c\" class=\"ep-embed-content-wraper\">\n                        <div class=\"embedpress-embed-document-pdf embedpress-pdf-9e33c6c\" data-emid=\"embedpress-pdf-9e33c6c\" data-embedpress-content=\"5d8b9c7b67c56f4980b3f5db3da931c0\" data-embed-type=\"Document\" data-emsrc=\"https:\/\/lioneletlesautresvictimesdelaroute.fr\/justice\/wp-content\/uploads\/2024\/04\/COURRIER-ATTAL.pdf\"><iframe title=\"COURRIER ATTAL\" class=\"embedpress-embed-document-pdf embedpress-pdf-9e33c6c\" style=\"width: 600px; height: 600px; max-width:100%; display: inline-block\" src=\"https:\/\/lioneletlesautresvictimesdelaroute.fr\/justice\/wp-admin\/admin-ajax.php?action=get_viewer&#038;file=https%3A%2F%2Flioneletlesautresvictimesdelaroute.fr%2Fjustice%2Fwp-content%2Fuploads%2F2024%2F04%2FCOURRIER-ATTAL.pdf#key=dGhlbWVNb2RlPWRlZmF1bHQmdG9vbGJhcj10cnVlJnBvc2l0aW9uPXRvcCZwcmVzZW50YXRpb249ZmFsc2UmbGF6eUxvYWQ9ZmFsc2UmZG93bmxvYWQ9dHJ1ZSZjb3B5X3RleHQ9dHJ1ZSZhZGRfdGV4dD1mYWxzZSZkcmF3PXRydWUmYWRkX2ltYWdlPWZhbHNlJnBkZl9yb3RhdGlvbj1mYWxzZSZwZGZfZGV0YWlscz1mYWxzZSZ6b29tX2luPXRydWUmem9vbV9vdXQ9dHJ1ZSZmaXRfdmlldz10cnVlJmJvb2ttYXJrPWZhbHNlJnNvdW5kPWZhbHNlJmZsaXBib29rX3Rvb2xiYXJfcG9zaXRpb249Ym90dG9tJnNlbGVjdGlvbl90b29sPTAmc2Nyb2xsaW5nPS0xJnNwcmVhZHM9LTEmaXNfcHJvX2FjdGl2ZT0wJndhdGVybWFya190ZXh0PSZ3YXRlcm1hcmtfZm9udF9zaXplPTQ4JndhdGVybWFya19jb2xvcj0lMjMwMDAwMDAmd2F0ZXJtYXJrX29wYWNpdHk9MTUmd2F0ZXJtYXJrX3N0eWxlPWNlbnRlcg==\" frameborder=\"0\"><\/iframe><p class=\"embedpress-el-powered\">Powered By EmbedPress<\/p><\/div>                    <\/div>\n                <\/div>\n                            <\/div>\n        <\/div>\n\n    \t\t\t\t<\/div>\n\t\t\t\t<\/div>\n\t\t\t\t<div class=\"elementor-element elementor-element-d979e2b elementor-widget elementor-widget-spacer\" data-id=\"d979e2b\" data-element_type=\"widget\" data-e-type=\"widget\" data-widget_type=\"spacer.default\">\n\t\t\t\t<div class=\"elementor-widget-container\">\n\t\t\t\t\t\t\t<div class=\"elementor-spacer\">\n\t\t\t<div class=\"elementor-spacer-inner\"><\/div>\n\t\t<\/div>\n\t\t\t\t\t\t<\/div>\n\t\t\t\t<\/div>\n\t\t\t\t\t<\/div>\n\t\t\t\t<\/div>\n\t\t<div class=\"elementor-element elementor-element-71a547e e-flex e-con-boxed wpr-particle-no wpr-jarallax-no wpr-parallax-no wpr-sticky-section-no wpr-equal-height-no e-con e-parent\" data-id=\"71a547e\" data-element_type=\"container\" data-e-type=\"container\" data-settings=\"{&quot;_ha_eqh_enable&quot;:false}\">\n\t\t\t\t\t<div class=\"e-con-inner\">\n\t\t\t\t<div class=\"elementor-element elementor-element-2f3233e elementor-widget elementor-widget-heading\" data-id=\"2f3233e\" data-element_type=\"widget\" data-e-type=\"widget\" data-widget_type=\"heading.default\">\n\t\t\t\t<div class=\"elementor-widget-container\">\n\t\t\t\t\t<h3 class=\"elementor-heading-title elementor-size-default\"><span style=\"color: #000080\"><strong>R<\/strong><\/span>\u00e9ponse du Ministre de la Justice du   F\u00e9vrier 2024<\/h3>\t\t\t\t<\/div>\n\t\t\t\t<\/div>\n\t\t\t\t<div class=\"elementor-element elementor-element-c8240a3 elementor-widget elementor-widget-text-editor\" data-id=\"c8240a3\" data-element_type=\"widget\" data-e-type=\"widget\" data-widget_type=\"text-editor.default\">\n\t\t\t\t<div class=\"elementor-widget-container\">\n\t\t\t\t\t\t\t\t\t<h3>Du Ministre de la Justice Monsieur Eric Dupond-Moretti \u00e0 Monsieur le D\u00e9put\u00e9 Fr\u00e9d\u00e9ric Cabrolier<\/h3>\t\t\t\t\t\t\t\t<\/div>\n\t\t\t\t<\/div>\n\t\t\t\t<div class=\"elementor-element elementor-element-915471a elementor-widget elementor-widget-heading\" data-id=\"915471a\" data-element_type=\"widget\" data-e-type=\"widget\" data-widget_type=\"heading.default\">\n\t\t\t\t<div class=\"elementor-widget-container\">\n\t\t\t\t\t<h3 class=\"elementor-heading-title elementor-size-default\">Carences r\u00e9glementaires et l\u00e9gislatives<br>encadrant les autopsies judiciaires.<\/h3>\t\t\t\t<\/div>\n\t\t\t\t<\/div>\n\t\t\t\t<div class=\"elementor-element elementor-element-a7a75a8 elementor-widget elementor-widget-embedpres_document\" data-id=\"a7a75a8\" data-element_type=\"widget\" data-e-type=\"widget\" data-widget_type=\"embedpres_document.default\">\n\t\t\t\t<div class=\"elementor-widget-container\">\n\t\t\t\t\t\n        <div class=\"embedpress-document-embed ep-doc-eb294f7adb5d319716a572cfffe0ef14 ose-document \" style=\"width: 600px; height: 600px; max-width:100%; display: inline-block\">\n\n                        <div >\n\n                <div id=\"ep-elementor-content-a7a75a8\" class=\"ep-elementor-content    ep-content-protection-disabled\">\n                    <div id=\"a7a75a8\" class=\"ep-embed-content-wraper\">\n                        <div class=\"embedpress-embed-document-pdf embedpress-pdf-a7a75a8\" data-emid=\"embedpress-pdf-a7a75a8\" data-embedpress-content=\"750b3fac91bb769190e370067ef0bdc3\" data-embed-type=\"Document\" data-emsrc=\"https:\/\/lioneletlesautresvictimesdelaroute.fr\/justice\/wp-content\/uploads\/2024\/09\/QST-AN-16-13086QE-1.pdf\"><iframe title=\"QST-AN-16-13086QE-1\" class=\"embedpress-embed-document-pdf embedpress-pdf-a7a75a8\" style=\"width: 600px; height: 600px; max-width:100%; display: inline-block\" src=\"https:\/\/lioneletlesautresvictimesdelaroute.fr\/justice\/wp-admin\/admin-ajax.php?action=get_viewer&#038;file=https%3A%2F%2Flioneletlesautresvictimesdelaroute.fr%2Fjustice%2Fwp-content%2Fuploads%2F2024%2F09%2FQST-AN-16-13086QE-1.pdf#key=dGhlbWVNb2RlPWRlZmF1bHQmdG9vbGJhcj10cnVlJnBvc2l0aW9uPXRvcCZwcmVzZW50YXRpb249ZmFsc2UmbGF6eUxvYWQ9ZmFsc2UmZG93bmxvYWQ9dHJ1ZSZjb3B5X3RleHQ9dHJ1ZSZhZGRfdGV4dD1mYWxzZSZkcmF3PXRydWUmYWRkX2ltYWdlPWZhbHNlJnBkZl9yb3RhdGlvbj1mYWxzZSZwZGZfZGV0YWlscz1mYWxzZSZ6b29tX2luPXRydWUmem9vbV9vdXQ9dHJ1ZSZmaXRfdmlldz10cnVlJmJvb2ttYXJrPWZhbHNlJnNvdW5kPWZhbHNlJmZsaXBib29rX3Rvb2xiYXJfcG9zaXRpb249Ym90dG9tJnNlbGVjdGlvbl90b29sPTAmc2Nyb2xsaW5nPS0xJnNwcmVhZHM9LTEmaXNfcHJvX2FjdGl2ZT0wJndhdGVybWFya190ZXh0PSZ3YXRlcm1hcmtfZm9udF9zaXplPTQ4JndhdGVybWFya19jb2xvcj0lMjMwMDAwMDAmd2F0ZXJtYXJrX29wYWNpdHk9MTUmd2F0ZXJtYXJrX3N0eWxlPWNlbnRlcg==\" frameborder=\"0\"><\/iframe><p class=\"embedpress-el-powered\">Powered By EmbedPress<\/p><\/div>                    <\/div>\n                <\/div>\n                            <\/div>\n        <\/div>\n\n    \t\t\t\t<\/div>\n\t\t\t\t<\/div>\n\t\t\t\t<div class=\"elementor-element elementor-element-649e103 elementor-widget elementor-widget-spacer\" data-id=\"649e103\" data-element_type=\"widget\" data-e-type=\"widget\" data-widget_type=\"spacer.default\">\n\t\t\t\t<div class=\"elementor-widget-container\">\n\t\t\t\t\t\t\t<div class=\"elementor-spacer\">\n\t\t\t<div class=\"elementor-spacer-inner\"><\/div>\n\t\t<\/div>\n\t\t\t\t\t\t<\/div>\n\t\t\t\t<\/div>\n\t\t\t\t\t<\/div>\n\t\t\t\t<\/div>\n\t\t\t\t<\/div>\n\t\t","protected":false},"excerpt":{"rendered":"<p>Envois par Courrier postal avec AR Des exemples de nos envois Envoi : le 19 mars 2024 Monsieur Dupond-Moretti \u00c9ric, Ministre la Justice Garde des Sceaux Carences r\u00e9glementaires et l\u00e9gislatives encadrant les autopsies judiciaires Votre r\u00e9ponse \u00e0 Monsieur Fr\u00e9d\u00e9ric Cabrolier, d\u00e9put\u00e9 du Tarn Powered By EmbedPress Envoi : 02 Avril 2024 Monsieur Attal Gabriel, Premier Ministre Autopsies judiciaires Non respect de la l\u00e9gislation Respect du corps apr\u00e8s la mort Powered By EmbedPress R\u00e9ponse du Ministre de la Justice du F\u00e9vrier 2024 Du Ministre de la Justice Monsieur Eric Dupond-Moretti \u00e0 Monsieur le D\u00e9put\u00e9 Fr\u00e9d\u00e9ric Cabrolier Carences r\u00e9glementaires et l\u00e9gislatives encadrant les autopsies judiciaires. Powered By EmbedPress<\/p>\n","protected":false},"author":1,"featured_media":0,"parent":47746,"menu_order":0,"comment_status":"closed","ping_status":"closed","template":"","meta":{"_uag_custom_page_level_css":"","sfsi_plus_gutenberg_text_before_share":"","sfsi_plus_gutenberg_show_text_before_share":"","sfsi_plus_gutenberg_icon_type":"","sfsi_plus_gutenberg_icon_alignemt":"","sfsi_plus_gutenburg_max_per_row":"","_lmt_disableupdate":"no","_lmt_disable":"no","_monsterinsights_skip_tracking":false,"_monsterinsights_sitenote_active":false,"_monsterinsights_sitenote_note":"","_monsterinsights_sitenote_category":0,"site-sidebar-layout":"default","site-content-layout":"","ast-site-content-layout":"default","site-content-style":"default","site-sidebar-style":"default","ast-global-header-display":"","ast-banner-title-visibility":"","ast-main-header-display":"","ast-hfb-above-header-display":"","ast-hfb-below-header-display":"","ast-hfb-mobile-header-display":"","site-post-title":"","ast-breadcrumbs-content":"","ast-featured-img":"","footer-sml-layout":"","ast-disable-related-posts":"","theme-transparent-header-meta":"","adv-header-id-meta":"","stick-header-meta":"","header-above-stick-meta":"","header-main-stick-meta":"","header-below-stick-meta":"","astra-migrate-meta-layouts":"default","ast-page-background-enabled":"default","ast-page-background-meta":{"desktop":{"background-color":"var(--ast-global-color-4)","background-image":"","background-repeat":"repeat","background-position":"center center","background-size":"auto","background-attachment":"scroll","background-type":"","background-media":"","overlay-type":"","overlay-color":"","overlay-opacity":"","overlay-gradient":""},"tablet":{"background-color":"","background-image":"","background-repeat":"repeat","background-position":"center center","background-size":"auto","background-attachment":"scroll","background-type":"","background-media":"","overlay-type":"","overlay-color":"","overlay-opacity":"","overlay-gradient":""},"mobile":{"background-color":"","background-image":"","background-repeat":"repeat","background-position":"center center","background-size":"auto","background-attachment":"scroll","background-type":"","background-media":"","overlay-type":"","overlay-color":"","overlay-opacity":"","overlay-gradient":""}},"ast-content-background-meta":{"desktop":{"background-color":"var(--ast-global-color-5)","background-image":"","background-repeat":"repeat","background-position":"center center","background-size":"auto","background-attachment":"scroll","background-type":"","background-media":"","overlay-type":"","overlay-color":"","overlay-opacity":"","overlay-gradient":""},"tablet":{"background-color":"var(--ast-global-color-5)","background-image":"","background-repeat":"repeat","background-position":"center center","background-size":"auto","background-attachment":"scroll","background-type":"","background-media":"","overlay-type":"","overlay-color":"","overlay-opacity":"","overlay-gradient":""},"mobile":{"background-color":"var(--ast-global-color-5)","background-image":"","background-repeat":"repeat","background-position":"center center","background-size":"auto","background-attachment":"scroll","background-type":"","background-media":"","overlay-type":"","overlay-color":"","overlay-opacity":"","overlay-gradient":""}},"iawp_total_views":0,"footnotes":""},"categories":[26],"tags":[],"class_list":["post-47858","page","type-page","status-publish","hentry","category-gouvernement"],"aioseo_notices":[],"uagb_featured_image_src":{"full":false,"thumbnail":false,"medium":false,"medium_large":false,"large":false,"1536x1536":false,"2048x2048":false},"uagb_author_info":{"display_name":"Michel BOUDRY","author_link":"https:\/\/lioneletlesautresvictimesdelaroute.fr\/justice\/author\/wmliojustbdy208\/"},"uagb_comment_info":0,"uagb_excerpt":"Envois par Courrier postal avec AR Des exemples de nos envois Envoi : le 19 mars 2024 Monsieur Dupond-Moretti \u00c9ric, Ministre la Justice Garde des Sceaux Carences r\u00e9glementaires et l\u00e9gislatives encadrant les autopsies judiciaires Votre r\u00e9ponse \u00e0 Monsieur Fr\u00e9d\u00e9ric Cabrolier, d\u00e9put\u00e9 du Tarn Powered By EmbedPress Envoi : 02 Avril 2024 Monsieur Attal Gabriel, Premier\u2026","rttpg_featured_image_url":null,"rttpg_author":{"display_name":"Michel BOUDRY","author_link":"https:\/\/lioneletlesautresvictimesdelaroute.fr\/justice\/author\/wmliojustbdy208\/"},"rttpg_comment":0,"rttpg_category":" <a href=\"https:\/\/lioneletlesautresvictimesdelaroute.fr\/justice\/category\/gouvernement\/\" rel=\"tag\">Gouvernement<\/a>","rttpg_excerpt":"Envois par Courrier postal avec AR Des exemples de nos envois Envoi : le 19 mars 2024 Monsieur Dupond-Moretti \u00c9ric, Ministre la Justice Garde des Sceaux Carences r\u00e9glementaires et l\u00e9gislatives encadrant les autopsies judiciaires Votre r\u00e9ponse \u00e0 Monsieur Fr\u00e9d\u00e9ric Cabrolier, d\u00e9put\u00e9 du Tarn Powered By EmbedPress Envoi : 02 Avril 2024 Monsieur Attal Gabriel, Premier\u2026","_links":{"self":[{"href":"https:\/\/lioneletlesautresvictimesdelaroute.fr\/justice\/wp-json\/wp\/v2\/pages\/47858","targetHints":{"allow":["GET"]}}],"collection":[{"href":"https:\/\/lioneletlesautresvictimesdelaroute.fr\/justice\/wp-json\/wp\/v2\/pages"}],"about":[{"href":"https:\/\/lioneletlesautresvictimesdelaroute.fr\/justice\/wp-json\/wp\/v2\/types\/page"}],"author":[{"embeddable":true,"href":"https:\/\/lioneletlesautresvictimesdelaroute.fr\/justice\/wp-json\/wp\/v2\/users\/1"}],"replies":[{"embeddable":true,"href":"https:\/\/lioneletlesautresvictimesdelaroute.fr\/justice\/wp-json\/wp\/v2\/comments?post=47858"}],"version-history":[{"count":2,"href":"https:\/\/lioneletlesautresvictimesdelaroute.fr\/justice\/wp-json\/wp\/v2\/pages\/47858\/revisions"}],"predecessor-version":[{"id":48000,"href":"https:\/\/lioneletlesautresvictimesdelaroute.fr\/justice\/wp-json\/wp\/v2\/pages\/47858\/revisions\/48000"}],"up":[{"embeddable":true,"href":"https:\/\/lioneletlesautresvictimesdelaroute.fr\/justice\/wp-json\/wp\/v2\/pages\/47746"}],"wp:attachment":[{"href":"https:\/\/lioneletlesautresvictimesdelaroute.fr\/justice\/wp-json\/wp\/v2\/media?parent=47858"}],"wp:term":[{"taxonomy":"category","embeddable":true,"href":"https:\/\/lioneletlesautresvictimesdelaroute.fr\/justice\/wp-json\/wp\/v2\/categories?post=47858"},{"taxonomy":"post_tag","embeddable":true,"href":"https:\/\/lioneletlesautresvictimesdelaroute.fr\/justice\/wp-json\/wp\/v2\/tags?post=47858"}],"curies":[{"name":"wp","href":"https:\/\/api.w.org\/{rel}","templated":true}]}}