{"id":48334,"date":"2025-03-07T11:17:52","date_gmt":"2025-03-07T10:17:52","guid":{"rendered":"https:\/\/lioneletlesautresvictimesdelaroute.fr\/justice\/?page_id=48334"},"modified":"2026-02-07T09:52:42","modified_gmt":"2026-02-07T08:52:42","slug":"senateurs-quand-les-avons-nous-contactes-2024","status":"publish","type":"page","link":"https:\/\/lioneletlesautresvictimesdelaroute.fr\/justice\/nos-actions\/nos-interventions\/plan-dactions-2024\/senateurs-plan-dactions-2024\/senateurs-quand-les-avons-nous-contactes-2024\/","title":{"rendered":"S\u00e9nateurs : Quand les avons-nous contact\u00e9s 2024"},"content":{"rendered":"\t\t<div data-elementor-type=\"wp-page\" data-elementor-id=\"48334\" class=\"elementor elementor-48334\" data-elementor-settings=\"{&quot;ha_cmc_init_switcher&quot;:&quot;no&quot;}\">\n\t\t\t\t<div class=\"elementor-element elementor-element-fc60780 e-flex e-con-boxed wpr-particle-no wpr-jarallax-no wpr-parallax-no wpr-sticky-section-no wpr-equal-height-no e-con e-parent\" data-id=\"fc60780\" data-element_type=\"container\" data-e-type=\"container\" data-settings=\"{&quot;_ha_eqh_enable&quot;:false}\">\n\t\t\t\t\t<div class=\"e-con-inner\">\n\t\t\t\t<div class=\"elementor-element elementor-element-30e0966 elementor-widget elementor-widget-heading\" data-id=\"30e0966\" data-element_type=\"widget\" data-e-type=\"widget\" data-widget_type=\"heading.default\">\n\t\t\t\t<div class=\"elementor-widget-container\">\n\t\t\t\t\t<h2 class=\"elementor-heading-title elementor-size-default\">EN 2024<br>\nQuand les avons-nous contact\u00e9s ?<\/h2>\t\t\t\t<\/div>\n\t\t\t\t<\/div>\n\t\t\t\t\t<\/div>\n\t\t\t\t<\/div>\n\t\t<div class=\"elementor-element elementor-element-fffcba0 e-flex e-con-boxed wpr-particle-no wpr-jarallax-no wpr-parallax-no wpr-sticky-section-no wpr-equal-height-no e-con e-parent\" data-id=\"fffcba0\" data-element_type=\"container\" data-e-type=\"container\" data-settings=\"{&quot;_ha_eqh_enable&quot;:false}\">\n\t\t\t\t\t<div class=\"e-con-inner\">\n\t\t\t\t<div class=\"elementor-element elementor-element-6ffac53 elementor-widget elementor-widget-spacer\" data-id=\"6ffac53\" data-element_type=\"widget\" data-e-type=\"widget\" data-widget_type=\"spacer.default\">\n\t\t\t\t<div class=\"elementor-widget-container\">\n\t\t\t\t\t\t\t<div class=\"elementor-spacer\">\n\t\t\t<div class=\"elementor-spacer-inner\"><\/div>\n\t\t<\/div>\n\t\t\t\t\t\t<\/div>\n\t\t\t\t<\/div>\n\t\t\t\t<div class=\"elementor-element elementor-element-594d45e elementor-widget elementor-widget-text-editor\" data-id=\"594d45e\" data-element_type=\"widget\" data-e-type=\"widget\" data-widget_type=\"text-editor.default\">\n\t\t\t\t<div class=\"elementor-widget-container\">\n\t\t\t\t\t\t\t\t\t<h4>Monsieur <strong>Anglars Jean-Claude<\/strong><\/h4><p><strong>E mail :<\/strong><br \/><strong>Objet :<\/strong><\/p><p><strong>E mail :<\/strong><br \/><strong>Objet :<\/strong><\/p><hr \/><h4>Monsieur <strong>Anglars Jean-Claude<\/strong><\/h4><p><strong>E mail :<\/strong><br \/><strong>Objet :<\/strong><\/p><p><strong>E mail :<\/strong><br \/><strong>Objet :<\/strong><\/p><hr \/><h4>Madame <strong>Artigalas Viviane<\/strong><\/h4><p><strong>E mail :<\/strong><br \/><strong>Objet :<\/strong><\/p><p><strong>E mail :<\/strong><br \/><strong>Objet :<\/strong><\/p><hr \/><h4>Monsieur <strong>Bilhac Christian<\/strong><\/h4><p><strong>E mail :<\/strong><br \/><strong>Objet :<\/strong><\/p><p><strong>E mail :<\/strong><br \/><strong>Objet :<\/strong><\/p><hr \/><h4>Madame <strong>Bonfanti-Dossa Christine<\/strong><\/h4><p><strong>E mail :<\/strong><br \/><strong>Objet :<\/strong><\/p><p><strong>E mail :<\/strong><br \/><strong>Objet :<\/strong><\/p><hr \/><h4>Monsieur <strong>Bonhomme Fran\u00e7ois<\/strong><\/h4><p><strong>E mail :<\/strong><br \/><strong>Objet :<\/strong><\/p><p><strong>E mail :<\/strong><br \/><strong>Objet :<\/strong><\/p><hr \/><h4>Monsieur <strong>Bonnecarrere Philippe<\/strong><\/h4><p><strong>E mail :<\/strong><br \/><strong>Objet :<\/strong><\/p><p><strong>E mail :<\/strong><br \/><strong>Objet :<\/strong><\/p><hr \/><h4>Monsieur <strong>Bouard Denis<\/strong><\/h4><p><strong>E mail :<\/strong><br \/><strong>Objet :<\/strong><\/p><hr \/><h4>Monsieur <strong>Bourgie Hussein<\/strong><\/h4><p><strong>E mail :<\/strong><br \/><strong>Objet :<\/strong><\/p><p><strong>E mail :<\/strong><br \/><strong>Objet :<\/strong><\/p><hr \/><h4>Monsieur <strong>Burgoa Laurent<\/strong><\/h4><p><strong>E mail :<\/strong><br \/><strong>Objet :<\/strong><\/p><p><strong>E mail :<\/strong><br \/><strong>Objet :<\/strong><\/p><hr \/><h4>Monsieur <strong>Cabanel Henri<\/strong><\/h4><p><strong>E mail :<\/strong><br \/><strong>Objet :<\/strong><\/p><p><strong>E mail :<\/strong><br \/><strong>Objet :<\/strong><\/p><hr \/><h4>Madame <strong>Carr\u00e8re Marryse<\/strong><\/h4><p><strong>E mail :<\/strong><br \/><strong>Objet :<\/strong><\/p><p><strong>E mail :<\/strong><br \/><strong>Objet :<\/strong><\/p><hr \/><h4>Madame <strong>Daubet Raphaele<\/strong><\/h4><p><strong>E mail :<\/strong><br \/><strong>Objet :<\/strong> .<\/p><p><strong>E mail :<\/strong><br \/><strong>Objet :<\/strong><\/p><hr \/><h4>Monsieur <strong>Duffourg Alain<\/strong><\/h4><p><strong>E mail :<\/strong><br \/><strong>Objet :<\/strong><\/p><p><strong>E mail :<\/strong><br \/><strong>Objet :<\/strong><\/p><hr \/><h4>Monsieur <strong>Folliot Philippe<\/strong><\/h4><p><strong>E mail :<\/strong><br \/><strong>Objet :<\/strong><\/p><p><strong>E mail :<\/strong><br \/><strong>Objet :<\/strong><\/p><hr \/><h4>Monsieur <strong>Grand Jean-Pierre<\/strong><\/h4><p><strong>E mail :<\/strong><br \/><strong>Objet :<\/strong><\/p><p><strong>E mail :<\/strong><br \/><strong>Objet :<\/strong><\/p><hr \/><h4>Madame <strong>Joede Lauriane<\/strong><\/h4><p><strong>E mail :<\/strong><br \/><strong>Objet :<\/strong><\/p><p><strong>E mail :<\/strong><br \/><strong>Objet :<\/strong><\/p><hr \/><h4>Monsieur <strong>Jourda Gis\u00e8le<\/strong><\/h4><p><strong>E mail :<\/strong><br \/><strong>Objet :<\/strong><\/p><p><strong>E mail :<\/strong><br \/><strong>Objet :<\/strong><\/p><hr \/><h4>Monsieur <strong>Levi Pierre-Fran\u00e7ois<\/strong><\/h4><p><strong>E mail :<\/strong><br \/><strong>Objet :<\/strong><\/p><p><strong>E mail :<\/strong><br \/><strong>Objet :<\/strong><\/p><hr \/><h4>Madame <strong>Lopez Vivette<\/strong><\/h4><p><strong>E mail :<\/strong><br \/><strong>Objet :<\/strong><\/p><p><strong>E mail :<\/strong><br \/><strong>Objet :<\/strong><\/p><hr \/><h4>Monsieur <strong>Marc Alain<\/strong><\/h4><p><strong>E mail :<\/strong><br \/><strong>Objet :<\/strong><\/p><p><strong>E mail :<\/strong><br \/><strong>Objet :<\/strong><\/p><hr \/><h4>Monsieur <strong>Michau Jean-Jacques<\/strong><\/h4><p><strong>E mail :<\/strong><br \/><strong>Objet :<\/strong><\/p><p><strong>E mail :<\/strong><br \/><strong>Objet :<\/strong><\/p><hr \/><h4>Monsieur <strong>Moga Jean-Pierre<\/strong><\/h4><p><strong>E mail :<\/strong><br \/><strong>Objet :<\/strong><\/p><p><strong>E mail :<\/strong><br \/><strong>Objet :<\/strong><\/p><hr \/><h4>Monsieur <strong>Montaug\u00e9 Franck<\/strong><\/h4><p><strong>E mail :<\/strong><br \/><strong>Objet :<\/strong><\/p><p><strong>E mail :<\/strong><br \/><strong>Objet :<\/strong><\/p><hr \/><h4>Madame <strong>Pant\u00e8l Guyl\u00e8ne<\/strong><\/h4><p><strong>E mail :<\/strong><br \/><strong>Objet :<\/strong><\/p><p><strong>E mail :<\/strong><br \/><strong>Objet :<\/strong><\/p><hr \/><h4>Monsieur <strong>Pla S\u00e9bastien<\/strong><\/h4><p><strong>E mail :<\/strong><br \/><strong>Objet :<\/strong><\/p><p><strong>E mail :<\/strong><br \/><strong>Objet :<\/strong><\/p><hr \/><h4>Monsieur <strong>Sol Jean<\/strong><\/h4><p><strong>E mail :<\/strong><br \/><strong>Objet :<\/strong><\/p><p><strong>E mail :<\/strong><br \/><strong>Objet :<\/strong><\/p><hr \/><p>&lt;<\/p><h4>Monsieur <strong>Vayssouze-Faure Marc<\/strong><\/h4><p><strong>E mail :<\/strong><br \/><strong>Objet :<\/strong><\/p><p><strong>E mail :<\/strong><br \/><strong>Objet :<\/strong><\/p><hr \/><h4>Madame <strong>Artigalas Viviane<\/strong><\/h4><p><strong>E mail :<br \/><\/strong><strong>Objet :<\/strong><\/p><p><strong>E mail :<br \/><\/strong><strong>Objet :<\/strong><\/p><hr \/><h4>Monsieur <strong>Bilhac Christian<\/strong><\/h4><p><strong>E mail :<\/strong><br \/><strong>Objet :<\/strong><\/p><p><strong>E mail :<\/strong><br \/><strong>Objet :<\/strong><\/p><hr \/><h4>Madame <strong>Bonfanti-Dossa Christine<\/strong><\/h4><p><strong>E mail :<\/strong><br \/><strong>Objet :<\/strong><\/p><p><strong>E mail :<\/strong><br \/><strong>Objet :<\/strong><\/p><hr \/><h4>Monsieur <strong>Bonhomme Fran\u00e7ois<\/strong><\/h4><p><strong>E mail :<\/strong><br \/><strong>Objet :<\/strong><\/p><p><strong>E mail :<\/strong><br \/><strong>Objet :<\/strong><\/p><hr \/><h4>Monsieur <strong>Bonnecarrere Philippe<\/strong><\/h4><p><strong>E mail :<\/strong><br \/><strong>Objet :<\/strong><\/p><p><strong>E mail :<\/strong><br \/><strong>Objet :<\/strong><\/p><hr \/><h4>Monsieur <strong>Bouard Denis<\/strong><\/h4><p><strong>E mail :<\/strong><br \/><strong>Objet :<\/strong><\/p><hr \/><h4>Monsieur <strong>Bourgie Hussein<\/strong><\/h4><p><strong>E mail :<\/strong><br \/><strong>Objet :<\/strong><\/p><p><strong>E mail :<\/strong><br \/><strong>Objet :<\/strong><\/p><hr \/><h4>Monsieur <strong>Burgoa Laurent<\/strong><\/h4><p><strong>E mail :<\/strong><br \/><strong>Objet :<\/strong><\/p><p><strong>E mail :<\/strong><br \/><strong>Objet :<\/strong><\/p><hr \/><h4>Monsieur <strong>Cabanel Henri<\/strong><\/h4><p><strong>E mail :<\/strong><br \/><strong>Objet :<\/strong><\/p><p><strong>E mail :<\/strong><br \/><strong>Objet :<\/strong><\/p><hr \/><h4>Madame <strong>Carr\u00e8re Marryse<\/strong><\/h4><p><strong>E mail :<\/strong><br \/><strong>Objet :<\/strong><\/p><p><strong>E mail :<\/strong><br \/><strong>Objet :<\/strong><\/p><hr \/><h4>Madame <strong>Daubet Raphaele<\/strong><\/h4><p><strong>E mail :<\/strong><br \/><strong>Objet :<\/strong> .<\/p><p><strong>E mail :<\/strong><br \/><strong>Objet :<\/strong><\/p><hr \/><h4>Monsieur <strong>Duffourg Alain<\/strong><\/h4><p><strong>E mail :<\/strong><br \/><strong>Objet :<\/strong><\/p><p><strong>E mail :<\/strong><br \/><strong>Objet :<\/strong><\/p><hr \/><h4>Monsieur <strong>Folliot Philippe<\/strong><\/h4><p><strong>E mail :<\/strong><br \/><strong>Objet :<\/strong><\/p><p><strong>E mail :<\/strong><br \/><strong>Objet :<\/strong><\/p><hr \/><h4>Monsieur <strong>Grand Jean-Pierre<\/strong><\/h4><p><strong>E mail :<\/strong><br \/><strong>Objet :<\/strong><\/p><p><strong>E mail :<\/strong><br \/><strong>Objet :<\/strong><\/p><hr \/><h4>Madame <strong>Joede Lauriane<\/strong><\/h4><p><strong>E mail :<\/strong><br \/><strong>Objet :<\/strong><\/p><p><strong>E mail :<\/strong><br \/><strong>Objet :<\/strong><\/p><hr \/><h4>Monsieur <strong>Jourda Gis\u00e8le<\/strong><\/h4><p><strong>E mail :<\/strong><br \/><strong>Objet :<\/strong><\/p><p><strong>E mail :<\/strong><br \/><strong>Objet :<\/strong><\/p><hr \/><h4>Monsieur <strong>Levi Pierre-Fran\u00e7ois<\/strong><\/h4><p><strong>E mail :<\/strong><br \/><strong>Objet :<\/strong><\/p><p><strong>E mail :<\/strong><br \/><strong>Objet :<\/strong><\/p><hr \/><h4>Madame <strong>Lopez Vivette<\/strong><\/h4><p><strong>E mail :<\/strong><br \/><strong>Objet :<\/strong><\/p><p><strong>E mail :<\/strong><br \/><strong>Objet :<\/strong><\/p><hr \/><h4>Monsieur <strong>Marc Alain<\/strong><\/h4><p><strong>E mail :<\/strong><br \/><strong>Objet :<\/strong><\/p><p><strong>E mail :<\/strong><br \/><strong>Objet :<\/strong><\/p><hr \/><h4>Monsieur <strong>Michau Jean-Jacques<\/strong><\/h4><p><strong>E mail :<\/strong><br \/><strong>Objet :<\/strong><\/p><p><strong>E mail :<\/strong><br \/><strong>Objet :<\/strong><\/p><hr \/><h4>Monsieur <strong>Moga Jean-Pierre<\/strong><\/h4><p><strong>E mail :<\/strong><br \/><strong>Objet :<\/strong><\/p><p><strong>E mail :<\/strong><br \/><strong>Objet :<\/strong><\/p><hr \/><h4>Monsieur <strong>Montaug\u00e9 Franck<\/strong><\/h4><p><strong>E mail :<\/strong><br \/><strong>Objet :<\/strong><\/p><p><strong>E mail :<\/strong><br \/><strong>Objet :<\/strong><\/p><hr \/><h4>Madame <strong>Pant\u00e8l Guyl\u00e8ne<\/strong><\/h4><p><strong>E mail :<\/strong><br \/><strong>Objet :<\/strong><\/p><p><strong>E mail :<\/strong><br \/><strong>Objet :<\/strong><\/p><hr \/><h4>Monsieur <strong>Pla S\u00e9bastien<\/strong><\/h4><p><strong>E mail :<\/strong><br \/><strong>Objet :<\/strong><\/p><p><strong>E mail :<\/strong><br \/><strong>Objet :<\/strong><\/p><hr \/><h4>Monsieur <strong>Sol Jean<\/strong><\/h4><p><strong>E mail :<\/strong><br \/><strong>Objet :<\/strong><\/p><p><strong>E mail :<\/strong><br \/><strong>Objet :<\/strong><\/p><p>\u00a0<\/p><hr \/><h4>Monsieur <strong>Vayssouze-Faure Marc<\/strong><\/h4><p><strong>E mail :<\/strong><br \/><strong>Objet :<\/strong><\/p><p><strong>E mail :<\/strong><br \/><strong>Objet :<\/strong><\/p><hr \/>\t\t\t\t\t\t\t\t<\/div>\n\t\t\t\t<\/div>\n\t\t\t\t\t<\/div>\n\t\t\t\t<\/div>\n\t\t\t\t<\/div>\n\t\t","protected":false},"excerpt":{"rendered":"<p>EN 2024 Quand les avons-nous contact\u00e9s ? Monsieur Anglars Jean-Claude E mail :Objet : E mail :Objet : Monsieur Anglars Jean-Claude E mail :Objet : E mail :Objet : Madame Artigalas Viviane E mail :Objet : E mail :Objet : Monsieur Bilhac Christian E mail :Objet : E mail :Objet : Madame Bonfanti-Dossa Christine E mail :Objet : E mail :Objet : Monsieur Bonhomme Fran\u00e7ois E mail :Objet : E mail :Objet : Monsieur Bonnecarrere Philippe E mail :Objet : E mail :Objet : Monsieur Bouard Denis E mail :Objet : Monsieur Bourgie Hussein E mail :Objet : E mail :Objet : Monsieur Burgoa Laurent E mail :Objet : E mail :Objet : Monsieur Cabanel Henri E mail :Objet : E mail :Objet : Madame Carr\u00e8re Marryse E mail :Objet : E mail :Objet : Madame Daubet Raphaele E mail :Objet : . E mail :Objet : Monsieur Duffourg Alain E mail :Objet : E mail :Objet : Monsieur Folliot Philippe E mail :Objet : E mail :Objet : Monsieur Grand Jean-Pierre E mail :Objet : E mail :Objet : Madame Joede Lauriane E mail :Objet : E mail :Objet : Monsieur Jourda Gis\u00e8le E mail :Objet : E mail :Objet : Monsieur Levi Pierre-Fran\u00e7ois E mail :Objet : E mail :Objet : Madame Lopez Vivette E mail :Objet : E mail :Objet : Monsieur Marc Alain E mail :Objet : E mail :Objet : Monsieur Michau Jean-Jacques E mail :Objet : E mail :Objet : Monsieur Moga Jean-Pierre E mail :Objet : E mail :Objet : Monsieur Montaug\u00e9 Franck E mail :Objet : E mail :Objet : Madame Pant\u00e8l Guyl\u00e8ne E mail :Objet : E mail :Objet : Monsieur Pla S\u00e9bastien E mail :Objet : E mail :Objet : Monsieur Sol Jean E mail :Objet : E mail :Objet : &lt; Monsieur Vayssouze-Faure Marc E mail :Objet : E mail :Objet : Madame Artigalas Viviane E mail :Objet : E mail :Objet : Monsieur Bilhac Christian E mail :Objet : E mail :Objet : Madame Bonfanti-Dossa Christine E mail :Objet : E mail :Objet : Monsieur Bonhomme Fran\u00e7ois E mail :Objet : E mail :Objet : Monsieur Bonnecarrere Philippe E mail :Objet : E mail :Objet : Monsieur Bouard Denis E mail :Objet : Monsieur Bourgie Hussein E mail :Objet : E mail :Objet : Monsieur Burgoa Laurent E mail :Objet : E mail :Objet : Monsieur Cabanel Henri E mail :Objet : E mail :Objet : Madame Carr\u00e8re Marryse E mail :Objet : E mail :Objet : Madame Daubet Raphaele E mail :Objet : . E mail :Objet : Monsieur Duffourg Alain E mail :Objet : E mail :Objet : Monsieur Folliot Philippe E mail :Objet : E mail :Objet : Monsieur Grand Jean-Pierre E mail :Objet : E mail :Objet : Madame Joede Lauriane E mail :Objet : E mail :Objet : Monsieur Jourda Gis\u00e8le E mail :Objet : E mail :Objet : Monsieur Levi Pierre-Fran\u00e7ois E mail :Objet : E mail :Objet : Madame Lopez Vivette E mail :Objet : E mail :Objet : Monsieur Marc Alain E mail :Objet : E mail :Objet : Monsieur Michau Jean-Jacques E mail :Objet : E mail :Objet : Monsieur Moga Jean-Pierre E mail :Objet : E mail :Objet : Monsieur Montaug\u00e9 Franck E mail :Objet : E mail :Objet : Madame Pant\u00e8l Guyl\u00e8ne E mail :Objet : E mail :Objet : Monsieur Pla S\u00e9bastien E mail :Objet : E mail :Objet : Monsieur Sol Jean E mail :Objet : E mail :Objet : \u00a0 Monsieur Vayssouze-Faure Marc E mail :Objet : E mail :Objet :<\/p>\n","protected":false},"author":1,"featured_media":0,"parent":47740,"menu_order":0,"comment_status":"closed","ping_status":"closed","template":"","meta":{"_uag_custom_page_level_css":"","sfsi_plus_gutenberg_text_before_share":"","sfsi_plus_gutenberg_show_text_before_share":"","sfsi_plus_gutenberg_icon_type":"","sfsi_plus_gutenberg_icon_alignemt":"","sfsi_plus_gutenburg_max_per_row":"","_lmt_disableupdate":"","_lmt_disable":"","_monsterinsights_skip_tracking":false,"_monsterinsights_sitenote_active":false,"_monsterinsights_sitenote_note":"","_monsterinsights_sitenote_category":0,"site-sidebar-layout":"default","site-content-layout":"","ast-site-content-layout":"default","site-content-style":"default","site-sidebar-style":"default","ast-global-header-display":"","ast-banner-title-visibility":"","ast-main-header-display":"","ast-hfb-above-header-display":"","ast-hfb-below-header-display":"","ast-hfb-mobile-header-display":"","site-post-title":"","ast-breadcrumbs-content":"","ast-featured-img":"","footer-sml-layout":"","ast-disable-related-posts":"","theme-transparent-header-meta":"","adv-header-id-meta":"","stick-header-meta":"","header-above-stick-meta":"","header-main-stick-meta":"","header-below-stick-meta":"","astra-migrate-meta-layouts":"default","ast-page-background-enabled":"default","ast-page-background-meta":{"desktop":{"background-color":"var(--ast-global-color-4)","background-image":"","background-repeat":"repeat","background-position":"center center","background-size":"auto","background-attachment":"scroll","background-type":"","background-media":"","overlay-type":"","overlay-color":"","overlay-opacity":"","overlay-gradient":""},"tablet":{"background-color":"","background-image":"","background-repeat":"repeat","background-position":"center center","background-size":"auto","background-attachment":"scroll","background-type":"","background-media":"","overlay-type":"","overlay-color":"","overlay-opacity":"","overlay-gradient":""},"mobile":{"background-color":"","background-image":"","background-repeat":"repeat","background-position":"center center","background-size":"auto","background-attachment":"scroll","background-type":"","background-media":"","overlay-type":"","overlay-color":"","overlay-opacity":"","overlay-gradient":""}},"ast-content-background-meta":{"desktop":{"background-color":"var(--ast-global-color-5)","background-image":"","background-repeat":"repeat","background-position":"center center","background-size":"auto","background-attachment":"scroll","background-type":"","background-media":"","overlay-type":"","overlay-color":"","overlay-opacity":"","overlay-gradient":""},"tablet":{"background-color":"var(--ast-global-color-5)","background-image":"","background-repeat":"repeat","background-position":"center center","background-size":"auto","background-attachment":"scroll","background-type":"","background-media":"","overlay-type":"","overlay-color":"","overlay-opacity":"","overlay-gradient":""},"mobile":{"background-color":"var(--ast-global-color-5)","background-image":"","background-repeat":"repeat","background-position":"center center","background-size":"auto","background-attachment":"scroll","background-type":"","background-media":"","overlay-type":"","overlay-color":"","overlay-opacity":"","overlay-gradient":""}},"iawp_total_views":0,"footnotes":""},"categories":[24],"tags":[],"class_list":["post-48334","page","type-page","status-publish","hentry","category-senat"],"aioseo_notices":[],"uagb_featured_image_src":{"full":false,"thumbnail":false,"medium":false,"medium_large":false,"large":false,"1536x1536":false,"2048x2048":false},"uagb_author_info":{"display_name":"Michel BOUDRY","author_link":"https:\/\/lioneletlesautresvictimesdelaroute.fr\/justice\/author\/wmliojustbdy208\/"},"uagb_comment_info":0,"uagb_excerpt":"EN 2024 Quand les avons-nous contact\u00e9s ? Monsieur Anglars Jean-Claude E mail :Objet : E mail :Objet : Monsieur Anglars Jean-Claude E mail :Objet : E mail :Objet : Madame Artigalas Viviane E mail :Objet : E mail :Objet : Monsieur Bilhac Christian E mail :Objet : E mail :Objet : Madame Bonfanti-Dossa Christine E\u2026","rttpg_featured_image_url":null,"rttpg_author":{"display_name":"Michel BOUDRY","author_link":"https:\/\/lioneletlesautresvictimesdelaroute.fr\/justice\/author\/wmliojustbdy208\/"},"rttpg_comment":0,"rttpg_category":" <a href=\"https:\/\/lioneletlesautresvictimesdelaroute.fr\/justice\/category\/senat\/\" rel=\"tag\">S\u00e9nat<\/a>","rttpg_excerpt":"EN 2024 Quand les avons-nous contact\u00e9s ? Monsieur Anglars Jean-Claude E mail :Objet : E mail :Objet : Monsieur Anglars Jean-Claude E mail :Objet : E mail :Objet : Madame Artigalas Viviane E mail :Objet : E mail :Objet : Monsieur Bilhac Christian E mail :Objet : E mail :Objet : Madame Bonfanti-Dossa Christine E\u2026","_links":{"self":[{"href":"https:\/\/lioneletlesautresvictimesdelaroute.fr\/justice\/wp-json\/wp\/v2\/pages\/48334","targetHints":{"allow":["GET"]}}],"collection":[{"href":"https:\/\/lioneletlesautresvictimesdelaroute.fr\/justice\/wp-json\/wp\/v2\/pages"}],"about":[{"href":"https:\/\/lioneletlesautresvictimesdelaroute.fr\/justice\/wp-json\/wp\/v2\/types\/page"}],"author":[{"embeddable":true,"href":"https:\/\/lioneletlesautresvictimesdelaroute.fr\/justice\/wp-json\/wp\/v2\/users\/1"}],"replies":[{"embeddable":true,"href":"https:\/\/lioneletlesautresvictimesdelaroute.fr\/justice\/wp-json\/wp\/v2\/comments?post=48334"}],"version-history":[{"count":2,"href":"https:\/\/lioneletlesautresvictimesdelaroute.fr\/justice\/wp-json\/wp\/v2\/pages\/48334\/revisions"}],"predecessor-version":[{"id":48354,"href":"https:\/\/lioneletlesautresvictimesdelaroute.fr\/justice\/wp-json\/wp\/v2\/pages\/48334\/revisions\/48354"}],"up":[{"embeddable":true,"href":"https:\/\/lioneletlesautresvictimesdelaroute.fr\/justice\/wp-json\/wp\/v2\/pages\/47740"}],"wp:attachment":[{"href":"https:\/\/lioneletlesautresvictimesdelaroute.fr\/justice\/wp-json\/wp\/v2\/media?parent=48334"}],"wp:term":[{"taxonomy":"category","embeddable":true,"href":"https:\/\/lioneletlesautresvictimesdelaroute.fr\/justice\/wp-json\/wp\/v2\/categories?post=48334"},{"taxonomy":"post_tag","embeddable":true,"href":"https:\/\/lioneletlesautresvictimesdelaroute.fr\/justice\/wp-json\/wp\/v2\/tags?post=48334"}],"curies":[{"name":"wp","href":"https:\/\/api.w.org\/{rel}","templated":true}]}}