{"id":52275,"date":"2025-06-25T15:04:25","date_gmt":"2025-06-25T13:04:25","guid":{"rendered":"https:\/\/lioneletlesautresvictimesdelaroute.fr\/justice\/?page_id=52275"},"modified":"2025-07-22T09:47:30","modified_gmt":"2025-07-22T07:47:30","slug":"alcool-code-de-la-route","status":"publish","type":"page","link":"https:\/\/lioneletlesautresvictimesdelaroute.fr\/justice\/etat-des-lieux\/code-de-la-route\/accidentologie\/alcool-code-de-la-route\/","title":{"rendered":"Alcool : Code de la Route"},"content":{"rendered":"\t\t<div data-elementor-type=\"wp-page\" data-elementor-id=\"52275\" class=\"elementor elementor-52275\" data-elementor-settings=\"{&quot;ha_cmc_init_switcher&quot;:&quot;no&quot;}\">\n\t\t\t\t<div class=\"elementor-element elementor-element-26986ba e-con-full e-flex wpr-particle-no wpr-jarallax-no wpr-parallax-no wpr-sticky-section-no wpr-equal-height-no e-con e-parent\" data-id=\"26986ba\" data-element_type=\"container\" data-e-type=\"container\" data-settings=\"{&quot;_ha_eqh_enable&quot;:false}\">\n\t\t\t\t<div class=\"elementor-element elementor-element-49855cd elementor-widget elementor-widget-heading\" data-id=\"49855cd\" data-element_type=\"widget\" data-e-type=\"widget\" data-widget_type=\"heading.default\">\n\t\t\t\t<div class=\"elementor-widget-container\">\n\t\t\t\t\t<h2 class=\"elementor-heading-title elementor-size-default\">Alcool au volant, premi\u00e8re cause de mortalit\u00e9.<\/h2>\t\t\t\t<\/div>\n\t\t\t\t<\/div>\n\t\t\t\t<div class=\"elementor-element elementor-element-8028afd elementor-widget elementor-widget-spacer\" data-id=\"8028afd\" data-element_type=\"widget\" data-e-type=\"widget\" data-widget_type=\"spacer.default\">\n\t\t\t\t<div class=\"elementor-widget-container\">\n\t\t\t\t\t\t\t<div class=\"elementor-spacer\">\n\t\t\t<div class=\"elementor-spacer-inner\"><\/div>\n\t\t<\/div>\n\t\t\t\t\t\t<\/div>\n\t\t\t\t<\/div>\n\t\t\t\t<div class=\"elementor-element elementor-element-21b782a elementor-widget elementor-widget-image\" data-id=\"21b782a\" data-element_type=\"widget\" data-e-type=\"widget\" data-widget_type=\"image.default\">\n\t\t\t\t<div class=\"elementor-widget-container\">\n\t\t\t\t\t\t\t\t\t\t\t\t\t\t\t<img fetchpriority=\"high\" decoding=\"async\" width=\"1024\" height=\"512\" src=\"https:\/\/lioneletlesautresvictimesdelaroute.fr\/justice\/wp-content\/uploads\/2025\/07\/L-alcool-au-volant-1024x512.jpg\" class=\"attachment-large size-large wp-image-52359\" alt=\"\" srcset=\"https:\/\/lioneletlesautresvictimesdelaroute.fr\/justice\/wp-content\/uploads\/2025\/07\/L-alcool-au-volant-1024x512.jpg 1024w, https:\/\/lioneletlesautresvictimesdelaroute.fr\/justice\/wp-content\/uploads\/2025\/07\/L-alcool-au-volant-300x150.jpg 300w, https:\/\/lioneletlesautresvictimesdelaroute.fr\/justice\/wp-content\/uploads\/2025\/07\/L-alcool-au-volant-768x384.jpg 768w, https:\/\/lioneletlesautresvictimesdelaroute.fr\/justice\/wp-content\/uploads\/2025\/07\/L-alcool-au-volant.jpg 1200w\" sizes=\"(max-width: 1024px) 100vw, 1024px\" \/>\t\t\t\t\t\t\t\t\t\t\t\t\t\t\t<\/div>\n\t\t\t\t<\/div>\n\t\t\t\t<div class=\"elementor-element elementor-element-5576bdc elementor-widget elementor-widget-spacer\" data-id=\"5576bdc\" data-element_type=\"widget\" data-e-type=\"widget\" data-widget_type=\"spacer.default\">\n\t\t\t\t<div class=\"elementor-widget-container\">\n\t\t\t\t\t\t\t<div class=\"elementor-spacer\">\n\t\t\t<div class=\"elementor-spacer-inner\"><\/div>\n\t\t<\/div>\n\t\t\t\t\t\t<\/div>\n\t\t\t\t<\/div>\n\t\t\t\t<div class=\"elementor-element elementor-element-84f4189 elementor-widget elementor-widget-text-editor\" data-id=\"84f4189\" data-element_type=\"widget\" data-e-type=\"widget\" data-widget_type=\"text-editor.default\">\n\t\t\t\t<div class=\"elementor-widget-container\">\n\t\t\t\t\t\t\t\t\t<p>Tous les ans en France, pr\u00e8s de 30% des accidents mortels sont dus \u00e0 l&rsquo;alcool. <br \/>Des morts sur les routes \u00e0 cause de l\u2019alcool, vous \u00eates un assassin mais votre arme n\u2019est pas une arme \u00e0 feu\u00a0; mais votre verre de vin, votre bouteille d\u2019alcool. Va tuer sur la route.<\/p><p><strong>Il s\u2019agit de la premi\u00e8re cause de mortalit\u00e9 sur les routes de France.<\/strong><\/p><ul><li style=\"list-style-type: none;\"><ul><li>L&rsquo;alcool est responsable de 30% de la mortalit\u00e9 routi\u00e8re ;<\/li><li>Le risque d&rsquo;\u00eatre responsable d&rsquo;un accident mortel est multipli\u00e9 par 18 chez les conducteurs alcoolis\u00e9s ;<\/li><li>Les accidents impliquant de l&rsquo;alcool sont plus graves que les autres : le nombre de personnes tu\u00e9es pour 100 bless\u00e9s hospitalis\u00e9s est de 23 pour les accidents avec alcool contre 10 pour les accidents sans alcool.<\/li><\/ul><\/li><\/ul><p><strong>M\u00eame \u00e0 petite dose, l\u2019alcool agit directement sur le cerveau. Raison de plus pour ne pas ignorer ses effets.<\/strong><\/p><h5><strong>\u00c0 partir de 0,20g\/l les risques sont r\u00e9els<\/strong> :<\/h5><ul><li style=\"list-style-type: none;\"><ul><li>Le champ visuel est r\u00e9tr\u00e9ci ;<\/li><li>La perception du relief, de la profondeur et des distances est modifi\u00e9e ;<\/li><li>La sensibilit\u00e9 \u00e0 l&rsquo;\u00e9blouissement est plus importante ;<\/li><li>La vigilance et la r\u00e9sistance \u00e0 la fatigue diminuent ;<\/li><li>La coordination des mouvements est perturb\u00e9e ;<\/li><li>L&rsquo;effet d\u00e9sinhibant de l&rsquo;alcool am\u00e8ne le conducteur \u00e0 sous-\u00e9valuer les risques et \u00e0 surestimer ses capacit\u00e9s.<\/li><\/ul><\/li><\/ul><p><strong>Pour les jeunes conducteurs la tol\u00e9rance est de z\u00e9ro, pendant les trois premi\u00e8res ann\u00e9es de votre permis de conduire.<br \/><\/strong> <br \/>Si vous \u00eates pris lors d\u2019un contr\u00f4le votre permis sera automatiquement annul\u00e9. <br \/>Ne vous amusez pas \u00e0 rouler sans permis cela peut \u00eatre encore plus dangereux, vous ne montrez pas votre responsabilit\u00e9, car en cas d\u2019accident vous \u00eates responsable et tous les frais seront \u00e0 votre charge. <br \/>Quand je parle de frais mat\u00e9riel et immat\u00e9riel.<\/p>\t\t\t\t\t\t\t\t<\/div>\n\t\t\t\t<\/div>\n\t\t\t\t<div class=\"elementor-element elementor-element-b63154a elementor-widget elementor-widget-spacer\" data-id=\"b63154a\" data-element_type=\"widget\" data-e-type=\"widget\" data-widget_type=\"spacer.default\">\n\t\t\t\t<div class=\"elementor-widget-container\">\n\t\t\t\t\t\t\t<div class=\"elementor-spacer\">\n\t\t\t<div class=\"elementor-spacer-inner\"><\/div>\n\t\t<\/div>\n\t\t\t\t\t\t<\/div>\n\t\t\t\t<\/div>\n\t\t\t\t<\/div>\n\t\t\t\t<\/div>\n\t\t","protected":false},"excerpt":{"rendered":"<p>Alcool au volant, premi\u00e8re cause de mortalit\u00e9. Tous les ans en France, pr\u00e8s de 30% des accidents mortels sont dus \u00e0 l&rsquo;alcool. Des morts sur les routes \u00e0 cause de l\u2019alcool, vous \u00eates un assassin mais votre arme n\u2019est pas une arme \u00e0 feu\u00a0; mais votre verre de vin, votre bouteille d\u2019alcool. Va tuer sur la route. Il s\u2019agit de la premi\u00e8re cause de mortalit\u00e9 sur les routes de France. L&rsquo;alcool est responsable de 30% de la mortalit\u00e9 routi\u00e8re ; Le risque d&rsquo;\u00eatre responsable d&rsquo;un accident mortel est multipli\u00e9 par 18 chez les conducteurs alcoolis\u00e9s ; Les accidents impliquant de l&rsquo;alcool sont plus graves que les autres : le nombre de personnes tu\u00e9es pour 100 bless\u00e9s hospitalis\u00e9s est de 23 pour les accidents avec alcool contre 10 pour les accidents sans alcool. M\u00eame \u00e0 petite dose, l\u2019alcool agit directement sur le cerveau. Raison de plus pour ne pas ignorer ses effets. \u00c0 partir de 0,20g\/l les risques sont r\u00e9els : Le champ visuel est r\u00e9tr\u00e9ci ; La perception du relief, de la profondeur et des distances est modifi\u00e9e ; La sensibilit\u00e9 \u00e0 l&rsquo;\u00e9blouissement est plus importante ; La vigilance et la r\u00e9sistance \u00e0 la fatigue diminuent ; La coordination des mouvements est perturb\u00e9e ; L&rsquo;effet d\u00e9sinhibant de l&rsquo;alcool am\u00e8ne le conducteur \u00e0 sous-\u00e9valuer les risques et \u00e0 surestimer ses capacit\u00e9s. Pour les jeunes conducteurs la tol\u00e9rance est de z\u00e9ro, pendant les trois premi\u00e8res ann\u00e9es de votre permis de conduire. Si vous \u00eates pris lors d\u2019un contr\u00f4le votre permis sera automatiquement annul\u00e9. Ne vous amusez pas \u00e0 rouler sans permis cela peut \u00eatre encore plus dangereux, vous ne montrez pas votre responsabilit\u00e9, car en cas d\u2019accident vous \u00eates responsable et tous les frais seront \u00e0 votre charge. Quand je parle de frais mat\u00e9riel et immat\u00e9riel.<\/p>\n","protected":false},"author":2,"featured_media":0,"parent":51514,"menu_order":0,"comment_status":"closed","ping_status":"closed","template":"","meta":{"_uag_custom_page_level_css":"","sfsi_plus_gutenberg_text_before_share":"","sfsi_plus_gutenberg_show_text_before_share":"","sfsi_plus_gutenberg_icon_type":"","sfsi_plus_gutenberg_icon_alignemt":"","sfsi_plus_gutenburg_max_per_row":"","_lmt_disableupdate":"no","_lmt_disable":"no","_monsterinsights_skip_tracking":false,"_monsterinsights_sitenote_active":false,"_monsterinsights_sitenote_note":"","_monsterinsights_sitenote_category":0,"site-sidebar-layout":"right-sidebar","site-content-layout":"","ast-site-content-layout":"default","site-content-style":"default","site-sidebar-style":"default","ast-global-header-display":"","ast-banner-title-visibility":"","ast-main-header-display":"","ast-hfb-above-header-display":"","ast-hfb-below-header-display":"","ast-hfb-mobile-header-display":"","site-post-title":"","ast-breadcrumbs-content":"","ast-featured-img":"","footer-sml-layout":"","ast-disable-related-posts":"","theme-transparent-header-meta":"default","adv-header-id-meta":"","stick-header-meta":"","header-above-stick-meta":"","header-main-stick-meta":"","header-below-stick-meta":"","astra-migrate-meta-layouts":"set","ast-page-background-enabled":"default","ast-page-background-meta":{"desktop":{"background-color":"var(--ast-global-color-4)","background-image":"","background-repeat":"repeat","background-position":"center center","background-size":"auto","background-attachment":"scroll","background-type":"","background-media":"","overlay-type":"","overlay-color":"","overlay-opacity":"","overlay-gradient":""},"tablet":{"background-color":"","background-image":"","background-repeat":"repeat","background-position":"center center","background-size":"auto","background-attachment":"scroll","background-type":"","background-media":"","overlay-type":"","overlay-color":"","overlay-opacity":"","overlay-gradient":""},"mobile":{"background-color":"","background-image":"","background-repeat":"repeat","background-position":"center center","background-size":"auto","background-attachment":"scroll","background-type":"","background-media":"","overlay-type":"","overlay-color":"","overlay-opacity":"","overlay-gradient":""}},"ast-content-background-meta":{"desktop":{"background-color":"var(--ast-global-color-5)","background-image":"","background-repeat":"repeat","background-position":"center center","background-size":"auto","background-attachment":"scroll","background-type":"","background-media":"","overlay-type":"","overlay-color":"","overlay-opacity":"","overlay-gradient":""},"tablet":{"background-color":"var(--ast-global-color-5)","background-image":"","background-repeat":"repeat","background-position":"center center","background-size":"auto","background-attachment":"scroll","background-type":"","background-media":"","overlay-type":"","overlay-color":"","overlay-opacity":"","overlay-gradient":""},"mobile":{"background-color":"var(--ast-global-color-5)","background-image":"","background-repeat":"repeat","background-position":"center center","background-size":"auto","background-attachment":"scroll","background-type":"","background-media":"","overlay-type":"","overlay-color":"","overlay-opacity":"","overlay-gradient":""}},"iawp_total_views":0,"footnotes":""},"categories":[28],"tags":[],"class_list":["post-52275","page","type-page","status-publish","hentry","category-alccol"],"aioseo_notices":[],"uagb_featured_image_src":{"full":false,"thumbnail":false,"medium":false,"medium_large":false,"large":false,"1536x1536":false,"2048x2048":false},"uagb_author_info":{"display_name":"Coralie PAILHES","author_link":"https:\/\/lioneletlesautresvictimesdelaroute.fr\/justice\/author\/edliojus01513\/"},"uagb_comment_info":0,"uagb_excerpt":"Alcool au volant, premi\u00e8re cause de mortalit\u00e9. Tous les ans en France, pr\u00e8s de 30% des accidents mortels sont dus \u00e0 l&rsquo;alcool. Des morts sur les routes \u00e0 cause de l\u2019alcool, vous \u00eates un assassin mais votre arme n\u2019est pas une arme \u00e0 feu\u00a0; mais votre verre de vin, votre bouteille d\u2019alcool. Va tuer sur\u2026","rttpg_featured_image_url":null,"rttpg_author":{"display_name":"Coralie PAILHES","author_link":"https:\/\/lioneletlesautresvictimesdelaroute.fr\/justice\/author\/edliojus01513\/"},"rttpg_comment":0,"rttpg_category":" <a href=\"https:\/\/lioneletlesautresvictimesdelaroute.fr\/justice\/category\/alccol\/\" rel=\"tag\">Alccol<\/a>","rttpg_excerpt":"Alcool au volant, premi\u00e8re cause de mortalit\u00e9. Tous les ans en France, pr\u00e8s de 30% des accidents mortels sont dus \u00e0 l&rsquo;alcool. Des morts sur les routes \u00e0 cause de l\u2019alcool, vous \u00eates un assassin mais votre arme n\u2019est pas une arme \u00e0 feu\u00a0; mais votre verre de vin, votre bouteille d\u2019alcool. Va tuer sur\u2026","_links":{"self":[{"href":"https:\/\/lioneletlesautresvictimesdelaroute.fr\/justice\/wp-json\/wp\/v2\/pages\/52275","targetHints":{"allow":["GET"]}}],"collection":[{"href":"https:\/\/lioneletlesautresvictimesdelaroute.fr\/justice\/wp-json\/wp\/v2\/pages"}],"about":[{"href":"https:\/\/lioneletlesautresvictimesdelaroute.fr\/justice\/wp-json\/wp\/v2\/types\/page"}],"author":[{"embeddable":true,"href":"https:\/\/lioneletlesautresvictimesdelaroute.fr\/justice\/wp-json\/wp\/v2\/users\/2"}],"replies":[{"embeddable":true,"href":"https:\/\/lioneletlesautresvictimesdelaroute.fr\/justice\/wp-json\/wp\/v2\/comments?post=52275"}],"version-history":[{"count":2,"href":"https:\/\/lioneletlesautresvictimesdelaroute.fr\/justice\/wp-json\/wp\/v2\/pages\/52275\/revisions"}],"predecessor-version":[{"id":52900,"href":"https:\/\/lioneletlesautresvictimesdelaroute.fr\/justice\/wp-json\/wp\/v2\/pages\/52275\/revisions\/52900"}],"up":[{"embeddable":true,"href":"https:\/\/lioneletlesautresvictimesdelaroute.fr\/justice\/wp-json\/wp\/v2\/pages\/51514"}],"wp:attachment":[{"href":"https:\/\/lioneletlesautresvictimesdelaroute.fr\/justice\/wp-json\/wp\/v2\/media?parent=52275"}],"wp:term":[{"taxonomy":"category","embeddable":true,"href":"https:\/\/lioneletlesautresvictimesdelaroute.fr\/justice\/wp-json\/wp\/v2\/categories?post=52275"},{"taxonomy":"post_tag","embeddable":true,"href":"https:\/\/lioneletlesautresvictimesdelaroute.fr\/justice\/wp-json\/wp\/v2\/tags?post=52275"}],"curies":[{"name":"wp","href":"https:\/\/api.w.org\/{rel}","templated":true}]}}