{"id":52280,"date":"2025-06-25T15:20:33","date_gmt":"2025-06-25T13:20:33","guid":{"rendered":"https:\/\/lioneletlesautresvictimesdelaroute.fr\/justice\/?page_id=52280"},"modified":"2025-07-22T09:46:32","modified_gmt":"2025-07-22T07:46:32","slug":"drogue-code-de-la-route","status":"publish","type":"page","link":"https:\/\/lioneletlesautresvictimesdelaroute.fr\/justice\/etat-des-lieux\/code-de-la-route\/accidentologie\/drogue-code-de-la-route\/","title":{"rendered":"Drogue : Code de la Route"},"content":{"rendered":"\t\t<div data-elementor-type=\"wp-page\" data-elementor-id=\"52280\" class=\"elementor elementor-52280\" data-elementor-settings=\"{&quot;ha_cmc_init_switcher&quot;:&quot;no&quot;}\">\n\t\t\t\t<div class=\"elementor-element elementor-element-f5e957f e-con-full e-flex wpr-particle-no wpr-jarallax-no wpr-parallax-no wpr-sticky-section-no wpr-equal-height-no e-con e-parent\" data-id=\"f5e957f\" data-element_type=\"container\" data-e-type=\"container\" data-settings=\"{&quot;_ha_eqh_enable&quot;:false}\">\n\t\t\t\t<div class=\"elementor-element elementor-element-f07a6b3 elementor-widget elementor-widget-heading\" data-id=\"f07a6b3\" data-element_type=\"widget\" data-e-type=\"widget\" data-widget_type=\"heading.default\">\n\t\t\t\t<div class=\"elementor-widget-container\">\n\t\t\t\t\t<h2 class=\"elementor-heading-title elementor-size-default\">Dire STOP et NON \u00e0 la DROGUE<\/h2>\t\t\t\t<\/div>\n\t\t\t\t<\/div>\n\t\t\t\t<div class=\"elementor-element elementor-element-5610a96 elementor-widget elementor-widget-spacer\" data-id=\"5610a96\" data-element_type=\"widget\" data-e-type=\"widget\" data-widget_type=\"spacer.default\">\n\t\t\t\t<div class=\"elementor-widget-container\">\n\t\t\t\t\t\t\t<div class=\"elementor-spacer\">\n\t\t\t<div class=\"elementor-spacer-inner\"><\/div>\n\t\t<\/div>\n\t\t\t\t\t\t<\/div>\n\t\t\t\t<\/div>\n\t\t\t\t<div class=\"elementor-element elementor-element-e2907b2 elementor-widget elementor-widget-image\" data-id=\"e2907b2\" data-element_type=\"widget\" data-e-type=\"widget\" data-widget_type=\"image.default\">\n\t\t\t\t<div class=\"elementor-widget-container\">\n\t\t\t\t\t\t\t\t\t\t\t\t\t\t\t<img fetchpriority=\"high\" decoding=\"async\" width=\"640\" height=\"427\" src=\"https:\/\/lioneletlesautresvictimesdelaroute.fr\/justice\/wp-content\/uploads\/2025\/07\/image-drogue.jpg\" class=\"attachment-large size-large wp-image-52454\" alt=\"\" srcset=\"https:\/\/lioneletlesautresvictimesdelaroute.fr\/justice\/wp-content\/uploads\/2025\/07\/image-drogue.jpg 640w, https:\/\/lioneletlesautresvictimesdelaroute.fr\/justice\/wp-content\/uploads\/2025\/07\/image-drogue-300x200.jpg 300w\" sizes=\"(max-width: 640px) 100vw, 640px\" \/>\t\t\t\t\t\t\t\t\t\t\t\t\t\t\t<\/div>\n\t\t\t\t<\/div>\n\t\t\t\t<div class=\"elementor-element elementor-element-a01a9d6 elementor-widget elementor-widget-spacer\" data-id=\"a01a9d6\" data-element_type=\"widget\" data-e-type=\"widget\" data-widget_type=\"spacer.default\">\n\t\t\t\t<div class=\"elementor-widget-container\">\n\t\t\t\t\t\t\t<div class=\"elementor-spacer\">\n\t\t\t<div class=\"elementor-spacer-inner\"><\/div>\n\t\t<\/div>\n\t\t\t\t\t\t<\/div>\n\t\t\t\t<\/div>\n\t\t\t\t<div class=\"elementor-element elementor-element-858f0bf elementor-widget elementor-widget-text-editor\" data-id=\"858f0bf\" data-element_type=\"widget\" data-e-type=\"widget\" data-widget_type=\"text-editor.default\">\n\t\t\t\t<div class=\"elementor-widget-container\">\n\t\t\t\t\t\t\t\t\t<p>La lutte contre la drogue est encore trop importante voire ignor\u00e9 par les automobilistes. Cela peut \u00eatre fatal au volant de sa voiture chaque ann\u00e9e 700 personnes sont tu\u00e9es sur les routes dans un accident impliquant un conducteur ayant consomm\u00e9 de la drogue soit 21% de la mortalit\u00e9 routi\u00e8re.<br \/>Lorsque vous fumez de la drogue ou que vous consommez de la drogue l\u2019accident et trop souvent pr\u00e9sent.<\/p><h4><br \/>Le risque de se tuer ou de tuer quelqu\u2019un.<\/h4><p>Les conducteurs contr\u00f4l\u00e9s positifs aux stup\u00e9fiants dans les accidents mortels sont \u00e0 91 % des hommes, \u00e0 27 % \u00e2g\u00e9s de 18 \u00e0 24 ans, \u00e0 30 % \u00e2g\u00e9s de 25 \u00e0 34 ans et \u00e0 22 % \u00e2g\u00e9s de 35 \u00e0 44 ans.<\/p><p style=\"text-align: center;\"><strong>Le cocktail drogues\/alcool multiplie par 29 le risque d\u2019avoir un accident mortel.<\/strong><\/p><h4>\u00a0<\/h4><h4>Vous aidez<\/h4><p>Des programmes de lutte contre la toxicomanie et l&rsquo;alcoolisme sont mis en \u0153uvre dans les \u00e9coles, les universit\u00e9s, les entreprises et les collectivit\u00e9s, dans tous les d\u00e9partements de France il y a un centre pour vous aider, <a href=\"https:\/\/www.drogues-info-service.fr\/\">connectez-vous<\/a> (https:\/\/www.drogues-info-service.fr\/)<\/p><ul><li style=\"list-style-type: none;\"><ul><li>Par t\u00e9l\u00e9phone 7j\/7 de 8h \u00e0 2h, au num\u00e9ro anonyme et gratuit 0 800 23 13 13 <a href=\"https:\/\/www.drogues-info-service.fr\/\">Par chat\u00a0<\/a> ( https:\/\/www.drogues-info-service.fr\/Drogues\/Chat) 7j\/7 de 14h \u00e0 minuit du lundi au vendredi et de 14h \u00e0 20h les samedis et dimanche.<\/li><li>Posez votre question sur <a href=\"https:\/\/www.drogues-info-service.fr\/\">Vos Questions\/nos R\u00e9ponses<\/a>, (https:\/\/www.drogues-info-service.fr\/). Vous recevrez une r\u00e9ponse sous 48h environ.<br \/>Des professionnels sont l\u00e0 \u00e0 votre \u00e9coute n\u2019h\u00e9sitez pas \u00e0 les appeler l\u2019anonymat est enti\u00e8rement respect\u00e9 m\u00eame pour les mineurs.<\/li><\/ul><\/li><\/ul><h4>\u00a0<\/h4><h4>La Mortalit\u00e9 sur la route<\/h4><p>En plus d\u2019\u00eatre interdite, la consommation de tous les types de drogues repr\u00e9sente un danger r\u00e9el sur la route :<\/p><ul><li style=\"list-style-type: none;\"><ul><li>Le cannabis entra\u00eene une somnolence, ralentit la coordination des mouvements, allonge le temps de r\u00e9action et diminue les facult\u00e9s visuelles et auditives ;<\/li><li>L\u2019ecstasy masque la sensation de fatigue et alt\u00e8re les capacit\u00e9s mentales, donne l\u2019impression trompeuse que l\u2019on est ma\u00eetre de soi et de sa conduite, et favorise un comportement irrationnel au volant ;<\/li><li>La coca\u00efne suscite une conduite agressive associ\u00e9e \u00e0 des erreurs d\u2019attention ou de jugement pouvant aller jusqu\u2019\u00e0 la perte de contr\u00f4le du v\u00e9hicule ;<\/li><li>Les opiac\u00e9s provoquent une baisse de l\u2019attention, alt\u00e8rent la capacit\u00e9 \u00e0 d\u00e9cider rapidement et de fa\u00e7on adapt\u00e9e, et r\u00e9duisent la conscience du danger et des obstacles ;<\/li><li>Le LSD, les champignons psilocybes, la mescaline font partie des drogues hallucinog\u00e8nes. Leur consommation induit des troubles de la perception, des illusions d\u00e9lirantes, un sentiment de confusion ou d\u2019angoisse allant parfois jusqu\u2019\u00e0 la crise de panique.<\/li><\/ul><\/li><\/ul>\t\t\t\t\t\t\t\t<\/div>\n\t\t\t\t<\/div>\n\t\t\t\t<div class=\"elementor-element elementor-element-189b766 elementor-widget elementor-widget-spacer\" data-id=\"189b766\" data-element_type=\"widget\" data-e-type=\"widget\" data-widget_type=\"spacer.default\">\n\t\t\t\t<div class=\"elementor-widget-container\">\n\t\t\t\t\t\t\t<div class=\"elementor-spacer\">\n\t\t\t<div class=\"elementor-spacer-inner\"><\/div>\n\t\t<\/div>\n\t\t\t\t\t\t<\/div>\n\t\t\t\t<\/div>\n\t\t\t\t<div class=\"elementor-element elementor-element-5cd4bbb elementor-widget elementor-widget-spacer\" data-id=\"5cd4bbb\" data-element_type=\"widget\" data-e-type=\"widget\" data-widget_type=\"spacer.default\">\n\t\t\t\t<div class=\"elementor-widget-container\">\n\t\t\t\t\t\t\t<div class=\"elementor-spacer\">\n\t\t\t<div class=\"elementor-spacer-inner\"><\/div>\n\t\t<\/div>\n\t\t\t\t\t\t<\/div>\n\t\t\t\t<\/div>\n\t\t\t\t<\/div>\n\t\t\t\t<\/div>\n\t\t","protected":false},"excerpt":{"rendered":"<p>Dire STOP et NON \u00e0 la DROGUE La lutte contre la drogue est encore trop importante voire ignor\u00e9 par les automobilistes. Cela peut \u00eatre fatal au volant de sa voiture chaque ann\u00e9e 700 personnes sont tu\u00e9es sur les routes dans un accident impliquant un conducteur ayant consomm\u00e9 de la drogue soit 21% de la mortalit\u00e9 routi\u00e8re.Lorsque vous fumez de la drogue ou que vous consommez de la drogue l\u2019accident et trop souvent pr\u00e9sent. Le risque de se tuer ou de tuer quelqu\u2019un. Les conducteurs contr\u00f4l\u00e9s positifs aux stup\u00e9fiants dans les accidents mortels sont \u00e0 91 % des hommes, \u00e0 27 % \u00e2g\u00e9s de 18 \u00e0 24 ans, \u00e0 30 % \u00e2g\u00e9s de 25 \u00e0 34 ans et \u00e0 22 % \u00e2g\u00e9s de 35 \u00e0 44 ans. Le cocktail drogues\/alcool multiplie par 29 le risque d\u2019avoir un accident mortel. \u00a0 Vous aidez Des programmes de lutte contre la toxicomanie et l&rsquo;alcoolisme sont mis en \u0153uvre dans les \u00e9coles, les universit\u00e9s, les entreprises et les collectivit\u00e9s, dans tous les d\u00e9partements de France il y a un centre pour vous aider, connectez-vous (https:\/\/www.drogues-info-service.fr\/) Par t\u00e9l\u00e9phone 7j\/7 de 8h \u00e0 2h, au num\u00e9ro anonyme et gratuit 0 800 23 13 13 Par chat\u00a0 ( https:\/\/www.drogues-info-service.fr\/Drogues\/Chat) 7j\/7 de 14h \u00e0 minuit du lundi au vendredi et de 14h \u00e0 20h les samedis et dimanche. Posez votre question sur Vos Questions\/nos R\u00e9ponses, (https:\/\/www.drogues-info-service.fr\/). Vous recevrez une r\u00e9ponse sous 48h environ.Des professionnels sont l\u00e0 \u00e0 votre \u00e9coute n\u2019h\u00e9sitez pas \u00e0 les appeler l\u2019anonymat est enti\u00e8rement respect\u00e9 m\u00eame pour les mineurs. \u00a0 La Mortalit\u00e9 sur la route En plus d\u2019\u00eatre interdite, la consommation de tous les types de drogues repr\u00e9sente un danger r\u00e9el sur la route : Le cannabis entra\u00eene une somnolence, ralentit la coordination des mouvements, allonge le temps de r\u00e9action et diminue les facult\u00e9s visuelles et auditives ; L\u2019ecstasy masque la sensation de fatigue et alt\u00e8re les capacit\u00e9s mentales, donne l\u2019impression trompeuse que l\u2019on est ma\u00eetre de soi et de sa conduite, et favorise un comportement irrationnel au volant ; La coca\u00efne suscite une conduite agressive associ\u00e9e \u00e0 des erreurs d\u2019attention ou de jugement pouvant aller jusqu\u2019\u00e0 la perte de contr\u00f4le du v\u00e9hicule ; Les opiac\u00e9s provoquent une baisse de l\u2019attention, alt\u00e8rent la capacit\u00e9 \u00e0 d\u00e9cider rapidement et de fa\u00e7on adapt\u00e9e, et r\u00e9duisent la conscience du danger et des obstacles ; Le LSD, les champignons psilocybes, la mescaline font partie des drogues hallucinog\u00e8nes. Leur consommation induit des troubles de la perception, des illusions d\u00e9lirantes, un sentiment de confusion ou d\u2019angoisse allant parfois jusqu\u2019\u00e0 la crise de panique.<\/p>\n","protected":false},"author":2,"featured_media":0,"parent":51514,"menu_order":0,"comment_status":"closed","ping_status":"closed","template":"","meta":{"_uag_custom_page_level_css":"","sfsi_plus_gutenberg_text_before_share":"","sfsi_plus_gutenberg_show_text_before_share":"","sfsi_plus_gutenberg_icon_type":"","sfsi_plus_gutenberg_icon_alignemt":"","sfsi_plus_gutenburg_max_per_row":"","_lmt_disableupdate":"no","_lmt_disable":"no","_monsterinsights_skip_tracking":false,"_monsterinsights_sitenote_active":false,"_monsterinsights_sitenote_note":"","_monsterinsights_sitenote_category":0,"site-sidebar-layout":"right-sidebar","site-content-layout":"","ast-site-content-layout":"default","site-content-style":"default","site-sidebar-style":"default","ast-global-header-display":"","ast-banner-title-visibility":"","ast-main-header-display":"","ast-hfb-above-header-display":"","ast-hfb-below-header-display":"","ast-hfb-mobile-header-display":"","site-post-title":"","ast-breadcrumbs-content":"","ast-featured-img":"","footer-sml-layout":"","ast-disable-related-posts":"","theme-transparent-header-meta":"default","adv-header-id-meta":"","stick-header-meta":"","header-above-stick-meta":"","header-main-stick-meta":"","header-below-stick-meta":"","astra-migrate-meta-layouts":"set","ast-page-background-enabled":"default","ast-page-background-meta":{"desktop":{"background-color":"var(--ast-global-color-4)","background-image":"","background-repeat":"repeat","background-position":"center center","background-size":"auto","background-attachment":"scroll","background-type":"","background-media":"","overlay-type":"","overlay-color":"","overlay-opacity":"","overlay-gradient":""},"tablet":{"background-color":"","background-image":"","background-repeat":"repeat","background-position":"center center","background-size":"auto","background-attachment":"scroll","background-type":"","background-media":"","overlay-type":"","overlay-color":"","overlay-opacity":"","overlay-gradient":""},"mobile":{"background-color":"","background-image":"","background-repeat":"repeat","background-position":"center center","background-size":"auto","background-attachment":"scroll","background-type":"","background-media":"","overlay-type":"","overlay-color":"","overlay-opacity":"","overlay-gradient":""}},"ast-content-background-meta":{"desktop":{"background-color":"var(--ast-global-color-5)","background-image":"","background-repeat":"repeat","background-position":"center center","background-size":"auto","background-attachment":"scroll","background-type":"","background-media":"","overlay-type":"","overlay-color":"","overlay-opacity":"","overlay-gradient":""},"tablet":{"background-color":"var(--ast-global-color-5)","background-image":"","background-repeat":"repeat","background-position":"center center","background-size":"auto","background-attachment":"scroll","background-type":"","background-media":"","overlay-type":"","overlay-color":"","overlay-opacity":"","overlay-gradient":""},"mobile":{"background-color":"var(--ast-global-color-5)","background-image":"","background-repeat":"repeat","background-position":"center center","background-size":"auto","background-attachment":"scroll","background-type":"","background-media":"","overlay-type":"","overlay-color":"","overlay-opacity":"","overlay-gradient":""}},"iawp_total_views":0,"footnotes":""},"categories":[29],"tags":[],"class_list":["post-52280","page","type-page","status-publish","hentry","category-drogue"],"aioseo_notices":[],"uagb_featured_image_src":{"full":false,"thumbnail":false,"medium":false,"medium_large":false,"large":false,"1536x1536":false,"2048x2048":false},"uagb_author_info":{"display_name":"Coralie PAILHES","author_link":"https:\/\/lioneletlesautresvictimesdelaroute.fr\/justice\/author\/edliojus01513\/"},"uagb_comment_info":0,"uagb_excerpt":"Dire STOP et NON \u00e0 la DROGUE La lutte contre la drogue est encore trop importante voire ignor\u00e9 par les automobilistes. Cela peut \u00eatre fatal au volant de sa voiture chaque ann\u00e9e 700 personnes sont tu\u00e9es sur les routes dans un accident impliquant un conducteur ayant consomm\u00e9 de la drogue soit 21% de la mortalit\u00e9\u2026","rttpg_featured_image_url":null,"rttpg_author":{"display_name":"Coralie PAILHES","author_link":"https:\/\/lioneletlesautresvictimesdelaroute.fr\/justice\/author\/edliojus01513\/"},"rttpg_comment":0,"rttpg_category":" <a href=\"https:\/\/lioneletlesautresvictimesdelaroute.fr\/justice\/category\/drogue\/\" rel=\"tag\">Drogue<\/a>","rttpg_excerpt":"Dire STOP et NON \u00e0 la DROGUE La lutte contre la drogue est encore trop importante voire ignor\u00e9 par les automobilistes. Cela peut \u00eatre fatal au volant de sa voiture chaque ann\u00e9e 700 personnes sont tu\u00e9es sur les routes dans un accident impliquant un conducteur ayant consomm\u00e9 de la drogue soit 21% de la mortalit\u00e9\u2026","_links":{"self":[{"href":"https:\/\/lioneletlesautresvictimesdelaroute.fr\/justice\/wp-json\/wp\/v2\/pages\/52280","targetHints":{"allow":["GET"]}}],"collection":[{"href":"https:\/\/lioneletlesautresvictimesdelaroute.fr\/justice\/wp-json\/wp\/v2\/pages"}],"about":[{"href":"https:\/\/lioneletlesautresvictimesdelaroute.fr\/justice\/wp-json\/wp\/v2\/types\/page"}],"author":[{"embeddable":true,"href":"https:\/\/lioneletlesautresvictimesdelaroute.fr\/justice\/wp-json\/wp\/v2\/users\/2"}],"replies":[{"embeddable":true,"href":"https:\/\/lioneletlesautresvictimesdelaroute.fr\/justice\/wp-json\/wp\/v2\/comments?post=52280"}],"version-history":[{"count":2,"href":"https:\/\/lioneletlesautresvictimesdelaroute.fr\/justice\/wp-json\/wp\/v2\/pages\/52280\/revisions"}],"predecessor-version":[{"id":52897,"href":"https:\/\/lioneletlesautresvictimesdelaroute.fr\/justice\/wp-json\/wp\/v2\/pages\/52280\/revisions\/52897"}],"up":[{"embeddable":true,"href":"https:\/\/lioneletlesautresvictimesdelaroute.fr\/justice\/wp-json\/wp\/v2\/pages\/51514"}],"wp:attachment":[{"href":"https:\/\/lioneletlesautresvictimesdelaroute.fr\/justice\/wp-json\/wp\/v2\/media?parent=52280"}],"wp:term":[{"taxonomy":"category","embeddable":true,"href":"https:\/\/lioneletlesautresvictimesdelaroute.fr\/justice\/wp-json\/wp\/v2\/categories?post=52280"},{"taxonomy":"post_tag","embeddable":true,"href":"https:\/\/lioneletlesautresvictimesdelaroute.fr\/justice\/wp-json\/wp\/v2\/tags?post=52280"}],"curies":[{"name":"wp","href":"https:\/\/api.w.org\/{rel}","templated":true}]}}