{"id":53235,"date":"2025-08-29T14:32:30","date_gmt":"2025-08-29T12:32:30","guid":{"rendered":"https:\/\/lioneletlesautresvictimesdelaroute.fr\/justice\/?page_id=53235"},"modified":"2025-09-01T10:04:25","modified_gmt":"2025-09-01T08:04:25","slug":"coralie-pailhes-jai-17-ans-un-chauffard-me-vole-ma-vie-il-me-tue-2024","status":"publish","type":"page","link":"https:\/\/lioneletlesautresvictimesdelaroute.fr\/justice\/coralie-pailhes-jai-17-ans-un-chauffard-me-vole-ma-vie-il-me-tue-2024\/","title":{"rendered":"Coralie Pailh\u00e8s : \u00ab\u00a0J&rsquo;ai 17 ans, un chauffard me vole ma vie, il me tue\u00a0\u00bb. &#8211; 2024 &#8211;"},"content":{"rendered":"\t\t<div data-elementor-type=\"wp-page\" data-elementor-id=\"53235\" class=\"elementor elementor-53235\" data-elementor-settings=\"{&quot;ha_cmc_init_switcher&quot;:&quot;no&quot;}\">\n\t\t\t\t<div class=\"elementor-element elementor-element-53d5568 e-flex e-con-boxed wpr-particle-no wpr-jarallax-no wpr-parallax-no wpr-sticky-section-no wpr-equal-height-no e-con e-parent\" data-id=\"53d5568\" data-element_type=\"container\" data-e-type=\"container\" data-settings=\"{&quot;_ha_eqh_enable&quot;:false}\">\n\t\t\t\t\t<div class=\"e-con-inner\">\n\t\t<div class=\"elementor-element elementor-element-24c550d e-con-full e-flex wpr-particle-no wpr-jarallax-no wpr-parallax-no wpr-sticky-section-no wpr-equal-height-no e-con e-child\" data-id=\"24c550d\" data-element_type=\"container\" data-e-type=\"container\" data-settings=\"{&quot;_ha_eqh_enable&quot;:false}\">\n\t\t\t\t<div class=\"elementor-element elementor-element-0ab1be4 elementor-widget__width-initial elementor-widget elementor-widget-image\" data-id=\"0ab1be4\" data-element_type=\"widget\" data-e-type=\"widget\" data-widget_type=\"image.default\">\n\t\t\t\t<div class=\"elementor-widget-container\">\n\t\t\t\t\t\t\t\t\t\t\t\t\t\t\t<img fetchpriority=\"high\" decoding=\"async\" width=\"400\" height=\"555\" src=\"https:\/\/lioneletlesautresvictimesdelaroute.fr\/justice\/wp-content\/uploads\/2023\/05\/affiche-17-ans.png\" class=\"attachment-large size-large wp-image-27187\" alt=\"Couverture du livre &quot;J&#039;ai 17 ans un chauffard me vole ma vie , il me tue ! &quot; par Coralie PAILHES \u00c9ditions Alexandra de Saint-Prix\" srcset=\"https:\/\/lioneletlesautresvictimesdelaroute.fr\/justice\/wp-content\/uploads\/2023\/05\/affiche-17-ans.png 400w, https:\/\/lioneletlesautresvictimesdelaroute.fr\/justice\/wp-content\/uploads\/2023\/05\/affiche-17-ans-216x300.png 216w\" sizes=\"(max-width: 400px) 100vw, 400px\" \/>\t\t\t\t\t\t\t\t\t\t\t\t\t\t\t<\/div>\n\t\t\t\t<\/div>\n\t\t\t\t<\/div>\n\t\t<div class=\"elementor-element elementor-element-686ebeb e-con-full e-flex wpr-particle-no wpr-jarallax-no wpr-parallax-no wpr-sticky-section-no wpr-equal-height-no e-con e-child\" data-id=\"686ebeb\" data-element_type=\"container\" data-e-type=\"container\" data-settings=\"{&quot;_ha_eqh_enable&quot;:false}\">\n\t\t\t\t<div class=\"elementor-element elementor-element-97bba3c elementor-widget elementor-widget-image\" data-id=\"97bba3c\" data-element_type=\"widget\" data-e-type=\"widget\" data-widget_type=\"image.default\">\n\t\t\t\t<div class=\"elementor-widget-container\">\n\t\t\t\t\t\t\t\t\t\t\t\t\t\t\t<img decoding=\"async\" width=\"631\" height=\"863\" src=\"https:\/\/lioneletlesautresvictimesdelaroute.fr\/justice\/wp-content\/uploads\/2023\/05\/4e-Couverture-Jai-17-ans-Coralie-PAILHES-Editions-Alexandra-de-Saint-Prix.jpg\" class=\"attachment-large size-large wp-image-27186\" alt=\"4\u00e8me de couverture du livre &quot;J&#039;ai 17 ans un chauffard me vole ma vie , il me tue ! &quot; par Coralie PAILHES \u00c9ditions Alexandra de Saint-Prix\" srcset=\"https:\/\/lioneletlesautresvictimesdelaroute.fr\/justice\/wp-content\/uploads\/2023\/05\/4e-Couverture-Jai-17-ans-Coralie-PAILHES-Editions-Alexandra-de-Saint-Prix.jpg 631w, https:\/\/lioneletlesautresvictimesdelaroute.fr\/justice\/wp-content\/uploads\/2023\/05\/4e-Couverture-Jai-17-ans-Coralie-PAILHES-Editions-Alexandra-de-Saint-Prix-219x300.jpg 219w\" sizes=\"(max-width: 631px) 100vw, 631px\" \/>\t\t\t\t\t\t\t\t\t\t\t\t\t\t\t<\/div>\n\t\t\t\t<\/div>\n\t\t\t\t<\/div>\n\t\t\t\t\t<\/div>\n\t\t\t\t<\/div>\n\t\t<div class=\"elementor-element elementor-element-40e37f7 e-flex e-con-boxed wpr-particle-no wpr-jarallax-no wpr-parallax-no wpr-sticky-section-no wpr-equal-height-no e-con e-parent\" data-id=\"40e37f7\" data-element_type=\"container\" data-e-type=\"container\" data-settings=\"{&quot;_ha_eqh_enable&quot;:false}\">\n\t\t\t\t\t<div class=\"e-con-inner\">\n\t\t\t\t<div class=\"elementor-element elementor-element-feb3ba0 elementor-widget elementor-widget-heading\" data-id=\"feb3ba0\" data-element_type=\"widget\" data-e-type=\"widget\" data-widget_type=\"heading.default\">\n\t\t\t\t<div class=\"elementor-widget-container\">\n\t\t\t\t\t<h2 class=\"elementor-heading-title elementor-size-default\">Commande de ce livre<\/h2>\t\t\t\t<\/div>\n\t\t\t\t<\/div>\n\t\t\t\t<div class=\"elementor-element elementor-element-92364ea elementor-widget elementor-widget-text-editor\" data-id=\"92364ea\" data-element_type=\"widget\" data-e-type=\"widget\" data-widget_type=\"text-editor.default\">\n\t\t\t\t<div class=\"elementor-widget-container\">\n\t\t\t\t\t\t\t\t\t<p>L&rsquo;appui sur le bouton \u00ab\u00a0Soumettre\u00a0\u00bb sera compris par nous, comme\u00a0 votre accord \u00e0 la commande et aux les prix et conditions mentionn\u00e9s (livre, frais de port, ch\u00e8que)<\/p><p>Le type de paiement que nous acceptons est strictement limit\u00e9 \u00e0 l&rsquo;envoi d&rsquo;un r\u00e8glement sous forme de ch\u00e8que au profit de \u00ab\u00a0Madame Coralie PAILH\u00c8S\u00a0\u00bb adress\u00e9 \u00e0 :<\/p><p>Madame Coralie PAILH\u00c8S <br \/>Pr\u00e9sidente de l&rsquo;Association Lionel et les Autres Victimes de la Route.\u00a0<br \/>15 ruelle des jardiniers\u00a0 &#8211; La Plazede <br \/>81240 Lacabar\u00e8de<\/p><p><strong>Toutes les ventes sont revers\u00e9es \u00e0 l&rsquo;association Lionel et les Autres Victimes de la Route.\u00a0<\/strong><\/p><p>\u00c0 la r\u00e9ception de votre r\u00e8glement, nous vous posterons ce livre \u00e0 l&rsquo;adresse que vous aurez d\u00e9clar\u00e9e<\/p>\t\t\t\t\t\t\t\t<\/div>\n\t\t\t\t<\/div>\n\t\t\t\t\t<\/div>\n\t\t\t\t<\/div>\n\t\t<div class=\"elementor-element elementor-element-2b126ae e-flex e-con-boxed wpr-particle-no wpr-jarallax-no wpr-parallax-no wpr-sticky-section-no wpr-equal-height-no e-con e-parent\" data-id=\"2b126ae\" data-element_type=\"container\" data-e-type=\"container\" data-settings=\"{&quot;_ha_eqh_enable&quot;:false}\">\n\t\t\t\t\t<div class=\"e-con-inner\">\n\t\t\t\t<div class=\"elementor-element elementor-element-e49c026 elementor-widget elementor-widget-wpforms\" data-id=\"e49c026\" data-element_type=\"widget\" data-e-type=\"widget\" data-widget_type=\"wpforms.default\">\n\t\t\t\t<div class=\"elementor-widget-container\">\n\t\t\t\t\t<div class=\"wpforms-container wpforms-container-full wpforms-render-modern\" id=\"wpforms-53251\"><form id=\"wpforms-form-53251\" class=\"wpforms-validate wpforms-form wpforms-ajax-form\" data-formid=\"53251\" method=\"post\" enctype=\"multipart\/form-data\" action=\"\/justice\/wp-json\/wp\/v2\/pages\/53235\" data-token=\"a216bd88a738607d65c4d2bfd24b3dcd\" data-token-time=\"1777646792\"><noscript class=\"wpforms-error-noscript\">Veuillez activer JavaScript dans votre navigateur pour remplir ce formulaire.<\/noscript><div id=\"wpforms-error-noscript\" style=\"display: none;\">Veuillez activer JavaScript dans votre navigateur pour remplir ce formulaire.<\/div><div class=\"wpforms-field-container\"><div id=\"wpforms-53251-field_1-container\" class=\"wpforms-field wpforms-field-name\" data-field-id=\"1\"><fieldset><legend class=\"wpforms-field-label\">Votre identit\u00e9 <span class=\"wpforms-required-label\" aria-hidden=\"true\">*<\/span><\/legend><div class=\"wpforms-field-row wpforms-field-medium\"><div class=\"wpforms-field-row-block wpforms-first wpforms-one-half\"><input type=\"text\" id=\"wpforms-53251-field_1\" class=\"wpforms-field-name-first wpforms-field-required\" name=\"wpforms[fields][1][first]\" aria-errormessage=\"wpforms-53251-field_1-error\" required><label for=\"wpforms-53251-field_1\" class=\"wpforms-field-sublabel after\">Pr\u00e9nom<\/label><\/div><div class=\"wpforms-field-row-block wpforms-one-half\"><input type=\"text\" id=\"wpforms-53251-field_1-last\" class=\"wpforms-field-name-last wpforms-field-required\" name=\"wpforms[fields][1][last]\" aria-errormessage=\"wpforms-53251-field_1-last-error\" required><label for=\"wpforms-53251-field_1-last\" class=\"wpforms-field-sublabel after\">Nom<\/label><\/div><\/div><\/fieldset><\/div>\t\t<div id=\"wpforms-53251-field_3-container\"\n\t\t\tclass=\"wpforms-field wpforms-field-text\"\n\t\t\tdata-field-type=\"text\"\n\t\t\tdata-field-id=\"3\"\n\t\t\t>\n\t\t\t<label class=\"wpforms-field-label\" for=\"wpforms-53251-field_3\" >de T\u00e9l\u00e9phone unique<\/label>\n\t\t\t<input type=\"text\" id=\"wpforms-53251-field_3\" class=\"wpforms-field-medium\" name=\"wpforms[fields][3]\" >\n\t\t<\/div>\n\t\t<div id=\"wpforms-53251-field_8-container\" class=\"wpforms-field wpforms-field-email\" data-field-id=\"8\"><label class=\"wpforms-field-label\" for=\"wpforms-53251-field_8\">Votre Email <span class=\"wpforms-required-label\" aria-hidden=\"true\">*<\/span><\/label><input type=\"email\" id=\"wpforms-53251-field_8\" class=\"wpforms-field-medium wpforms-field-required\" name=\"wpforms[fields][8]\" spellcheck=\"false\" aria-errormessage=\"wpforms-53251-field_8-error\" required><\/div><div id=\"wpforms-53251-field_9-container\" class=\"wpforms-field wpforms-field-email\" data-field-id=\"9\"><label class=\"wpforms-field-label\" for=\"wpforms-53251-field_9\">Votre T\u00e9l\u00e9phone <span class=\"wpforms-required-label\" aria-hidden=\"true\">*<\/span><\/label><input type=\"email\" id=\"wpforms-53251-field_9\" class=\"wpforms-field-medium wpforms-field-required\" name=\"wpforms[fields][9]\" spellcheck=\"false\" aria-errormessage=\"wpforms-53251-field_9-error\" required><\/div><div id=\"wpforms-53251-field_2-container\" class=\"wpforms-field wpforms-field-text\" data-field-id=\"2\"><label class=\"wpforms-field-label\" for=\"wpforms-53251-field_2\">Adresse de livraison  <span class=\"wpforms-required-label\" aria-hidden=\"true\">*<\/span><\/label><input type=\"text\" id=\"wpforms-53251-field_2\" class=\"wpforms-field-large wpforms-field-required\" name=\"wpforms[fields][2]\" placeholder=\"Num\u00e9ro, Rue, Code postal, Ville, Pays\" aria-errormessage=\"wpforms-53251-field_2-error\" aria-describedby=\"wpforms-53251-field_2-description\" required><div id=\"wpforms-53251-field_2-description\" class=\"wpforms-field-description\">Num\u00e9ro de rue, Rue, Code postal, Ville, Pays<\/div><\/div><div id=\"wpforms-53251-field_12-container\" class=\"wpforms-field wpforms-field-payment-single\" data-field-id=\"12\"><label class=\"wpforms-field-label\">Livre unique<\/label><div class=\"wpforms-single-item-price-content\"><div class=\"wpforms-single-item-price wpforms-field-small wpforms-payment-price\">Prix\u00a0: 14.90 \u20ac<\/div><\/div><input type=\"hidden\" id=\"wpforms-53251-field_12\" class=\"wpforms-field-small wpforms-payment-price\" name=\"wpforms[fields][12]\" value=\"&#036;14.90\"><\/div><div id=\"wpforms-53251-field_16-container\" class=\"wpforms-field wpforms-field-payment-single\" data-field-id=\"16\"><label class=\"wpforms-field-label\">Frais de port <\/label><div class=\"wpforms-single-item-price-content\"><div class=\"wpforms-single-item-price wpforms-field-small wpforms-payment-price\">Prix\u00a0: 7,50 \u20ac<\/div><\/div><input type=\"hidden\" id=\"wpforms-53251-field_16\" class=\"wpforms-field-small wpforms-payment-price\" name=\"wpforms[fields][16]\" value=\"&#036;0.00\"><\/div><div id=\"wpforms-53251-field_18-container\" class=\"wpforms-field wpforms-field-payment-single\" data-field-id=\"18\"><label class=\"wpforms-field-label\">Total<\/label><div class=\"wpforms-single-item-price-content\"><div class=\"wpforms-single-item-price wpforms-field-small wpforms-payment-price\">Prix\u00a0: 22,40 \u20ac<\/div><\/div><input type=\"hidden\" id=\"wpforms-53251-field_18\" class=\"wpforms-field-small wpforms-payment-price\" name=\"wpforms[fields][18]\" value=\"&#036;0.00\"><\/div><div id=\"wpforms-53251-field_6-container\" class=\"wpforms-field wpforms-field-textarea\" data-field-id=\"6\"><label class=\"wpforms-field-label\" for=\"wpforms-53251-field_6\">Vos commentaires<\/label><textarea id=\"wpforms-53251-field_6\" class=\"wpforms-field-medium\" name=\"wpforms[fields][6]\" aria-errormessage=\"wpforms-53251-field_6-error\" ><\/textarea><\/div><script>\n\t\t\t\t( function() {\n\t\t\t\t\tconst style = document.createElement( 'style' );\n\t\t\t\t\tstyle.appendChild( document.createTextNode( '#wpforms-53251-field_3-container { position: absolute !important; overflow: hidden !important; display: inline !important; height: 1px !important; width: 1px !important; z-index: -1000 !important; padding: 0 !important; } #wpforms-53251-field_3-container input { visibility: hidden; } #wpforms-conversational-form-page #wpforms-53251-field_3-container label { counter-increment: none; }' ) );\n\t\t\t\t\tdocument.head.appendChild( style );\n\t\t\t\t\tdocument.currentScript?.remove();\n\t\t\t\t} )();\n\t\t\t<\/script><\/div><!-- .wpforms-field-container --><div class=\"wpforms-submit-container\" ><input type=\"hidden\" name=\"wpforms[id]\" value=\"53251\"><input type=\"hidden\" name=\"page_title\" value=\"\"><input type=\"hidden\" name=\"page_url\" value=\"https:\/\/lioneletlesautresvictimesdelaroute.fr\/justice\/wp-json\/wp\/v2\/pages\/53235\"><input type=\"hidden\" name=\"url_referer\" value=\"\"><button type=\"submit\" name=\"wpforms[submit]\" id=\"wpforms-submit-53251\" class=\"wpforms-submit\" data-alt-text=\"Envoyer ...\" data-submit-text=\"Soumettre\" aria-live=\"assertive\" value=\"wpforms-submit\">Soumettre<\/button><img decoding=\"async\" src=\"https:\/\/lioneletlesautresvictimesdelaroute.fr\/justice\/wp-content\/plugins\/wpforms-lite\/assets\/images\/submit-spin.svg\" class=\"wpforms-submit-spinner\" style=\"display: none;\" width=\"26\" height=\"26\" alt=\"Chargement en cours\"><\/div><\/form><\/div>  <!-- .wpforms-container -->\t\t\t\t<\/div>\n\t\t\t\t<\/div>\n\t\t\t\t\t<\/div>\n\t\t\t\t<\/div>\n\t\t\t\t<\/div>\n\t\t","protected":false},"excerpt":{"rendered":"<p>Commande de ce livre L&rsquo;appui sur le bouton \u00ab\u00a0Soumettre\u00a0\u00bb sera compris par nous, comme\u00a0 votre accord \u00e0 la commande et aux les prix et conditions mentionn\u00e9s (livre, frais de port, ch\u00e8que) Le type de paiement que nous acceptons est strictement limit\u00e9 \u00e0 l&rsquo;envoi d&rsquo;un r\u00e8glement sous forme de ch\u00e8que au profit de \u00ab\u00a0Madame Coralie PAILH\u00c8S\u00a0\u00bb adress\u00e9 \u00e0 : Madame Coralie PAILH\u00c8S Pr\u00e9sidente de l&rsquo;Association Lionel et les Autres Victimes de la Route.\u00a015 ruelle des jardiniers\u00a0 &#8211; La Plazede 81240 Lacabar\u00e8de Toutes les ventes sont revers\u00e9es \u00e0 l&rsquo;association Lionel et les Autres Victimes de la Route.\u00a0 \u00c0 la r\u00e9ception de votre r\u00e8glement, nous vous posterons ce livre \u00e0 l&rsquo;adresse que vous aurez d\u00e9clar\u00e9e Veuillez activer JavaScript dans votre navigateur pour remplir ce formulaire.Veuillez activer JavaScript dans votre navigateur pour remplir ce formulaire. Votre identit\u00e9 * Pr\u00e9nomNom Votre Email *Votre T\u00e9l\u00e9phone *Adresse de livraison *Num\u00e9ro de rue, Rue, Code postal, Ville, PaysLivre uniquePrix\u00a0: 14.90 \u20acFrais de port Prix\u00a0: 7,50 \u20acTotalPrix\u00a0: 22,40 \u20acVos commentaires Soumettre<\/p>\n","protected":false},"author":2,"featured_media":0,"parent":0,"menu_order":0,"comment_status":"closed","ping_status":"closed","template":"","meta":{"_uag_custom_page_level_css":"","sfsi_plus_gutenberg_text_before_share":"","sfsi_plus_gutenberg_show_text_before_share":"","sfsi_plus_gutenberg_icon_type":"","sfsi_plus_gutenberg_icon_alignemt":"","sfsi_plus_gutenburg_max_per_row":"","_lmt_disableupdate":"no","_lmt_disable":"no","_monsterinsights_skip_tracking":false,"_monsterinsights_sitenote_active":false,"_monsterinsights_sitenote_note":"","_monsterinsights_sitenote_category":0,"site-sidebar-layout":"right-sidebar","site-content-layout":"","ast-site-content-layout":"normal-width-container","site-content-style":"default","site-sidebar-style":"default","ast-global-header-display":"","ast-banner-title-visibility":"","ast-main-header-display":"","ast-hfb-above-header-display":"","ast-hfb-below-header-display":"","ast-hfb-mobile-header-display":"","site-post-title":"","ast-breadcrumbs-content":"","ast-featured-img":"","footer-sml-layout":"","ast-disable-related-posts":"","theme-transparent-header-meta":"default","adv-header-id-meta":"","stick-header-meta":"","header-above-stick-meta":"","header-main-stick-meta":"","header-below-stick-meta":"","astra-migrate-meta-layouts":"set","ast-page-background-enabled":"default","ast-page-background-meta":{"desktop":{"background-color":"var(--ast-global-color-4)","background-image":"","background-repeat":"repeat","background-position":"center center","background-size":"auto","background-attachment":"scroll","background-type":"","background-media":"","overlay-type":"","overlay-color":"","overlay-opacity":"","overlay-gradient":""},"tablet":{"background-color":"","background-image":"","background-repeat":"repeat","background-position":"center center","background-size":"auto","background-attachment":"scroll","background-type":"","background-media":"","overlay-type":"","overlay-color":"","overlay-opacity":"","overlay-gradient":""},"mobile":{"background-color":"","background-image":"","background-repeat":"repeat","background-position":"center center","background-size":"auto","background-attachment":"scroll","background-type":"","background-media":"","overlay-type":"","overlay-color":"","overlay-opacity":"","overlay-gradient":""}},"ast-content-background-meta":{"desktop":{"background-color":"var(--ast-global-color-5)","background-image":"","background-repeat":"repeat","background-position":"center center","background-size":"auto","background-attachment":"scroll","background-type":"","background-media":"","overlay-type":"","overlay-color":"","overlay-opacity":"","overlay-gradient":""},"tablet":{"background-color":"var(--ast-global-color-5)","background-image":"","background-repeat":"repeat","background-position":"center center","background-size":"auto","background-attachment":"scroll","background-type":"","background-media":"","overlay-type":"","overlay-color":"","overlay-opacity":"","overlay-gradient":""},"mobile":{"background-color":"var(--ast-global-color-5)","background-image":"","background-repeat":"repeat","background-position":"center center","background-size":"auto","background-attachment":"scroll","background-type":"","background-media":"","overlay-type":"","overlay-color":"","overlay-opacity":"","overlay-gradient":""}},"iawp_total_views":3,"footnotes":""},"categories":[],"tags":[],"class_list":["post-53235","page","type-page","status-publish","hentry"],"aioseo_notices":[],"uagb_featured_image_src":{"full":false,"thumbnail":false,"medium":false,"medium_large":false,"large":false,"1536x1536":false,"2048x2048":false},"uagb_author_info":{"display_name":"Coralie PAILHES","author_link":"https:\/\/lioneletlesautresvictimesdelaroute.fr\/justice\/author\/edliojus01513\/"},"uagb_comment_info":0,"uagb_excerpt":"Commande de ce livre L&rsquo;appui sur le bouton \u00ab\u00a0Soumettre\u00a0\u00bb sera compris par nous, comme\u00a0 votre accord \u00e0 la commande et aux les prix et conditions mentionn\u00e9s (livre, frais de port, ch\u00e8que) Le type de paiement que nous acceptons est strictement limit\u00e9 \u00e0 l&rsquo;envoi d&rsquo;un r\u00e8glement sous forme de ch\u00e8que au profit de \u00ab\u00a0Madame Coralie PAILH\u00c8S\u00a0\u00bb\u2026","rttpg_featured_image_url":null,"rttpg_author":{"display_name":"Coralie PAILHES","author_link":"https:\/\/lioneletlesautresvictimesdelaroute.fr\/justice\/author\/edliojus01513\/"},"rttpg_comment":0,"rttpg_category":false,"rttpg_excerpt":"Commande de ce livre L&rsquo;appui sur le bouton \u00ab\u00a0Soumettre\u00a0\u00bb sera compris par nous, comme\u00a0 votre accord \u00e0 la commande et aux les prix et conditions mentionn\u00e9s (livre, frais de port, ch\u00e8que) Le type de paiement que nous acceptons est strictement limit\u00e9 \u00e0 l&rsquo;envoi d&rsquo;un r\u00e8glement sous forme de ch\u00e8que au profit de \u00ab\u00a0Madame Coralie PAILH\u00c8S\u00a0\u00bb\u2026","_links":{"self":[{"href":"https:\/\/lioneletlesautresvictimesdelaroute.fr\/justice\/wp-json\/wp\/v2\/pages\/53235","targetHints":{"allow":["GET"]}}],"collection":[{"href":"https:\/\/lioneletlesautresvictimesdelaroute.fr\/justice\/wp-json\/wp\/v2\/pages"}],"about":[{"href":"https:\/\/lioneletlesautresvictimesdelaroute.fr\/justice\/wp-json\/wp\/v2\/types\/page"}],"author":[{"embeddable":true,"href":"https:\/\/lioneletlesautresvictimesdelaroute.fr\/justice\/wp-json\/wp\/v2\/users\/2"}],"replies":[{"embeddable":true,"href":"https:\/\/lioneletlesautresvictimesdelaroute.fr\/justice\/wp-json\/wp\/v2\/comments?post=53235"}],"version-history":[{"count":2,"href":"https:\/\/lioneletlesautresvictimesdelaroute.fr\/justice\/wp-json\/wp\/v2\/pages\/53235\/revisions"}],"predecessor-version":[{"id":53295,"href":"https:\/\/lioneletlesautresvictimesdelaroute.fr\/justice\/wp-json\/wp\/v2\/pages\/53235\/revisions\/53295"}],"wp:attachment":[{"href":"https:\/\/lioneletlesautresvictimesdelaroute.fr\/justice\/wp-json\/wp\/v2\/media?parent=53235"}],"wp:term":[{"taxonomy":"category","embeddable":true,"href":"https:\/\/lioneletlesautresvictimesdelaroute.fr\/justice\/wp-json\/wp\/v2\/categories?post=53235"},{"taxonomy":"post_tag","embeddable":true,"href":"https:\/\/lioneletlesautresvictimesdelaroute.fr\/justice\/wp-json\/wp\/v2\/tags?post=53235"}],"curies":[{"name":"wp","href":"https:\/\/api.w.org\/{rel}","templated":true}]}}