{"id":53959,"date":"2025-12-09T14:52:34","date_gmt":"2025-12-09T13:52:34","guid":{"rendered":"https:\/\/lioneletlesautresvictimesdelaroute.fr\/justice\/?page_id=53959"},"modified":"2025-12-16T14:59:21","modified_gmt":"2025-12-16T13:59:21","slug":"moto","status":"publish","type":"page","link":"https:\/\/lioneletlesautresvictimesdelaroute.fr\/justice\/etat-des-lieux\/code-de-la-route\/reglementations-des-vehicules-roulants\/moto\/","title":{"rendered":"Moto"},"content":{"rendered":"\t\t<div data-elementor-type=\"wp-page\" data-elementor-id=\"53959\" class=\"elementor elementor-53959\" data-elementor-settings=\"{&quot;ha_cmc_init_switcher&quot;:&quot;no&quot;}\">\n\t\t\t\t<div class=\"elementor-element elementor-element-0f88f21 e-flex e-con-boxed wpr-particle-no wpr-jarallax-no wpr-parallax-no wpr-sticky-section-no wpr-equal-height-no e-con e-parent\" data-id=\"0f88f21\" data-element_type=\"container\" data-e-type=\"container\" data-settings=\"{&quot;_ha_eqh_enable&quot;:false}\">\n\t\t\t\t\t<div class=\"e-con-inner\">\n\t\t\t\t<div class=\"elementor-element elementor-element-669c893 elementor-widget elementor-widget-heading\" data-id=\"669c893\" data-element_type=\"widget\" data-e-type=\"widget\" data-widget_type=\"heading.default\">\n\t\t\t\t<div class=\"elementor-widget-container\">\n\t\t\t\t\t<h2 class=\"elementor-heading-title elementor-size-default\">Moto<\/h2>\t\t\t\t<\/div>\n\t\t\t\t<\/div>\n\t\t\t\t<div class=\"elementor-element elementor-element-3419d9c elementor-widget elementor-widget-image\" data-id=\"3419d9c\" data-element_type=\"widget\" data-e-type=\"widget\" data-widget_type=\"image.default\">\n\t\t\t\t<div class=\"elementor-widget-container\">\n\t\t\t\t\t\t\t\t\t\t\t\t\t\t\t\t<a href=\"https:\/\/lioneletlesautresvictimesdelaroute.fr\/justice\/wp-content\/uploads\/2024\/09\/moto-circulation-file.jpg\" data-elementor-open-lightbox=\"yes\" data-elementor-lightbox-title=\"moto circulation file\" data-elementor-lightbox-description=\"Surcharge routi\u00e8re Trois voies Vue v\u00e9hicules par l&#039;arri\u00e8re en fuite\" data-e-action-hash=\"#elementor-action%3Aaction%3Dlightbox%26settings%3DeyJpZCI6NDI4MTMsInVybCI6Imh0dHBzOlwvXC9saW9uZWxldGxlc2F1dHJlc3ZpY3RpbWVzZGVsYXJvdXRlLmZyXC9qdXN0aWNlXC93cC1jb250ZW50XC91cGxvYWRzXC8yMDI0XC8wOVwvbW90by1jaXJjdWxhdGlvbi1maWxlLmpwZyJ9\">\n\t\t\t\t\t\t\t<img decoding=\"async\" width=\"150\" height=\"150\" src=\"https:\/\/lioneletlesautresvictimesdelaroute.fr\/justice\/wp-content\/uploads\/2024\/09\/moto-circulation-file-150x150.jpg\" class=\"attachment-thumbnail size-thumbnail wp-image-42813\" alt=\"Surcharge routi\u00e8re Trois voies Vue v\u00e9hicules par l&#039;arri\u00e8re en fuite\" \/>\t\t\t\t\t\t\t\t<\/a>\n\t\t\t\t\t\t\t\t\t\t\t\t\t\t\t<\/div>\n\t\t\t\t<\/div>\n\t\t\t\t\t<\/div>\n\t\t\t\t<\/div>\n\t\t<div class=\"elementor-element elementor-element-85c89fd e-con-full e-flex wpr-particle-no wpr-jarallax-no wpr-parallax-no wpr-sticky-section-no wpr-equal-height-no e-con e-parent\" data-id=\"85c89fd\" data-element_type=\"container\" data-e-type=\"container\" data-settings=\"{&quot;_ha_eqh_enable&quot;:false}\">\n\t\t<div class=\"elementor-element elementor-element-09c6e2f e-con-full e-flex wpr-particle-no wpr-jarallax-no wpr-parallax-no wpr-sticky-section-no wpr-equal-height-no e-con e-child\" data-id=\"09c6e2f\" data-element_type=\"container\" data-e-type=\"container\" data-settings=\"{&quot;_ha_eqh_enable&quot;:false}\">\n\t\t\t\t<div class=\"elementor-element elementor-element-fd34e5c elementor-widget elementor-widget-text-editor\" data-id=\"fd34e5c\" data-element_type=\"widget\" data-e-type=\"widget\" data-widget_type=\"text-editor.default\">\n\t\t\t\t<div class=\"elementor-widget-container\">\n\t\t\t\t\t\t\t\t\t<p>Une moto en bon \u00e9tat et bien \u00e9quip\u00e9e contribue \u00e0 garantir votre s\u00e9curit\u00e9 et celle des autres usagers de la route. Certains \u00e9quipements sont obligatoires, d&rsquo;autres recommand\u00e9s : apprenez \u00e0 les identifier avec notre checklist moto !<\/p><p><a href=\"https:\/\/www.securite-routiere.gouv.fr\/chacun-son-mode-de-deplacement\/a-moto\/equipement-et-entretien-de-la-moto\/equipement-de-la-moto\">Moto<\/a> :\u00a0<a href=\"https:\/\/www.securite-routiere.gouv.fr\/chacun-son-mode-de-deplacement\/a-moto\/equipement-et-entretien-de-la-moto\/equipement-de-la-moto\">https:\/\/www.securite-routiere.gouv.fr\/chacun-son-mode-de-deplacement\/a-moto\/equipement-et-entretien-de-la-moto\/equipement-de-la-moto<\/a><\/p><p>Source : <a href=\"https:\/\/www.securite-routiere.gouv.fr\/\">S\u00e9curit\u00e9 Routi\u00e8re\u00a0<\/a><\/p>\t\t\t\t\t\t\t\t<\/div>\n\t\t\t\t<\/div>\n\t\t\t\t<div class=\"elementor-element elementor-element-4a167bb elementor-widget elementor-widget-image\" data-id=\"4a167bb\" data-element_type=\"widget\" data-e-type=\"widget\" data-widget_type=\"image.default\">\n\t\t\t\t<div class=\"elementor-widget-container\">\n\t\t\t\t\t\t\t\t\t\t\t\t\t\t\t<img fetchpriority=\"high\" decoding=\"async\" width=\"1024\" height=\"580\" src=\"https:\/\/lioneletlesautresvictimesdelaroute.fr\/justice\/wp-content\/uploads\/2025\/06\/scooter.png\" class=\"attachment-large size-large wp-image-52128\" alt=\"\" srcset=\"https:\/\/lioneletlesautresvictimesdelaroute.fr\/justice\/wp-content\/uploads\/2025\/06\/scooter.png 1024w, https:\/\/lioneletlesautresvictimesdelaroute.fr\/justice\/wp-content\/uploads\/2025\/06\/scooter-300x170.png 300w, https:\/\/lioneletlesautresvictimesdelaroute.fr\/justice\/wp-content\/uploads\/2025\/06\/scooter-768x435.png 768w\" sizes=\"(max-width: 1024px) 100vw, 1024px\" \/>\t\t\t\t\t\t\t\t\t\t\t\t\t\t\t<\/div>\n\t\t\t\t<\/div>\n\t\t\t\t<\/div>\n\t\t\t\t<\/div>\n\t\t<div class=\"elementor-element elementor-element-a608d39 e-con-full e-flex wpr-particle-no wpr-jarallax-no wpr-parallax-no wpr-sticky-section-no wpr-equal-height-no e-con e-parent\" data-id=\"a608d39\" data-element_type=\"container\" data-e-type=\"container\" data-settings=\"{&quot;_ha_eqh_enable&quot;:false}\">\n\t\t\t\t<div class=\"elementor-element elementor-element-b06e1a4 elementor-widget elementor-widget-heading\" data-id=\"b06e1a4\" data-element_type=\"widget\" data-e-type=\"widget\" data-widget_type=\"heading.default\">\n\t\t\t\t<div class=\"elementor-widget-container\">\n\t\t\t\t\t<h2 class=\"elementor-heading-title elementor-size-default\">S\u00e9curit\u00e9s<\/h2>\t\t\t\t<\/div>\n\t\t\t\t<\/div>\n\t\t\t\t<div class=\"elementor-element elementor-element-40793cd elementor-widget elementor-widget-text-editor\" data-id=\"40793cd\" data-element_type=\"widget\" data-e-type=\"widget\" data-widget_type=\"text-editor.default\">\n\t\t\t\t<div class=\"elementor-widget-container\">\n\t\t\t\t\t\t\t\t\t<p><strong>V\u00eatements\u00a0<\/strong><\/p><p>Choisissez de pr\u00e9f\u00e9rence des v\u00eatements de couleurs vives \u00e9viter de porter du noir ou alors appliquer des bandes de r\u00e9fl\u00e9chissantes vous devez \u00eatre vu par toute personne conduisant sur la route.<br \/>Votre casque doit \u00eatre \u00e9galement visible ne le colorez pas avec de la peinture, mettez plut\u00f4t des bandes de r\u00e9fl\u00e9chissantes de fa\u00e7on humoristique si vous le souhaitez. Sur votre scooter ou votre moto, pensez \u00e9galement \u00e0 lui appliquer des bandes r\u00e9fl\u00e9chissantes sur le coffre arri\u00e8re de votre moto ou scooter sur les sacoches afin d\u2019\u00eatre reconnus de tous v\u00e9hicules routiers.<\/p><p><strong>Gardez vos distances<\/strong> <br \/><br \/>Respecter les distances de s\u00e9curit\u00e9<br \/>M\u00eame en deux roues il est important de garder les distances de s\u00e9curit\u00e9. Quand on roule \u00e0 90 km heure il faut 85 m\u00e8tres pour s\u2019arr\u00eater par temps sec.<br \/>Garder ses distances, c\u2019est se donner du temps de r\u00e9action face aux dangers. A 90 km\/h, il faut 85 m pour vous arr\u00eater totalement par temps sec, temps de r\u00e9action compris.<br \/><br \/><strong>Freiner, cela s\u2019apprend<br \/><\/strong><br \/>Il est essentiel de trouver le bon \u00e9quilibre entre le frein avant (le plus efficace) et le frein arri\u00e8re (ralentisseur et stabilisateur), et cela en fonction du type de freinage. G\u00e9n\u00e9ralement, le freinage s\u2019effectue en actionnant les deux freins en m\u00eame temps et en dosant la pression exerc\u00e9e sur les commandes.<br \/>\u00a0\u00a0<br \/><strong>Ce qu\u2019il faut toujours avoir \u00e0 l\u2019esprit<\/strong> :<br \/><br \/>* Id\u00e9alement, ne freinez que lorsque la moto est droite<br \/>* De m\u00eame, ne freinez jamais dans un virage lorsque le deux-roues motoris\u00e9 est inclin\u00e9 : il se redresserait alors imm\u00e9diatement en modifiant sa trajectoire de courbe, au risque de vous faire chuter&#8230; ou de vous faire sortir de la route<br \/>* \u00c9vitez imp\u00e9rativement le blocage de la roue avant. Si elle se bloque, rel\u00e2chez imm\u00e9diatement la pression sur le frein. Le blocage de la roue arri\u00e8re est \u00e9galement \u00e0 \u00e9viter car il r\u00e9duit fortement l\u2019efficacit\u00e9 du freinage.<br \/>* D\u00e8s lors que l\u2019adh\u00e9rence \u00e0 la chauss\u00e9e n\u2019est pas optimale, ne freinez qu\u2019avec le frein arri\u00e8re. C\u2019est le cas sur les pav\u00e9s (particuli\u00e8rement glissants et dangereux en cas de pluie notamment), sur la chauss\u00e9e mouill\u00e9e ou en pr\u00e9sence de graviers ou de sable par exemple.<br \/>* Pour r\u00e9pondre \u00e0 un brusque ralentissement : freinez s\u00e8chement des deux freins puis g\u00e9rez le ralentissement complet de votre v\u00e9hicule par des \u00e0-coups, et non l\u2019inverse.<br \/>En cas de situation d\u2019urgence, appliquez la technique du regard, afin d\u2019envisager toutes les \u00e9chappatoires. Posez le regard l\u00e0 o\u00f9 vous souhaitez aller, et non sur l\u2019obstacle. Le cerveau humain est ainsi fait que l\u2019endroit o\u00f9 votre regard se pose est celui vers lequel vous vous dirigez.<br \/>\u00a0\u00a0<br \/>70 % de la puissance de freinage provient de votre frein avant contre 30 % pour votre frein arri\u00e8re. Il est donc souvent moins dangereux pour un deux-roues motoris\u00e9 d\u2019esquiver une collision par une man\u0153uvre d\u2019\u00e9vitement que de freiner brutalement et de perdre l\u2019\u00e9quilibre au freinage.<\/p>\t\t\t\t\t\t\t\t<\/div>\n\t\t\t\t<\/div>\n\t\t\t\t<\/div>\n\t\t<div class=\"elementor-element elementor-element-e65b3d8 e-con-full e-flex wpr-particle-no wpr-jarallax-no wpr-parallax-no wpr-sticky-section-no wpr-equal-height-no e-con e-parent\" data-id=\"e65b3d8\" data-element_type=\"container\" data-e-type=\"container\" data-settings=\"{&quot;_ha_eqh_enable&quot;:false}\">\n\t\t<div class=\"elementor-element elementor-element-4aae54f e-con-full e-flex wpr-particle-no wpr-jarallax-no wpr-parallax-no wpr-sticky-section-no wpr-equal-height-no e-con e-child\" data-id=\"4aae54f\" data-element_type=\"container\" data-e-type=\"container\" data-settings=\"{&quot;_ha_eqh_enable&quot;:false}\">\n\t\t\t\t<div class=\"elementor-element elementor-element-a5159ca elementor-widget elementor-widget-image\" data-id=\"a5159ca\" data-element_type=\"widget\" data-e-type=\"widget\" data-widget_type=\"image.default\">\n\t\t\t\t<div class=\"elementor-widget-container\">\n\t\t\t\t\t\t\t\t\t\t\t\t\t\t\t<img decoding=\"async\" width=\"640\" height=\"427\" src=\"https:\/\/lioneletlesautresvictimesdelaroute.fr\/justice\/wp-content\/uploads\/2024\/01\/jeunes.jpg\" class=\"attachment-large size-large wp-image-33107\" alt=\"Verre d&#039;Alcool Cl\u00e9 de Conduite\" srcset=\"https:\/\/lioneletlesautresvictimesdelaroute.fr\/justice\/wp-content\/uploads\/2024\/01\/jeunes.jpg 640w, https:\/\/lioneletlesautresvictimesdelaroute.fr\/justice\/wp-content\/uploads\/2024\/01\/jeunes-300x200.jpg 300w\" sizes=\"(max-width: 640px) 100vw, 640px\" \/>\t\t\t\t\t\t\t\t\t\t\t\t\t\t\t<\/div>\n\t\t\t\t<\/div>\n\t\t\t\t<\/div>\n\t\t<div class=\"elementor-element elementor-element-ccf238d e-con-full e-flex wpr-particle-no wpr-jarallax-no wpr-parallax-no wpr-sticky-section-no wpr-equal-height-no e-con e-child\" data-id=\"ccf238d\" data-element_type=\"container\" data-e-type=\"container\" data-settings=\"{&quot;_ha_eqh_enable&quot;:false}\">\n\t\t\t\t<div class=\"elementor-element elementor-element-3469a12 elementor-widget elementor-widget-text-editor\" data-id=\"3469a12\" data-element_type=\"widget\" data-e-type=\"widget\" data-widget_type=\"text-editor.default\">\n\t\t\t\t<div class=\"elementor-widget-container\">\n\t\t\t\t\t\t\t\t\t<p><strong>Dans tous les cas pas d\u2019ALCOOL<\/strong><\/p><p>La limite fix\u00e9e est de 0,5 g d\u2019alcool par litre de sang, soit 0,25 mg par litre d\u2019air expir\u00e9. Pour les conducteurs titulaires d\u2019un permis probatoire, et ceux en situation d\u2019apprentissage, les conducteurs de v\u00e9hicules de transport en commun ou dont le droit \u00e0 conduire est limit\u00e9 aux v\u00e9hicules \u00e9quip\u00e9s d\u2019un EAD, la limite fix\u00e9e est de 0,2 g par litre de sang, soit 0,1 mg par litre d\u2019air expir\u00e9.<\/p>\t\t\t\t\t\t\t\t<\/div>\n\t\t\t\t<\/div>\n\t\t\t\t<\/div>\n\t\t\t\t<\/div>\n\t\t\t\t<\/div>\n\t\t","protected":false},"excerpt":{"rendered":"<p>Moto Une moto en bon \u00e9tat et bien \u00e9quip\u00e9e contribue \u00e0 garantir votre s\u00e9curit\u00e9 et celle des autres usagers de la route. Certains \u00e9quipements sont obligatoires, d&rsquo;autres recommand\u00e9s : apprenez \u00e0 les identifier avec notre checklist moto ! Moto :\u00a0https:\/\/www.securite-routiere.gouv.fr\/chacun-son-mode-de-deplacement\/a-moto\/equipement-et-entretien-de-la-moto\/equipement-de-la-moto Source : S\u00e9curit\u00e9 Routi\u00e8re\u00a0 S\u00e9curit\u00e9s V\u00eatements\u00a0 Choisissez de pr\u00e9f\u00e9rence des v\u00eatements de couleurs vives \u00e9viter de porter du noir ou alors appliquer des bandes de r\u00e9fl\u00e9chissantes vous devez \u00eatre vu par toute personne conduisant sur la route.Votre casque doit \u00eatre \u00e9galement visible ne le colorez pas avec de la peinture, mettez plut\u00f4t des bandes de r\u00e9fl\u00e9chissantes de fa\u00e7on humoristique si vous le souhaitez. Sur votre scooter ou votre moto, pensez \u00e9galement \u00e0 lui appliquer des bandes r\u00e9fl\u00e9chissantes sur le coffre arri\u00e8re de votre moto ou scooter sur les sacoches afin d\u2019\u00eatre reconnus de tous v\u00e9hicules routiers. Gardez vos distances Respecter les distances de s\u00e9curit\u00e9M\u00eame en deux roues il est important de garder les distances de s\u00e9curit\u00e9. Quand on roule \u00e0 90 km heure il faut 85 m\u00e8tres pour s\u2019arr\u00eater par temps sec.Garder ses distances, c\u2019est se donner du temps de r\u00e9action face aux dangers. A 90 km\/h, il faut 85 m pour vous arr\u00eater totalement par temps sec, temps de r\u00e9action compris. Freiner, cela s\u2019apprendIl est essentiel de trouver le bon \u00e9quilibre entre le frein avant (le plus efficace) et le frein arri\u00e8re (ralentisseur et stabilisateur), et cela en fonction du type de freinage. G\u00e9n\u00e9ralement, le freinage s\u2019effectue en actionnant les deux freins en m\u00eame temps et en dosant la pression exerc\u00e9e sur les commandes.\u00a0\u00a0Ce qu\u2019il faut toujours avoir \u00e0 l\u2019esprit : * Id\u00e9alement, ne freinez que lorsque la moto est droite* De m\u00eame, ne freinez jamais dans un virage lorsque le deux-roues motoris\u00e9 est inclin\u00e9 : il se redresserait alors imm\u00e9diatement en modifiant sa trajectoire de courbe, au risque de vous faire chuter&#8230; ou de vous faire sortir de la route* \u00c9vitez imp\u00e9rativement le blocage de la roue avant. Si elle se bloque, rel\u00e2chez imm\u00e9diatement la pression sur le frein. Le blocage de la roue arri\u00e8re est \u00e9galement \u00e0 \u00e9viter car il r\u00e9duit fortement l\u2019efficacit\u00e9 du freinage.* D\u00e8s lors que l\u2019adh\u00e9rence \u00e0 la chauss\u00e9e n\u2019est pas optimale, ne freinez qu\u2019avec le frein arri\u00e8re. C\u2019est le cas sur les pav\u00e9s (particuli\u00e8rement glissants et dangereux en cas de pluie notamment), sur la chauss\u00e9e mouill\u00e9e ou en pr\u00e9sence de graviers ou de sable par exemple.* Pour r\u00e9pondre \u00e0 un brusque ralentissement : freinez s\u00e8chement des deux freins puis g\u00e9rez le ralentissement complet de votre v\u00e9hicule par des \u00e0-coups, et non l\u2019inverse.En cas de situation d\u2019urgence, appliquez la technique du regard, afin d\u2019envisager toutes les \u00e9chappatoires. Posez le regard l\u00e0 o\u00f9 vous souhaitez aller, et non sur l\u2019obstacle. Le cerveau humain est ainsi fait que l\u2019endroit o\u00f9 votre regard se pose est celui vers lequel vous vous dirigez.\u00a0\u00a070 % de la puissance de freinage provient de votre frein avant contre 30 % pour votre frein arri\u00e8re. Il est donc souvent moins dangereux pour un deux-roues motoris\u00e9 d\u2019esquiver une collision par une man\u0153uvre d\u2019\u00e9vitement que de freiner brutalement et de perdre l\u2019\u00e9quilibre au freinage. Dans tous les cas pas d\u2019ALCOOL La limite fix\u00e9e est de 0,5 g d\u2019alcool par litre de sang, soit 0,25 mg par litre d\u2019air expir\u00e9. Pour les conducteurs titulaires d\u2019un permis probatoire, et ceux en situation d\u2019apprentissage, les conducteurs de v\u00e9hicules de transport en commun ou dont le droit \u00e0 conduire est limit\u00e9 aux v\u00e9hicules \u00e9quip\u00e9s d\u2019un EAD, la limite fix\u00e9e est de 0,2 g par litre de sang, soit 0,1 mg par litre d\u2019air expir\u00e9.<\/p>\n","protected":false},"author":2,"featured_media":0,"parent":53909,"menu_order":3,"comment_status":"closed","ping_status":"closed","template":"","meta":{"_uag_custom_page_level_css":"","sfsi_plus_gutenberg_text_before_share":"","sfsi_plus_gutenberg_show_text_before_share":"","sfsi_plus_gutenberg_icon_type":"","sfsi_plus_gutenberg_icon_alignemt":"","sfsi_plus_gutenburg_max_per_row":"","_lmt_disableupdate":"no","_lmt_disable":"no","_monsterinsights_skip_tracking":false,"_monsterinsights_sitenote_active":false,"_monsterinsights_sitenote_note":"","_monsterinsights_sitenote_category":0,"site-sidebar-layout":"right-sidebar","site-content-layout":"","ast-site-content-layout":"default","site-content-style":"default","site-sidebar-style":"default","ast-global-header-display":"","ast-banner-title-visibility":"","ast-main-header-display":"","ast-hfb-above-header-display":"","ast-hfb-below-header-display":"","ast-hfb-mobile-header-display":"","site-post-title":"disabled","ast-breadcrumbs-content":"","ast-featured-img":"disabled","footer-sml-layout":"","ast-disable-related-posts":"","theme-transparent-header-meta":"default","adv-header-id-meta":"","stick-header-meta":"","header-above-stick-meta":"","header-main-stick-meta":"","header-below-stick-meta":"","astra-migrate-meta-layouts":"set","ast-page-background-enabled":"default","ast-page-background-meta":{"desktop":{"background-color":"var(--ast-global-color-4)","background-image":"","background-repeat":"repeat","background-position":"center center","background-size":"auto","background-attachment":"scroll","background-type":"","background-media":"","overlay-type":"","overlay-color":"","overlay-opacity":"","overlay-gradient":""},"tablet":{"background-color":"","background-image":"","background-repeat":"repeat","background-position":"center center","background-size":"auto","background-attachment":"scroll","background-type":"","background-media":"","overlay-type":"","overlay-color":"","overlay-opacity":"","overlay-gradient":""},"mobile":{"background-color":"","background-image":"","background-repeat":"repeat","background-position":"center center","background-size":"auto","background-attachment":"scroll","background-type":"","background-media":"","overlay-type":"","overlay-color":"","overlay-opacity":"","overlay-gradient":""}},"ast-content-background-meta":{"desktop":{"background-color":"var(--ast-global-color-5)","background-image":"","background-repeat":"repeat","background-position":"center center","background-size":"auto","background-attachment":"scroll","background-type":"","background-media":"","overlay-type":"","overlay-color":"","overlay-opacity":"","overlay-gradient":""},"tablet":{"background-color":"var(--ast-global-color-5)","background-image":"","background-repeat":"repeat","background-position":"center center","background-size":"auto","background-attachment":"scroll","background-type":"","background-media":"","overlay-type":"","overlay-color":"","overlay-opacity":"","overlay-gradient":""},"mobile":{"background-color":"var(--ast-global-color-5)","background-image":"","background-repeat":"repeat","background-position":"center center","background-size":"auto","background-attachment":"scroll","background-type":"","background-media":"","overlay-type":"","overlay-color":"","overlay-opacity":"","overlay-gradient":""}},"iawp_total_views":2,"footnotes":""},"categories":[],"tags":[],"class_list":["post-53959","page","type-page","status-publish","hentry"],"aioseo_notices":[],"uagb_featured_image_src":{"full":false,"thumbnail":false,"medium":false,"medium_large":false,"large":false,"1536x1536":false,"2048x2048":false},"uagb_author_info":{"display_name":"Coralie PAILHES","author_link":"https:\/\/lioneletlesautresvictimesdelaroute.fr\/justice\/author\/edliojus01513\/"},"uagb_comment_info":0,"uagb_excerpt":"Moto Une moto en bon \u00e9tat et bien \u00e9quip\u00e9e contribue \u00e0 garantir votre s\u00e9curit\u00e9 et celle des autres usagers de la route. Certains \u00e9quipements sont obligatoires, d&rsquo;autres recommand\u00e9s : apprenez \u00e0 les identifier avec notre checklist moto ! Moto :\u00a0https:\/\/www.securite-routiere.gouv.fr\/chacun-son-mode-de-deplacement\/a-moto\/equipement-et-entretien-de-la-moto\/equipement-de-la-moto Source : S\u00e9curit\u00e9 Routi\u00e8re\u00a0 S\u00e9curit\u00e9s V\u00eatements\u00a0 Choisissez de pr\u00e9f\u00e9rence des v\u00eatements de couleurs vives \u00e9viter\u2026","rttpg_featured_image_url":null,"rttpg_author":{"display_name":"Coralie PAILHES","author_link":"https:\/\/lioneletlesautresvictimesdelaroute.fr\/justice\/author\/edliojus01513\/"},"rttpg_comment":0,"rttpg_category":false,"rttpg_excerpt":"Moto Une moto en bon \u00e9tat et bien \u00e9quip\u00e9e contribue \u00e0 garantir votre s\u00e9curit\u00e9 et celle des autres usagers de la route. Certains \u00e9quipements sont obligatoires, d&rsquo;autres recommand\u00e9s : apprenez \u00e0 les identifier avec notre checklist moto ! Moto :\u00a0https:\/\/www.securite-routiere.gouv.fr\/chacun-son-mode-de-deplacement\/a-moto\/equipement-et-entretien-de-la-moto\/equipement-de-la-moto Source : S\u00e9curit\u00e9 Routi\u00e8re\u00a0 S\u00e9curit\u00e9s V\u00eatements\u00a0 Choisissez de pr\u00e9f\u00e9rence des v\u00eatements de couleurs vives \u00e9viter\u2026","_links":{"self":[{"href":"https:\/\/lioneletlesautresvictimesdelaroute.fr\/justice\/wp-json\/wp\/v2\/pages\/53959","targetHints":{"allow":["GET"]}}],"collection":[{"href":"https:\/\/lioneletlesautresvictimesdelaroute.fr\/justice\/wp-json\/wp\/v2\/pages"}],"about":[{"href":"https:\/\/lioneletlesautresvictimesdelaroute.fr\/justice\/wp-json\/wp\/v2\/types\/page"}],"author":[{"embeddable":true,"href":"https:\/\/lioneletlesautresvictimesdelaroute.fr\/justice\/wp-json\/wp\/v2\/users\/2"}],"replies":[{"embeddable":true,"href":"https:\/\/lioneletlesautresvictimesdelaroute.fr\/justice\/wp-json\/wp\/v2\/comments?post=53959"}],"version-history":[{"count":2,"href":"https:\/\/lioneletlesautresvictimesdelaroute.fr\/justice\/wp-json\/wp\/v2\/pages\/53959\/revisions"}],"predecessor-version":[{"id":54244,"href":"https:\/\/lioneletlesautresvictimesdelaroute.fr\/justice\/wp-json\/wp\/v2\/pages\/53959\/revisions\/54244"}],"up":[{"embeddable":true,"href":"https:\/\/lioneletlesautresvictimesdelaroute.fr\/justice\/wp-json\/wp\/v2\/pages\/53909"}],"wp:attachment":[{"href":"https:\/\/lioneletlesautresvictimesdelaroute.fr\/justice\/wp-json\/wp\/v2\/media?parent=53959"}],"wp:term":[{"taxonomy":"category","embeddable":true,"href":"https:\/\/lioneletlesautresvictimesdelaroute.fr\/justice\/wp-json\/wp\/v2\/categories?post=53959"},{"taxonomy":"post_tag","embeddable":true,"href":"https:\/\/lioneletlesautresvictimesdelaroute.fr\/justice\/wp-json\/wp\/v2\/tags?post=53959"}],"curies":[{"name":"wp","href":"https:\/\/api.w.org\/{rel}","templated":true}]}}