{"id":54274,"date":"2025-12-16T15:30:11","date_gmt":"2025-12-16T14:30:11","guid":{"rendered":"https:\/\/lioneletlesautresvictimesdelaroute.fr\/justice\/?page_id=54274"},"modified":"2025-12-16T18:27:42","modified_gmt":"2025-12-16T17:27:42","slug":"protoxyde-dazote","status":"publish","type":"page","link":"https:\/\/lioneletlesautresvictimesdelaroute.fr\/justice\/etat-des-lieux\/code-de-la-route\/protoxyde-dazote\/","title":{"rendered":"Protoxyde d&rsquo;Azote"},"content":{"rendered":"\t\t<div data-elementor-type=\"wp-page\" data-elementor-id=\"54274\" class=\"elementor elementor-54274\" data-elementor-settings=\"{&quot;ha_cmc_init_switcher&quot;:&quot;no&quot;}\">\n\t\t\t\t<div class=\"elementor-element elementor-element-bc582dc e-flex e-con-boxed wpr-particle-no wpr-jarallax-no wpr-parallax-no wpr-sticky-section-no wpr-equal-height-no e-con e-parent\" data-id=\"bc582dc\" data-element_type=\"container\" data-e-type=\"container\" data-settings=\"{&quot;_ha_eqh_enable&quot;:false}\">\n\t\t\t\t\t<div class=\"e-con-inner\">\n\t\t<div class=\"elementor-element elementor-element-d8a5735 e-con-full e-flex wpr-particle-no wpr-jarallax-no wpr-parallax-no wpr-sticky-section-no wpr-equal-height-no e-con e-child\" data-id=\"d8a5735\" data-element_type=\"container\" data-e-type=\"container\" data-settings=\"{&quot;_ha_eqh_enable&quot;:false}\">\n\t\t\t\t<div class=\"elementor-element elementor-element-6744b77 elementor-widget elementor-widget-image\" data-id=\"6744b77\" data-element_type=\"widget\" data-e-type=\"widget\" data-widget_type=\"image.default\">\n\t\t\t\t<div class=\"elementor-widget-container\">\n\t\t\t\t\t\t\t\t\t\t\t\t\t\t\t\t<a href=\"https:\/\/lioneletlesautresvictimesdelaroute.fr\/justice\/wp-content\/uploads\/2025\/11\/protoxyde-dazote.jpg\" data-elementor-open-lightbox=\"yes\" data-elementor-lightbox-title=\"protoxyde d&#039;azote\" data-e-action-hash=\"#elementor-action%3Aaction%3Dlightbox%26settings%3DeyJpZCI6NTM4MzUsInVybCI6Imh0dHBzOlwvXC9saW9uZWxldGxlc2F1dHJlc3ZpY3RpbWVzZGVsYXJvdXRlLmZyXC9qdXN0aWNlXC93cC1jb250ZW50XC91cGxvYWRzXC8yMDI1XC8xMVwvcHJvdG94eWRlLWRhem90ZS5qcGcifQ%3D%3D\">\n\t\t\t\t\t\t\t<img fetchpriority=\"high\" decoding=\"async\" width=\"1008\" height=\"479\" src=\"https:\/\/lioneletlesautresvictimesdelaroute.fr\/justice\/wp-content\/uploads\/2025\/11\/protoxyde-dazote.jpg\" class=\"attachment-large size-large wp-image-53835\" alt=\"\" srcset=\"https:\/\/lioneletlesautresvictimesdelaroute.fr\/justice\/wp-content\/uploads\/2025\/11\/protoxyde-dazote.jpg 1008w, https:\/\/lioneletlesautresvictimesdelaroute.fr\/justice\/wp-content\/uploads\/2025\/11\/protoxyde-dazote-300x143.jpg 300w, https:\/\/lioneletlesautresvictimesdelaroute.fr\/justice\/wp-content\/uploads\/2025\/11\/protoxyde-dazote-768x365.jpg 768w\" sizes=\"(max-width: 1008px) 100vw, 1008px\" \/>\t\t\t\t\t\t\t\t<\/a>\n\t\t\t\t\t\t\t\t\t\t\t\t\t\t\t<\/div>\n\t\t\t\t<\/div>\n\t\t\t\t<div class=\"elementor-element elementor-element-2b5e7e6 elementor-widget elementor-widget-text-editor\" data-id=\"2b5e7e6\" data-element_type=\"widget\" data-e-type=\"widget\" data-widget_type=\"text-editor.default\">\n\t\t\t\t<div class=\"elementor-widget-container\">\n\t\t\t\t\t\t\t\t\t<p style=\"text-align: left;\"><strong>Pour beaucoup de jeunes et d\u2019adultes qui prennent du gaz hilarant<\/strong>. <br \/>Il peut vous faire rire aux larmes, vous tuez, ou tuer sur la toute. Ce gaz hilarant, ne vous rend plus libre de vos actes quand vous conduisez, il ralentit votre concentration, vos r\u00e9flexes. Il est identique \u00e0 de la drogue.<\/p><p style=\"text-align: center;\"><strong>IL TUE.<\/strong><\/p>\t\t\t\t\t\t\t\t<\/div>\n\t\t\t\t<\/div>\n\t\t<div class=\"elementor-element elementor-element-211e091 e-flex e-con-boxed wpr-particle-no wpr-jarallax-no wpr-parallax-no wpr-sticky-section-no wpr-equal-height-no e-con e-child\" data-id=\"211e091\" data-element_type=\"container\" data-e-type=\"container\" data-settings=\"{&quot;_ha_eqh_enable&quot;:false}\">\n\t\t\t\t\t<div class=\"e-con-inner\">\n\t\t\t\t<div class=\"elementor-element elementor-element-3d6da26 elementor-widget elementor-widget-image\" data-id=\"3d6da26\" data-element_type=\"widget\" data-e-type=\"widget\" data-widget_type=\"image.default\">\n\t\t\t\t<div class=\"elementor-widget-container\">\n\t\t\t\t\t\t\t\t\t\t\t\t\t\t\t\t<a href=\"https:\/\/lioneletlesautresvictimesdelaroute.fr\/justice\/wp-content\/uploads\/2025\/11\/protoxyde-dazote-cartouches.jpg\" data-elementor-open-lightbox=\"yes\" data-elementor-lightbox-title=\"protoxyde d&#039;azote cartouches\" data-elementor-lightbox-description=\"Cartouches de protoxyde d&#039;azote\" data-e-action-hash=\"#elementor-action%3Aaction%3Dlightbox%26settings%3DeyJpZCI6NTQxOTQsInVybCI6Imh0dHBzOlwvXC9saW9uZWxldGxlc2F1dHJlc3ZpY3RpbWVzZGVsYXJvdXRlLmZyXC9qdXN0aWNlXC93cC1jb250ZW50XC91cGxvYWRzXC8yMDI1XC8xMVwvcHJvdG94eWRlLWRhem90ZS1jYXJ0b3VjaGVzLmpwZyJ9\">\n\t\t\t\t\t\t\t<img decoding=\"async\" width=\"150\" height=\"150\" src=\"https:\/\/lioneletlesautresvictimesdelaroute.fr\/justice\/wp-content\/uploads\/2025\/11\/protoxyde-dazote-cartouches-150x150.jpg\" class=\"attachment-thumbnail size-thumbnail wp-image-54194\" alt=\"Cartouches de protoxyde d&#039;azote\" \/>\t\t\t\t\t\t\t\t<\/a>\n\t\t\t\t\t\t\t\t\t\t\t\t\t\t\t<\/div>\n\t\t\t\t<\/div>\n\t\t\t\t<div class=\"elementor-element elementor-element-9857fc0 elementor-widget elementor-widget-image\" data-id=\"9857fc0\" data-element_type=\"widget\" data-e-type=\"widget\" data-widget_type=\"image.default\">\n\t\t\t\t<div class=\"elementor-widget-container\">\n\t\t\t\t\t\t\t\t\t\t\t\t\t\t\t\t<a href=\"https:\/\/lioneletlesautresvictimesdelaroute.fr\/justice\/wp-content\/uploads\/2025\/11\/protoxyde-dazote-recharges.jpg\" data-elementor-open-lightbox=\"yes\" data-elementor-lightbox-title=\"protoxyde d&#039;azote recharges\" data-e-action-hash=\"#elementor-action%3Aaction%3Dlightbox%26settings%3DeyJpZCI6NTQxOTMsInVybCI6Imh0dHBzOlwvXC9saW9uZWxldGxlc2F1dHJlc3ZpY3RpbWVzZGVsYXJvdXRlLmZyXC9qdXN0aWNlXC93cC1jb250ZW50XC91cGxvYWRzXC8yMDI1XC8xMVwvcHJvdG94eWRlLWRhem90ZS1yZWNoYXJnZXMuanBnIn0%3D\">\n\t\t\t\t\t\t\t<img decoding=\"async\" width=\"150\" height=\"150\" src=\"https:\/\/lioneletlesautresvictimesdelaroute.fr\/justice\/wp-content\/uploads\/2025\/11\/protoxyde-dazote-recharges-150x150.jpg\" class=\"attachment-thumbnail size-thumbnail wp-image-54193\" alt=\"Recharges de protoxyde d&#039;azote\" \/>\t\t\t\t\t\t\t\t<\/a>\n\t\t\t\t\t\t\t\t\t\t\t\t\t\t\t<\/div>\n\t\t\t\t<\/div>\n\t\t\t\t\t<\/div>\n\t\t\t\t<\/div>\n\t\t\t\t<\/div>\n\t\t\t\t\t<\/div>\n\t\t\t\t<\/div>\n\t\t<div class=\"elementor-element elementor-element-368c302 e-flex e-con-boxed wpr-particle-no wpr-jarallax-no wpr-parallax-no wpr-sticky-section-no wpr-equal-height-no e-con e-parent\" data-id=\"368c302\" data-element_type=\"container\" data-e-type=\"container\" data-settings=\"{&quot;_ha_eqh_enable&quot;:false}\">\n\t\t\t\t\t<div class=\"e-con-inner\">\n\t\t<div class=\"elementor-element elementor-element-6f320da e-con-full e-flex wpr-particle-no wpr-jarallax-no wpr-parallax-no wpr-sticky-section-no wpr-equal-height-no e-con e-child\" data-id=\"6f320da\" data-element_type=\"container\" data-e-type=\"container\" data-settings=\"{&quot;_ha_eqh_enable&quot;:false}\">\n\t\t\t\t<div class=\"elementor-element elementor-element-08c8a8b elementor-widget elementor-widget-text-editor\" data-id=\"08c8a8b\" data-element_type=\"widget\" data-e-type=\"widget\" data-widget_type=\"text-editor.default\">\n\t\t\t\t<div class=\"elementor-widget-container\">\n\t\t\t\t\t\t\t\t\t<p>Conduire apr\u00e8s avoir bu de l\u2019alcool &#8211; au-del\u00e0 de deux verres \u2013 ou apr\u00e8s avoir consomm\u00e9 des stup\u00e9fiants (cannabis, coca\u00efne, h\u00e9ro\u00efne\u2026) est tout aussi dangereux pour la sant\u00e9 qu\u2019interdit par la loi.<strong> <br \/><\/strong><\/p><p><strong>Le protoxyde d\u2019azote<\/strong>, ce gaz hilarant pris\u00e9 des jeunes adultes est dangereux.<\/p><p>C\u2019est le nouveau fl\u00e9au de la violence routi\u00e8re, de la mortalit\u00e9 sur les routes. Ce gaz hilarant est une libre circulation dans tous les centres commerciaux. Une r\u00e9glementation devrait avoir lieu pour l\u2019achat en fonction de l\u2019\u00e2ge \u00eatre majeur. Cependant il faut aller plus loin. Nous avons besoin des autorit\u00e9s afin qu\u2019elles r\u00e9primandent fortement ce nouveau mode de consommation cette nouvelle drogue qui est accessible \u00e0 tout le monde.<\/p><p><strong>Esp\u00e9rons que le gouvernement et le Minist\u00e8re des Transports fera quelque chose pour diminuer le nombre de morts \u00e0 cause de ce gaz<\/strong>.<\/p><p>Quant au gouvernement pour interdire et pour cr\u00e9er une loi, en lien avec<strong> le gaz hilarant<\/strong>. Je pense que ce n\u2019est pas leur priorit\u00e9 pourtant il y a combien de morts qui vont augmenter la mortalit\u00e9 sur les routes.<\/p><p><strong>Pourquoi ce n\u2019est pas la priorit\u00e9\u00a0<\/strong>: Ils pr\u00e9f\u00e8rent dialoguer vivement sur des sujets plus importants. Ce que nous comprenons, nous association qui luttons contre la violence routi\u00e8re. Cependant il est important d\u2019agir Sur la S\u00e9curit\u00e9 Routi\u00e8re car ce sont nos \u00e9lus qui peuvent faire diminuer le nombre de morts sur la route.<\/p>\t\t\t\t\t\t\t\t<\/div>\n\t\t\t\t<\/div>\n\t\t\t\t<div class=\"elementor-element elementor-element-ead374f elementor-widget elementor-widget-button\" data-id=\"ead374f\" data-element_type=\"widget\" data-e-type=\"widget\" data-widget_type=\"button.default\">\n\t\t\t\t<div class=\"elementor-widget-container\">\n\t\t\t\t\t\t\t\t\t<div class=\"elementor-button-wrapper\">\n\t\t\t\t\t<a class=\"elementor-button elementor-button-link elementor-size-sm\" href=\"https:\/\/www.ofdt.fr\/glossaire\/protoxyde-d-azote\">\n\t\t\t\t\t\t<span class=\"elementor-button-content-wrapper\">\n\t\t\t\t\t\t\t\t\t<span class=\"elementor-button-text\">En savoir plus ...<\/span>\n\t\t\t\t\t<\/span>\n\t\t\t\t\t<\/a>\n\t\t\t\t<\/div>\n\t\t\t\t\t\t\t\t<\/div>\n\t\t\t\t<\/div>\n\t\t\t\t<\/div>\n\t\t\t\t\t<\/div>\n\t\t\t\t<\/div>\n\t\t\t\t<\/div>\n\t\t","protected":false},"excerpt":{"rendered":"<p>Pour beaucoup de jeunes et d\u2019adultes qui prennent du gaz hilarant. Il peut vous faire rire aux larmes, vous tuez, ou tuer sur la toute. Ce gaz hilarant, ne vous rend plus libre de vos actes quand vous conduisez, il ralentit votre concentration, vos r\u00e9flexes. Il est identique \u00e0 de la drogue. IL TUE. Conduire apr\u00e8s avoir bu de l\u2019alcool &#8211; au-del\u00e0 de deux verres \u2013 ou apr\u00e8s avoir consomm\u00e9 des stup\u00e9fiants (cannabis, coca\u00efne, h\u00e9ro\u00efne\u2026) est tout aussi dangereux pour la sant\u00e9 qu\u2019interdit par la loi. Le protoxyde d\u2019azote, ce gaz hilarant pris\u00e9 des jeunes adultes est dangereux. C\u2019est le nouveau fl\u00e9au de la violence routi\u00e8re, de la mortalit\u00e9 sur les routes. Ce gaz hilarant est une libre circulation dans tous les centres commerciaux. Une r\u00e9glementation devrait avoir lieu pour l\u2019achat en fonction de l\u2019\u00e2ge \u00eatre majeur. Cependant il faut aller plus loin. Nous avons besoin des autorit\u00e9s afin qu\u2019elles r\u00e9primandent fortement ce nouveau mode de consommation cette nouvelle drogue qui est accessible \u00e0 tout le monde. Esp\u00e9rons que le gouvernement et le Minist\u00e8re des Transports fera quelque chose pour diminuer le nombre de morts \u00e0 cause de ce gaz. Quant au gouvernement pour interdire et pour cr\u00e9er une loi, en lien avec le gaz hilarant. Je pense que ce n\u2019est pas leur priorit\u00e9 pourtant il y a combien de morts qui vont augmenter la mortalit\u00e9 sur les routes. Pourquoi ce n\u2019est pas la priorit\u00e9\u00a0: Ils pr\u00e9f\u00e8rent dialoguer vivement sur des sujets plus importants. Ce que nous comprenons, nous association qui luttons contre la violence routi\u00e8re. Cependant il est important d\u2019agir Sur la S\u00e9curit\u00e9 Routi\u00e8re car ce sont nos \u00e9lus qui peuvent faire diminuer le nombre de morts sur la route. En savoir plus &#8230;<\/p>\n","protected":false},"author":2,"featured_media":0,"parent":52168,"menu_order":0,"comment_status":"closed","ping_status":"closed","template":"","meta":{"_uag_custom_page_level_css":"","sfsi_plus_gutenberg_text_before_share":"","sfsi_plus_gutenberg_show_text_before_share":"","sfsi_plus_gutenberg_icon_type":"","sfsi_plus_gutenberg_icon_alignemt":"","sfsi_plus_gutenburg_max_per_row":"","_lmt_disableupdate":"no","_lmt_disable":"no","_monsterinsights_skip_tracking":false,"_monsterinsights_sitenote_active":false,"_monsterinsights_sitenote_note":"","_monsterinsights_sitenote_category":0,"site-sidebar-layout":"right-sidebar","site-content-layout":"","ast-site-content-layout":"default","site-content-style":"default","site-sidebar-style":"default","ast-global-header-display":"","ast-banner-title-visibility":"","ast-main-header-display":"","ast-hfb-above-header-display":"","ast-hfb-below-header-display":"","ast-hfb-mobile-header-display":"","site-post-title":"","ast-breadcrumbs-content":"","ast-featured-img":"","footer-sml-layout":"","ast-disable-related-posts":"","theme-transparent-header-meta":"default","adv-header-id-meta":"","stick-header-meta":"","header-above-stick-meta":"","header-main-stick-meta":"","header-below-stick-meta":"","astra-migrate-meta-layouts":"set","ast-page-background-enabled":"default","ast-page-background-meta":{"desktop":{"background-color":"var(--ast-global-color-4)","background-image":"","background-repeat":"repeat","background-position":"center center","background-size":"auto","background-attachment":"scroll","background-type":"","background-media":"","overlay-type":"","overlay-color":"","overlay-opacity":"","overlay-gradient":""},"tablet":{"background-color":"","background-image":"","background-repeat":"repeat","background-position":"center center","background-size":"auto","background-attachment":"scroll","background-type":"","background-media":"","overlay-type":"","overlay-color":"","overlay-opacity":"","overlay-gradient":""},"mobile":{"background-color":"","background-image":"","background-repeat":"repeat","background-position":"center center","background-size":"auto","background-attachment":"scroll","background-type":"","background-media":"","overlay-type":"","overlay-color":"","overlay-opacity":"","overlay-gradient":""}},"ast-content-background-meta":{"desktop":{"background-color":"var(--ast-global-color-5)","background-image":"","background-repeat":"repeat","background-position":"center center","background-size":"auto","background-attachment":"scroll","background-type":"","background-media":"","overlay-type":"","overlay-color":"","overlay-opacity":"","overlay-gradient":""},"tablet":{"background-color":"var(--ast-global-color-5)","background-image":"","background-repeat":"repeat","background-position":"center center","background-size":"auto","background-attachment":"scroll","background-type":"","background-media":"","overlay-type":"","overlay-color":"","overlay-opacity":"","overlay-gradient":""},"mobile":{"background-color":"var(--ast-global-color-5)","background-image":"","background-repeat":"repeat","background-position":"center center","background-size":"auto","background-attachment":"scroll","background-type":"","background-media":"","overlay-type":"","overlay-color":"","overlay-opacity":"","overlay-gradient":""}},"iawp_total_views":0,"footnotes":""},"categories":[],"tags":[],"class_list":["post-54274","page","type-page","status-publish","hentry"],"aioseo_notices":[],"uagb_featured_image_src":{"full":false,"thumbnail":false,"medium":false,"medium_large":false,"large":false,"1536x1536":false,"2048x2048":false},"uagb_author_info":{"display_name":"Coralie PAILHES","author_link":"https:\/\/lioneletlesautresvictimesdelaroute.fr\/justice\/author\/edliojus01513\/"},"uagb_comment_info":0,"uagb_excerpt":"Pour beaucoup de jeunes et d\u2019adultes qui prennent du gaz hilarant. Il peut vous faire rire aux larmes, vous tuez, ou tuer sur la toute. Ce gaz hilarant, ne vous rend plus libre de vos actes quand vous conduisez, il ralentit votre concentration, vos r\u00e9flexes. Il est identique \u00e0 de la drogue. IL TUE. Conduire\u2026","rttpg_featured_image_url":null,"rttpg_author":{"display_name":"Coralie PAILHES","author_link":"https:\/\/lioneletlesautresvictimesdelaroute.fr\/justice\/author\/edliojus01513\/"},"rttpg_comment":0,"rttpg_category":false,"rttpg_excerpt":"Pour beaucoup de jeunes et d\u2019adultes qui prennent du gaz hilarant. Il peut vous faire rire aux larmes, vous tuez, ou tuer sur la toute. Ce gaz hilarant, ne vous rend plus libre de vos actes quand vous conduisez, il ralentit votre concentration, vos r\u00e9flexes. Il est identique \u00e0 de la drogue. IL TUE. Conduire\u2026","_links":{"self":[{"href":"https:\/\/lioneletlesautresvictimesdelaroute.fr\/justice\/wp-json\/wp\/v2\/pages\/54274","targetHints":{"allow":["GET"]}}],"collection":[{"href":"https:\/\/lioneletlesautresvictimesdelaroute.fr\/justice\/wp-json\/wp\/v2\/pages"}],"about":[{"href":"https:\/\/lioneletlesautresvictimesdelaroute.fr\/justice\/wp-json\/wp\/v2\/types\/page"}],"author":[{"embeddable":true,"href":"https:\/\/lioneletlesautresvictimesdelaroute.fr\/justice\/wp-json\/wp\/v2\/users\/2"}],"replies":[{"embeddable":true,"href":"https:\/\/lioneletlesautresvictimesdelaroute.fr\/justice\/wp-json\/wp\/v2\/comments?post=54274"}],"version-history":[{"count":2,"href":"https:\/\/lioneletlesautresvictimesdelaroute.fr\/justice\/wp-json\/wp\/v2\/pages\/54274\/revisions"}],"predecessor-version":[{"id":54302,"href":"https:\/\/lioneletlesautresvictimesdelaroute.fr\/justice\/wp-json\/wp\/v2\/pages\/54274\/revisions\/54302"}],"up":[{"embeddable":true,"href":"https:\/\/lioneletlesautresvictimesdelaroute.fr\/justice\/wp-json\/wp\/v2\/pages\/52168"}],"wp:attachment":[{"href":"https:\/\/lioneletlesautresvictimesdelaroute.fr\/justice\/wp-json\/wp\/v2\/media?parent=54274"}],"wp:term":[{"taxonomy":"category","embeddable":true,"href":"https:\/\/lioneletlesautresvictimesdelaroute.fr\/justice\/wp-json\/wp\/v2\/categories?post=54274"},{"taxonomy":"post_tag","embeddable":true,"href":"https:\/\/lioneletlesautresvictimesdelaroute.fr\/justice\/wp-json\/wp\/v2\/tags?post=54274"}],"curies":[{"name":"wp","href":"https:\/\/api.w.org\/{rel}","templated":true}]}}