{"id":60,"date":"2024-09-17T15:14:27","date_gmt":"2024-09-17T13:14:27","guid":{"rendered":"https:\/\/lioneletlesautresvictimesdelaroute.fr\/justice\/?page_id=60"},"modified":"2025-07-22T10:09:41","modified_gmt":"2025-07-22T08:09:41","slug":"situation-actuelle","status":"publish","type":"page","link":"https:\/\/lioneletlesautresvictimesdelaroute.fr\/justice\/etat-des-lieux\/autopsie-judiciaire\/situation-actuelle\/","title":{"rendered":"Situation actuelle"},"content":{"rendered":"\t\t<div data-elementor-type=\"wp-page\" data-elementor-id=\"60\" class=\"elementor elementor-60\" data-elementor-settings=\"{&quot;ha_cmc_init_switcher&quot;:&quot;no&quot;}\">\n\t\t\t\t<div class=\"elementor-element elementor-element-cf9f986 e-con-full e-flex wpr-particle-no wpr-jarallax-no wpr-parallax-no wpr-sticky-section-no wpr-equal-height-no e-con e-parent\" data-id=\"cf9f986\" data-element_type=\"container\" data-e-type=\"container\" data-settings=\"{&quot;_ha_eqh_enable&quot;:false}\">\n\t\t\t\t<div class=\"elementor-element elementor-element-2078fd0 elementor-widget elementor-widget-text-editor\" data-id=\"2078fd0\" data-element_type=\"widget\" data-e-type=\"widget\" data-widget_type=\"text-editor.default\">\n\t\t\t\t<div class=\"elementor-widget-container\">\n\t\t\t\t\t\t\t\t\t<h3><a href=\"https:\/\/lioneletlesautresvictimesdelaroute.fr\/justice\/comment-se-deroule-une-autopsie-de-nos-jours-3\/\">Autopsie Situation actuelle<\/a><\/h3><ul><li><h4><a href=\"https:\/\/lioneletlesautresvictimesdelaroute.fr\/justice\/comment-se-deroule-une-autopsie-de-nos-jours-3\/\">Comment se d\u00e9roule une autopsie de nos jours<\/a><\/h4><ul><li><h4><a title=\"Le Cas LIONEL\" href=\"https:\/\/lioneletlesautresvictimesdelaroute.fr\/justice\/etat-des-lieux\/justice\/autopsies\/situation-actuelle\/le-cas-lionel\/\">Le cas Lionel<\/a><\/h4><ul><li><a href=\"https:\/\/lioneletlesautresvictimesdelaroute.fr\/justice\/cause-du-deces-de-lionel-losadalhes\/\">Cause de d\u00e9c\u00e8s de Lionel LOSADA<\/a><\/li><li><a href=\"https:\/\/lioneletlesautresvictimesdelaroute.fr\/justice\/elodie-bataille-tgi-montpellier-restriction-de-prelevement-dorgane-pour-lionel-losada\/\">\u00c9lodie BATAILLE TGI MONTPELLIER Restriction de pr\u00e9l\u00e8vement d&rsquo;organe pour Lionel LOSADA<\/a><\/li><li><a href=\"https:\/\/lioneletlesautresvictimesdelaroute.fr\/justice\/dr-philippe-guin-examen-medico-legal-du-31-07-2017-lionel-losada\/\">Dr Philippe GUIN Examen m\u00e9dico-l\u00e9gal<\/a><\/li><li><a href=\"https:\/\/lioneletlesautresvictimesdelaroute.fr\/justice\/pr-laurent-boismenu-medecin-legiste-montpellier\/\">Pr Laurent BOISMENU<\/a><\/li><li><a href=\"https:\/\/lioneletlesautresvictimesdelaroute.fr\/justice\/commission-rogatoire-inventaire-pieces-a-conviction-pour-lionel-losada\/\">Commission rogatoire pour Lionel LOSADA<\/a><\/li><li><a href=\"https:\/\/lioneletlesautresvictimesdelaroute.fr\/justice\/elodie-bataille-tgi-montpellier-demande-dexpertise-du-07-08-2017-dr-rhizlane-hammani-dr-pierre-antoine-peyron-pour-lionel-losada\/\">\u00c9lodie BATAILLE TGI MONTPELLIER Demande d&rsquo;expertise pour Lionel LOSADA<\/a><\/li><\/ul><\/li><\/ul><\/li><\/ul><ul><li style=\"list-style-type: none;\"><ul><li><h4><a title=\"Autres cas\" href=\"https:\/\/lioneletlesautresvictimesdelaroute.fr\/justice\/etat-des-lieux\/justice\/autopsies\/situation-actuelle\/autres-cas\/\">Autres cas<\/a><\/h4><ul><li><a title=\"BATACLAN\" href=\"https:\/\/lioneletlesautresvictimesdelaroute.fr\/justice\/etat-des-lieux\/justice\/autopsies\/situation-actuelle\/autres-cas\/bataclan\/\">BATACLAN<\/a><\/li><li><a title=\"NICE\" href=\"https:\/\/lioneletlesautresvictimesdelaroute.fr\/justice\/etat-des-lieux\/justice\/autopsies\/situation-actuelle\/autres-cas\/nice\/\">NICE<\/a><\/li><li><a title=\"Accidents de la route\" href=\"https:\/\/lioneletlesautresvictimesdelaroute.fr\/justice\/etat-des-lieux\/justice\/autopsies\/situation-actuelle\/autres-cas\/accidents-de-la-route\/\">Accidents de la route<\/a><\/li><li><a title=\"Accidents de travail\" href=\"https:\/\/lioneletlesautresvictimesdelaroute.fr\/justice\/etat-des-lieux\/justice\/autopsies\/situation-actuelle\/autres-cas\/accidents-de-travail\/\">Accidents du travail<\/a><\/li><li><a title=\"F\u00e9minicides\" href=\"https:\/\/lioneletlesautresvictimesdelaroute.fr\/justice\/etat-des-lieux\/justice\/autopsies\/situation-actuelle\/autres-cas\/feminicides\/\">F\u00e9minicides<\/a><\/li><\/ul><\/li><\/ul><\/li><\/ul><h3><a href=\"https:\/\/lioneletlesautresvictimesdelaroute.fr\/justice\/etat-des-lieux\/justice\/autopsies\/notre-analyse\/\">Autopsie Notre analyse<\/a><\/h3><ul><li><h4><a title=\"Les probl\u00e8mes rencontr\u00e9s\" href=\"https:\/\/lioneletlesautresvictimesdelaroute.fr\/justice\/etat-des-lieux\/justice\/autopsies\/notre-analyse\/les-problemes-rencontres\/\">Les probl\u00e8mes rencontr\u00e9s<\/a><\/h4><\/li><li><h4><a href=\"https:\/\/lioneletlesautresvictimesdelaroute.fr\/justice\/notre-revolte\/\">Notre r\u00e9volte<\/a><\/h4><\/li><li><h4><a title=\"Les solutions envisag\u00e9es\" href=\"https:\/\/lioneletlesautresvictimesdelaroute.fr\/justice\/etat-des-lieux\/justice\/autopsies\/notre-analyse\/les-solutions-envisagees\/\">Les solutions envisag\u00e9es<\/a><\/h4><\/li><li><h4><a title=\"Nos propositions\" href=\"https:\/\/lioneletlesautresvictimesdelaroute.fr\/justice\/etat-des-lieux\/justice\/autopsies\/notre-analyse\/nos-propositions\/\">Nos propositions<\/a><\/h4><ul><li><h4><a href=\"https:\/\/lioneletlesautresvictimesdelaroute.fr\/justice\/nos-actions\/nos-toutes-dernieres-propositions\/notre-projet-de-loi\/\">Notre projet de loi<\/a><\/h4><h4>\u00a0<\/h4><\/li><\/ul><\/li><\/ul>\t\t\t\t\t\t\t\t<\/div>\n\t\t\t\t<\/div>\n\t\t\t\t<\/div>\n\t\t\t\t<\/div>\n\t\t","protected":false},"excerpt":{"rendered":"<p>Autopsie Situation actuelle Comment se d\u00e9roule une autopsie de nos jours Le cas Lionel Cause de d\u00e9c\u00e8s de Lionel LOSADA \u00c9lodie BATAILLE TGI MONTPELLIER Restriction de pr\u00e9l\u00e8vement d&rsquo;organe pour Lionel LOSADA Dr Philippe GUIN Examen m\u00e9dico-l\u00e9gal Pr Laurent BOISMENU Commission rogatoire pour Lionel LOSADA \u00c9lodie BATAILLE TGI MONTPELLIER Demande d&rsquo;expertise pour Lionel LOSADA Autres cas BATACLAN NICE Accidents de la route Accidents du travail F\u00e9minicides Autopsie Notre analyse Les probl\u00e8mes rencontr\u00e9s Notre r\u00e9volte Les solutions envisag\u00e9es Nos propositions Notre projet de loi \u00a0<\/p>\n","protected":false},"author":1,"featured_media":0,"parent":17,"menu_order":1,"comment_status":"closed","ping_status":"closed","template":"elementor_theme","meta":{"_uag_custom_page_level_css":"","sfsi_plus_gutenberg_text_before_share":"","sfsi_plus_gutenberg_show_text_before_share":"","sfsi_plus_gutenberg_icon_type":"","sfsi_plus_gutenberg_icon_alignemt":"","sfsi_plus_gutenburg_max_per_row":"","_lmt_disableupdate":"no","_lmt_disable":"no","_monsterinsights_skip_tracking":false,"_monsterinsights_sitenote_active":false,"_monsterinsights_sitenote_note":"","_monsterinsights_sitenote_category":0,"site-sidebar-layout":"default","site-content-layout":"","ast-site-content-layout":"default","site-content-style":"default","site-sidebar-style":"default","ast-global-header-display":"","ast-banner-title-visibility":"","ast-main-header-display":"","ast-hfb-above-header-display":"","ast-hfb-below-header-display":"","ast-hfb-mobile-header-display":"","site-post-title":"","ast-breadcrumbs-content":"","ast-featured-img":"","footer-sml-layout":"","ast-disable-related-posts":"","theme-transparent-header-meta":"default","adv-header-id-meta":"","stick-header-meta":"","header-above-stick-meta":"","header-main-stick-meta":"","header-below-stick-meta":"","astra-migrate-meta-layouts":"set","ast-page-background-enabled":"default","ast-page-background-meta":{"desktop":{"background-color":"var(--ast-global-color-4)","background-image":"","background-repeat":"repeat","background-position":"center center","background-size":"auto","background-attachment":"scroll","background-type":"","background-media":"","overlay-type":"","overlay-color":"","overlay-opacity":"","overlay-gradient":""},"tablet":{"background-color":"","background-image":"","background-repeat":"repeat","background-position":"center center","background-size":"auto","background-attachment":"scroll","background-type":"","background-media":"","overlay-type":"","overlay-color":"","overlay-opacity":"","overlay-gradient":""},"mobile":{"background-color":"","background-image":"","background-repeat":"repeat","background-position":"center center","background-size":"auto","background-attachment":"scroll","background-type":"","background-media":"","overlay-type":"","overlay-color":"","overlay-opacity":"","overlay-gradient":""}},"ast-content-background-meta":{"desktop":{"background-color":"var(--ast-global-color-5)","background-image":"","background-repeat":"repeat","background-position":"center center","background-size":"auto","background-attachment":"scroll","background-type":"","background-media":"","overlay-type":"","overlay-color":"","overlay-opacity":"","overlay-gradient":""},"tablet":{"background-color":"var(--ast-global-color-5)","background-image":"","background-repeat":"repeat","background-position":"center center","background-size":"auto","background-attachment":"scroll","background-type":"","background-media":"","overlay-type":"","overlay-color":"","overlay-opacity":"","overlay-gradient":""},"mobile":{"background-color":"var(--ast-global-color-5)","background-image":"","background-repeat":"repeat","background-position":"center center","background-size":"auto","background-attachment":"scroll","background-type":"","background-media":"","overlay-type":"","overlay-color":"","overlay-opacity":"","overlay-gradient":""}},"iawp_total_views":2,"footnotes":""},"categories":[],"tags":[],"class_list":["post-60","page","type-page","status-publish","hentry"],"aioseo_notices":[],"uagb_featured_image_src":{"full":false,"thumbnail":false,"medium":false,"medium_large":false,"large":false,"1536x1536":false,"2048x2048":false},"uagb_author_info":{"display_name":"Michel BOUDRY","author_link":"https:\/\/lioneletlesautresvictimesdelaroute.fr\/justice\/author\/wmliojustbdy208\/"},"uagb_comment_info":0,"uagb_excerpt":"Autopsie Situation actuelle Comment se d\u00e9roule une autopsie de nos jours Le cas Lionel Cause de d\u00e9c\u00e8s de Lionel LOSADA \u00c9lodie BATAILLE TGI MONTPELLIER Restriction de pr\u00e9l\u00e8vement d&rsquo;organe pour Lionel LOSADA Dr Philippe GUIN Examen m\u00e9dico-l\u00e9gal Pr Laurent BOISMENU Commission rogatoire pour Lionel LOSADA \u00c9lodie BATAILLE TGI MONTPELLIER Demande d&rsquo;expertise pour Lionel LOSADA Autres cas\u2026","rttpg_featured_image_url":null,"rttpg_author":{"display_name":"Michel BOUDRY","author_link":"https:\/\/lioneletlesautresvictimesdelaroute.fr\/justice\/author\/wmliojustbdy208\/"},"rttpg_comment":0,"rttpg_category":false,"rttpg_excerpt":"Autopsie Situation actuelle Comment se d\u00e9roule une autopsie de nos jours Le cas Lionel Cause de d\u00e9c\u00e8s de Lionel LOSADA \u00c9lodie BATAILLE TGI MONTPELLIER Restriction de pr\u00e9l\u00e8vement d&rsquo;organe pour Lionel LOSADA Dr Philippe GUIN Examen m\u00e9dico-l\u00e9gal Pr Laurent BOISMENU Commission rogatoire pour Lionel LOSADA \u00c9lodie BATAILLE TGI MONTPELLIER Demande d&rsquo;expertise pour Lionel LOSADA Autres cas\u2026","_links":{"self":[{"href":"https:\/\/lioneletlesautresvictimesdelaroute.fr\/justice\/wp-json\/wp\/v2\/pages\/60","targetHints":{"allow":["GET"]}}],"collection":[{"href":"https:\/\/lioneletlesautresvictimesdelaroute.fr\/justice\/wp-json\/wp\/v2\/pages"}],"about":[{"href":"https:\/\/lioneletlesautresvictimesdelaroute.fr\/justice\/wp-json\/wp\/v2\/types\/page"}],"author":[{"embeddable":true,"href":"https:\/\/lioneletlesautresvictimesdelaroute.fr\/justice\/wp-json\/wp\/v2\/users\/1"}],"replies":[{"embeddable":true,"href":"https:\/\/lioneletlesautresvictimesdelaroute.fr\/justice\/wp-json\/wp\/v2\/comments?post=60"}],"version-history":[{"count":2,"href":"https:\/\/lioneletlesautresvictimesdelaroute.fr\/justice\/wp-json\/wp\/v2\/pages\/60\/revisions"}],"predecessor-version":[{"id":52966,"href":"https:\/\/lioneletlesautresvictimesdelaroute.fr\/justice\/wp-json\/wp\/v2\/pages\/60\/revisions\/52966"}],"up":[{"embeddable":true,"href":"https:\/\/lioneletlesautresvictimesdelaroute.fr\/justice\/wp-json\/wp\/v2\/pages\/17"}],"wp:attachment":[{"href":"https:\/\/lioneletlesautresvictimesdelaroute.fr\/justice\/wp-json\/wp\/v2\/media?parent=60"}],"wp:term":[{"taxonomy":"category","embeddable":true,"href":"https:\/\/lioneletlesautresvictimesdelaroute.fr\/justice\/wp-json\/wp\/v2\/categories?post=60"},{"taxonomy":"post_tag","embeddable":true,"href":"https:\/\/lioneletlesautresvictimesdelaroute.fr\/justice\/wp-json\/wp\/v2\/tags?post=60"}],"curies":[{"name":"wp","href":"https:\/\/api.w.org\/{rel}","templated":true}]}}