{"id":63,"date":"2024-09-17T15:16:16","date_gmt":"2024-09-17T13:16:16","guid":{"rendered":"https:\/\/lioneletlesautresvictimesdelaroute.fr\/justice\/?page_id=63"},"modified":"2025-06-02T21:32:41","modified_gmt":"2025-06-02T19:32:41","slug":"le-cas-lionel","status":"publish","type":"page","link":"https:\/\/lioneletlesautresvictimesdelaroute.fr\/justice\/etat-des-lieux\/autopsie-judiciaire\/situation-actuelle\/le-cas-lionel\/","title":{"rendered":"Le Cas LIONEL"},"content":{"rendered":"\t\t<div data-elementor-type=\"wp-page\" data-elementor-id=\"63\" class=\"elementor elementor-63\" data-elementor-settings=\"{&quot;ha_cmc_init_switcher&quot;:&quot;no&quot;}\">\n\t\t\t\t<div class=\"elementor-element elementor-element-06c95f8 e-flex e-con-boxed wpr-particle-no wpr-jarallax-no wpr-parallax-no wpr-sticky-section-no wpr-equal-height-no e-con e-parent\" data-id=\"06c95f8\" data-element_type=\"container\" data-e-type=\"container\" data-settings=\"{&quot;_ha_eqh_enable&quot;:false}\">\n\t\t\t\t\t<div class=\"e-con-inner\">\n\t\t\t\t<div class=\"elementor-element elementor-element-f345ac2 elementor-widget elementor-widget-spacer\" data-id=\"f345ac2\" data-element_type=\"widget\" data-e-type=\"widget\" data-widget_type=\"spacer.default\">\n\t\t\t\t<div class=\"elementor-widget-container\">\n\t\t\t\t\t\t\t<div class=\"elementor-spacer\">\n\t\t\t<div class=\"elementor-spacer-inner\"><\/div>\n\t\t<\/div>\n\t\t\t\t\t\t<\/div>\n\t\t\t\t<\/div>\n\t\t\t\t<div class=\"elementor-element elementor-element-6745c84 elementor-widget elementor-widget-heading\" data-id=\"6745c84\" data-element_type=\"widget\" data-e-type=\"widget\" data-widget_type=\"heading.default\">\n\t\t\t\t<div class=\"elementor-widget-container\">\n\t\t\t\t\t<h2 class=\"elementor-heading-title elementor-size-default\">Pi\u00e8ces de courriers officiels<\/h2>\t\t\t\t<\/div>\n\t\t\t\t<\/div>\n\t\t\t\t<div class=\"elementor-element elementor-element-fb91be0 elementor-widget elementor-widget-text-editor\" data-id=\"fb91be0\" data-element_type=\"widget\" data-e-type=\"widget\" data-widget_type=\"text-editor.default\">\n\t\t\t\t<div class=\"elementor-widget-container\">\n\t\t\t\t\t\t\t\t\t<ul><li><p><a href=\"https:\/\/lioneletlesautresvictimesdelaroute.fr\/justice\/cause-du-deces-de-lionel-losadalhes\/\">Cause du d\u00e9c\u00e8s<\/a><\/p><\/li><li><p><a href=\"https:\/\/lioneletlesautresvictimesdelaroute.fr\/justice\/elodie-bataille-tgi-montpellier-demande-dexpertise-du-07-08-2017-dr-rhizlane-hammani-dr-pierre-antoine-peyron-pour-lionel-losada\/\">\u00c9lodie BATAILLE TGI MONTPELLIER Demande d\u2019expertise<\/a><\/p><\/li><li><p><a href=\"https:\/\/lioneletlesautresvictimesdelaroute.fr\/justice\/elodie-bataille-tgi-montpellier-restriction-de-prelevement-dorgane-pour-lionel-losada\/\">\u00c9lodie BATAILLE TGI MONTPELLIER Restriction de pr\u00e9l\u00e8vement d\u2019organe<\/a><\/p><\/li><li><p><a href=\"https:\/\/lioneletlesautresvictimesdelaroute.fr\/justice\/dr-philippe-guin-examen-medico-legal-du-31-07-2017-lionel-losada\/\">Dr Philippe GUIN Examen M\u00e9dico-L\u00e9gal<\/a><\/p><\/li><li><p><a href=\"https:\/\/lioneletlesautresvictimesdelaroute.fr\/justice\/pr-laurent-boismenu-medecin-legiste-montpellier\/\">Pr Laurent BOISMENU M\u00e9decin l\u00e9giste MONTPELLIER<\/a><\/p><\/li><li><p><a href=\"https:\/\/lioneletlesautresvictimesdelaroute.fr\/justice\/commission-rogatoire-inventaire-pieces-a-conviction-pour-lionel-losada\/\">COMMISSION ROGATOIRE INVENTAIRE PI\u00c8CES \u00c0 CONVICTION<\/a><\/p><\/li><\/ul>\t\t\t\t\t\t\t\t<\/div>\n\t\t\t\t<\/div>\n\t\t\t\t\t<\/div>\n\t\t\t\t<\/div>\n\t\t\t\t<\/div>\n\t\t","protected":false},"excerpt":{"rendered":"<p>Pi\u00e8ces de courriers officiels Cause du d\u00e9c\u00e8s \u00c9lodie BATAILLE TGI MONTPELLIER Demande d\u2019expertise \u00c9lodie BATAILLE TGI MONTPELLIER Restriction de pr\u00e9l\u00e8vement d\u2019organe Dr Philippe GUIN Examen M\u00e9dico-L\u00e9gal Pr Laurent BOISMENU M\u00e9decin l\u00e9giste MONTPELLIER COMMISSION ROGATOIRE INVENTAIRE PI\u00c8CES \u00c0 CONVICTION<\/p>\n","protected":false},"author":1,"featured_media":0,"parent":60,"menu_order":1,"comment_status":"closed","ping_status":"closed","template":"elementor_theme","meta":{"_uag_custom_page_level_css":"","sfsi_plus_gutenberg_text_before_share":"","sfsi_plus_gutenberg_show_text_before_share":"","sfsi_plus_gutenberg_icon_type":"","sfsi_plus_gutenberg_icon_alignemt":"","sfsi_plus_gutenburg_max_per_row":"","_lmt_disableupdate":"no","_lmt_disable":"no","_monsterinsights_skip_tracking":false,"_monsterinsights_sitenote_active":false,"_monsterinsights_sitenote_note":"","_monsterinsights_sitenote_category":0,"site-sidebar-layout":"default","site-content-layout":"","ast-site-content-layout":"default","site-content-style":"default","site-sidebar-style":"default","ast-global-header-display":"","ast-banner-title-visibility":"","ast-main-header-display":"","ast-hfb-above-header-display":"","ast-hfb-below-header-display":"","ast-hfb-mobile-header-display":"","site-post-title":"","ast-breadcrumbs-content":"","ast-featured-img":"","footer-sml-layout":"","ast-disable-related-posts":"","theme-transparent-header-meta":"default","adv-header-id-meta":"","stick-header-meta":"","header-above-stick-meta":"","header-main-stick-meta":"","header-below-stick-meta":"","astra-migrate-meta-layouts":"set","ast-page-background-enabled":"default","ast-page-background-meta":{"desktop":{"background-color":"var(--ast-global-color-4)","background-image":"","background-repeat":"repeat","background-position":"center center","background-size":"auto","background-attachment":"scroll","background-type":"","background-media":"","overlay-type":"","overlay-color":"","overlay-opacity":"","overlay-gradient":""},"tablet":{"background-color":"","background-image":"","background-repeat":"repeat","background-position":"center center","background-size":"auto","background-attachment":"scroll","background-type":"","background-media":"","overlay-type":"","overlay-color":"","overlay-opacity":"","overlay-gradient":""},"mobile":{"background-color":"","background-image":"","background-repeat":"repeat","background-position":"center center","background-size":"auto","background-attachment":"scroll","background-type":"","background-media":"","overlay-type":"","overlay-color":"","overlay-opacity":"","overlay-gradient":""}},"ast-content-background-meta":{"desktop":{"background-color":"var(--ast-global-color-5)","background-image":"","background-repeat":"repeat","background-position":"center center","background-size":"auto","background-attachment":"scroll","background-type":"","background-media":"","overlay-type":"","overlay-color":"","overlay-opacity":"","overlay-gradient":""},"tablet":{"background-color":"var(--ast-global-color-5)","background-image":"","background-repeat":"repeat","background-position":"center center","background-size":"auto","background-attachment":"scroll","background-type":"","background-media":"","overlay-type":"","overlay-color":"","overlay-opacity":"","overlay-gradient":""},"mobile":{"background-color":"var(--ast-global-color-5)","background-image":"","background-repeat":"repeat","background-position":"center center","background-size":"auto","background-attachment":"scroll","background-type":"","background-media":"","overlay-type":"","overlay-color":"","overlay-opacity":"","overlay-gradient":""}},"iawp_total_views":1,"footnotes":""},"categories":[],"tags":[],"class_list":["post-63","page","type-page","status-publish","hentry"],"aioseo_notices":[],"uagb_featured_image_src":{"full":false,"thumbnail":false,"medium":false,"medium_large":false,"large":false,"1536x1536":false,"2048x2048":false},"uagb_author_info":{"display_name":"Michel BOUDRY","author_link":"https:\/\/lioneletlesautresvictimesdelaroute.fr\/justice\/author\/wmliojustbdy208\/"},"uagb_comment_info":0,"uagb_excerpt":"Pi\u00e8ces de courriers officiels Cause du d\u00e9c\u00e8s \u00c9lodie BATAILLE TGI MONTPELLIER Demande d\u2019expertise \u00c9lodie BATAILLE TGI MONTPELLIER Restriction de pr\u00e9l\u00e8vement d\u2019organe Dr Philippe GUIN Examen M\u00e9dico-L\u00e9gal Pr Laurent BOISMENU M\u00e9decin l\u00e9giste MONTPELLIER COMMISSION ROGATOIRE INVENTAIRE PI\u00c8CES \u00c0 CONVICTION","rttpg_featured_image_url":null,"rttpg_author":{"display_name":"Michel BOUDRY","author_link":"https:\/\/lioneletlesautresvictimesdelaroute.fr\/justice\/author\/wmliojustbdy208\/"},"rttpg_comment":0,"rttpg_category":false,"rttpg_excerpt":"Pi\u00e8ces de courriers officiels Cause du d\u00e9c\u00e8s \u00c9lodie BATAILLE TGI MONTPELLIER Demande d\u2019expertise \u00c9lodie BATAILLE TGI MONTPELLIER Restriction de pr\u00e9l\u00e8vement d\u2019organe Dr Philippe GUIN Examen M\u00e9dico-L\u00e9gal Pr Laurent BOISMENU M\u00e9decin l\u00e9giste MONTPELLIER COMMISSION ROGATOIRE INVENTAIRE PI\u00c8CES \u00c0 CONVICTION","_links":{"self":[{"href":"https:\/\/lioneletlesautresvictimesdelaroute.fr\/justice\/wp-json\/wp\/v2\/pages\/63","targetHints":{"allow":["GET"]}}],"collection":[{"href":"https:\/\/lioneletlesautresvictimesdelaroute.fr\/justice\/wp-json\/wp\/v2\/pages"}],"about":[{"href":"https:\/\/lioneletlesautresvictimesdelaroute.fr\/justice\/wp-json\/wp\/v2\/types\/page"}],"author":[{"embeddable":true,"href":"https:\/\/lioneletlesautresvictimesdelaroute.fr\/justice\/wp-json\/wp\/v2\/users\/1"}],"replies":[{"embeddable":true,"href":"https:\/\/lioneletlesautresvictimesdelaroute.fr\/justice\/wp-json\/wp\/v2\/comments?post=63"}],"version-history":[{"count":1,"href":"https:\/\/lioneletlesautresvictimesdelaroute.fr\/justice\/wp-json\/wp\/v2\/pages\/63\/revisions"}],"predecessor-version":[{"id":51323,"href":"https:\/\/lioneletlesautresvictimesdelaroute.fr\/justice\/wp-json\/wp\/v2\/pages\/63\/revisions\/51323"}],"up":[{"embeddable":true,"href":"https:\/\/lioneletlesautresvictimesdelaroute.fr\/justice\/wp-json\/wp\/v2\/pages\/60"}],"wp:attachment":[{"href":"https:\/\/lioneletlesautresvictimesdelaroute.fr\/justice\/wp-json\/wp\/v2\/media?parent=63"}],"wp:term":[{"taxonomy":"category","embeddable":true,"href":"https:\/\/lioneletlesautresvictimesdelaroute.fr\/justice\/wp-json\/wp\/v2\/categories?post=63"},{"taxonomy":"post_tag","embeddable":true,"href":"https:\/\/lioneletlesautresvictimesdelaroute.fr\/justice\/wp-json\/wp\/v2\/tags?post=63"}],"curies":[{"name":"wp","href":"https:\/\/api.w.org\/{rel}","templated":true}]}}