{"id":71,"date":"2024-09-17T15:19:50","date_gmt":"2024-09-17T13:19:50","guid":{"rendered":"https:\/\/lioneletlesautresvictimesdelaroute.fr\/justice\/?page_id=71"},"modified":"2025-07-22T10:05:55","modified_gmt":"2025-07-22T08:05:55","slug":"nice","status":"publish","type":"page","link":"https:\/\/lioneletlesautresvictimesdelaroute.fr\/justice\/etat-des-lieux\/autopsie-judiciaire\/situation-actuelle\/autres-cas\/nice\/","title":{"rendered":"NICE"},"content":{"rendered":"\t\t<div data-elementor-type=\"wp-page\" data-elementor-id=\"71\" class=\"elementor elementor-71\" data-elementor-settings=\"{&quot;ha_cmc_init_switcher&quot;:&quot;no&quot;}\">\n\t\t\t\t<div class=\"elementor-element elementor-element-c562f91 e-con-full e-flex wpr-particle-no wpr-jarallax-no wpr-parallax-no wpr-sticky-section-no wpr-equal-height-no e-con e-parent\" data-id=\"c562f91\" data-element_type=\"container\" data-e-type=\"container\" data-settings=\"{&quot;_ha_eqh_enable&quot;:false}\">\n\t\t\t\t<div class=\"elementor-element elementor-element-e84c05b elementor-widget elementor-widget-text-editor\" data-id=\"e84c05b\" data-element_type=\"widget\" data-e-type=\"widget\" data-widget_type=\"text-editor.default\">\n\t\t\t\t<div class=\"elementor-widget-container\">\n\t\t\t\t\t\t\t\t\t<p>Nice\u00a0:<\/p><p>Lors de l\u2019attentat de Nice le 14 juillet 2016, plusieurs personnes ont \u00e9t\u00e9 autopsi\u00e9.<\/p><p><br \/>Contacter l\u2019association Nice\u00a0: Life For Nice (site en cours)<br \/>Pourquoi, mettre en \u00e9vidence que ces derni\u00e8res sont bien d\u00e9c\u00e9d\u00e9es des suites de l\u2019attentat en arrivant \u00e0 l\u2019h\u00f4pital.<\/p><p><br \/>La justice cherchait quoi\u00a0??? A d\u00e9culpabilis\u00e9 l\u2019attentat\u00a0????<br \/>https:\/\/www.la-croix.com\/France\/Pourquoi-organes-ont-ils-ete-preleves-victimes-lattentat-Nice-2022-09-07-1201232052<\/p><p><div class=\"ose-wrapper ose-uid-d0a56de5925b979bf22272d0c699a6f8 ose-embedpress-responsive\" style=\"width:600px; height:600px; max-height:600px; max-width:100%; display:inline-block;\" data-embed-type=\"SelfHosted\"><iframe allowFullScreen=\"true\" width=\"600\" height=\"600\" src=\"https:\/\/www.nicematin.com\/justice\/organes-preleves-lors-des-autopsies-apres-l-attentat-du-14-juillet-2016-a-nice-une-immense-deception-pour-les-familles-891145\" > <\/iframe><\/div><\/p><p>https:\/\/www.20minutes.fr\/societe\/4065881-20231207-attentat-14-juillet-nice-familles-victimes-devraient-enfin-pouvoir-clore-dossier-organes-preleves<\/p><p>https:\/\/www.lefigaro.fr\/faits-divers\/l-erreur-est-humaine-francois-molins-concede-des-dysfonctionnements-lors-des-autopsies-de-l-attentat-de-nice-20221010<\/p>\t\t\t\t\t\t\t\t<\/div>\n\t\t\t\t<\/div>\n\t\t\t\t<\/div>\n\t\t\t\t<\/div>\n\t\t","protected":false},"excerpt":{"rendered":"<p>Nice\u00a0: Lors de l\u2019attentat de Nice le 14 juillet 2016, plusieurs personnes ont \u00e9t\u00e9 autopsi\u00e9. Contacter l\u2019association Nice\u00a0: Life For Nice (site en cours)Pourquoi, mettre en \u00e9vidence que ces derni\u00e8res sont bien d\u00e9c\u00e9d\u00e9es des suites de l\u2019attentat en arrivant \u00e0 l\u2019h\u00f4pital. La justice cherchait quoi\u00a0??? A d\u00e9culpabilis\u00e9 l\u2019attentat\u00a0????https:\/\/www.la-croix.com\/France\/Pourquoi-organes-ont-ils-ete-preleves-victimes-lattentat-Nice-2022-09-07-1201232052 https:\/\/www.20minutes.fr\/societe\/4065881-20231207-attentat-14-juillet-nice-familles-victimes-devraient-enfin-pouvoir-clore-dossier-organes-preleves https:\/\/www.lefigaro.fr\/faits-divers\/l-erreur-est-humaine-francois-molins-concede-des-dysfonctionnements-lors-des-autopsies-de-l-attentat-de-nice-20221010<\/p>\n","protected":false},"author":1,"featured_media":0,"parent":65,"menu_order":3,"comment_status":"closed","ping_status":"closed","template":"elementor_theme","meta":{"_uag_custom_page_level_css":"","sfsi_plus_gutenberg_text_before_share":"","sfsi_plus_gutenberg_show_text_before_share":"","sfsi_plus_gutenberg_icon_type":"","sfsi_plus_gutenberg_icon_alignemt":"","sfsi_plus_gutenburg_max_per_row":"","_lmt_disableupdate":"","_lmt_disable":"","_monsterinsights_skip_tracking":false,"_monsterinsights_sitenote_active":false,"_monsterinsights_sitenote_note":"","_monsterinsights_sitenote_category":0,"site-sidebar-layout":"default","site-content-layout":"","ast-site-content-layout":"default","site-content-style":"default","site-sidebar-style":"default","ast-global-header-display":"","ast-banner-title-visibility":"","ast-main-header-display":"","ast-hfb-above-header-display":"","ast-hfb-below-header-display":"","ast-hfb-mobile-header-display":"","site-post-title":"","ast-breadcrumbs-content":"","ast-featured-img":"","footer-sml-layout":"","ast-disable-related-posts":"","theme-transparent-header-meta":"","adv-header-id-meta":"","stick-header-meta":"","header-above-stick-meta":"","header-main-stick-meta":"","header-below-stick-meta":"","astra-migrate-meta-layouts":"default","ast-page-background-enabled":"default","ast-page-background-meta":{"desktop":{"background-color":"var(--ast-global-color-4)","background-image":"","background-repeat":"repeat","background-position":"center center","background-size":"auto","background-attachment":"scroll","background-type":"","background-media":"","overlay-type":"","overlay-color":"","overlay-opacity":"","overlay-gradient":""},"tablet":{"background-color":"","background-image":"","background-repeat":"repeat","background-position":"center center","background-size":"auto","background-attachment":"scroll","background-type":"","background-media":"","overlay-type":"","overlay-color":"","overlay-opacity":"","overlay-gradient":""},"mobile":{"background-color":"","background-image":"","background-repeat":"repeat","background-position":"center center","background-size":"auto","background-attachment":"scroll","background-type":"","background-media":"","overlay-type":"","overlay-color":"","overlay-opacity":"","overlay-gradient":""}},"ast-content-background-meta":{"desktop":{"background-color":"var(--ast-global-color-5)","background-image":"","background-repeat":"repeat","background-position":"center center","background-size":"auto","background-attachment":"scroll","background-type":"","background-media":"","overlay-type":"","overlay-color":"","overlay-opacity":"","overlay-gradient":""},"tablet":{"background-color":"var(--ast-global-color-5)","background-image":"","background-repeat":"repeat","background-position":"center center","background-size":"auto","background-attachment":"scroll","background-type":"","background-media":"","overlay-type":"","overlay-color":"","overlay-opacity":"","overlay-gradient":""},"mobile":{"background-color":"var(--ast-global-color-5)","background-image":"","background-repeat":"repeat","background-position":"center center","background-size":"auto","background-attachment":"scroll","background-type":"","background-media":"","overlay-type":"","overlay-color":"","overlay-opacity":"","overlay-gradient":""}},"iawp_total_views":4,"footnotes":""},"categories":[],"tags":[],"class_list":["post-71","page","type-page","status-publish","hentry"],"aioseo_notices":[],"uagb_featured_image_src":{"full":false,"thumbnail":false,"medium":false,"medium_large":false,"large":false,"1536x1536":false,"2048x2048":false},"uagb_author_info":{"display_name":"Michel BOUDRY","author_link":"https:\/\/lioneletlesautresvictimesdelaroute.fr\/justice\/author\/wmliojustbdy208\/"},"uagb_comment_info":0,"uagb_excerpt":"Nice\u00a0: Lors de l\u2019attentat de Nice le 14 juillet 2016, plusieurs personnes ont \u00e9t\u00e9 autopsi\u00e9. Contacter l\u2019association Nice\u00a0: Life For Nice (site en cours)Pourquoi, mettre en \u00e9vidence que ces derni\u00e8res sont bien d\u00e9c\u00e9d\u00e9es des suites de l\u2019attentat en arrivant \u00e0 l\u2019h\u00f4pital. La justice cherchait quoi\u00a0??? A d\u00e9culpabilis\u00e9 l\u2019attentat\u00a0????https:\/\/www.la-croix.com\/France\/Pourquoi-organes-ont-ils-ete-preleves-victimes-lattentat-Nice-2022-09-07-1201232052 https:\/\/www.20minutes.fr\/societe\/4065881-20231207-attentat-14-juillet-nice-familles-victimes-devraient-enfin-pouvoir-clore-dossier-organes-preleves https:\/\/www.lefigaro.fr\/faits-divers\/l-erreur-est-humaine-francois-molins-concede-des-dysfonctionnements-lors-des-autopsies-de-l-attentat-de-nice-20221010","rttpg_featured_image_url":null,"rttpg_author":{"display_name":"Michel BOUDRY","author_link":"https:\/\/lioneletlesautresvictimesdelaroute.fr\/justice\/author\/wmliojustbdy208\/"},"rttpg_comment":0,"rttpg_category":false,"rttpg_excerpt":"Nice\u00a0: Lors de l\u2019attentat de Nice le 14 juillet 2016, plusieurs personnes ont \u00e9t\u00e9 autopsi\u00e9. Contacter l\u2019association Nice\u00a0: Life For Nice (site en cours)Pourquoi, mettre en \u00e9vidence que ces derni\u00e8res sont bien d\u00e9c\u00e9d\u00e9es des suites de l\u2019attentat en arrivant \u00e0 l\u2019h\u00f4pital. La justice cherchait quoi\u00a0??? A d\u00e9culpabilis\u00e9 l\u2019attentat\u00a0????https:\/\/www.la-croix.com\/France\/Pourquoi-organes-ont-ils-ete-preleves-victimes-lattentat-Nice-2022-09-07-1201232052 https:\/\/www.20minutes.fr\/societe\/4065881-20231207-attentat-14-juillet-nice-familles-victimes-devraient-enfin-pouvoir-clore-dossier-organes-preleves https:\/\/www.lefigaro.fr\/faits-divers\/l-erreur-est-humaine-francois-molins-concede-des-dysfonctionnements-lors-des-autopsies-de-l-attentat-de-nice-20221010","_links":{"self":[{"href":"https:\/\/lioneletlesautresvictimesdelaroute.fr\/justice\/wp-json\/wp\/v2\/pages\/71","targetHints":{"allow":["GET"]}}],"collection":[{"href":"https:\/\/lioneletlesautresvictimesdelaroute.fr\/justice\/wp-json\/wp\/v2\/pages"}],"about":[{"href":"https:\/\/lioneletlesautresvictimesdelaroute.fr\/justice\/wp-json\/wp\/v2\/types\/page"}],"author":[{"embeddable":true,"href":"https:\/\/lioneletlesautresvictimesdelaroute.fr\/justice\/wp-json\/wp\/v2\/users\/1"}],"replies":[{"embeddable":true,"href":"https:\/\/lioneletlesautresvictimesdelaroute.fr\/justice\/wp-json\/wp\/v2\/comments?post=71"}],"version-history":[{"count":2,"href":"https:\/\/lioneletlesautresvictimesdelaroute.fr\/justice\/wp-json\/wp\/v2\/pages\/71\/revisions"}],"predecessor-version":[{"id":52954,"href":"https:\/\/lioneletlesautresvictimesdelaroute.fr\/justice\/wp-json\/wp\/v2\/pages\/71\/revisions\/52954"}],"up":[{"embeddable":true,"href":"https:\/\/lioneletlesautresvictimesdelaroute.fr\/justice\/wp-json\/wp\/v2\/pages\/65"}],"wp:attachment":[{"href":"https:\/\/lioneletlesautresvictimesdelaroute.fr\/justice\/wp-json\/wp\/v2\/media?parent=71"}],"wp:term":[{"taxonomy":"category","embeddable":true,"href":"https:\/\/lioneletlesautresvictimesdelaroute.fr\/justice\/wp-json\/wp\/v2\/categories?post=71"},{"taxonomy":"post_tag","embeddable":true,"href":"https:\/\/lioneletlesautresvictimesdelaroute.fr\/justice\/wp-json\/wp\/v2\/tags?post=71"}],"curies":[{"name":"wp","href":"https:\/\/api.w.org\/{rel}","templated":true}]}}