{"id":73,"date":"2024-09-17T15:20:06","date_gmt":"2024-09-17T13:20:06","guid":{"rendered":"https:\/\/lioneletlesautresvictimesdelaroute.fr\/justice\/?page_id=73"},"modified":"2025-07-22T10:05:08","modified_gmt":"2025-07-22T08:05:08","slug":"bataclan","status":"publish","type":"page","link":"https:\/\/lioneletlesautresvictimesdelaroute.fr\/justice\/etat-des-lieux\/autopsie-judiciaire\/situation-actuelle\/autres-cas\/bataclan\/","title":{"rendered":"BATACLAN"},"content":{"rendered":"\t\t<div data-elementor-type=\"wp-page\" data-elementor-id=\"73\" class=\"elementor elementor-73\" data-elementor-settings=\"{&quot;ha_cmc_init_switcher&quot;:&quot;no&quot;}\">\n\t\t\t\t<div class=\"elementor-element elementor-element-7e65e41 e-con-full e-flex wpr-particle-no wpr-jarallax-no wpr-parallax-no wpr-sticky-section-no wpr-equal-height-no e-con e-parent\" data-id=\"7e65e41\" data-element_type=\"container\" data-e-type=\"container\" data-settings=\"{&quot;_ha_eqh_enable&quot;:false}\">\n\t\t\t\t<div class=\"elementor-element elementor-element-6e5b031 elementor-widget elementor-widget-text-editor\" data-id=\"6e5b031\" data-element_type=\"widget\" data-e-type=\"widget\" data-widget_type=\"text-editor.default\">\n\t\t\t\t<div class=\"elementor-widget-container\">\n\t\t\t\t\t\t\t\t\t<p>La aussi, lors de cet attentat, des victimes ont \u00e9t\u00e9 autopsi\u00e9s, pour conna\u00eetre la cause du d\u00e9c\u00e8s.<\/p><p>La justice se moque des victimes, apr\u00e8s un tel drame, comment peut-on avoir un doute du d\u00e9c\u00e8s\u00a0?<\/p><p>Un \u00ab traumatisme sur le traumatisme, une douleur sur la douleur \u00bb, dans le cas qui est de reconnaitre une personne. Il est normal que l\u2019on pratique une autopsie, mais pour aller plus loin NON.<\/p><p>Extrait d\u2019une interview <a href=\"https:\/\/www.radiofrance.fr\/franceinter\/130-corps-cribles-de-balles-la-douloureuse-identification-des-victimes-du-13-novembre-au-11e-jour-du-proces-9739414\">France Inter <\/a><\/p><p><strong>\u00ab\u00a0123 corps entiers et 17 fragments de corps admis le 14 novembre 2015 \u00e0 l&rsquo;IML<\/strong><\/p><p>Il pr\u00e9cise que c&rsquo;est le procureur de la R\u00e9publique de Paris, Fran\u00e7ois Molins, qui lui avait confi\u00e9 cette mission premi\u00e8re, dans le cadre de l&rsquo;enqu\u00eate ouverte dans la nuit des attentats, cette nuit de terreur et de chaos.\u00a0 <br \/>Sa deuxi\u00e8me mission\u00a0: la description d\u00e9taill\u00e9e des corps, <em>\u00ab\u00a0et remettre aux enqu\u00eateurs tout projectile que nous aurions pu trouver\u00a0\u00bb.<\/em> <br \/><br \/>Le corps de la premi\u00e8re victime est arriv\u00e9e \u00e0 l\u2019IML le 14 novembre \u00e0 6h du matin, et celui de la derni\u00e8re \u00e0 10h50, dit-il. <strong>123 corps entiers, 17 fragments de corps.<\/strong> <br \/><br \/>En r\u00e9alit\u00e9, d&rsquo;autres d\u00e9pouilles ont \u00e9t\u00e9 transport\u00e9es dans les jours suivants, pour des victimes qui \u00e9taient mortes \u00e0 l&rsquo;h\u00f4pital. <br \/>\u00c0 l&rsquo;IML, Bertrand Ludes a aussi autopsi\u00e9 les corps des terroristes.\u00a0\u00bb<\/p><p>Il s&rsquo;agit d&rsquo;une situation tr\u00e8s particuli\u00e8re, ce qui n\u2019emp\u00eache pas les fautes lors des autopsies. <\/p><p>Mais l&rsquo;attentat a \u00e9t\u00e9 tellement violent.<\/p>\t\t\t\t\t\t\t\t<\/div>\n\t\t\t\t<\/div>\n\t\t\t\t<\/div>\n\t\t\t\t<\/div>\n\t\t","protected":false},"excerpt":{"rendered":"<p>La aussi, lors de cet attentat, des victimes ont \u00e9t\u00e9 autopsi\u00e9s, pour conna\u00eetre la cause du d\u00e9c\u00e8s. La justice se moque des victimes, apr\u00e8s un tel drame, comment peut-on avoir un doute du d\u00e9c\u00e8s\u00a0? Un \u00ab traumatisme sur le traumatisme, une douleur sur la douleur \u00bb, dans le cas qui est de reconnaitre une personne. Il est normal que l\u2019on pratique une autopsie, mais pour aller plus loin NON. Extrait d\u2019une interview France Inter \u00ab\u00a0123 corps entiers et 17 fragments de corps admis le 14 novembre 2015 \u00e0 l&rsquo;IML Il pr\u00e9cise que c&rsquo;est le procureur de la R\u00e9publique de Paris, Fran\u00e7ois Molins, qui lui avait confi\u00e9 cette mission premi\u00e8re, dans le cadre de l&rsquo;enqu\u00eate ouverte dans la nuit des attentats, cette nuit de terreur et de chaos.\u00a0 Sa deuxi\u00e8me mission\u00a0: la description d\u00e9taill\u00e9e des corps, \u00ab\u00a0et remettre aux enqu\u00eateurs tout projectile que nous aurions pu trouver\u00a0\u00bb. Le corps de la premi\u00e8re victime est arriv\u00e9e \u00e0 l\u2019IML le 14 novembre \u00e0 6h du matin, et celui de la derni\u00e8re \u00e0 10h50, dit-il. 123 corps entiers, 17 fragments de corps. En r\u00e9alit\u00e9, d&rsquo;autres d\u00e9pouilles ont \u00e9t\u00e9 transport\u00e9es dans les jours suivants, pour des victimes qui \u00e9taient mortes \u00e0 l&rsquo;h\u00f4pital. \u00c0 l&rsquo;IML, Bertrand Ludes a aussi autopsi\u00e9 les corps des terroristes.\u00a0\u00bb Il s&rsquo;agit d&rsquo;une situation tr\u00e8s particuli\u00e8re, ce qui n\u2019emp\u00eache pas les fautes lors des autopsies. Mais l&rsquo;attentat a \u00e9t\u00e9 tellement violent.<\/p>\n","protected":false},"author":1,"featured_media":0,"parent":65,"menu_order":1,"comment_status":"closed","ping_status":"closed","template":"elementor_theme","meta":{"_uag_custom_page_level_css":"","sfsi_plus_gutenberg_text_before_share":"","sfsi_plus_gutenberg_show_text_before_share":"","sfsi_plus_gutenberg_icon_type":"","sfsi_plus_gutenberg_icon_alignemt":"","sfsi_plus_gutenburg_max_per_row":"","_lmt_disableupdate":"","_lmt_disable":"","_monsterinsights_skip_tracking":false,"_monsterinsights_sitenote_active":false,"_monsterinsights_sitenote_note":"","_monsterinsights_sitenote_category":0,"site-sidebar-layout":"default","site-content-layout":"","ast-site-content-layout":"default","site-content-style":"default","site-sidebar-style":"default","ast-global-header-display":"","ast-banner-title-visibility":"","ast-main-header-display":"","ast-hfb-above-header-display":"","ast-hfb-below-header-display":"","ast-hfb-mobile-header-display":"","site-post-title":"","ast-breadcrumbs-content":"","ast-featured-img":"","footer-sml-layout":"","ast-disable-related-posts":"","theme-transparent-header-meta":"","adv-header-id-meta":"","stick-header-meta":"","header-above-stick-meta":"","header-main-stick-meta":"","header-below-stick-meta":"","astra-migrate-meta-layouts":"default","ast-page-background-enabled":"default","ast-page-background-meta":{"desktop":{"background-color":"var(--ast-global-color-4)","background-image":"","background-repeat":"repeat","background-position":"center center","background-size":"auto","background-attachment":"scroll","background-type":"","background-media":"","overlay-type":"","overlay-color":"","overlay-opacity":"","overlay-gradient":""},"tablet":{"background-color":"","background-image":"","background-repeat":"repeat","background-position":"center center","background-size":"auto","background-attachment":"scroll","background-type":"","background-media":"","overlay-type":"","overlay-color":"","overlay-opacity":"","overlay-gradient":""},"mobile":{"background-color":"","background-image":"","background-repeat":"repeat","background-position":"center center","background-size":"auto","background-attachment":"scroll","background-type":"","background-media":"","overlay-type":"","overlay-color":"","overlay-opacity":"","overlay-gradient":""}},"ast-content-background-meta":{"desktop":{"background-color":"var(--ast-global-color-5)","background-image":"","background-repeat":"repeat","background-position":"center center","background-size":"auto","background-attachment":"scroll","background-type":"","background-media":"","overlay-type":"","overlay-color":"","overlay-opacity":"","overlay-gradient":""},"tablet":{"background-color":"var(--ast-global-color-5)","background-image":"","background-repeat":"repeat","background-position":"center center","background-size":"auto","background-attachment":"scroll","background-type":"","background-media":"","overlay-type":"","overlay-color":"","overlay-opacity":"","overlay-gradient":""},"mobile":{"background-color":"var(--ast-global-color-5)","background-image":"","background-repeat":"repeat","background-position":"center center","background-size":"auto","background-attachment":"scroll","background-type":"","background-media":"","overlay-type":"","overlay-color":"","overlay-opacity":"","overlay-gradient":""}},"iawp_total_views":0,"footnotes":""},"categories":[],"tags":[],"class_list":["post-73","page","type-page","status-publish","hentry"],"aioseo_notices":[],"uagb_featured_image_src":{"full":false,"thumbnail":false,"medium":false,"medium_large":false,"large":false,"1536x1536":false,"2048x2048":false},"uagb_author_info":{"display_name":"Michel BOUDRY","author_link":"https:\/\/lioneletlesautresvictimesdelaroute.fr\/justice\/author\/wmliojustbdy208\/"},"uagb_comment_info":0,"uagb_excerpt":"La aussi, lors de cet attentat, des victimes ont \u00e9t\u00e9 autopsi\u00e9s, pour conna\u00eetre la cause du d\u00e9c\u00e8s. La justice se moque des victimes, apr\u00e8s un tel drame, comment peut-on avoir un doute du d\u00e9c\u00e8s\u00a0? Un \u00ab traumatisme sur le traumatisme, une douleur sur la douleur \u00bb, dans le cas qui est de reconnaitre une personne.\u2026","rttpg_featured_image_url":null,"rttpg_author":{"display_name":"Michel BOUDRY","author_link":"https:\/\/lioneletlesautresvictimesdelaroute.fr\/justice\/author\/wmliojustbdy208\/"},"rttpg_comment":0,"rttpg_category":false,"rttpg_excerpt":"La aussi, lors de cet attentat, des victimes ont \u00e9t\u00e9 autopsi\u00e9s, pour conna\u00eetre la cause du d\u00e9c\u00e8s. La justice se moque des victimes, apr\u00e8s un tel drame, comment peut-on avoir un doute du d\u00e9c\u00e8s\u00a0? Un \u00ab traumatisme sur le traumatisme, une douleur sur la douleur \u00bb, dans le cas qui est de reconnaitre une personne.\u2026","_links":{"self":[{"href":"https:\/\/lioneletlesautresvictimesdelaroute.fr\/justice\/wp-json\/wp\/v2\/pages\/73","targetHints":{"allow":["GET"]}}],"collection":[{"href":"https:\/\/lioneletlesautresvictimesdelaroute.fr\/justice\/wp-json\/wp\/v2\/pages"}],"about":[{"href":"https:\/\/lioneletlesautresvictimesdelaroute.fr\/justice\/wp-json\/wp\/v2\/types\/page"}],"author":[{"embeddable":true,"href":"https:\/\/lioneletlesautresvictimesdelaroute.fr\/justice\/wp-json\/wp\/v2\/users\/1"}],"replies":[{"embeddable":true,"href":"https:\/\/lioneletlesautresvictimesdelaroute.fr\/justice\/wp-json\/wp\/v2\/comments?post=73"}],"version-history":[{"count":2,"href":"https:\/\/lioneletlesautresvictimesdelaroute.fr\/justice\/wp-json\/wp\/v2\/pages\/73\/revisions"}],"predecessor-version":[{"id":52951,"href":"https:\/\/lioneletlesautresvictimesdelaroute.fr\/justice\/wp-json\/wp\/v2\/pages\/73\/revisions\/52951"}],"up":[{"embeddable":true,"href":"https:\/\/lioneletlesautresvictimesdelaroute.fr\/justice\/wp-json\/wp\/v2\/pages\/65"}],"wp:attachment":[{"href":"https:\/\/lioneletlesautresvictimesdelaroute.fr\/justice\/wp-json\/wp\/v2\/media?parent=73"}],"wp:term":[{"taxonomy":"category","embeddable":true,"href":"https:\/\/lioneletlesautresvictimesdelaroute.fr\/justice\/wp-json\/wp\/v2\/categories?post=73"},{"taxonomy":"post_tag","embeddable":true,"href":"https:\/\/lioneletlesautresvictimesdelaroute.fr\/justice\/wp-json\/wp\/v2\/tags?post=73"}],"curies":[{"name":"wp","href":"https:\/\/api.w.org\/{rel}","templated":true}]}}