{"id":92,"date":"2024-09-17T15:31:14","date_gmt":"2024-09-17T13:31:14","guid":{"rendered":"https:\/\/lioneletlesautresvictimesdelaroute.fr\/justice\/?page_id=92"},"modified":"2025-07-22T09:53:51","modified_gmt":"2025-07-22T07:53:51","slug":"legislation-actuelle","status":"publish","type":"page","link":"https:\/\/lioneletlesautresvictimesdelaroute.fr\/justice\/etat-des-lieux\/autopsie-judiciaire\/legislation-actuelle\/","title":{"rendered":"L\u00e9gislation actuelle"},"content":{"rendered":"\t\t<div data-elementor-type=\"wp-page\" data-elementor-id=\"92\" class=\"elementor elementor-92\" data-elementor-settings=\"{&quot;ha_cmc_init_switcher&quot;:&quot;no&quot;}\">\n\t\t\t\t<div class=\"elementor-element elementor-element-f9def02 e-con-full e-flex wpr-particle-no wpr-jarallax-no wpr-parallax-no wpr-sticky-section-no wpr-equal-height-no e-con e-parent\" data-id=\"f9def02\" data-element_type=\"container\" data-e-type=\"container\" data-settings=\"{&quot;_ha_eqh_enable&quot;:false}\">\n\t\t\t\t<div class=\"elementor-element elementor-element-2d25888 elementor-widget elementor-widget-heading\" data-id=\"2d25888\" data-element_type=\"widget\" data-e-type=\"widget\" data-widget_type=\"heading.default\">\n\t\t\t\t<div class=\"elementor-widget-container\">\n\t\t\t\t\t<h2 class=\"elementor-heading-title elementor-size-default\">L\u00e9gislation Autopsie Judiciaire en place au 15 Octobre 2024\n<\/h2>\t\t\t\t<\/div>\n\t\t\t\t<\/div>\n\t\t\t\t<div class=\"elementor-element elementor-element-f4f48f4 elementor-widget elementor-widget-text-editor\" data-id=\"f4f48f4\" data-element_type=\"widget\" data-e-type=\"widget\" data-widget_type=\"text-editor.default\">\n\t\t\t\t<div class=\"elementor-widget-container\">\n\t\t\t\t\t\t\t\t\t<p><strong><a href=\"https:\/\/www.legifrance.gouv.fr\/codes\/article_lc\/LEGIARTI000024029060\">Code de proc\u00e9dure p\u00e9nale :<br \/>Chapitre IV : Des autopsies judiciaires<\/a><\/strong><br \/><a href=\"https:\/\/www.legifrance.gouv.fr\/codes\/article_lc\/LEGIARTI000024029060\"><strong>Article 230-29 <\/strong><\/a><br \/>Version en vigueur depuis le 19 mai 2011<br \/>Cr\u00e9ation LOI n\u00b02011-525 du 17 mai 2011 &#8211; art. 147<\/p><hr \/><hr \/><p><a href=\"https:\/\/www.legifrance.gouv.fr\/codes\/id\/LEGIARTI000047052981\/2024-10-15\/#LEGIARTI000047052981\"><strong>Code de proc\u00e9dure p\u00e9nale : <br \/>Chapitre Ier : Des crimes et des d\u00e9lits flagrants &#8230; (Articles 53 \u00e0 74-2)<\/strong><\/a><br \/><a href=\"https:\/\/www.legifrance.gouv.fr\/codes\/id\/LEGIARTI000047052981\/2024-10-15\/#LEGIARTI000047052981\"><strong>Article 60<\/strong><\/a><br \/>Version en vigueur depuis le 26 janvier 2023<br \/>Version en vigueur depuis le 26 janvier 2023<br \/>Modifi\u00e9 par LOI n\u00b02023-22 du 24 janvier 2023 &#8211; art. 18 (V)<\/p><hr \/><hr \/><div id=\"stickyScrollTitre\" class=\"content\"><p class=\"ssTitre\"><a href=\"https:\/\/www.legifrance.gouv.fr\/codes\/id\/LEGIARTI000047053288\/2024-10-15\/#LEGIARTI000047053288\"><strong>Code de proc\u00e9dure p\u00e9nale : <\/strong><\/a><i><br \/><\/i><strong><a href=\"https:\/\/www.legifrance.gouv.fr\/codes\/id\/LEGIARTI000047053288\/2024-10-15\/#LEGIARTI000047053288\">Chapitre<\/a><a href=\"https:\/\/www.legifrance.gouv.fr\/codes\/id\/LEGIARTI000047053288\/2024-10-15\/#LEGIARTI000047053288\"> Ier : Des crimes et des d\u00e9lits flagrants &#8230; (Articles 53 \u00e0 74-2)<\/a><\/strong><i><br \/><\/i><a href=\"https:\/\/www.legifrance.gouv.fr\/codes\/id\/LEGIARTI000047053288\/2024-10-15\/#LEGIARTI000047053288\"><strong>Article 74<\/strong><\/a><br \/>Version en vigueur depuis le 26 janvier 2023<br \/>Modifi\u00e9 par LOI n\u00b02023-22 du 24 janvier 2023 &#8211; art. 24<\/p><\/div><hr \/><hr \/><p><a href=\"https:\/\/www.legifrance.gouv.fr\/codes\/article_lc\/LEGIARTI000047052930\"><strong>Code de proc\u00e9dure p\u00e9nale : <br \/>Chapitre II : De l&rsquo;enqu\u00eate pr\u00e9liminaire (Articles 75 \u00e0 78)<\/strong><\/a><br \/><a href=\"https:\/\/www.legifrance.gouv.fr\/codes\/article_lc\/LEGIARTI000047052930\"><strong>Article 77-1<\/strong><\/a><br \/>Version en vigueur depuis le 26 janvier 2023<br \/>Modifi\u00e9 par LOI n\u00b02023-22 du 24 janvier 2023 &#8211; art. 18 (V)<br \/>Modifi\u00e9 par LOI n\u00b02023-22 du 24 janvier 2023 &#8211; art. 20<\/p><hr \/><hr \/><p><a href=\"https:\/\/www.legifrance.gouv.fr\/codes\/id\/LEGIARTI000048441775\/2024-10-15\/#LEGIARTI000048441775\"><br \/><strong>Code de proc\u00e9dure p\u00e9nale : <\/strong><\/a><br \/><a href=\"https:\/\/www.legifrance.gouv.fr\/codes\/id\/LEGIARTI000048441775\/2024-10-15\/#LEGIARTI000048441775\"><strong>Section 9 : De l&rsquo;expertise &#8230; (Articles 156 \u00e0 169-1)<\/strong><br \/>Version en vigueur depuis le 30 septembre 2024<br \/>Modifi\u00e9 par LOI n\u00b02023-1059 du 20 novembre 2023 &#8211; art. 6 (V)<\/a><\/p><hr \/><hr \/>\t\t\t\t\t\t\t\t<\/div>\n\t\t\t\t<\/div>\n\t\t\t\t<div class=\"elementor-element elementor-element-ac1944f elementor-widget elementor-widget-spacer\" data-id=\"ac1944f\" data-element_type=\"widget\" data-e-type=\"widget\" data-widget_type=\"spacer.default\">\n\t\t\t\t<div class=\"elementor-widget-container\">\n\t\t\t\t\t\t\t<div class=\"elementor-spacer\">\n\t\t\t<div class=\"elementor-spacer-inner\"><\/div>\n\t\t<\/div>\n\t\t\t\t\t\t<\/div>\n\t\t\t\t<\/div>\n\t\t\t\t<\/div>\n\t\t<div class=\"elementor-element elementor-element-d2ad703 e-con-full e-flex wpr-particle-no wpr-jarallax-no wpr-parallax-no wpr-sticky-section-no wpr-equal-height-no e-con e-parent\" data-id=\"d2ad703\" data-element_type=\"container\" data-e-type=\"container\" data-settings=\"{&quot;_ha_eqh_enable&quot;:false}\">\n\t\t\t\t<div class=\"elementor-element elementor-element-51baa99 elementor-widget elementor-widget-text-editor\" data-id=\"51baa99\" data-element_type=\"widget\" data-e-type=\"widget\" data-widget_type=\"text-editor.default\">\n\t\t\t\t<div class=\"elementor-widget-container\">\n\t\t\t\t\t\t\t\t\t<p><a href=\"https:\/\/www.justice.gouv.fr\/actualites\/actualite\/projets-loi-justice-adoptes-lassemblee-nationale\">https:\/\/www.justice.gouv.fr\/actualites\/actualite\/projets-loi-justice-adoptes-lassemblee-nationale<\/a><\/p>\t\t\t\t\t\t\t\t<\/div>\n\t\t\t\t<\/div>\n\t\t\t\t<\/div>\n\t\t\t\t<\/div>\n\t\t","protected":false},"excerpt":{"rendered":"<p>L\u00e9gislation Autopsie Judiciaire en place au 15 Octobre 2024 Code de proc\u00e9dure p\u00e9nale :Chapitre IV : Des autopsies judiciairesArticle 230-29 Version en vigueur depuis le 19 mai 2011Cr\u00e9ation LOI n\u00b02011-525 du 17 mai 2011 &#8211; art. 147 Code de proc\u00e9dure p\u00e9nale : Chapitre Ier : Des crimes et des d\u00e9lits flagrants &#8230; (Articles 53 \u00e0 74-2)Article 60Version en vigueur depuis le 26 janvier 2023Version en vigueur depuis le 26 janvier 2023Modifi\u00e9 par LOI n\u00b02023-22 du 24 janvier 2023 &#8211; art. 18 (V) Code de proc\u00e9dure p\u00e9nale : Chapitre Ier : Des crimes et des d\u00e9lits flagrants &#8230; (Articles 53 \u00e0 74-2)Article 74Version en vigueur depuis le 26 janvier 2023Modifi\u00e9 par LOI n\u00b02023-22 du 24 janvier 2023 &#8211; art. 24 Code de proc\u00e9dure p\u00e9nale : Chapitre II : De l&rsquo;enqu\u00eate pr\u00e9liminaire (Articles 75 \u00e0 78)Article 77-1Version en vigueur depuis le 26 janvier 2023Modifi\u00e9 par LOI n\u00b02023-22 du 24 janvier 2023 &#8211; art. 18 (V)Modifi\u00e9 par LOI n\u00b02023-22 du 24 janvier 2023 &#8211; art. 20 Code de proc\u00e9dure p\u00e9nale : Section 9 : De l&rsquo;expertise &#8230; (Articles 156 \u00e0 169-1)Version en vigueur depuis le 30 septembre 2024Modifi\u00e9 par LOI n\u00b02023-1059 du 20 novembre 2023 &#8211; art. 6 (V) https:\/\/www.justice.gouv.fr\/actualites\/actualite\/projets-loi-justice-adoptes-lassemblee-nationale<\/p>\n","protected":false},"author":1,"featured_media":0,"parent":17,"menu_order":1,"comment_status":"closed","ping_status":"closed","template":"elementor_theme","meta":{"_uag_custom_page_level_css":"","sfsi_plus_gutenberg_text_before_share":"","sfsi_plus_gutenberg_show_text_before_share":"","sfsi_plus_gutenberg_icon_type":"","sfsi_plus_gutenberg_icon_alignemt":"","sfsi_plus_gutenburg_max_per_row":"","_lmt_disableupdate":"no","_lmt_disable":"no","_monsterinsights_skip_tracking":false,"_monsterinsights_sitenote_active":false,"_monsterinsights_sitenote_note":"","_monsterinsights_sitenote_category":0,"site-sidebar-layout":"default","site-content-layout":"","ast-site-content-layout":"default","site-content-style":"default","site-sidebar-style":"default","ast-global-header-display":"","ast-banner-title-visibility":"","ast-main-header-display":"","ast-hfb-above-header-display":"","ast-hfb-below-header-display":"","ast-hfb-mobile-header-display":"","site-post-title":"","ast-breadcrumbs-content":"","ast-featured-img":"","footer-sml-layout":"","ast-disable-related-posts":"","theme-transparent-header-meta":"default","adv-header-id-meta":"","stick-header-meta":"","header-above-stick-meta":"","header-main-stick-meta":"","header-below-stick-meta":"","astra-migrate-meta-layouts":"set","ast-page-background-enabled":"default","ast-page-background-meta":{"desktop":{"background-color":"var(--ast-global-color-4)","background-image":"","background-repeat":"repeat","background-position":"center center","background-size":"auto","background-attachment":"scroll","background-type":"","background-media":"","overlay-type":"","overlay-color":"","overlay-opacity":"","overlay-gradient":""},"tablet":{"background-color":"","background-image":"","background-repeat":"repeat","background-position":"center center","background-size":"auto","background-attachment":"scroll","background-type":"","background-media":"","overlay-type":"","overlay-color":"","overlay-opacity":"","overlay-gradient":""},"mobile":{"background-color":"","background-image":"","background-repeat":"repeat","background-position":"center center","background-size":"auto","background-attachment":"scroll","background-type":"","background-media":"","overlay-type":"","overlay-color":"","overlay-opacity":"","overlay-gradient":""}},"ast-content-background-meta":{"desktop":{"background-color":"var(--ast-global-color-5)","background-image":"","background-repeat":"repeat","background-position":"center center","background-size":"auto","background-attachment":"scroll","background-type":"","background-media":"","overlay-type":"","overlay-color":"","overlay-opacity":"","overlay-gradient":""},"tablet":{"background-color":"var(--ast-global-color-5)","background-image":"","background-repeat":"repeat","background-position":"center center","background-size":"auto","background-attachment":"scroll","background-type":"","background-media":"","overlay-type":"","overlay-color":"","overlay-opacity":"","overlay-gradient":""},"mobile":{"background-color":"var(--ast-global-color-5)","background-image":"","background-repeat":"repeat","background-position":"center center","background-size":"auto","background-attachment":"scroll","background-type":"","background-media":"","overlay-type":"","overlay-color":"","overlay-opacity":"","overlay-gradient":""}},"iawp_total_views":2,"footnotes":""},"categories":[],"tags":[],"class_list":["post-92","page","type-page","status-publish","hentry"],"aioseo_notices":[],"uagb_featured_image_src":{"full":false,"thumbnail":false,"medium":false,"medium_large":false,"large":false,"1536x1536":false,"2048x2048":false},"uagb_author_info":{"display_name":"Michel BOUDRY","author_link":"https:\/\/lioneletlesautresvictimesdelaroute.fr\/justice\/author\/wmliojustbdy208\/"},"uagb_comment_info":0,"uagb_excerpt":"L\u00e9gislation Autopsie Judiciaire en place au 15 Octobre 2024 Code de proc\u00e9dure p\u00e9nale :Chapitre IV : Des autopsies judiciairesArticle 230-29 Version en vigueur depuis le 19 mai 2011Cr\u00e9ation LOI n\u00b02011-525 du 17 mai 2011 &#8211; art. 147 Code de proc\u00e9dure p\u00e9nale : Chapitre Ier : Des crimes et des d\u00e9lits flagrants &#8230; (Articles 53 \u00e0\u2026","rttpg_featured_image_url":null,"rttpg_author":{"display_name":"Michel BOUDRY","author_link":"https:\/\/lioneletlesautresvictimesdelaroute.fr\/justice\/author\/wmliojustbdy208\/"},"rttpg_comment":0,"rttpg_category":false,"rttpg_excerpt":"L\u00e9gislation Autopsie Judiciaire en place au 15 Octobre 2024 Code de proc\u00e9dure p\u00e9nale :Chapitre IV : Des autopsies judiciairesArticle 230-29 Version en vigueur depuis le 19 mai 2011Cr\u00e9ation LOI n\u00b02011-525 du 17 mai 2011 &#8211; art. 147 Code de proc\u00e9dure p\u00e9nale : Chapitre Ier : Des crimes et des d\u00e9lits flagrants &#8230; (Articles 53 \u00e0\u2026","_links":{"self":[{"href":"https:\/\/lioneletlesautresvictimesdelaroute.fr\/justice\/wp-json\/wp\/v2\/pages\/92","targetHints":{"allow":["GET"]}}],"collection":[{"href":"https:\/\/lioneletlesautresvictimesdelaroute.fr\/justice\/wp-json\/wp\/v2\/pages"}],"about":[{"href":"https:\/\/lioneletlesautresvictimesdelaroute.fr\/justice\/wp-json\/wp\/v2\/types\/page"}],"author":[{"embeddable":true,"href":"https:\/\/lioneletlesautresvictimesdelaroute.fr\/justice\/wp-json\/wp\/v2\/users\/1"}],"replies":[{"embeddable":true,"href":"https:\/\/lioneletlesautresvictimesdelaroute.fr\/justice\/wp-json\/wp\/v2\/comments?post=92"}],"version-history":[{"count":2,"href":"https:\/\/lioneletlesautresvictimesdelaroute.fr\/justice\/wp-json\/wp\/v2\/pages\/92\/revisions"}],"predecessor-version":[{"id":52921,"href":"https:\/\/lioneletlesautresvictimesdelaroute.fr\/justice\/wp-json\/wp\/v2\/pages\/92\/revisions\/52921"}],"up":[{"embeddable":true,"href":"https:\/\/lioneletlesautresvictimesdelaroute.fr\/justice\/wp-json\/wp\/v2\/pages\/17"}],"wp:attachment":[{"href":"https:\/\/lioneletlesautresvictimesdelaroute.fr\/justice\/wp-json\/wp\/v2\/media?parent=92"}],"wp:term":[{"taxonomy":"category","embeddable":true,"href":"https:\/\/lioneletlesautresvictimesdelaroute.fr\/justice\/wp-json\/wp\/v2\/categories?post=92"},{"taxonomy":"post_tag","embeddable":true,"href":"https:\/\/lioneletlesautresvictimesdelaroute.fr\/justice\/wp-json\/wp\/v2\/tags?post=92"}],"curies":[{"name":"wp","href":"https:\/\/api.w.org\/{rel}","templated":true}]}}